{"id":262,"date":"2024-01-21T19:46:39","date_gmt":"2024-01-21T22:46:39","guid":{"rendered":"https:\/\/pos.uel.br\/mestradoclinicasveterinarias\/?page_id=262"},"modified":"2025-04-18T16:44:07","modified_gmt":"2025-04-18T19:44:07","slug":"autoavaliacao-e-planejamento-estrategico","status":"publish","type":"page","link":"https:\/\/pos.uel.br\/mestradoclinicasveterinarias\/autoavaliacao-e-planejamento-estrategico\/","title":{"rendered":"Autoavalia\u00e7\u00e3o e Planejamento Estrat\u00e9gico"},"content":{"rendered":"\n<p>Abaixo indicam-se os links relacionados \u00e0 Auto-avalia\u00e7\u00e3o e PLanejamento Estrat\u00e9gico do PPG Mestrado Profissional em Cl\u00ednicas Veterin\u00e1rias (DCV-CCA-UEL):<\/p>\n\n\n\n<p><a href=\"https:\/\/pos.uel.br\/mestradoclinicasveterinarias\/es\/pesquisa-2\/\" data-type=\"page\" data-id=\"624\">PLANEJAMENTO ESTRAT\u00c9GICO Mestrado Profissional em Cl\u00ednicas Veterin\u00e1rias 2025-28<\/a><\/p>\n\n\n\n<p><a href=\"https:\/\/pos.uel.br\/mestradoclinicasveterinarias\/wp-content\/uploads\/2025\/04\/PROJETO-DE-AUTOAVALIACAO-Mestrado-Profissional-em-Clinicas-Veterinarias-2025-28.pdf\">PROJETO DE AUTOAVALIA\u00c7\u00c3O Mestrado Profissional em Cl\u00ednicas Veterin\u00e1rias 2025-28<\/a><\/p>\n\n\n\n<p><a href=\"https:\/\/pos.uel.br\/mestradoclinicasveterinarias\/wp-content\/uploads\/2025\/04\/AUTOAVALIACAO-E-PLANEJAMENTO-ESTRATEGICO-2023.pdf\">AUTOAVALIA\u00c7\u00c3O E PLANEJAMENTO ESTRAT\u00c9GICO 2023<\/a><\/p>\n\n\n\n<p><a href=\"https:\/\/pos.uel.br\/mestradoclinicasveterinarias\/wp-content\/uploads\/2025\/04\/Relatorio-de-autoavaliacao-PPG-CIAPG_UEL_-2021_24.pdf\">Relat\u00f3rio de autoavalia\u00e7\u00e3o PPG CIAPG_UEL_ 2021_24<\/a><\/p>\n\n\n\n<p><a href=\"https:\/\/pos.uel.br\/mestradoclinicasveterinarias\/wp-content\/uploads\/2025\/04\/EXECUCAO-DO-PLANO-DE-ACAO-DO-QUADRIENIO-ANTERIOR-2017-2020.pdf\">EXECU\u00c7\u00c3O DO PLANO DE A\u00c7\u00c3O DO QUADRI\u00caNIO ANTERIOR (2017-2020)<\/a><\/p>\n\n\n\n<p><\/p>\n\n\n\n<p><a href=\"http:\/\/www.uel.br\/pos\/mestradoclinicasveterinarias\/pages\/arquivos\/PROJETO%20DE%20AUTOAVALIA%C3%87%C3%83O%20Mestrado%20Profissional%20em%20Cl%C3%ADnicas%20Veterin%C3%A1rias.pdf\" target=\"_blank\" rel=\"noreferrer noopener\">PROJETO DE AUTOAVALIA\u00c7\u00c3O DO MESTRADO PROFISSIONAL EM CL\u00cdNICAS VETERIN\u00c1RIAS (MPCV)&nbsp;<\/a><\/p>\n\n\n\n<p><a href=\"http:\/\/www.uel.br\/pos\/mestradoclinicasveterinarias\/pages\/arquivos\/PLANEJAMENTO%20ESTRAT%C3%89GICO%20Mestrado%20Profissional%20em%20Cl%C3%ADnicas%20Veterin%C3%A1rias.pdf\" target=\"_blank\" rel=\"noreferrer noopener\">PROJETO DE&nbsp;PLANEJAMENTO ESTRAT\u00c9GICO Mestrado Profissional em Cl\u00ednicas Veterin\u00e1rias<\/a><\/p>\n\n\n\n<p><a href=\"http:\/\/www.uel.br\/pos\/mestradoclinicasveterinarias\/pages\/arquivos\/AUTOAVALIA%C3%87%C3%83O%20E%20PLANEJAMENTO%20ESTRAT%C3%89GICO.pdf\" target=\"_blank\" rel=\"noreferrer noopener\">AUTO-AVALIA\u00c7\u00c3O e PLANEJAMENTO ESTRAT\u00c9GICO<\/a><\/p>\n\n\n\n<p><a href=\"http:\/\/www.uel.br\/pos\/mestradoclinicasveterinarias\/pages\/arquivos\/PLANEJAMENTO%20DE%20AUTOAVALIA%C3%87%C3%83O%20dos%20PPG_UEL%20_Gesta%CC%83o%202019-2021.pdf\" target=\"_blank\" rel=\"noreferrer noopener\">PROJETO DE PLANEJAMENTO DE AUTOAVALIA\u00c7\u00c3O dos PPG-UEL Gest\u00e3o 2019-2021<\/a><\/p>\n\n\n\n<p><\/p>\n","protected":false},"excerpt":{"rendered":"<p>Abaixo indicam-se os links relacionados \u00e0 Auto-avalia\u00e7\u00e3o e PLanejamento Estrat\u00e9gico do PPG Mestrado Profissional em Cl\u00ednicas Veterin\u00e1rias (DCV-CCA-UEL): PLANEJAMENTO ESTRAT\u00c9GICO Mestrado Profissional em Cl\u00ednicas Veterin\u00e1rias 2025-28 PROJETO DE AUTOAVALIA\u00c7\u00c3O Mestrado Profissional em Cl\u00ednicas Veterin\u00e1rias 2025-28 AUTOAVALIA\u00c7\u00c3O E PLANEJAMENTO ESTRAT\u00c9GICO 2023 Relat\u00f3rio de autoavalia\u00e7\u00e3o PPG CIAPG_UEL_ 2021_24 EXECU\u00c7\u00c3O DO PLANO DE A\u00c7\u00c3O DO QUADRI\u00caNIO ANTERIOR (2017-2020) [&hellip;]<\/p>\n","protected":false},"author":11,"featured_media":0,"parent":0,"menu_order":0,"comment_status":"closed","ping_status":"closed","template":"","meta":{"_acf_changed":false,"footnotes":""},"class_list":["post-262","page","type-page","status-publish","hentry"],"acf":[],"_links":{"self":[{"href":"https:\/\/pos.uel.br\/mestradoclinicasveterinarias\/wp-json\/wp\/v2\/pages\/262","targetHints":{"allow":["GET"]}}],"collection":[{"href":"https:\/\/pos.uel.br\/mestradoclinicasveterinarias\/wp-json\/wp\/v2\/pages"}],"about":[{"href":"https:\/\/pos.uel.br\/mestradoclinicasveterinarias\/wp-json\/wp\/v2\/types\/page"}],"author":[{"embeddable":true,"href":"https:\/\/pos.uel.br\/mestradoclinicasveterinarias\/wp-json\/wp\/v2\/users\/11"}],"replies":[{"embeddable":true,"href":"https:\/\/pos.uel.br\/mestradoclinicasveterinarias\/wp-json\/wp\/v2\/comments?post=262"}],"version-history":[{"count":3,"href":"https:\/\/pos.uel.br\/mestradoclinicasveterinarias\/wp-json\/wp\/v2\/pages\/262\/revisions"}],"predecessor-version":[{"id":671,"href":"https:\/\/pos.uel.br\/mestradoclinicasveterinarias\/wp-json\/wp\/v2\/pages\/262\/revisions\/671"}],"wp:attachment":[{"href":"https:\/\/pos.uel.br\/mestradoclinicasveterinarias\/wp-json\/wp\/v2\/media?parent=262"}],"curies":[{"name":"wp","href":"https:\/\/api.w.org\/{rel}","templated":true}]}}