{"id":255,"date":"2024-01-21T19:38:32","date_gmt":"2024-01-21T22:38:32","guid":{"rendered":"https:\/\/pos.uel.br\/mestradoclinicasveterinarias\/?page_id=255"},"modified":"2025-11-14T17:46:00","modified_gmt":"2025-11-14T20:46:00","slug":"horarios-de-disciplinas","status":"publish","type":"page","link":"https:\/\/pos.uel.br\/mestradoclinicasveterinarias\/horarios-de-disciplinas\/","title":{"rendered":"Hor\u00e1rios de disciplinas"},"content":{"rendered":"\n<details class=\"wp-block-details is-layout-flow wp-block-details-is-layout-flow\"><summary><strong>DISCIPLINAS 2\u00ba SEMESTRE 2025<\/strong><\/summary>\n<p><strong>Per\u00edodo:&nbsp;<strong>18\/08\/25 a 28\/02\/26<\/strong><\/strong><\/p>\n\n\n\n<figure class=\"wp-block-table is-style-stripes\"><table class=\"has-fixed-layout\"><thead><tr><th>Cr\u00e9ditos<\/th><th>Carga Hor\u00e1ria<\/th><th>T\u00edtulo<\/th><th>Per\u00edodo<\/th><th>Local<\/th><th>Respons\u00e1vel<\/th><\/tr><\/thead><tbody><tr><td>3<br>2VET376<\/td><td>45 obrigat\u00f3ria<\/td><td>Semin\u00e1rios<\/td><td>29\/8 a 3\/10\/25<br>6\u00aa feira 8-12hs<br>e 14-18hs<\/td><td>DCV<\/td><td>Mirian (25)<br>Lucienne (20)<\/td><\/tr><tr><td>8<br>2VET388<\/td><td>120<\/td><td>Atividades complementares<\/td><td>21\/8 a 20\/11\/25<br>5\u00aa feira 8-12hs e<br>14-18hs<\/td><td>DCV<\/td><td>Giovana (40)<br>Marcelo (40)<br>Ana Angelita (40)<\/td><\/tr><tr><td>2<br>2VET432<\/td><td>30<\/td><td>Est\u00e1gio em doc\u00eancia<strong>&nbsp;<\/strong><\/td><td>25\/8 a 13\/10\/25<br>2\u00aa feira 14-18hs<\/td><td>DCV<\/td><td>Priscilla (30)<\/td><\/tr><tr><td>2<br>2VET380<\/td><td>30<\/td><td>Gest\u00e3o empresarial na pr\u00e1tica da medicina veterin\u00e1ria<\/td><td>18 a 21\/08\/25<br>2\u00aa a 5\u00aa feira 8-12hs e 14-18hs<\/td><td>DCV<\/td><td>Gerson (30)<\/td><\/tr><tr><td>3<br>2VET386<\/td><td>45<\/td><td>Cirurgias intervencionistas em medicina veterin\u00e1ria<\/td><td>26\/8 a 18\/11\/25<br>3\u00aa feira 14-18hs<\/td><td>DCV<\/td><td>Augusto (45)<\/td><\/tr><tr><td>3<br>2VET381<\/td><td>45<\/td><td>Procedimentos anest\u00e9sicos e do controle da dor em medicina veterin\u00e1ria<\/td><td>27\/8 a 12\/11\/25<br>4\u00aa feira 8-12hs<\/td><td>DCV<\/td><td>Guilherme (45)<\/td><\/tr><tr><td>4<br>2VET385<\/td><td>60<s><\/s><\/td><td>Abordagem cl\u00ednica nas emerg\u00eancias m\u00e9dico veterin\u00e1rias \u2013 uma nova vis\u00e3o<s><\/s><\/td><td>21\/8 a 9\/10\/25<br>5\u00aa feira 8-12hs e 14-18hs<\/td><td>HV<s><\/s><\/td><td>Augusto (30)<br>Marcelo Z (30)<\/td><\/tr><tr><td><\/td><td><\/td><td><\/td><td><\/td><td><\/td><td><\/td><\/tr><tr><td>6<br>2VET 389, 390, 391 e 392<\/td><td>90 obrigat\u00f3ria<\/td><td>Trabalho de Conclus\u00e3o Final I, II, III e IV<\/td><td>18\/8\/25 a 28\/2\/26<\/td><td>DCV-DMVP<\/td><td>&nbsp;<\/td><\/tr><\/tbody><\/table><\/figure>\n\n\n\n<p>As disciplinas 2VET388, 2VET385 e 2VET432 possuem defini\u00e7\u00e3o de dia de semana para ocorrer por exig\u00eancia do sistema da PROPPG. Estas disciplinas ocorrem de acordo com a cria\u00e7\u00e3o de um cronograma do discente com o orientador ou com o respons\u00e1vel pela disciplina.<\/p>\n<\/details>\n\n\n\n<details class=\"wp-block-details is-layout-flow wp-block-details-is-layout-flow\"><summary><strong>DISCIPLINAS 1\u00ba SEMESTRE 2026<\/strong><\/summary>\n<p><strong>Per\u00edodo:&nbsp;<strong>16\/03 a 31\/07\/26<\/strong><\/strong><\/p>\n\n\n\n<details class=\"wp-block-details is-layout-flow wp-block-details-is-layout-flow\"><summary><\/summary>\n<figure class=\"wp-block-table is-style-stripes\"><table><thead><tr><th>Cr\u00e9ditos<\/th><th>Carga Hor\u00e1ria<\/th><th>T\u00edtulo<\/th><th>Per\u00edodo<\/th><th>Local<\/th><th>Respons\u00e1vel<\/th><\/tr><\/thead><tbody><tr><td>3<br>2STA159<\/td><td>45 obrigat\u00f3ria<\/td><td>M\u00e9todos estat\u00edsticos aplicados \u00e0 experimenta\u00e7\u00e3o animal<\/td><td><strong>23\/3 a 1\/6\/26<\/strong><br><strong>2\u00aa feira 8-12hs<\/strong><\/td><td>CCE Depto Estat\u00edstica&nbsp;<\/td><td>Lucas (45)<\/td><\/tr><tr><td>3<br>2CIN288<\/td><td>45 obrigat\u00f3ria<\/td><td>Metodologia da pesquisa<\/td><td><strong>10\/3 a 19\/5\/26<\/strong><br><strong>3\u00aa feira 14-18hs<\/strong><\/td><td>Sala 1 Bloco da P\u00f3s Gradua\u00e7\u00e3o CCA<\/td><td>Let\u00edcia (45)<\/td><\/tr><tr><td>5<br>2PIV593<\/td><td>75<\/td><td>Patologia cl\u00ednica especial e m\u00e9todos de patologia molecular aplicadas em medicina veterin\u00e1ria<\/td><td>4\u00aa feira 8-12 e 14-18hs <strong>25\/3 a 27\/5\/26<\/strong><\/td><td>Sala 1 Bloco da P\u00f3s Gradua\u00e7\u00e3o CCA&nbsp;<\/td><td colspan=\"2\">Giovana (40), Amanda H (35)<\/td><\/tr><tr><td>2<br>2VET431<\/td><td>30<\/td><td>Cl\u00ednica das enfermidades nutricionais e metab\u00f3licas dos animais dom\u00e9sticos<\/td><td>3\u00aa feira 8-12hs e 14-18hs<br><strong>9\/6 a 7\/7\/26&nbsp;<\/strong><\/td><td>Sala 1 Bloco da P\u00f3s Gradua\u00e7\u00e3o CCA<\/td><td>Priscilla (30)<\/td><\/tr><tr><td>2<br>2VET462<\/td><td>30<\/td><td>Avan\u00e7os em Oftalmologia Veterin\u00e1ria Cl\u00ednica, Cir\u00fargica e Comparada<\/td><td>2\u00aa feira 14-18hs<br><strong>23\/03 a 11\/05\/2026<\/strong><\/td><td>Sala 1 Bloco da P\u00f3s Gradua\u00e7\u00e3o CCA<\/td><td>Mirian (30)<br><\/td><\/tr><tr><td>4<br>2VET385<\/td><td>60<\/td><td>Abordagem cl\u00ednica nas emerg\u00eancias m\u00e9dico veterin\u00e1rias \u2013 uma nova vis\u00e3o<\/td><td>6\u00aa feira 8-12hs e 14-18hs<br><strong>16\/3 a 4\/5\/26<\/strong><\/td><td>HV<\/td><td>Guilherme (60)<\/td><\/tr><tr><td>8<br>2VET388<\/td><td>120<\/td><td>Atividades complementares<\/td><td>5\u00aa feira 8-12hs e<br>14-18hs<br><strong>16\/3 a 22\/6\/26<\/strong><\/td><td>DCV, HV, Escolas, Assentamentos<\/td><td>Giovana (40),<br>Marcelo (40), Ana Angelita (40)<\/td><\/tr><tr><td>6<br>2VET 389, 390, 391 e 392<\/td><td>90<br>obrigat\u00f3ria<\/td><td>Trabalho de Conclus\u00e3o Final I, II, III e IV<\/td><td><strong><strong>16\/3 a 31\/7\/26<\/strong><\/strong><\/td><td>DCV-DMVP<\/td><td>&nbsp;<\/td><\/tr><tr><td>2<br>2VET463<\/td><td>30<\/td><td>T\u00f3picos Avan\u00e7ados em Inova\u00e7\u00f5es na Ortopedia de animais de companhia<\/td><td>2\u00aa feira 14-18hs<br><strong>11\/05 a 22\/06\/26<\/strong><\/td><td>Sala 1 Bloco da P\u00f3s Gradua\u00e7\u00e3o CCA<\/td><td>Fernando (30)<\/td><\/tr><\/tbody><\/table><\/figure>\n<\/details>\n<\/details>\n\n\n\n<p><\/p>\n","protected":false},"excerpt":{"rendered":"","protected":false},"author":11,"featured_media":0,"parent":0,"menu_order":0,"comment_status":"closed","ping_status":"closed","template":"","meta":{"_acf_changed":false,"footnotes":""},"class_list":["post-255","page","type-page","status-publish","hentry"],"acf":[],"_links":{"self":[{"href":"https:\/\/pos.uel.br\/mestradoclinicasveterinarias\/wp-json\/wp\/v2\/pages\/255","targetHints":{"allow":["GET"]}}],"collection":[{"href":"https:\/\/pos.uel.br\/mestradoclinicasveterinarias\/wp-json\/wp\/v2\/pages"}],"about":[{"href":"https:\/\/pos.uel.br\/mestradoclinicasveterinarias\/wp-json\/wp\/v2\/types\/page"}],"author":[{"embeddable":true,"href":"https:\/\/pos.uel.br\/mestradoclinicasveterinarias\/wp-json\/wp\/v2\/users\/11"}],"replies":[{"embeddable":true,"href":"https:\/\/pos.uel.br\/mestradoclinicasveterinarias\/wp-json\/wp\/v2\/comments?post=255"}],"version-history":[{"count":29,"href":"https:\/\/pos.uel.br\/mestradoclinicasveterinarias\/wp-json\/wp\/v2\/pages\/255\/revisions"}],"predecessor-version":[{"id":830,"href":"https:\/\/pos.uel.br\/mestradoclinicasveterinarias\/wp-json\/wp\/v2\/pages\/255\/revisions\/830"}],"wp:attachment":[{"href":"https:\/\/pos.uel.br\/mestradoclinicasveterinarias\/wp-json\/wp\/v2\/media?parent=255"}],"curies":[{"name":"wp","href":"https:\/\/api.w.org\/{rel}","templated":true}]}}