{"id":253,"date":"2024-01-21T19:19:40","date_gmt":"2024-01-21T22:19:40","guid":{"rendered":"https:\/\/pos.uel.br\/mestradoclinicasveterinarias\/?page_id=253"},"modified":"2025-11-18T18:25:12","modified_gmt":"2025-11-18T21:25:12","slug":"inscricao-e-selecao","status":"publish","type":"page","link":"https:\/\/pos.uel.br\/mestradoclinicasveterinarias\/inscricao-e-selecao\/","title":{"rendered":"Inscri\u00e7\u00e3o e Sele\u00e7\u00e3o"},"content":{"rendered":"\n<p>Utilizar o seguinte modelo de CV:&nbsp;<a href=\"https:\/\/pos.uel.br\/mestradoclinicasveterinarias\/wp-content\/uploads\/2024\/09\/MODELO-CURRICULUM-VITAE-.doc\" target=\"_blank\" rel=\"noreferrer noopener\">MODELO CURRICULUM VITAE<\/a><\/p>\n\n\n\n<p>Utilizar o seguinte modelo de <a href=\"https:\/\/pos.uel.br\/mestradoclinicasveterinarias\/wp-content\/uploads\/2025\/08\/FORMULARIO-ISENCAO.docx\">FORMUL\u00c1RIO DE ISEN\u00c7\u00c3O<\/a><\/p>\n\n\n\n<p><\/p>\n\n\n\n<p>&nbsp; &nbsp; &nbsp; &nbsp; &nbsp; &nbsp; &nbsp; &nbsp; &nbsp; &nbsp;Apenas pela Internet:&nbsp;<a href=\"https:\/\/pos.uel.br\/mestradoclinicasveterinarias\/wp-content\/uploads\/2025\/08\/Edital-Selecao-MPCV-001-2025-turma-2026-1.pdf\">Edital Sele\u00e7\u00e3o MPCV 001-2025 turma 2026-1<\/a><\/p>\n\n\n\n<p>&nbsp; &nbsp; &nbsp; &nbsp; &nbsp; &nbsp; &nbsp; &nbsp; &nbsp; &nbsp; &nbsp; &nbsp; &nbsp; &nbsp; &nbsp; &nbsp; &nbsp; &nbsp; &nbsp; &nbsp; &nbsp; &nbsp; &nbsp; &nbsp; &nbsp; &nbsp; &nbsp;&nbsp;<a href=\"http:\/\/www.uel.br\/pos\/mestradoclinicasveterinarias\/pages\/arquivos\/Oferta_Programa%202024-1-RETIFICA%C3%87%C3%83O%20MPCV%2002-2023.pdf\">&nbsp;<\/a><\/p>\n\n\n\n<p><a href=\"https:\/\/www.sistemasweb.uel.br\/index.php?contents=system\/insc\/index.php&amp;pagina=view\/inscricoes\/seleciona_evento.php&amp;cod_evento=11183\">Requerimento de isen\u00e7\u00e3o&nbsp;Cad\u00danico<\/a>&nbsp;<\/p>\n\n\n\n<p><\/p>\n\n\n\n<p><a href=\"http:\/\/www.uel.br\/pos\/mestradoclinicasveterinarias\/pages\/arquivos\/Resultado%20Isen%C3%A7%C3%A3o%20CAD%C3%BAnico%20turma%202024.pdf\" target=\"_blank\" rel=\"noreferrer noopener\">RESULTADO DE ISEN\u00c7\u00c3O Cad\u00danico turma 2024<\/a><\/p>\n\n\n\n<p><a href=\"https:\/\/pos.uel.br\/mestradoclinicasveterinarias\/wp-content\/uploads\/2025\/11\/RESULTADO_ACOES_AFIRMATIVAS_COTAS.pdf\">RESULTADO A\u00c7\u00d5ES AFIRMATIVAS COTAS<\/a><\/p>\n\n\n\n<p><strong>Entrega da Documenta\u00e7\u00e3o:<\/strong> <\/p>\n\n\n\n<p><strong>Ser\u00e3o ofertadas&nbsp;<\/strong><strong>20 vagas<\/strong>&nbsp;<\/p>\n\n\n\n<p><strong>Todos os crit\u00e9rios para&nbsp;inscri\u00e7\u00e3o e sele\u00e7\u00e3o est\u00e3o detalhados no edital.<\/strong><\/p>\n\n\n\n<p><\/p>\n\n\n\n<p><strong>Mais inf<\/strong><strong>orma\u00e7\u00f5es:<\/strong>&nbsp;(43) 3371-4821 ou (43) 3371-4559<\/p>\n\n\n\n<p>&nbsp;<a href=\"https:\/\/pos.uel.br\/mestradoclinicasveterinarias\/wp-content\/uploads\/2024\/12\/Edital-MPCV-03-2024-Resultado-Aluno-Regular-Programa-turma-2025.pdf\">EDITAL MPCV 03-2024 Resultado Aluno Regular Programa turma 2025<\/a><\/p>\n\n\n\n<p><a href=\"http:\/\/www.uel.br\/pos\/mestradoclinicasveterinarias\/pages\/arquivos\/Edital%20002-2019%20-Resultado%20Sele%C3%A7%C3%A3o%20Estudante%20Especial.pdf\">&nbsp;<\/a><\/p>\n\n\n\n<p><\/p>\n","protected":false},"excerpt":{"rendered":"<p>Utilizar o seguinte modelo de CV:&nbsp;MODELO CURRICULUM VITAE Utilizar o seguinte modelo de FORMUL\u00c1RIO DE ISEN\u00c7\u00c3O &nbsp; &nbsp; &nbsp; &nbsp; &nbsp; &nbsp; &nbsp; &nbsp; &nbsp; &nbsp;Apenas pela Internet:&nbsp;Edital Sele\u00e7\u00e3o MPCV 001-2025 turma 2026-1 &nbsp; &nbsp; &nbsp; &nbsp; &nbsp; &nbsp; &nbsp; &nbsp; &nbsp; &nbsp; &nbsp; &nbsp; &nbsp; &nbsp; &nbsp; &nbsp; &nbsp; &nbsp; &nbsp; &nbsp; &nbsp; &nbsp; [&hellip;]<\/p>\n","protected":false},"author":11,"featured_media":0,"parent":0,"menu_order":0,"comment_status":"closed","ping_status":"closed","template":"","meta":{"_acf_changed":false,"footnotes":""},"class_list":["post-253","page","type-page","status-publish","hentry"],"acf":[],"_links":{"self":[{"href":"https:\/\/pos.uel.br\/mestradoclinicasveterinarias\/wp-json\/wp\/v2\/pages\/253","targetHints":{"allow":["GET"]}}],"collection":[{"href":"https:\/\/pos.uel.br\/mestradoclinicasveterinarias\/wp-json\/wp\/v2\/pages"}],"about":[{"href":"https:\/\/pos.uel.br\/mestradoclinicasveterinarias\/wp-json\/wp\/v2\/types\/page"}],"author":[{"embeddable":true,"href":"https:\/\/pos.uel.br\/mestradoclinicasveterinarias\/wp-json\/wp\/v2\/users\/11"}],"replies":[{"embeddable":true,"href":"https:\/\/pos.uel.br\/mestradoclinicasveterinarias\/wp-json\/wp\/v2\/comments?post=253"}],"version-history":[{"count":14,"href":"https:\/\/pos.uel.br\/mestradoclinicasveterinarias\/wp-json\/wp\/v2\/pages\/253\/revisions"}],"predecessor-version":[{"id":834,"href":"https:\/\/pos.uel.br\/mestradoclinicasveterinarias\/wp-json\/wp\/v2\/pages\/253\/revisions\/834"}],"wp:attachment":[{"href":"https:\/\/pos.uel.br\/mestradoclinicasveterinarias\/wp-json\/wp\/v2\/media?parent=253"}],"curies":[{"name":"wp","href":"https:\/\/api.w.org\/{rel}","templated":true}]}}