{"id":240,"date":"2024-01-10T19:13:39","date_gmt":"2024-01-10T22:13:39","guid":{"rendered":"https:\/\/pos.uel.br\/mestradoclinicasveterinarias\/?page_id=240"},"modified":"2025-05-22T09:05:42","modified_gmt":"2025-05-22T12:05:42","slug":"comissao-coordenadora","status":"publish","type":"page","link":"https:\/\/pos.uel.br\/mestradoclinicasveterinarias\/comissao-coordenadora\/","title":{"rendered":"Comiss\u00e3o Coordenadora"},"content":{"rendered":"\n<p>A Comiss\u00e3o Coordenadora do curso \u00e9 formada por sete integrantes. Tem a responsabilidade de planejar, analisar e&nbsp;decidir sobre&nbsp;as atividades e a\u00e7\u00f5es relacionadas ao curso.<\/p>\n\n\n\n<p class=\"has-medium-font-size\"><strong>Coordenador<\/strong><br>Prof. Dr.&nbsp;Marcelo de Souza Zanutto<br>E-mail:&nbsp;<strong><a href=\"mailto:mzanutto@uel.br\" data-type=\"mailto\" data-id=\"mailto:mzanutto@uel.br\" target=\"_blank\" rel=\"noreferrer noopener\">mzanutto@uel.br<\/a><\/strong><\/p>\n\n\n\n<p class=\"has-medium-font-size\"><strong>Vice-Coordenador<\/strong><br>Profa Dra Mirian Siliane Batista de Souza<br>E-mail:&nbsp;<strong><a href=\"mailto:biasi@uel.br\" target=\"_blank\" rel=\"noreferrer noopener\">msiliane@uel.br<\/a><\/strong><\/p>\n\n\n\n<p class=\"has-medium-font-size\"><strong>Membro<\/strong><br>Prof. Dr. Augusto J. Savioli de A. Sampaio<br>E-mail: <a href=\"mailto:asampaio@uel.br\" target=\"_blank\" rel=\"noreferrer noopener\"><strong>asampaio@uel.br<\/strong><\/a><\/p>\n\n\n\n<p class=\"has-medium-font-size\"><strong>Representante DMVP<\/strong><br>Profa Dra Lucienne Garcia Pretto Giordano<br>E-mail:\u00a0<strong><a href=\"mailto:giovanaws@uel.br\" target=\"_blank\" rel=\"noreferrer noopener\"><strong><a href=\"mailto:lgiordano@uel.br\" target=\"_blank\" rel=\"noreferrer noopener\">lgiordano<\/a><\/strong>@uel.br<\/a><\/strong><\/p>\n\n\n\n<p class=\"has-medium-font-size\"><strong>Representante CCB<\/strong><br>Prof. Dr. Leandro Luis Martins<br>E-mail:\u00a0<strong><a href=\"mailto:gnakazato@uel.br\" target=\"_blank\" rel=\"noreferrer noopener\"><a href=\"mailto:llmartins@uel.br\" target=\"_blank\" rel=\"noreferrer noopener\"><strong>llmartins<\/strong><\/a>@uel.br<\/a><\/strong><\/p>\n\n\n\n<p><strong>Representante CECA<\/strong><br>Profa. Dra. Let\u00edcia Gorri Molina<br>E-mail:&nbsp;<strong><a href=\"mailto:gnakazato@uel.br\" target=\"_blank\" rel=\"noreferrer noopener\"><\/a><strong><strong>&nbsp;<a href=\"mailto:lgmolina@uol.com.br\" target=\"_blank\" rel=\"noreferrer noopener\">lgmolina@uol.com.br<\/a><\/strong><\/strong><\/strong><\/p>\n\n\n\n<p class=\"has-medium-font-size\"><strong>Representante discente<\/strong><br>Kamila Giffoni Sales Michiles<br>E-mail:<strong> <a href=\"mailto:dorth.veterinario@uel.br\" target=\"_blank\" rel=\"noreferrer noopener\">kamila.giffoni@uel.br<\/a><\/strong><\/p>\n\n\n\n<p class=\"has-medium-font-size\"><strong>Vice-representante discente<\/strong><br>Eduardo Henrique Berns<br>E-mail: <strong><a href=\"mailto:tayane.verdelli@uel.br\" target=\"_blank\" rel=\"noreferrer noopener\">eduardohenriqueberns@hotmail.com<\/a><\/strong><\/p>\n","protected":false},"excerpt":{"rendered":"<p>A Comiss\u00e3o Coordenadora do curso \u00e9 formada por sete integrantes. Tem a responsabilidade de planejar, analisar e&nbsp;decidir sobre&nbsp;as atividades e a\u00e7\u00f5es relacionadas ao curso. CoordenadorProf. Dr.&nbsp;Marcelo de Souza ZanuttoE-mail:&nbsp;mzanutto@uel.br Vice-CoordenadorProfa Dra Mirian Siliane Batista de SouzaE-mail:&nbsp;msiliane@uel.br MembroProf. Dr. Augusto J. Savioli de A. SampaioE-mail: asampaio@uel.br Representante DMVPProfa Dra Lucienne Garcia Pretto GiordanoE-mail:\u00a0lgiordano@uel.br Representante CCBProf. Dr. [&hellip;]<\/p>\n","protected":false},"author":11,"featured_media":0,"parent":0,"menu_order":0,"comment_status":"closed","ping_status":"closed","template":"","meta":{"_acf_changed":false,"footnotes":""},"class_list":["post-240","page","type-page","status-publish","hentry"],"acf":[],"_links":{"self":[{"href":"https:\/\/pos.uel.br\/mestradoclinicasveterinarias\/wp-json\/wp\/v2\/pages\/240","targetHints":{"allow":["GET"]}}],"collection":[{"href":"https:\/\/pos.uel.br\/mestradoclinicasveterinarias\/wp-json\/wp\/v2\/pages"}],"about":[{"href":"https:\/\/pos.uel.br\/mestradoclinicasveterinarias\/wp-json\/wp\/v2\/types\/page"}],"author":[{"embeddable":true,"href":"https:\/\/pos.uel.br\/mestradoclinicasveterinarias\/wp-json\/wp\/v2\/users\/11"}],"replies":[{"embeddable":true,"href":"https:\/\/pos.uel.br\/mestradoclinicasveterinarias\/wp-json\/wp\/v2\/comments?post=240"}],"version-history":[{"count":4,"href":"https:\/\/pos.uel.br\/mestradoclinicasveterinarias\/wp-json\/wp\/v2\/pages\/240\/revisions"}],"predecessor-version":[{"id":760,"href":"https:\/\/pos.uel.br\/mestradoclinicasveterinarias\/wp-json\/wp\/v2\/pages\/240\/revisions\/760"}],"wp:attachment":[{"href":"https:\/\/pos.uel.br\/mestradoclinicasveterinarias\/wp-json\/wp\/v2\/media?parent=240"}],"curies":[{"name":"wp","href":"https:\/\/api.w.org\/{rel}","templated":true}]}}