{"id":227,"date":"2024-01-10T18:34:37","date_gmt":"2024-01-10T21:34:37","guid":{"rendered":"https:\/\/pos.uel.br\/mestradoclinicasveterinarias\/?page_id=227"},"modified":"2025-04-19T10:59:14","modified_gmt":"2025-04-19T13:59:14","slug":"atividades-complementares","status":"publish","type":"page","link":"https:\/\/pos.uel.br\/mestradoclinicasveterinarias\/estrutura-curricular\/atividades-complementares\/","title":{"rendered":"Atividades Complementares"},"content":{"rendered":"\n<h4 class=\"wp-block-heading\"><strong>Atividades Complementares &#8211; 2VET388<\/strong><strong>&nbsp;<\/strong><\/h4>\n\n\n\n<p><strong>Carga hor\u00e1ria: <\/strong>120<strong> &nbsp;Cr\u00e9ditos: <\/strong>8<\/p>\n\n\n\n<p><strong>Ementa:<\/strong><\/p>\n\n\n\n<p>Aulas expositivas e presenciais sobre temas correlacionados \u00e0 sa\u00fade animal e sa\u00fade p\u00fablica, qualidade de vida e bem estar social e animal. Atuar em coletividade nos procedimentos do Programa Sa\u00fade da Fam\u00edlia (PSF) do Governo Federal. Promo\u00e7\u00e3o de workshops, semanas acad\u00eamicas, semin\u00e1rios tem\u00e1ticos, dias de campo e tert\u00falias veterin\u00e1rias. Atuar nos ensaios cl\u00ednicos de campopor ocasi\u00e3o de aulas pr\u00e1ticas na gradua\u00e7\u00e3o. Participar dos procedimentos de rotina e emerg\u00eancias veterin\u00e1rias no pronto socorro do Hospital Veterin\u00e1rio da&nbsp;UEL. Colaborar de forma pr\u00e1tica nos projetos de ensino, pesquisa e extens\u00e3o do departamento de Cl\u00ednicas Veterin\u00e1rias da&nbsp;UEL ou de outras institui\u00e7\u00f5es. Manuten\u00e7\u00e3o, atualiza\u00e7\u00e3o e divulga\u00e7\u00e3o t\u00e9cnica de preceitos e valores profissionais amplos.<\/p>\n\n\n\n<p><strong><a href=\"https:\/\/drive.google.com\/file\/d\/15zhnNS8Pz4xmXMB0dFMUYu3Z_v0MUF35\/view?usp=sharing\">ESCLARECIMENTOS sobre as atividades da DISCIPLINA DE ATIVIDADES COMPLEMENTARES<\/a><\/strong><\/p>\n\n\n\n<p><strong><a href=\"https:\/\/pos.uel.br\/mestradoclinicasveterinarias\/wp-content\/uploads\/2025\/04\/DISCIPLINA-ATIVIDADES-COMPLEMENTARES-ORIENTACOES-GERAIS.pdf\">DISCIPLINA DE ATIVIDADES COMPLEMENTARES &#8211; orienta\u00e7\u00f5es gerais<\/a><\/strong><\/p>\n\n\n\n<p><br><strong>BIBLIOGRAFIA:<\/strong><\/p>\n\n\n\n<p>ANCLIVEPA. Dispon\u00edvel em http:\/\/www.anclivepabrasil.com.br\/portal_v2.<\/p>\n\n\n\n<p>BEAVER, B. V. Comportamento Canino: um guia para veterin\u00e1rios. S\u00e3o Paulo: Roca, 2001.<\/p>\n\n\n\n<p>BROOM, D.M.; MOLENTO, C.F.M. Bem-estar animal: conceito e quest\u00f5es relacionadas- revis\u00e3o. Archives of Veterinary Science, Curitiba, v.9, p.1-11, 2004.<\/p>\n\n\n\n<p>CAPANEMA, L. X. L.; VELASCO, L.O.M; SOUZA, J.O.B; NOGUTI, M. B. Panorama da Ind\u00fastria Farmac\u00eautica Veterin\u00e1ria. Rio de Janeiro:<\/p>\n\n\n\n<p>FLOSI, Francis. Plano de Marketing na Veterin\u00e1ria. S\u00e3o Paulo: Varela, 2001. 113.<\/p>\n\n\n\n<p>FUCK, E. J.; DELARISSA, F.; FUCK, E. T.; CURTI, C. E. Rela\u00e7\u00e3o homem x Animal: aspectos psicol\u00f3gicos e comportamentais. Revista Nosso Cl\u00ednico, v. 8, n.49, jan\/fev 2006.<\/p>\n\n\n\n<p>LANDSBERG, G.; HUNTHAUSSEN, W.; ACKERMAN, L. Problemas comportamentais do c\u00e3o e do gato. 2 ed. S\u00e3o Paulo: Roca, 2005.<\/p>\n\n\n\n<p>MOLENTO, C. F. M. Medicina Veterin\u00e1ria e Bem-Estar Animal. Revista CFMV, Bras\u00edlia\/DF, Ano IX, n.28 e 29, jan-agt, 2003.<\/p>\n\n\n\n<p>PALMEIRA FILHO, P. L., PAN, S. S. K. \u201cCadeia farmac\u00eautica no Brasil: avalia\u00e7\u00e3o preliminar e perspectivas\u201d. BNDES Setorial, Rio de Janeiro, n. 18, p. 3-22, set. 2003.<\/p>\n\n\n\n<p>PEREIRA, Milson da Silva. Marketing Aplicado a Cl\u00ednica Veterin\u00e1ria de Animais de Estima\u00e7\u00e3o. S\u00e3o Paulo: Robe Editorial, 2001. 283p.<\/p>\n\n\n\n<p>STOKES, J. et al. Lameness in dairy cattle: Relationships between environments, animal based welfare measures and locomotion. In: INTERNATIONAL SYMPOSIUM ON LAMENESS IN<\/p>\n\n\n\n<p>WHAY, H.R. et al. Assessment of the welfare of dairy cattle using animal-based measurements: direct observations and investigation of farm records. Veterinary Record, Londres, v.153, n.7, p.197-202, 2003.<\/p>\n\n\n\n<p>BIBLIOGRAFIA COMPLEMENTAR:<\/p>\n\n\n\n<p>http:\/\/www.agricultura.gov.br\/animal\/produtos-veterinarios\/legislacao<\/p>\n\n\n\n<p>http:\/\/www.sindan.org.br\/sd\/sindan\/index.html<\/p>\n\n\n\n<p>http:\/\/www.camara.gov.br\/internet\/agencia\/default.asp&gt;.<\/p>\n\n\n\n<p>http:\/\/www.herbario.com.br\/dataherb09\/1412indvet.htm<\/p>\n\n\n\n<p>http:\/\/www.agrolink.com.br<\/p>\n\n\n\n<p>http:\/\/www.vetbrands.com.br\/br\/pg_pet\/pet_ectoparasiticidas.htm<\/p>\n\n\n\n<p>http:\/\/www.intervet.com.br\/Doencas\/Parasitos_Internos\/060_Tratamento.asp<\/p>\n\n\n\n<p>http:\/\/www.saudeanimal.com.br<\/p>\n","protected":false},"excerpt":{"rendered":"<p>Atividades Complementares &#8211; 2VET388&nbsp; Carga hor\u00e1ria: 120 &nbsp;Cr\u00e9ditos: 8 Ementa: Aulas expositivas e presenciais sobre temas correlacionados \u00e0 sa\u00fade animal e sa\u00fade p\u00fablica, qualidade de vida e bem estar social e animal. Atuar em coletividade nos procedimentos do Programa Sa\u00fade da Fam\u00edlia (PSF) do Governo Federal. Promo\u00e7\u00e3o de workshops, semanas acad\u00eamicas, semin\u00e1rios tem\u00e1ticos, dias de [&hellip;]<\/p>\n","protected":false},"author":11,"featured_media":0,"parent":13,"menu_order":0,"comment_status":"closed","ping_status":"closed","template":"","meta":{"_acf_changed":false,"footnotes":""},"class_list":["post-227","page","type-page","status-publish","hentry"],"acf":[],"_links":{"self":[{"href":"https:\/\/pos.uel.br\/mestradoclinicasveterinarias\/wp-json\/wp\/v2\/pages\/227","targetHints":{"allow":["GET"]}}],"collection":[{"href":"https:\/\/pos.uel.br\/mestradoclinicasveterinarias\/wp-json\/wp\/v2\/pages"}],"about":[{"href":"https:\/\/pos.uel.br\/mestradoclinicasveterinarias\/wp-json\/wp\/v2\/types\/page"}],"author":[{"embeddable":true,"href":"https:\/\/pos.uel.br\/mestradoclinicasveterinarias\/wp-json\/wp\/v2\/users\/11"}],"replies":[{"embeddable":true,"href":"https:\/\/pos.uel.br\/mestradoclinicasveterinarias\/wp-json\/wp\/v2\/comments?post=227"}],"version-history":[{"count":3,"href":"https:\/\/pos.uel.br\/mestradoclinicasveterinarias\/wp-json\/wp\/v2\/pages\/227\/revisions"}],"predecessor-version":[{"id":718,"href":"https:\/\/pos.uel.br\/mestradoclinicasveterinarias\/wp-json\/wp\/v2\/pages\/227\/revisions\/718"}],"up":[{"embeddable":true,"href":"https:\/\/pos.uel.br\/mestradoclinicasveterinarias\/wp-json\/wp\/v2\/pages\/13"}],"wp:attachment":[{"href":"https:\/\/pos.uel.br\/mestradoclinicasveterinarias\/wp-json\/wp\/v2\/media?parent=227"}],"curies":[{"name":"wp","href":"https:\/\/api.w.org\/{rel}","templated":true}]}}