{"id":225,"date":"2024-01-10T18:31:57","date_gmt":"2024-01-10T21:31:57","guid":{"rendered":"https:\/\/pos.uel.br\/mestradoclinicasveterinarias\/?page_id=225"},"modified":"2024-01-10T18:31:57","modified_gmt":"2024-01-10T21:31:57","slug":"trabalho-de-conclusao-final","status":"publish","type":"page","link":"https:\/\/pos.uel.br\/mestradoclinicasveterinarias\/estrutura-curricular\/trabalho-de-conclusao-final\/","title":{"rendered":"Trabalho de Conclus\u00e3o Final"},"content":{"rendered":"\n<p>Disciplinas obrigat\u00f3rias: referem-se a carga hor\u00e1ria para desenvolver o projeto e reda\u00e7\u00e3o do TCC. Cada semestre o aluno deve se matricular na disciplina de forma sequencial. No primeiro semestre no TCC I, no segundo semestre no TCC II, e assim por diante. &nbsp;Cada disciplina representa 6 cr\u00e9ditos e carga hor\u00e1ria de 90 horas.<\/p>\n\n\n\n<p><strong>Trabalho de Conclus\u00e3o Final I &#8211; 2VET389<\/strong><\/p>\n\n\n\n<p><strong>Trabalho de Conclus\u00e3o Final II &#8211; 2VET390<\/strong><\/p>\n\n\n\n<p><strong>Trabalho de Conclus\u00e3o Final III &#8211; 2VET391<\/strong><\/p>\n\n\n\n<p><strong>Trabalho de Conclus\u00e3o Final IV &#8211; 2VET 392<\/strong><\/p>\n","protected":false},"excerpt":{"rendered":"<p>Disciplinas obrigat\u00f3rias: referem-se a carga hor\u00e1ria para desenvolver o projeto e reda\u00e7\u00e3o do TCC. Cada semestre o aluno deve se matricular na disciplina de forma sequencial. No primeiro semestre no TCC I, no segundo semestre no TCC II, e assim por diante. &nbsp;Cada disciplina representa 6 cr\u00e9ditos e carga hor\u00e1ria de 90 horas. Trabalho de [&hellip;]<\/p>\n","protected":false},"author":11,"featured_media":0,"parent":13,"menu_order":0,"comment_status":"closed","ping_status":"closed","template":"","meta":{"_acf_changed":false,"footnotes":""},"class_list":["post-225","page","type-page","status-publish","hentry"],"acf":[],"_links":{"self":[{"href":"https:\/\/pos.uel.br\/mestradoclinicasveterinarias\/wp-json\/wp\/v2\/pages\/225","targetHints":{"allow":["GET"]}}],"collection":[{"href":"https:\/\/pos.uel.br\/mestradoclinicasveterinarias\/wp-json\/wp\/v2\/pages"}],"about":[{"href":"https:\/\/pos.uel.br\/mestradoclinicasveterinarias\/wp-json\/wp\/v2\/types\/page"}],"author":[{"embeddable":true,"href":"https:\/\/pos.uel.br\/mestradoclinicasveterinarias\/wp-json\/wp\/v2\/users\/11"}],"replies":[{"embeddable":true,"href":"https:\/\/pos.uel.br\/mestradoclinicasveterinarias\/wp-json\/wp\/v2\/comments?post=225"}],"version-history":[{"count":1,"href":"https:\/\/pos.uel.br\/mestradoclinicasveterinarias\/wp-json\/wp\/v2\/pages\/225\/revisions"}],"predecessor-version":[{"id":226,"href":"https:\/\/pos.uel.br\/mestradoclinicasveterinarias\/wp-json\/wp\/v2\/pages\/225\/revisions\/226"}],"up":[{"embeddable":true,"href":"https:\/\/pos.uel.br\/mestradoclinicasveterinarias\/wp-json\/wp\/v2\/pages\/13"}],"wp:attachment":[{"href":"https:\/\/pos.uel.br\/mestradoclinicasveterinarias\/wp-json\/wp\/v2\/media?parent=225"}],"curies":[{"name":"wp","href":"https:\/\/api.w.org\/{rel}","templated":true}]}}