{"id":16,"date":"2021-04-27T22:23:51","date_gmt":"2021-04-28T01:23:51","guid":{"rendered":"https:\/\/pos.uel.br\/mestradoclinicasveterinarias\/?page_id=16"},"modified":"2025-10-01T12:59:15","modified_gmt":"2025-10-01T15:59:15","slug":"formularios","status":"publish","type":"page","link":"https:\/\/pos.uel.br\/mestradoclinicasveterinarias\/formularios\/","title":{"rendered":"Formul\u00e1rios e Documentos"},"content":{"rendered":"\n<p>Ap\u00f3s a defesa da disserta\u00e7\u00e3o ou dos produtos gerados, o aluno deve enviar arquivo pdf da disserta\u00e7\u00e3o ou dos produtos ao email da coordena\u00e7\u00e3o,&nbsp;e tamb\u00e9m o Termo de Autoriza\u00e7\u00e3o da Biblioteca Digital da UEL preenchido para a coordena\u00e7\u00e3o do curso. N\u00c3O \u00e9 mais necess\u00e1rio entregar c\u00f3pia da disserta\u00e7\u00e3o ou dos produtos gravados em CD e nem a vers\u00e3o impressa!<\/p>\n\n\n\n<ul class=\"wp-block-list\">\n<li>Formul\u00e1rio de Indica\u00e7\u00e3o de Banca Examinadora para Qualifica\u00e7\u00e3o &#8211; Clique&nbsp;<strong><a href=\"https:\/\/pos.uel.br\/mestradoclinicasveterinarias\/wp-content\/uploads\/2024\/05\/Formulario-Indicacao-Banca-Qualificacao-Mestrado-Profissional-Clinicas-Veterinarias.doc\" target=\"_blank\" rel=\"noreferrer noopener\">aqui<\/a><\/strong>&nbsp;para download&nbsp;<\/li>\n<\/ul>\n\n\n\n<ul class=\"wp-block-list\">\n<li>Formul\u00e1rio de Indica\u00e7\u00e3o de Banca Examinadora para Defesa de Disserta\u00e7\u00e3o &#8211; Clique&nbsp;<strong><a href=\"https:\/\/pos.uel.br\/mestradoclinicasveterinarias\/wp-content\/uploads\/2024\/05\/Formulario-Indicacao-Banca-Dissertacao-Mestrado-Profissional-Clinicas-Veterinarias.doc\" target=\"_blank\" rel=\"noreferrer noopener\">aqui<\/a><\/strong>&nbsp;para download<\/li>\n\n\n\n<li>Formul\u00e1rios para Banca de defesa de Disserta\u00e7\u00e3o Remota para Avaliadores da banca ANEXO I (clique <a href=\"https:\/\/pos.uel.br\/mestradoclinicasveterinarias\/wp-content\/uploads\/2025\/01\/Anexo-I-MEMBROS-DA-BANCA.doc\" data-type=\"link\" data-id=\"https:\/\/pos.uel.br\/mestradoclinicasveterinarias\/wp-content\/uploads\/2025\/01\/Anexo-I-MEMBROS-DA-BANCA.doc\"><strong>aqui<\/strong><\/a> para download) e para a concord\u00e2ncia do Discente ANEXO II (clique <strong><a href=\"https:\/\/pos.uel.br\/mestradoclinicasveterinarias\/wp-content\/uploads\/2025\/01\/Anexo-II-DISCENTE.doc\" data-type=\"link\" data-id=\"https:\/\/pos.uel.br\/mestradoclinicasveterinarias\/wp-content\/uploads\/2025\/01\/Anexo-II-DISCENTE.doc\">aqui <\/a><\/strong>para download)<\/li>\n<\/ul>\n\n\n\n<ul class=\"wp-block-list\">\n<li>Formul\u00e1rio Termo de Autoriza\u00e7\u00e3o da Biblioteca Digital &#8211; Clique&nbsp;<strong><a href=\"https:\/\/pos.uel.br\/mestradoclinicasveterinarias\/wp-content\/uploads\/2024\/12\/Termo-de-Autorizacao-BIBLIOTECA-DIGITAL-2020.docx\">aqui<\/a><\/strong>&nbsp;para download<\/li>\n<\/ul>\n\n\n\n<ul class=\"wp-block-list\">\n<li>Lista de defini\u00e7\u00f5es de PTTs (Produtos T\u00e9cnicos-Tecnol\u00f3gicos) &#8211; Clique\u00a0<strong><a href=\"https:\/\/pos.uel.br\/mestradoclinicasveterinarias\/wp-content\/uploads\/2025\/10\/Definicao-Produtos-tecnicos-tecnologicos-area-Medicina-Veterinaria-2025-2028.docx\" data-type=\"link\" data-id=\"https:\/\/pos.uel.br\/mestradoclinicasveterinarias\/wp-content\/uploads\/2025\/10\/Definicao-Produtos-tecnicos-tecnologicos-area-Medicina-Veterinaria-2025-2028.docx\">aqui<\/a><\/strong><a href=\"http:\/\/www.uel.br\/pos\/mestradoclinicasveterinarias\/pages\/arquivos\/Defini%C3%A7%C3%A3o%20Produtos%20t%C3%A9cnicos-tecnol%C3%B3gicos%20%C3%A1rea%20Medicina%20Veterin%C3%A1ria.pdf\" target=\"_blank\" rel=\"noreferrer noopener\">\u00a0<\/a>para dowload<\/li>\n<\/ul>\n\n\n\n<ul class=\"wp-block-list\">\n<li><\/li>\n<\/ul>\n\n\n\n<ul class=\"wp-block-list\">\n<li>Controle frequ\u00eancia Disciplina 2VET385 Abordagem cl\u00ednica nas emerg\u00eancias m\u00e9dico veterin\u00e1rias \u2013 uma nova vis\u00e3o &#8211; <strong>Clique <a href=\"https:\/\/pos.uel.br\/mestradoclinicasveterinarias\/wp-content\/uploads\/2024\/02\/Controle-frequencia-Disciplina-2VET385-Abordagem-clinica-nas-emergencias-medico-veterinarias-\u2013-uma-nova-visao.doc\" data-type=\"link\" data-id=\"https:\/\/pos.uel.br\/mestradoclinicasveterinarias\/wp-content\/uploads\/2024\/02\/Controle-frequencia-Disciplina-2VET385-Abordagem-clinica-nas-emergencias-medico-veterinarias-\u2013-uma-nova-visao.doc\">aqui <\/a>para download<\/strong><\/li>\n<\/ul>\n\n\n\n<p>       V\u00eddeo sobre Revistas Predat\u00f3rias ministrado pelo Prof Dr Carlos Ambr\u00f3sio (Coordenador de \u00c1rea de Medicina Veterin\u00e1ria da CAPES &#8211; <strong>Clique <a href=\"https:\/\/drive.google.com\/file\/d\/1C9rA4R8kAyV6YRhb8tXTaklSuMkXW_F0\/view?usp=drive_link\">aqui<\/a><\/strong> <strong>para download<\/strong><\/p>\n\n\n\n<p>Link para checar a classifica\u00e7\u00e3o de peri\u00f3dicos no sistema QUALIS CAPES. <strong>Clique <a href=\"https:\/\/sucupira.capes.gov.br\/sucupira\/public\/consultas\/coleta\/veiculoPublicacaoQualis\/listaConsultaGeralPeriodicos.jsf\">aqui<\/a> para entrar na p\u00e1gina.<\/strong><\/p>\n\n\n\n<p>Carta Convite para Qualifica\u00e7\u00e3o ou Defesa de Disserta\u00e7\u00e3o ou Produto MP Cl\u00ednicas Veterin\u00e1rias. <strong>Clique <a href=\"https:\/\/pos.uel.br\/mestradoclinicasveterinarias\/wp-content\/uploads\/2024\/07\/CARTA-CONVITE-BANCA-DE-QUALIFICACAO-OU-DEFESA-DE-DISSERTACAO.doc\">aqui<\/a> para download<\/strong><\/p>\n\n\n\n<p>OF\u00cdCIO tema TCC para Comiss\u00e3o Coordenadora. <strong>Clique <a href=\"https:\/\/pos.uel.br\/mestradoclinicasveterinarias\/wp-content\/uploads\/2024\/08\/OFICIO-tema-TCC-para-Comissao-Coordenadora.doc\">aqui<\/a> para download<\/strong><\/p>\n","protected":false},"excerpt":{"rendered":"<p>Ap\u00f3s a defesa da disserta\u00e7\u00e3o ou dos produtos gerados, o aluno deve enviar arquivo pdf da disserta\u00e7\u00e3o ou dos produtos ao email da coordena\u00e7\u00e3o,&nbsp;e tamb\u00e9m o Termo de Autoriza\u00e7\u00e3o da Biblioteca Digital da UEL preenchido para a coordena\u00e7\u00e3o do curso. N\u00c3O \u00e9 mais necess\u00e1rio entregar c\u00f3pia da disserta\u00e7\u00e3o ou dos produtos gravados em CD e [&hellip;]<\/p>\n","protected":false},"author":7,"featured_media":0,"parent":0,"menu_order":0,"comment_status":"closed","ping_status":"closed","template":"","meta":{"_acf_changed":false,"footnotes":""},"class_list":["post-16","page","type-page","status-publish","hentry"],"acf":[],"_links":{"self":[{"href":"https:\/\/pos.uel.br\/mestradoclinicasveterinarias\/wp-json\/wp\/v2\/pages\/16","targetHints":{"allow":["GET"]}}],"collection":[{"href":"https:\/\/pos.uel.br\/mestradoclinicasveterinarias\/wp-json\/wp\/v2\/pages"}],"about":[{"href":"https:\/\/pos.uel.br\/mestradoclinicasveterinarias\/wp-json\/wp\/v2\/types\/page"}],"author":[{"embeddable":true,"href":"https:\/\/pos.uel.br\/mestradoclinicasveterinarias\/wp-json\/wp\/v2\/users\/7"}],"replies":[{"embeddable":true,"href":"https:\/\/pos.uel.br\/mestradoclinicasveterinarias\/wp-json\/wp\/v2\/comments?post=16"}],"version-history":[{"count":25,"href":"https:\/\/pos.uel.br\/mestradoclinicasveterinarias\/wp-json\/wp\/v2\/pages\/16\/revisions"}],"predecessor-version":[{"id":806,"href":"https:\/\/pos.uel.br\/mestradoclinicasveterinarias\/wp-json\/wp\/v2\/pages\/16\/revisions\/806"}],"wp:attachment":[{"href":"https:\/\/pos.uel.br\/mestradoclinicasveterinarias\/wp-json\/wp\/v2\/media?parent=16"}],"curies":[{"name":"wp","href":"https:\/\/api.w.org\/{rel}","templated":true}]}}