{"id":15,"date":"2021-04-27T22:23:51","date_gmt":"2021-04-28T01:23:51","guid":{"rendered":"https:\/\/pos.uel.br\/mestradoclinicasveterinarias\/?page_id=15"},"modified":"2025-06-03T20:08:52","modified_gmt":"2025-06-03T23:08:52","slug":"regimentos-resolucoes-e-normas","status":"publish","type":"page","link":"https:\/\/pos.uel.br\/mestradoclinicasveterinarias\/regimentos-resolucoes-e-normas\/","title":{"rendered":"Regimentos, resolu\u00e7\u00f5es e normas"},"content":{"rendered":"\n<p><strong>REGULAMENTA\u00c7\u00c3O<\/strong><\/p>\n\n\n\n<p><a href=\"https:\/\/pos.uel.br\/mestradoclinicasveterinarias\/wp-content\/uploads\/2025\/06\/Deliberacao-11-2025-Reest-MP-Clinicas-Veterinarias.pdf\"><strong>DELIBERA\u00c7\u00c3O No 11-2025:<\/strong><\/a> Reestrutura\u00e7\u00e3o Curso de Mestrado Profissional em Cl\u00ednicas Veterin\u00e1rias. Adi\u00e7\u00e3o de duas novas disciplinas <\/p>\n\n\n\n<ol class=\"wp-block-list\">\n<li>2 VET 462 &#8211; Avan\u00e7os em Oftalmologia Veterin\u00e1ria Cl\u00ednica, Cir\u00fargica e Comparada<\/li>\n\n\n\n<li>2 VET 463 &#8211; T\u00f3picos Avan\u00e7ados em Inova\u00e7\u00f5es na Ortopedia de animais de companhia<\/li>\n<\/ol>\n\n\n\n<p><a href=\"https:\/\/pos.uel.br\/mestradoclinicasveterinarias\/wp-content\/uploads\/2025\/04\/Resolucao-CEPE-87-2023-Inclui-inciso-Art-19-Regimento.pdf\"><strong>RESOLU\u00c7\u00c3O CEPE No 87-2023:<\/strong> <\/a>Inclui o inciso V, no artigo 19 da RESLU\u00c7\u00c3O CEPE No 132-2013 &#8211; reda\u00e7\u00e3o nova do artigo 19: &#8220;Encaminhar \u00e0 Coordena\u00e7\u00e3o do Programa o comprovante de envio de artigo relacionado ao TCC ou a disserta\u00e7\u00e3o, em peri\u00f3dico indexado, classificado como maior ou igual a B3 no Qualis de Medicina Veterin\u00e1ria da CAPES. Ou o comprovante de valida\u00e7\u00e3o de um (1) Produto T\u00e9cnico-tecnol\u00f3gico para libera\u00e7\u00e3o da ata de defesa \u00e0 PROPPG. Cabe \u00e0 Coordena\u00e7\u00e3o do Programa informar \u00e0 PROPPG sobre o cumprimento dos requisitos. Adicionalmente, o TCC ou a disserta\u00e7\u00e3o deve conter, no m\u00ednimo, um (1) PTT (Produto T\u00e9cnico Tecnol\u00f3gico) dentre aqueles elencados pela \u00e1rea de Medicina Veterin\u00e1ria da CAPES&#8221;<\/p>\n\n\n\n<p><\/p>\n\n\n\n<p><strong>DELIBERA\u00c7\u00c3O \u2013<\/strong> <strong>Colegiado PPG Stricto sensu N\u00ba 025\/2023: <\/strong>Reestrutura o Curso de Mestrado Profissional em Cl\u00ednicas Veterin\u00e1rias. Motivo: inclus\u00e3o de disciplinas. <a href=\"https:\/\/pos.uel.br\/mestradoclinicasveterinarias\/wp-content\/uploads\/2025\/04\/Reestruturacao-disciplinas-MP-Clinicas-Veterina\u0301rias-Delib-25-2023.pdf\"><strong>Reestrutura\u00e7\u00e3o disciplinas MP Clinicas Veterina\u0301rias &#8211; Delib 25 2023<\/strong><\/a><\/p>\n\n\n\n<p><strong>NORMAS DE CREDENCIAMENTO E DESCREDENCIAMENTO: <\/strong>Clique <a href=\"https:\/\/pos.uel.br\/mestradoclinicasveterinarias\/wp-content\/uploads\/2025\/05\/Normas-de-Cred-e-Descred-MP-Clinica-Veter-Delib-23-2020.pdf\">aqui<\/a> para download<\/p>\n\n\n\n<p><\/p>\n\n\n\n<ul class=\"wp-block-list\">\n<li>Regimento do Curso de Mestrado Profissional em Cl\u00ednicas Veterin\u00e1rias &#8211;<\/li>\n<\/ul>\n\n\n\n<p>&nbsp; &nbsp; &nbsp; &nbsp; &nbsp;&nbsp;<strong><a href=\"https:\/\/pos.uel.br\/mestradoclinicasveterinarias\/wp-content\/uploads\/2025\/05\/Resolucao-CEPE-132-2013-Regimento.pdf\" target=\"_blank\" rel=\"noreferrer noopener\">Resolu\u00e7\u00e3o CEPE N\u00ba 132\/2013<\/a><\/strong><\/p>\n\n\n\n<ul class=\"wp-block-list\">\n<li>Reestrutura\u00e7\u00e3o do Curso de Mestrado Profissional em Cl\u00ednicas Veterin\u00e1rias &#8211;<\/li>\n<\/ul>\n\n\n\n<p>&nbsp; &nbsp; &nbsp; &nbsp; &nbsp;&nbsp;<strong><a href=\"https:\/\/pos.uel.br\/mestradoclinicasveterinarias\/wp-content\/uploads\/2025\/05\/Reestruturacao-MP-Clinicas-Vet-39-2013.pdf\" target=\"_blank\" rel=\"noreferrer noopener\">Delibera\u00e7\u00e3o N\u00ba 39\/2013<\/a><\/strong><\/p>\n\n\n\n<ul class=\"wp-block-list\">\n<li>Titula\u00e7\u00e3o de programa mestrado profissionalizante &#8211;<strong><\/strong><\/li>\n<\/ul>\n\n\n\n<p>&nbsp; &nbsp; &nbsp; &nbsp; &nbsp;<a href=\"https:\/\/pos.uel.br\/mestradoclinicasveterinarias\/wp-content\/uploads\/2025\/05\/parecer-CNE-CES-79-2002.pdf\">&nbsp;<strong>Parecer N\u00ba 79\/2002<\/strong><\/a><\/p>\n\n\n\n<p><\/p>\n","protected":false},"excerpt":{"rendered":"<p>REGULAMENTA\u00c7\u00c3O DELIBERA\u00c7\u00c3O No 11-2025: Reestrutura\u00e7\u00e3o Curso de Mestrado Profissional em Cl\u00ednicas Veterin\u00e1rias. Adi\u00e7\u00e3o de duas novas disciplinas RESOLU\u00c7\u00c3O CEPE No 87-2023: Inclui o inciso V, no artigo 19 da RESLU\u00c7\u00c3O CEPE No 132-2013 &#8211; reda\u00e7\u00e3o nova do artigo 19: &#8220;Encaminhar \u00e0 Coordena\u00e7\u00e3o do Programa o comprovante de envio de artigo relacionado ao TCC ou a [&hellip;]<\/p>\n","protected":false},"author":7,"featured_media":0,"parent":0,"menu_order":0,"comment_status":"closed","ping_status":"closed","template":"","meta":{"_acf_changed":false,"footnotes":""},"class_list":["post-15","page","type-page","status-publish","hentry"],"acf":[],"_links":{"self":[{"href":"https:\/\/pos.uel.br\/mestradoclinicasveterinarias\/wp-json\/wp\/v2\/pages\/15","targetHints":{"allow":["GET"]}}],"collection":[{"href":"https:\/\/pos.uel.br\/mestradoclinicasveterinarias\/wp-json\/wp\/v2\/pages"}],"about":[{"href":"https:\/\/pos.uel.br\/mestradoclinicasveterinarias\/wp-json\/wp\/v2\/types\/page"}],"author":[{"embeddable":true,"href":"https:\/\/pos.uel.br\/mestradoclinicasveterinarias\/wp-json\/wp\/v2\/users\/7"}],"replies":[{"embeddable":true,"href":"https:\/\/pos.uel.br\/mestradoclinicasveterinarias\/wp-json\/wp\/v2\/comments?post=15"}],"version-history":[{"count":13,"href":"https:\/\/pos.uel.br\/mestradoclinicasveterinarias\/wp-json\/wp\/v2\/pages\/15\/revisions"}],"predecessor-version":[{"id":775,"href":"https:\/\/pos.uel.br\/mestradoclinicasveterinarias\/wp-json\/wp\/v2\/pages\/15\/revisions\/775"}],"wp:attachment":[{"href":"https:\/\/pos.uel.br\/mestradoclinicasveterinarias\/wp-json\/wp\/v2\/media?parent=15"}],"curies":[{"name":"wp","href":"https:\/\/api.w.org\/{rel}","templated":true}]}}