{"id":147,"date":"2024-01-05T19:54:03","date_gmt":"2024-01-05T22:54:03","guid":{"rendered":"https:\/\/pos.uel.br\/mestradoclinicasveterinarias\/?page_id=147"},"modified":"2024-01-21T19:48:01","modified_gmt":"2024-01-21T22:48:01","slug":"convenios","status":"publish","type":"page","link":"https:\/\/pos.uel.br\/mestradoclinicasveterinarias\/convenios\/","title":{"rendered":"Conv\u00eanios"},"content":{"rendered":"\n<p>\u00a0Em 2017, para a expans\u00e3o e moderniza\u00e7\u00e3o da infraestrutura, formalizou-se dois conv\u00eanios com dura\u00e7\u00e3o de tr\u00eas anos entre o PPG Mestrado Profissional e a UNIFIL, e o PPG e a empresa privada Sheep Embryo. Incluiu-se os laborat\u00f3rios e demais instala\u00e7\u00f5es do Hospital Veterin\u00e1rio da UNIFIL e as instala\u00e7\u00f5es e laborat\u00f3rios da empresa de Reprodu\u00e7\u00e3o Animal Sheep Embryo. (Termo de Conv\u00eanios anexados abaixo). Com a absor\u00e7\u00e3o de mais docentes e profissionais destas institui\u00e7\u00f5es ao programa aumentou-se a infraestrutura dispon\u00edvel como \u00e1rea de campo para o desenvolvimento dos TCCs ou Produtos do PPG.\u00a0O conv\u00eanio com a UNIFIL expirou em 23 de mar\u00e7o de 2020 e da Sheep Embryo em 21 de novembro de 2020. Ambos est\u00e3o em processo de tramita\u00e7\u00e3o para renova\u00e7\u00e3o, embora a pandemia tem atrasado o processo. Outra empresa privada que ir\u00e1 participar do PPG, e ser\u00e1 tramitado conv\u00eanio em 2021, \u00e9 a empresa de Vigil\u00e2ncia Sanit\u00e1ria Gobetti Sa\u00fade LTDA (Vigisani) onde sua propriet\u00e1ria Suelen T\u00falio de C\u00f3rdova Gobetti j\u00e1 faz parte do programa.<\/p>\n\n\n\n<p><a href=\"http:\/\/www.uel.br\/pos\/mestradoclinicasveterinarias\/pages\/arquivos\/TERMO%20de%20CONV%C3%8ANIO%20UNIFIL%20e%20UEL.pdf\" target=\"_blank\" rel=\"noreferrer noopener\"><strong>TERMO DE CONV\u00caNIO UNIFIL x UEL<\/strong><\/a><\/p>\n\n\n\n<p><a href=\"http:\/\/www.uel.br\/pos\/mestradoclinicasveterinarias\/pages\/arquivos\/TERMO%20de%20CONV%C3%8ANIO%20SHEEP%20EMBRYO%20UEL.pdf\" target=\"_blank\" rel=\"noreferrer noopener\"><strong>TERMO DE CONV\u00caNIO SHEEP EMBRYO x UEL<\/strong><\/a><\/p>\n","protected":false},"excerpt":{"rendered":"<p>\u00a0Em 2017, para a expans\u00e3o e moderniza\u00e7\u00e3o da infraestrutura, formalizou-se dois conv\u00eanios com dura\u00e7\u00e3o de tr\u00eas anos entre o PPG Mestrado Profissional e a UNIFIL, e o PPG e a empresa privada Sheep Embryo. Incluiu-se os laborat\u00f3rios e demais instala\u00e7\u00f5es do Hospital Veterin\u00e1rio da UNIFIL e as instala\u00e7\u00f5es e laborat\u00f3rios da empresa de Reprodu\u00e7\u00e3o Animal [&hellip;]<\/p>\n","protected":false},"author":11,"featured_media":0,"parent":0,"menu_order":0,"comment_status":"closed","ping_status":"closed","template":"","meta":{"_acf_changed":false,"footnotes":""},"class_list":["post-147","page","type-page","status-publish","hentry"],"acf":[],"_links":{"self":[{"href":"https:\/\/pos.uel.br\/mestradoclinicasveterinarias\/wp-json\/wp\/v2\/pages\/147","targetHints":{"allow":["GET"]}}],"collection":[{"href":"https:\/\/pos.uel.br\/mestradoclinicasveterinarias\/wp-json\/wp\/v2\/pages"}],"about":[{"href":"https:\/\/pos.uel.br\/mestradoclinicasveterinarias\/wp-json\/wp\/v2\/types\/page"}],"author":[{"embeddable":true,"href":"https:\/\/pos.uel.br\/mestradoclinicasveterinarias\/wp-json\/wp\/v2\/users\/11"}],"replies":[{"embeddable":true,"href":"https:\/\/pos.uel.br\/mestradoclinicasveterinarias\/wp-json\/wp\/v2\/comments?post=147"}],"version-history":[{"count":2,"href":"https:\/\/pos.uel.br\/mestradoclinicasveterinarias\/wp-json\/wp\/v2\/pages\/147\/revisions"}],"predecessor-version":[{"id":265,"href":"https:\/\/pos.uel.br\/mestradoclinicasveterinarias\/wp-json\/wp\/v2\/pages\/147\/revisions\/265"}],"wp:attachment":[{"href":"https:\/\/pos.uel.br\/mestradoclinicasveterinarias\/wp-json\/wp\/v2\/media?parent=147"}],"curies":[{"name":"wp","href":"https:\/\/api.w.org\/{rel}","templated":true}]}}