{"id":13,"date":"2021-04-27T22:23:51","date_gmt":"2021-04-28T01:23:51","guid":{"rendered":"https:\/\/pos.uel.br\/mestradoclinicasveterinarias\/?page_id=13"},"modified":"2025-06-03T21:18:47","modified_gmt":"2025-06-04T00:18:47","slug":"estrutura-curricular","status":"publish","type":"page","link":"https:\/\/pos.uel.br\/mestradoclinicasveterinarias\/estrutura-curricular\/","title":{"rendered":"Estrutura curricular"},"content":{"rendered":"\n<h2 class=\"wp-block-heading\"><strong>GRADE CURRICULAR<\/strong><\/h2>\n\n\n\n<p>O aluno deve completar 56 (cinquenta e seis) cr\u00e9ditos correspondentes a 840 (oitocentos e quarenta) horas, assim distribu\u00eddos:<\/p>\n\n\n\n<p><strong>a)<\/strong> 24 (vinte e quatro) cr\u00e9ditos em disciplinas, sendo 3 disciplinas obrigat\u00f3rias;<\/p>\n\n\n\n<p><strong>b)<\/strong> 24 (vinte e quatro) cr\u00e9ditos em Trabalho de Conclus\u00e3o Final;<\/p>\n\n\n\n<p><strong>c)<\/strong> 8 (oito) cr\u00e9ditos em atividades complementares.<\/p>\n\n\n\n<p>O desenvolvimento do Programa obedece \u00e0 seguinte organiza\u00e7\u00e3o curricular:<\/p>\n\n\n\n<div style=\"height:25px\" aria-hidden=\"true\" class=\"wp-block-spacer\"><\/div>\n\n\n\n<h5 class=\"wp-block-heading\"><strong>A) <a href=\"https:\/\/pos.uel.br\/mestradoclinicasveterinarias\/estrutura-curricular\/disciplinas-obrigatorias\/\" data-type=\"page\" data-id=\"220\">DISCIPLINAS OBRIGAT\u00d3RIAS<\/a><\/strong> (clique no t\u00edtulo DISCIPLINAS OBRIGAT\u00d3RIAS para visualizar as ementas)<\/h5>\n\n\n\n<figure class=\"wp-block-table is-style-stripes\"><table class=\"has-fixed-layout\"><thead><tr><th class=\"has-text-align-left\" data-align=\"left\"><strong>C\u00d3DIGO<\/strong><\/th><th class=\"has-text-align-left\" data-align=\"left\"><strong>DENOMINA\u00c7\u00c3O<\/strong><\/th><th class=\"has-text-align-center\" data-align=\"center\"><strong>CARGA HOR\u00c1RIA (h)<\/strong><\/th><\/tr><\/thead><tbody><tr><td class=\"has-text-align-left\" data-align=\"left\">2VET376<\/td><td class=\"has-text-align-left\" data-align=\"left\">Semin\u00e1rios<\/td><td class=\"has-text-align-center\" data-align=\"center\">45h<\/td><\/tr><tr><td class=\"has-text-align-left\" data-align=\"left\">2STA159<\/td><td class=\"has-text-align-left\" data-align=\"left\">M\u00e9todos Estat\u00edsticos Aplicados a Experimenta\u00e7\u00e3o Animal<\/td><td class=\"has-text-align-center\" data-align=\"center\">45h<\/td><\/tr><tr><td class=\"has-text-align-left\" data-align=\"left\">2VET383<\/td><td class=\"has-text-align-left\" data-align=\"left\">Metodologia da Pesquisa<\/td><td class=\"has-text-align-center\" data-align=\"center\">45h<\/td><\/tr><\/tbody><\/table><\/figure>\n\n\n\n<div style=\"height:25px\" aria-hidden=\"true\" class=\"wp-block-spacer\"><\/div>\n\n\n\n<h5 class=\"wp-block-heading\"><strong>B) <a href=\"https:\/\/pos.uel.br\/mestradoclinicasveterinarias\/estrutura-curricular\/disciplinas-opcionais\/\" data-type=\"page\" data-id=\"223\">DISCIPLINAS OPCIONAIS<\/a><\/strong> (clique no t\u00edtulo DISCIPLINAS OPCIONAIS para visualizar as ementas)<\/h5>\n\n\n\n<figure class=\"wp-block-table is-style-stripes\"><table class=\"has-fixed-layout\"><thead><tr><th class=\"has-text-align-left\" data-align=\"left\"><strong>C\u00d3DIGO<\/strong><\/th><th class=\"has-text-align-left\" data-align=\"left\"><strong>DENOMINA\u00c7\u00c3O<\/strong><\/th><th class=\"has-text-align-center\" data-align=\"center\"><strong>CARGA HOR\u00c1RIA (h)<\/strong><\/th><\/tr><\/thead><tbody><tr><td class=\"has-text-align-left\" data-align=\"left\">2VET458<\/td><td class=\"has-text-align-left\" data-align=\"left\">Inova\u00e7\u00f5es e Atualiza\u00e7\u00f5es no Manejo e nas Principais A\u00e7\u00f5es Realizadas com Animais Selvagens do Recebimento \u00e0 Soltura<\/td><td class=\"has-text-align-center\" data-align=\"center\">30h<\/td><\/tr><tr><td class=\"has-text-align-left\" data-align=\"left\">2VET377<\/td><td class=\"has-text-align-left\" data-align=\"left\">Inova\u00e7\u00f5es no Diagn\u00f3stico Precoce das Doen\u00e7as Gastrointestinais em Animais de Companhia<\/td><td class=\"has-text-align-center\" data-align=\"center\">30h<\/td><\/tr><tr><td class=\"has-text-align-left\" data-align=\"left\">2VET378<\/td><td class=\"has-text-align-left\" data-align=\"left\">T\u00f3picos avan\u00e7ados em Imunologia Cl\u00ednica em Medicina Veterin\u00e1ria<\/td><td class=\"has-text-align-center\" data-align=\"center\">45h<\/td><\/tr><tr><td class=\"has-text-align-left\" data-align=\"left\">2VET462<\/td><td class=\"has-text-align-left\" data-align=\"left\">Avan\u00e7os em Oftalmologia Veterin\u00e1ria Cl\u00ednica, Cir\u00fargica e Comparada<\/td><td class=\"has-text-align-center\" data-align=\"center\">30h<\/td><\/tr><tr><td class=\"has-text-align-left\" data-align=\"left\"><\/td><td class=\"has-text-align-left\" data-align=\"left\"><\/td><td class=\"has-text-align-center\" data-align=\"center\"><\/td><\/tr><tr><td class=\"has-text-align-left\" data-align=\"left\">2VET380<\/td><td class=\"has-text-align-left\" data-align=\"left\">Gest\u00e3o Empresarial na Pr\u00e1tica da Medicina Veterin\u00e1ria<\/td><td class=\"has-text-align-center\" data-align=\"center\">30h<\/td><\/tr><tr><td class=\"has-text-align-left\" data-align=\"left\">2VET381<\/td><td class=\"has-text-align-left\" data-align=\"left\">Procedimentos anest\u00e9sicos e do controle da dor em Medicina Veterin\u00e1ria<\/td><td class=\"has-text-align-center\" data-align=\"center\">45h<\/td><\/tr><tr><td class=\"has-text-align-left\" data-align=\"left\">2PIV593<\/td><td class=\"has-text-align-left\" data-align=\"left\">Patologia Cl\u00ednica Especial e M\u00e9todos de Patologia Molecular aplicadas em Medicina Veterin\u00e1ria<\/td><td class=\"has-text-align-center\" data-align=\"center\">75h<\/td><\/tr><tr><td class=\"has-text-align-left\" data-align=\"left\">2VET459<\/td><td class=\"has-text-align-left\" data-align=\"left\">T\u00f3picos Avan\u00e7ados em Inova\u00e7\u00f5es e Biot\u00e9cnicas Aplicadas \u00e0 Reprodu\u00e7\u00e3o Animal<\/td><td class=\"has-text-align-center\" data-align=\"center\">30h<\/td><\/tr><tr><td class=\"has-text-align-left\" data-align=\"left\">2VET385<\/td><td class=\"has-text-align-left\" data-align=\"left\">Abordagem Cl\u00ednica nas Emerg\u00eancias M\u00e9dico Veterin\u00e1rias &#8211; Uma nova vis\u00e3o<\/td><td class=\"has-text-align-center\" data-align=\"center\">60h<\/td><\/tr><tr><td class=\"has-text-align-left\" data-align=\"left\">2VET386<\/td><td class=\"has-text-align-left\" data-align=\"left\">Cirurgias Intervencionistas em Medicina Veterin\u00e1ria<\/td><td class=\"has-text-align-center\" data-align=\"center\">45h<\/td><\/tr><tr><td class=\"has-text-align-left\" data-align=\"left\">2VET387<\/td><td class=\"has-text-align-left\" data-align=\"left\">Legisla\u00e7\u00e3o Atual Aplicada a Medicina Veterin\u00e1ria e ao Bem Estar Animal<\/td><td class=\"has-text-align-center\" data-align=\"center\">30h<\/td><\/tr><tr><td class=\"has-text-align-left\" data-align=\"left\">2VET431<\/td><td class=\"has-text-align-left\" data-align=\"left\">Cl\u00ednica das Enfermidades Nutricionais e Metab\u00f3licas dos Animais Dom\u00e9sticos<\/td><td class=\"has-text-align-center\" data-align=\"center\">30h<\/td><\/tr><tr><td class=\"has-text-align-left\" data-align=\"left\">2VET432<\/td><td class=\"has-text-align-left\" data-align=\"left\">Est\u00e1gio em Doc\u00eancia na Gradua\u00e7\u00e3o<\/td><td class=\"has-text-align-center\" data-align=\"center\">30h<\/td><\/tr><tr><td class=\"has-text-align-left\" data-align=\"left\">2VET461<\/td><td class=\"has-text-align-left\" data-align=\"left\">Inova\u00e7\u00f5es em Cardiologia Animal<\/td><td class=\"has-text-align-center\" data-align=\"center\">30h<\/td><\/tr><tr><td class=\"has-text-align-left\" data-align=\"left\">2VET460<\/td><td class=\"has-text-align-left\" data-align=\"left\">Avan\u00e7os tecnol\u00f3gicos no diagn\u00f3stico e controle de doen\u00e7as av\u00edcolas<\/td><td class=\"has-text-align-center\" data-align=\"center\">30h<\/td><\/tr><tr><td class=\"has-text-align-left\" data-align=\"left\">2VET463<\/td><td class=\"has-text-align-left\" data-align=\"left\">T\u00f3picos Avan\u00e7ados em Inova\u00e7\u00f5es na Ortopedia de animais de companhia<\/td><td class=\"has-text-align-center\" data-align=\"center\">45h<\/td><\/tr><\/tbody><\/table><\/figure>\n\n\n\n<div style=\"height:25px\" aria-hidden=\"true\" class=\"wp-block-spacer\"><\/div>\n\n\n\n<h5 class=\"wp-block-heading\"><strong>C) <a href=\"https:\/\/pos.uel.br\/mestradoclinicasveterinarias\/estrutura-curricular\/trabalho-de-conclusao-final\/\" data-type=\"page\" data-id=\"225\">TRABALHO DE CONCLUS\u00c3O FINAL<\/a><\/strong><\/h5>\n\n\n\n<figure class=\"wp-block-table is-style-stripes\"><table class=\"has-fixed-layout\"><thead><tr><th class=\"has-text-align-left\" data-align=\"left\"><strong>C\u00d3DIGO<\/strong><\/th><th class=\"has-text-align-left\" data-align=\"left\"><strong>DENOMINA\u00c7\u00c3O<\/strong><\/th><th class=\"has-text-align-center\" data-align=\"center\"><strong>CARGA HOR\u00c1RIA (h)<\/strong><\/th><\/tr><\/thead><tbody><tr><td class=\"has-text-align-left\" data-align=\"left\">2VET389<\/td><td class=\"has-text-align-left\" data-align=\"left\">Trabalho de Conclus\u00e3o Final I<\/td><td class=\"has-text-align-center\" data-align=\"center\">90h<\/td><\/tr><tr><td class=\"has-text-align-left\" data-align=\"left\">2VET390<\/td><td class=\"has-text-align-left\" data-align=\"left\">TCF II<\/td><td class=\"has-text-align-center\" data-align=\"center\">90h<\/td><\/tr><tr><td class=\"has-text-align-left\" data-align=\"left\">2VET391<\/td><td class=\"has-text-align-left\" data-align=\"left\">TCF III<\/td><td class=\"has-text-align-center\" data-align=\"center\">90h<\/td><\/tr><tr><td class=\"has-text-align-left\" data-align=\"left\">2VET392<\/td><td class=\"has-text-align-left\" data-align=\"left\">TCF IV<\/td><td class=\"has-text-align-center\" data-align=\"center\">90h<\/td><\/tr><\/tbody><\/table><\/figure>\n\n\n\n<div style=\"height:25px\" aria-hidden=\"true\" class=\"wp-block-spacer\"><\/div>\n\n\n\n<h5 class=\"wp-block-heading\" style=\"text-transform:uppercase\"><strong>D) <a href=\"https:\/\/pos.uel.br\/mestradoclinicasveterinarias\/estrutura-curricular\/atividades-complementares\/\" data-type=\"page\" data-id=\"227\">Atividades Complementares<\/a><\/strong><\/h5>\n\n\n\n<figure class=\"wp-block-table is-style-stripes\"><table class=\"has-fixed-layout\"><thead><tr><th class=\"has-text-align-left\" data-align=\"left\"><strong>C\u00d3DIGO<\/strong><\/th><th class=\"has-text-align-left\" data-align=\"left\"><strong>DENOMINA\u00c7\u00c3O<\/strong><\/th><th class=\"has-text-align-center\" data-align=\"center\"><strong>CARGA HOR\u00c1RIA (h)<\/strong><\/th><\/tr><\/thead><tbody><tr><td class=\"has-text-align-left\" data-align=\"left\">2VET388<\/td><td class=\"has-text-align-left\" data-align=\"left\">Atividades complementares<\/td><td class=\"has-text-align-center\" data-align=\"center\">120h<\/td><\/tr><\/tbody><\/table><\/figure>\n\n\n\n<div style=\"height:25px\" aria-hidden=\"true\" class=\"wp-block-spacer\"><\/div>\n\n\n\n<p>No contexto inovador que refere a presente proposta est\u00e1 estabelecida tamb\u00e9m uma rela\u00e7\u00e3o pr\u00e1tica de ensaios dirigidos, estimulando os p\u00f3s-graduandos na efetiva e cont\u00ednua intera\u00e7\u00e3o com a sociedade e motivando a produtividade cient\u00edfica. Para tanto, ser\u00e1 permitido aos p\u00f3s-graduandos atuar na forma da disciplina obrigat\u00f3ria de Atividades Complementares com a possibilidade de integraliza\u00e7\u00e3o de 8 cr\u00e9ditos, das seguintes situa\u00e7\u00f5es:<\/p>\n\n\n\n<p>1- Aulas expositivas e presenciais sobre temas correlacionados \u00e0 sa\u00fade, qualidade de vida e bem estar social e animal, para alunos do ensino Fundamental e M\u00e9dio;<\/p>\n\n\n\n<p>2- Atuar em coletividade nos procedimentos do Programa Sa\u00fade da Fam\u00edlia (PSF) do Governo Federal;<\/p>\n\n\n\n<p>3- Promo\u00e7\u00e3o de workshops, semanas acad\u00eamicas, semin\u00e1rios tem\u00e1ticos, dias de campo, e tert\u00falias veterin\u00e1rias para tamb\u00e9m atuar junto aos alunos da gradua\u00e7\u00e3o;<\/p>\n\n\n\n<p>4- Atua\u00e7\u00e3o direta nos ensaios cl\u00ednicos de campo por ocasi\u00e3o de aulas pr\u00e1ticas da gradua\u00e7\u00e3o, onde ter\u00e1 oportunidade de desenvolvimento hol\u00edstico profissional, assistindo e atendendo animais individuais e no coletivo, rebanhos e criat\u00f3rios, opinando e orientando comunidades rurais e urbanas com o norteamento de a\u00e7\u00f5es pr\u00e1ticas de posse respons\u00e1vel e preserva\u00e7\u00e3o ambiental ampla;<\/p>\n\n\n\n<p>5- Participa\u00e7\u00e3o direta nos procedimentos de rotina e emerg\u00eancias veterin\u00e1rias no Pronto Socorro do Plant\u00e3o do HV-UEL;<\/p>\n\n\n\n<p>6- Colabora\u00e7\u00e3o pr\u00e1tica nos projetos de ensino, pesquisa e extens\u00e3o em franco desenvolvimento no DCV-UEL ou de sua institui\u00e7\u00e3o;<\/p>\n\n\n\n<p>7- Manuten\u00e7\u00e3o, atualiza\u00e7\u00e3o e divulga\u00e7\u00e3o t\u00e9cnica de preceitos e valores profissionais amplos, inclusive para den\u00fancia aos maus tratos, preserva\u00e7\u00e3o da sa\u00fade p\u00fablica e surgimento de inova\u00e7\u00f5es gerais profissionais, atrav\u00e9s da rede social de contatos virtuais.<\/p>\n\n\n\n<p><strong><a href=\"https:\/\/pos.uel.br\/mestradoclinicasveterinarias\/wp-content\/uploads\/2025\/04\/DISCIPLINA-ATIVIDADES-COMPLEMENTARES-ORIENTACOES-GERAIS.pdf\">DISCIPLINA ATIVIDADES COMPLEMENTARES &#8211; orienta\u00e7\u00f5es gerais<\/a><\/strong><\/p>\n\n\n\n<p><\/p>\n","protected":false},"excerpt":{"rendered":"<p>GRADE CURRICULAR O aluno deve completar 56 (cinquenta e seis) cr\u00e9ditos correspondentes a 840 (oitocentos e quarenta) horas, assim distribu\u00eddos: a) 24 (vinte e quatro) cr\u00e9ditos em disciplinas, sendo 3 disciplinas obrigat\u00f3rias; b) 24 (vinte e quatro) cr\u00e9ditos em Trabalho de Conclus\u00e3o Final; c) 8 (oito) cr\u00e9ditos em atividades complementares. O desenvolvimento do Programa obedece [&hellip;]<\/p>\n","protected":false},"author":7,"featured_media":0,"parent":0,"menu_order":0,"comment_status":"closed","ping_status":"closed","template":"","meta":{"_acf_changed":false,"footnotes":""},"class_list":["post-13","page","type-page","status-publish","hentry"],"acf":[],"_links":{"self":[{"href":"https:\/\/pos.uel.br\/mestradoclinicasveterinarias\/wp-json\/wp\/v2\/pages\/13","targetHints":{"allow":["GET"]}}],"collection":[{"href":"https:\/\/pos.uel.br\/mestradoclinicasveterinarias\/wp-json\/wp\/v2\/pages"}],"about":[{"href":"https:\/\/pos.uel.br\/mestradoclinicasveterinarias\/wp-json\/wp\/v2\/types\/page"}],"author":[{"embeddable":true,"href":"https:\/\/pos.uel.br\/mestradoclinicasveterinarias\/wp-json\/wp\/v2\/users\/7"}],"replies":[{"embeddable":true,"href":"https:\/\/pos.uel.br\/mestradoclinicasveterinarias\/wp-json\/wp\/v2\/comments?post=13"}],"version-history":[{"count":21,"href":"https:\/\/pos.uel.br\/mestradoclinicasveterinarias\/wp-json\/wp\/v2\/pages\/13\/revisions"}],"predecessor-version":[{"id":782,"href":"https:\/\/pos.uel.br\/mestradoclinicasveterinarias\/wp-json\/wp\/v2\/pages\/13\/revisions\/782"}],"wp:attachment":[{"href":"https:\/\/pos.uel.br\/mestradoclinicasveterinarias\/wp-json\/wp\/v2\/media?parent=13"}],"curies":[{"name":"wp","href":"https:\/\/api.w.org\/{rel}","templated":true}]}}