{"id":11,"date":"2021-04-27T22:23:51","date_gmt":"2021-04-28T01:23:51","guid":{"rendered":"https:\/\/pos.uel.br\/mestradoclinicasveterinarias\/?page_id=11"},"modified":"2025-04-19T10:49:14","modified_gmt":"2025-04-19T13:49:14","slug":"contatos","status":"publish","type":"page","link":"https:\/\/pos.uel.br\/mestradoclinicasveterinarias\/contatos\/","title":{"rendered":"Contatos"},"content":{"rendered":"\n<h3 class=\"wp-block-heading\"><strong>Comiss\u00e3o Coordenadora<\/strong><\/h3>\n\n\n\n<p><strong>Coordenador:<\/strong>&nbsp;Prof. Dr.&nbsp;<a>Marcelo de Souza Zanutto<\/a><br>E-mail:&nbsp;<strong><a href=\"mailto:mzanutto@uel.br\" target=\"_blank\" rel=\"noreferrer noopener\">mzanutto@uel.br<\/a><\/strong><\/p>\n\n\n\n<p><strong>Vice-Coordenador:<\/strong>&nbsp;Prof. Dr.&nbsp;Fernando De Biasi<br>E-mail:&nbsp;<strong><a href=\"mailto:biasi@uel.br\" target=\"_blank\" rel=\"noreferrer noopener\">biasi@uel.br<\/a><\/strong><\/p>\n\n\n\n<h3 class=\"wp-block-heading\"><strong>Secretaria<\/strong><\/h3>\n\n\n\n<p><strong>Telefone:&nbsp;<\/strong><a href=\"tel:+55 (43) 3371-4559\" target=\"_blank\" rel=\"noreferrer noopener\">+55 (43) 3371-4559<\/a> Emerson<\/p>\n\n\n\n<p>+55 (43) 3371-4697 ou +55 (43) 3371-4709 Secret\u00e1ria da p\u00f3s gradua\u00e7\u00e3o do Centro: Helenice<br><strong>E-mail<\/strong>:\u00a0<a href=\"mailto:dcv@uel.br\" target=\"_blank\" rel=\"noreferrer noopener\">dcv@uel.br<\/a><br><strong>Endere\u00e7o:<\/strong>\u00a0Universidade Estadual de Londrina, Departamento de Cl\u00ednicas Veterin\u00e1rias \u2013 CCA, Rodovia Celso Garcia Cid, PR 445, Km 380. CEP: 86057-970 \u2013 Londrina, Paran\u00e1, Brasil. Caixa Postal: 10.011<\/p>\n\n\n\n<h5 class=\"wp-block-heading\"><strong>Atendimento<\/strong><\/h5>\n\n\n\n<p><strong>segunda a sexta-feira<\/strong><br>8h00 \u00e0s 12:00 e 14h00 \u00e0s 18h00<\/p>\n","protected":false},"excerpt":{"rendered":"<p>Comiss\u00e3o Coordenadora Coordenador:&nbsp;Prof. Dr.&nbsp;Marcelo de Souza ZanuttoE-mail:&nbsp;mzanutto@uel.br Vice-Coordenador:&nbsp;Prof. Dr.&nbsp;Fernando De BiasiE-mail:&nbsp;biasi@uel.br Secretaria Telefone:&nbsp;+55 (43) 3371-4559 Emerson +55 (43) 3371-4697 ou +55 (43) 3371-4709 Secret\u00e1ria da p\u00f3s gradua\u00e7\u00e3o do Centro: HeleniceE-mail:\u00a0dcv@uel.brEndere\u00e7o:\u00a0Universidade Estadual de Londrina, Departamento de Cl\u00ednicas Veterin\u00e1rias \u2013 CCA, Rodovia Celso Garcia Cid, PR 445, Km 380. CEP: 86057-970 \u2013 Londrina, Paran\u00e1, Brasil. Caixa Postal: [&hellip;]<\/p>\n","protected":false},"author":7,"featured_media":0,"parent":0,"menu_order":0,"comment_status":"closed","ping_status":"closed","template":"","meta":{"_acf_changed":false,"footnotes":""},"class_list":["post-11","page","type-page","status-publish","hentry"],"acf":[],"_links":{"self":[{"href":"https:\/\/pos.uel.br\/mestradoclinicasveterinarias\/wp-json\/wp\/v2\/pages\/11","targetHints":{"allow":["GET"]}}],"collection":[{"href":"https:\/\/pos.uel.br\/mestradoclinicasveterinarias\/wp-json\/wp\/v2\/pages"}],"about":[{"href":"https:\/\/pos.uel.br\/mestradoclinicasveterinarias\/wp-json\/wp\/v2\/types\/page"}],"author":[{"embeddable":true,"href":"https:\/\/pos.uel.br\/mestradoclinicasveterinarias\/wp-json\/wp\/v2\/users\/7"}],"replies":[{"embeddable":true,"href":"https:\/\/pos.uel.br\/mestradoclinicasveterinarias\/wp-json\/wp\/v2\/comments?post=11"}],"version-history":[{"count":6,"href":"https:\/\/pos.uel.br\/mestradoclinicasveterinarias\/wp-json\/wp\/v2\/pages\/11\/revisions"}],"predecessor-version":[{"id":714,"href":"https:\/\/pos.uel.br\/mestradoclinicasveterinarias\/wp-json\/wp\/v2\/pages\/11\/revisions\/714"}],"wp:attachment":[{"href":"https:\/\/pos.uel.br\/mestradoclinicasveterinarias\/wp-json\/wp\/v2\/media?parent=11"}],"curies":[{"name":"wp","href":"https:\/\/api.w.org\/{rel}","templated":true}]}}