{"id":10,"date":"2021-04-27T22:23:51","date_gmt":"2021-04-28T01:23:51","guid":{"rendered":"https:\/\/pos.uel.br\/mestradoclinicasveterinarias\/?page_id=10"},"modified":"2024-05-24T16:01:05","modified_gmt":"2024-05-24T19:01:05","slug":"linhas-de-pesquisa","status":"publish","type":"page","link":"https:\/\/pos.uel.br\/mestradoclinicasveterinarias\/linhas-de-pesquisa\/","title":{"rendered":"Linhas de pesquisa"},"content":{"rendered":"\n<p><strong>\u00c1REA DE CONCENTRA\u00c7\u00c3O<\/strong><\/p>\n\n\n\n<p><strong>Inova\u00e7\u00f5es em Cl\u00ednica M\u00e9dica e Cir\u00fargica Veterin\u00e1ria<\/strong><strong>&nbsp;<\/strong><\/p>\n\n\n\n<p>Descri\u00e7\u00e3o: Estudos m\u00e9dicos baseados em evid\u00eancia ao diagn\u00f3stico e terap\u00eautica de afec\u00e7\u00f5es cl\u00ednicas e cir\u00fargicas em Medicina Veterin\u00e1ria.<\/p>\n\n\n\n<p><strong>LINHAS DE PESQUISA<\/strong><\/p>\n\n\n\n<p><strong>1. Meios integrados de diagn\u00f3stico e terap\u00eautica das afec\u00e7\u00f5es cl\u00ednicas e cir\u00fargicas em grandes animais<\/strong><\/p>\n\n\n\n<p>Descri\u00e7\u00e3o: Aprofundar estudos sobre os meios de diagn\u00f3stico integrado e procedimentos terap\u00eauticos seja conservativo ou cir\u00fargico, intervencionistas ou n\u00e3o, em grandes animais, abrangendo todos os aspectos do tratamento.<\/p>\n\n\n\n<p><strong>2. Abordagens multidisciplinares na cl\u00ednica m\u00e9dica e cir\u00fargica de animais de companhia e na medicina do coletivo<\/strong><\/p>\n\n\n\n<p>Descri\u00e7\u00e3o: Desenvolver ensaios pr\u00e1ticos e trabalhos de pesquisa em c\u00e3es e gatos sobre os procedimentos de diagn\u00f3sticos inovadores e tratamentos de afec\u00e7\u00f5es envolvendo as diferentes especialidades ou a medicina do coletivo.<\/p>\n","protected":false},"excerpt":{"rendered":"<p>\u00c1REA DE CONCENTRA\u00c7\u00c3O Inova\u00e7\u00f5es em Cl\u00ednica M\u00e9dica e Cir\u00fargica Veterin\u00e1ria&nbsp; Descri\u00e7\u00e3o: Estudos m\u00e9dicos baseados em evid\u00eancia ao diagn\u00f3stico e terap\u00eautica de afec\u00e7\u00f5es cl\u00ednicas e cir\u00fargicas em Medicina Veterin\u00e1ria. LINHAS DE PESQUISA 1. Meios integrados de diagn\u00f3stico e terap\u00eautica das afec\u00e7\u00f5es cl\u00ednicas e cir\u00fargicas em grandes animais Descri\u00e7\u00e3o: Aprofundar estudos sobre os meios de diagn\u00f3stico integrado [&hellip;]<\/p>\n","protected":false},"author":7,"featured_media":0,"parent":0,"menu_order":0,"comment_status":"closed","ping_status":"closed","template":"","meta":{"_acf_changed":false,"footnotes":""},"class_list":["post-10","page","type-page","status-publish","hentry"],"acf":[],"_links":{"self":[{"href":"https:\/\/pos.uel.br\/mestradoclinicasveterinarias\/wp-json\/wp\/v2\/pages\/10","targetHints":{"allow":["GET"]}}],"collection":[{"href":"https:\/\/pos.uel.br\/mestradoclinicasveterinarias\/wp-json\/wp\/v2\/pages"}],"about":[{"href":"https:\/\/pos.uel.br\/mestradoclinicasveterinarias\/wp-json\/wp\/v2\/types\/page"}],"author":[{"embeddable":true,"href":"https:\/\/pos.uel.br\/mestradoclinicasveterinarias\/wp-json\/wp\/v2\/users\/7"}],"replies":[{"embeddable":true,"href":"https:\/\/pos.uel.br\/mestradoclinicasveterinarias\/wp-json\/wp\/v2\/comments?post=10"}],"version-history":[{"count":4,"href":"https:\/\/pos.uel.br\/mestradoclinicasveterinarias\/wp-json\/wp\/v2\/pages\/10\/revisions"}],"predecessor-version":[{"id":520,"href":"https:\/\/pos.uel.br\/mestradoclinicasveterinarias\/wp-json\/wp\/v2\/pages\/10\/revisions\/520"}],"wp:attachment":[{"href":"https:\/\/pos.uel.br\/mestradoclinicasveterinarias\/wp-json\/wp\/v2\/media?parent=10"}],"curies":[{"name":"wp","href":"https:\/\/api.w.org\/{rel}","templated":true}]}}