{"id":11,"date":"2021-04-29T12:28:38","date_gmt":"2021-04-29T15:28:38","guid":{"rendered":"https:\/\/pos.uel.br\/meel\/?page_id=11"},"modified":"2026-03-05T15:08:19","modified_gmt":"2026-03-05T18:08:19","slug":"contatos","status":"publish","type":"page","link":"https:\/\/pos.uel.br\/meel\/contatos\/","title":{"rendered":"Contatos"},"content":{"rendered":"\n<div id=\"wp-block-themeisle-blocks-accordion-ef7c41a3\" class=\"wp-block-themeisle-blocks-accordion exclusive\">\n<details class=\"wp-block-themeisle-blocks-accordion-item\"><summary class=\"wp-block-themeisle-blocks-accordion-item__title\"><div><strong>Comiss\u00e3o Coordenadora do Programa<\/strong><\/div><\/summary><div class=\"wp-block-themeisle-blocks-accordion-item__content\">\n<p><strong>Coordenadora<\/strong>: <br>Profa. Dra. Juliani Chico Piai Paiva<br>e-mail:&nbsp;jpiai@uel.br&nbsp;|&nbsp;(43) 3371 5890<\/p>\n\n\n\n<p><strong>Vice-Coordenador:<\/strong> <br>Prof. Dr.&nbsp;Francisco Granziera Junior<\/p>\n\n\n\n<p><strong>Terceiro Membro:<\/strong> <br>Prof. Dr.&nbsp;Luis Alfonso Gallego Pareja<\/p>\n<\/div><\/details>\n\n\n\n<details class=\"wp-block-themeisle-blocks-accordion-item\"><summary class=\"wp-block-themeisle-blocks-accordion-item__title\"><div><strong>Comiss\u00e3o de Bolsas<\/strong><\/div><\/summary><div class=\"wp-block-themeisle-blocks-accordion-item__content\">\n<p><strong>Coordenadora<\/strong>: <br>Profa. Dra. Juliani Chico Piai Paiva<br>e-mail:&nbsp;meeluel@uel.br&nbsp;|&nbsp;(43) 3371 5890<\/p>\n\n\n\n<p><strong>Representante Docente:<\/strong> <br>Prof. Dr. Francisco Granziera Junior<\/p>\n\n\n\n<p><strong>Representante Docente:<\/strong> <br>Prof. Dr. Luis Alfonso Gallego Pareja<\/p>\n\n\n\n<p><strong>Representante Discente:<\/strong> <br>Eng. Rafael Marasca Martins<\/p>\n<\/div><\/details>\n\n\n\n<details class=\"wp-block-themeisle-blocks-accordion-item\"><summary class=\"wp-block-themeisle-blocks-accordion-item__title\"><div><strong>Comiss\u00e3o de Autoavalia\u00e7\u00e3o<\/strong><\/div><\/summary><div class=\"wp-block-themeisle-blocks-accordion-item__content\">\n<p><strong>Coordenador<\/strong>: <br>Prof. Dr. Francisco Granziera Junior<br>e-mail:\u00a0meeluel@uel.br\u00a0|\u00a0(43) 3371 5890<\/p>\n\n\n\n<p><strong>Vice-Coordenadora:<\/strong> <br>Prof. Dr.&nbsp;Maria Bernadete de Morais Fran\u00e7a<\/p>\n\n\n\n<p><strong>Representante Docente:<\/strong> <br>Prof. Dr.&nbsp;Ruberlei Gaino<\/p>\n\n\n\n<p><strong>Representante Egresso:<\/strong> <br>Prof. Dr.&nbsp;Daniel Strufaldi Batista<\/p>\n\n\n\n<p><strong>Representante Discente:<\/strong> <br>Eng. Rafael Marasca Martins<\/p>\n<\/div><\/details>\n\n\n\n<details class=\"wp-block-themeisle-blocks-accordion-item\"><summary class=\"wp-block-themeisle-blocks-accordion-item__title\"><div><strong>Secretaria<\/strong><\/div><\/summary><div class=\"wp-block-themeisle-blocks-accordion-item__content\">\n<p>Leonardo Rodrigues Paulino e Nat\u00e1lia Cortez e Sousa<br>e-mail: spgctu@uel.br&nbsp;|&nbsp;(43) 3371 4727<\/p>\n<\/div><\/details>\n<\/div>\n\n\n\n<p><\/p>\n\n\n\n<p><\/p>\n","protected":false},"excerpt":{"rendered":"","protected":false},"author":8,"featured_media":0,"parent":0,"menu_order":0,"comment_status":"closed","ping_status":"closed","template":"","meta":{"_acf_changed":false,"_themeisle_gutenberg_block_has_review":false,"footnotes":""},"class_list":["post-11","page","type-page","status-publish","hentry"],"acf":[],"_links":{"self":[{"href":"https:\/\/pos.uel.br\/meel\/wp-json\/wp\/v2\/pages\/11","targetHints":{"allow":["GET"]}}],"collection":[{"href":"https:\/\/pos.uel.br\/meel\/wp-json\/wp\/v2\/pages"}],"about":[{"href":"https:\/\/pos.uel.br\/meel\/wp-json\/wp\/v2\/types\/page"}],"author":[{"embeddable":true,"href":"https:\/\/pos.uel.br\/meel\/wp-json\/wp\/v2\/users\/8"}],"replies":[{"embeddable":true,"href":"https:\/\/pos.uel.br\/meel\/wp-json\/wp\/v2\/comments?post=11"}],"version-history":[{"count":25,"href":"https:\/\/pos.uel.br\/meel\/wp-json\/wp\/v2\/pages\/11\/revisions"}],"predecessor-version":[{"id":614,"href":"https:\/\/pos.uel.br\/meel\/wp-json\/wp\/v2\/pages\/11\/revisions\/614"}],"wp:attachment":[{"href":"https:\/\/pos.uel.br\/meel\/wp-json\/wp\/v2\/media?parent=11"}],"curies":[{"name":"wp","href":"https:\/\/api.w.org\/{rel}","templated":true}]}}