{"id":72,"date":"2021-06-15T02:56:31","date_gmt":"2021-06-15T05:56:31","guid":{"rendered":"https:\/\/pos.uel.br\/matematica\/pagina-inicial\/"},"modified":"2021-09-03T15:26:45","modified_gmt":"2021-09-03T18:26:45","slug":"pagina-inicial","status":"publish","type":"page","link":"https:\/\/pos.uel.br\/matematica\/","title":{"rendered":"P\u00e1gina inicial"},"content":{"rendered":"\n<div class=\"wp-block-columns is-layout-flex wp-container-core-columns-is-layout-9d6595d7 wp-block-columns-is-layout-flex\">\n<div class=\"wp-block-column is-layout-flow wp-block-column-is-layout-flow\" style=\"flex-basis:66.66%\">\n<div class=\"wp-block-uel-card\">\n<h3 class=\"is-style-highlighted-heading wp-block-heading\">Editais<\/h3>\n\n\n<div class=\"editais-block\">Ainda n\u00e3o existem editais cadastrados.<\/div>\n\n\n<p><\/p>\n<\/div>\n\n\n\n<div class=\"wp-block-columns is-layout-flex wp-container-core-columns-is-layout-9d6595d7 wp-block-columns-is-layout-flex\">\n<div class=\"wp-block-column is-layout-flow wp-block-column-is-layout-flow\">\n<div class=\"wp-block-uel-card\">\n<h3 class=\"is-style-highlighted-heading wp-block-heading\">Defesas e qualifica\u00e7\u00f5es<\/h3>\n\n\n<div class=\"defesas-qualificacoes\">N\u00e3o existem defesas ou qualifica\u00e7\u00f5es agendadas.<a href=\"https:\/\/pos.uel.br\/matematica\/defesas-qualificacoes\/\" class=\"defesas-qualificacoes__todas\">Ver todas<\/a><\/div><\/div>\n<\/div>\n\n\n\n<div class=\"wp-block-column is-layout-flow wp-block-column-is-layout-flow\">\n<div class=\"wp-block-uel-card\">\n<h3 class=\"is-style-highlighted-heading wp-block-heading\">Comunicados<\/h3>\n\n\n<ul class=\"wp-block-latest-posts__list has-dates wp-block-latest-posts\"><li><a class=\"wp-block-latest-posts__post-title\" href=\"https:\/\/pos.uel.br\/matematica\/sem-categoria\/2021\/03\/21\/ola-mundo\/\">Ol\u00e1, mundo!<\/a><time datetime=\"2021-03-21T23:36:11-03:00\" class=\"wp-block-latest-posts__post-date\">21 de mar\u00e7o de 2021<\/time><\/li>\n<\/ul><\/div>\n\n\n\n<p><\/p>\n<\/div>\n<\/div>\n<\/div>\n\n\n\n<div class=\"wp-block-column is-layout-flow wp-block-column-is-layout-flow\" style=\"flex-basis:33.33%\">\n<div class=\"wp-block-uel-card\">\n<h3 class=\"is-style-highlighted-heading wp-block-heading\">Semin\u00e1rios<\/h3>\n\n\n<div class=\"teses-dissertacoes\">Ainda n\u00e3o existem teses ou disserta\u00e7\u00f5es cadastradas.<\/div>\n\n\n<p><\/p>\n\n\n\n<h3 class=\"wp-block-heading\"><span class=\"has-inline-color has-primary-accent-color\">Webin\u00e1rios<\/span><\/h3>\n\n\n\n<p>aaaaaaaaaaa<\/p>\n<\/div>\n\n\n\n<h3 class=\"wp-block-heading\"><span class=\"has-inline-color has-primary-accent-color\">Programa de Ver\u00e3o<\/span><\/h3>\n\n\n\n<p>aaaaaaaaaaaaaa<\/p>\n<\/div>\n<\/div>\n\n\n\n<p><\/p>\n","protected":false},"excerpt":{"rendered":"<p>Programa de Ver\u00e3o aaaaaaaaaaaaaa<\/p>\n","protected":false},"author":0,"featured_media":0,"parent":0,"menu_order":0,"comment_status":"closed","ping_status":"closed","template":"page-templates\/template-without-title.php","meta":{"footnotes":""},"class_list":["post-72","page","type-page","status-publish","hentry"],"_links":{"self":[{"href":"https:\/\/pos.uel.br\/matematica\/wp-json\/wp\/v2\/pages\/72","targetHints":{"allow":["GET"]}}],"collection":[{"href":"https:\/\/pos.uel.br\/matematica\/wp-json\/wp\/v2\/pages"}],"about":[{"href":"https:\/\/pos.uel.br\/matematica\/wp-json\/wp\/v2\/types\/page"}],"replies":[{"embeddable":true,"href":"https:\/\/pos.uel.br\/matematica\/wp-json\/wp\/v2\/comments?post=72"}],"version-history":[{"count":5,"href":"https:\/\/pos.uel.br\/matematica\/wp-json\/wp\/v2\/pages\/72\/revisions"}],"predecessor-version":[{"id":238,"href":"https:\/\/pos.uel.br\/matematica\/wp-json\/wp\/v2\/pages\/72\/revisions\/238"}],"wp:attachment":[{"href":"https:\/\/pos.uel.br\/matematica\/wp-json\/wp\/v2\/media?parent=72"}],"curies":[{"name":"wp","href":"https:\/\/api.w.org\/{rel}","templated":true}]}}