{"id":45,"date":"2021-05-07T08:55:42","date_gmt":"2021-05-07T11:55:42","guid":{"rendered":"https:\/\/pos.uel.br\/matematica\/?page_id=45"},"modified":"2021-11-10T10:07:50","modified_gmt":"2021-11-10T13:07:50","slug":"pos-doutorado","status":"publish","type":"page","link":"https:\/\/pos.uel.br\/matematica\/pos-doutorado\/","title":{"rendered":"P\u00f3s-doutorado"},"content":{"rendered":"\n<p>O PGMAC tamb\u00e9m desenvolve atividades de p\u00f3s-doutoramento.<\/p>\n\n\n\n<p>A resolu\u00e7\u00e3o que normatiza a realiza\u00e7\u00e3o do est\u00e1gio p\u00f3s-doutoral pode ser acessada no link abaixo.<\/p>\n\n\n\n<ul class=\"wp-block-list\"><li><a href=\"http:\/\/www.uel.br\/proppg\/portalnovo\/pages\/arquivos\/Resolu%C3%A7%C3%A3o%20CEPE%20n%C2%BA%20053-2019%20-%20P%C3%B3s-doutoral.pdf\" target=\"_blank\" rel=\"noreferrer noopener\">Resolu\u00e7\u00e3o CEPE N\u00ba 053\/2019<\/a><\/li><\/ul>\n\n\n\n<p>Os anexos de que trata a resolu\u00e7\u00e3o acima podem ser baixados a partir dos links a seguir.<\/p>\n\n\n\n<ul class=\"wp-block-list\"><li>Anexo I &#8211; Formul\u00e1rio de Inscri\u00e7\u00e3o em Est\u00e1gio P\u00f3s-Doutoral ( <a href=\"https:\/\/pos.uel.br\/matematica\/wp-content\/uploads\/2021\/11\/Resolucao-053-2019-ANEXO-I-Inscricao-Pos-doutorado.docx\">Baixar<\/a> )<\/li><li>Anexo II &#8211; Solicita\u00e7\u00e3o de Prorroga\u00e7\u00e3o de Est\u00e1gio P\u00f3s-Doutoral ( <a href=\"https:\/\/pos.uel.br\/matematica\/wp-content\/uploads\/2021\/11\/Resolucao-053-2019-ANEXO-II-Prorrogacao-Pos-doutorado.docx\">Baixar<\/a> )<\/li><li>Anexo III &#8211; Formul\u00e1rio de Avalia\u00e7\u00e3o em Est\u00e1gio P\u00f3s-Doutoral ( <a href=\"https:\/\/pos.uel.br\/matematica\/wp-content\/uploads\/2021\/11\/Resolucao-053-2019-ANEXO-III-Avaliacao-Pos-doutorado.docx\">Baixar<\/a> )<\/li><\/ul>\n\n\n\n<p><\/p>\n","protected":false},"excerpt":{"rendered":"<p>O PGMAC tamb\u00e9m desenvolve atividades de p\u00f3s-doutoramento. A resolu\u00e7\u00e3o que normatiza a realiza\u00e7\u00e3o do est\u00e1gio p\u00f3s-doutoral pode ser acessada no link abaixo. Resolu\u00e7\u00e3o CEPE N\u00ba 053\/2019 Os anexos de que trata a resolu\u00e7\u00e3o acima podem ser baixados a partir dos links a seguir. Anexo I &#8211; Formul\u00e1rio de Inscri\u00e7\u00e3o em Est\u00e1gio P\u00f3s-Doutoral ( Baixar ) [&hellip;]<\/p>\n","protected":false},"author":7,"featured_media":0,"parent":0,"menu_order":0,"comment_status":"closed","ping_status":"closed","template":"","meta":{"footnotes":""},"class_list":["post-45","page","type-page","status-publish","hentry"],"_links":{"self":[{"href":"https:\/\/pos.uel.br\/matematica\/wp-json\/wp\/v2\/pages\/45","targetHints":{"allow":["GET"]}}],"collection":[{"href":"https:\/\/pos.uel.br\/matematica\/wp-json\/wp\/v2\/pages"}],"about":[{"href":"https:\/\/pos.uel.br\/matematica\/wp-json\/wp\/v2\/types\/page"}],"author":[{"embeddable":true,"href":"https:\/\/pos.uel.br\/matematica\/wp-json\/wp\/v2\/users\/7"}],"replies":[{"embeddable":true,"href":"https:\/\/pos.uel.br\/matematica\/wp-json\/wp\/v2\/comments?post=45"}],"version-history":[{"count":10,"href":"https:\/\/pos.uel.br\/matematica\/wp-json\/wp\/v2\/pages\/45\/revisions"}],"predecessor-version":[{"id":470,"href":"https:\/\/pos.uel.br\/matematica\/wp-json\/wp\/v2\/pages\/45\/revisions\/470"}],"wp:attachment":[{"href":"https:\/\/pos.uel.br\/matematica\/wp-json\/wp\/v2\/media?parent=45"}],"curies":[{"name":"wp","href":"https:\/\/api.w.org\/{rel}","templated":true}]}}