{"id":219,"date":"2021-09-03T15:11:26","date_gmt":"2021-09-03T18:11:26","guid":{"rendered":"https:\/\/pos.uel.br\/matematica\/?page_id=219"},"modified":"2021-11-05T15:25:43","modified_gmt":"2021-11-05T18:25:43","slug":"picme-uel","status":"publish","type":"page","link":"https:\/\/pos.uel.br\/matematica\/picme-uel\/","title":{"rendered":"PICME-UEL"},"content":{"rendered":"\n<p>O Programa de Inicia\u00e7\u00e3o Cient\u00edfica e Mestrado (PICME) \u00e9 destinado a oferecer aos estudantes universit\u00e1rios que se destacaram nas Olimp\u00edadas de Matem\u00e1tica a oportunidade de realizar estudos avan\u00e7ados em Matem\u00e1tica simultaneamente com sua gradua\u00e7\u00e3o. Atrav\u00e9s de uma parceria com a CAPES e o CNPq, s\u00e3o concedidas bolsas de Inicia\u00e7\u00e3o Cient\u00edfica e de Mestrado para alunos medalhistas da Olimp\u00edada Brasileira de Matem\u00e1tica das Escolas P\u00fablicas (OBMEP) ou Olimp\u00edada Brasileira de Matem\u00e1tica (OBM) que estejam cursando gradua\u00e7\u00e3o em institui\u00e7\u00f5es p\u00fablicas ou privadas. O PICME-UEL \u00e9 de responsabilidade do Programa de P\u00f3s Gradua\u00e7\u00e3o em Matem\u00e1tica Aplicada e Computacional (PGMAC).<\/p>\n\n\n\n<div style=\"height:50px\" aria-hidden=\"true\" class=\"wp-block-spacer\"><\/div>\n\n\n\n<h3 class=\"wp-block-heading\"><span class=\"has-inline-color has-primary-accent-color\">OBJETIVOS DO PICME &#8211; UEL:<\/span><\/h3>\n\n\n\n<ul class=\"wp-block-list\"><li>Dar uma forma\u00e7\u00e3o matem\u00e1tica melhor e que venha a enriquecer o desenvolvimento profissional;<br><\/li><li>Elevar o n\u00edvel de conhecimento em matem\u00e1tica como ci\u00eancia b\u00e1sica e para o fortalecimento de outras \u00e1reas, em particular as tecnol\u00f3gicas;<br><\/li><li>Preparar estudantes para o ingresso e conclus\u00e3o do mestrado em Matem\u00e1tica;<br><\/li><li>Preparar profissionais que possam trabalhar na interface de suas \u00e1reas com a matem\u00e1tica.<\/li><\/ul>\n\n\n\n<div style=\"height:50px\" aria-hidden=\"true\" class=\"wp-block-spacer\"><\/div>\n\n\n\n<h3 class=\"wp-block-heading\"><span class=\"has-inline-color has-primary-accent-color\">PERFIL DOS CANDIDADOS:<\/span><\/h3>\n\n\n\n<ul class=\"wp-block-list\"><li>Estudantes multi-medalhistas cursando Matem\u00e1tica e \u00e1reas afins;<br><\/li><li>Preferencialmente do estado do Paran\u00e1.<\/li><\/ul>\n\n\n\n<div style=\"height:50px\" aria-hidden=\"true\" class=\"wp-block-spacer\"><\/div>\n\n\n\n<h3 class=\"wp-block-heading\"><span class=\"has-inline-color has-primary-accent-color\">ESTRUTURA DE FUNCIONAMENTO:<\/span><\/h3>\n\n\n\n<ul class=\"wp-block-list\"><li><strong>PICME-UEL &#8211; Inicia\u00e7\u00e3o Cient\u00edfica:<\/strong><br><ul><li>O estudante desenvolver\u00e1 uma Inicia\u00e7\u00e3o Cient\u00edfica de um ano com um orientador indicado pela coordena\u00e7\u00e3o do PICME-UEL;<br><\/li><li>O orientador ser\u00e1 indicado preferencialmente dentre os docentes do PGMAC. Docentes do Departamento de Matem\u00e1tica da UEL ou docente de Matem\u00e1tica de outras institui\u00e7\u00f5es poder\u00e3o orientar com a devida aprova\u00e7\u00e3o do PGMAC;<br><\/li><li>A crit\u00e9rio do orientador, os estudantes PICME da UEL poder\u00e3o substituir a Inicia\u00e7\u00e3o Cient\u00edfica por disciplinas do Curso de Matem\u00e1tica;<br><\/li><li>Os estudantes PICME cursando Matem\u00e1tica poder\u00e3o ter at\u00e9 6(seis) semestres de bolsas, sendo necess\u00e1rias 3(tr\u00eas) renova\u00e7\u00f5es normais referendadas pela coordena\u00e7\u00e3o PICME-UEL. \u00c9 permitido 1(uma) renova\u00e7\u00e3o especial referendada pela coordena\u00e7\u00e3o PICME-UEL;<br><\/li><li>Os estudantes PICME cursando outras \u00e1reas afins poder\u00e3o ter 4(quatro) semestres de bolsa, sendo necess\u00e1rio 1(uma) renova\u00e7\u00e3o normal referendada pela coordena\u00e7\u00e3o PICME-UEL. \u00c9 permitido 1(uma) renova\u00e7\u00e3o especial referendada pela coordena\u00e7\u00e3o PICME-UEL;<br><\/li><li>A renova\u00e7\u00e3o especial deve ser solicitada e visar uma prepara\u00e7\u00e3o para o mestrado em Matem\u00e1tica. A solicita\u00e7\u00e3o consiste na apresenta\u00e7\u00e3o de um plano de trabalho, assinado pelo aluno e orientador, contendo as atividades de prepara\u00e7\u00e3o a serem realizadas e a previs\u00e3o de entrada no mestrado;<br><\/li><li>Todo estudante PICME dever\u00e1 participar de cursos de ver\u00e3o, sob pena de desligamento do programa.<br><\/li><li>O estudante bolsista da UEL deve entrar em contato com o orientador indicado pela coordena\u00e7\u00e3o e solicitar a este que encaminhe um Projeto de IC junto ao Programa de Inicia\u00e7\u00e3o Cient\u00edfica &#8211; PROIC, na modalidade Inicia\u00e7\u00e3o Cient\u00edfica (IC) sem concess\u00e3o de bolsa. Caso o orientador ou o estudante n\u00e3o sejam da UEL, dever\u00e1 ser encaminhado, diretamente \u00e0 coordena\u00e7\u00e3o do PICME-UEL, um projeto de IC, assinados por ambos orientador e aluno, conforme o modelo Projeto de IC\/PICME.<br><\/li><\/ul><\/li><li><strong>PICME-UEL &#8211; Mestrado:<\/strong><br><ul><li>O candidato ao PICME-UEL &#8211; Mestrado, dever\u00e1 fazer sua inscri\u00e7\u00e3o no Mestrado do Programa de P\u00f3s-Gradua\u00e7\u00e3o em Matem\u00e1tica Aplicada e Computacional da UEL. Antes de encaminhar a sua inscri\u00e7\u00e3o, o candidato deve entrar em contato com a coordena\u00e7\u00e3o do PICME-UEL, comunicando que pretende fazer a candidatura ao mestrado.<\/li><\/ul><\/li><\/ul>\n","protected":false},"excerpt":{"rendered":"<p>O Programa de Inicia\u00e7\u00e3o Cient\u00edfica e Mestrado (PICME) \u00e9 destinado a oferecer aos estudantes universit\u00e1rios que se destacaram nas Olimp\u00edadas de Matem\u00e1tica a oportunidade de realizar estudos avan\u00e7ados em Matem\u00e1tica simultaneamente com sua gradua\u00e7\u00e3o. Atrav\u00e9s de uma parceria com a CAPES e o CNPq, s\u00e3o concedidas bolsas de Inicia\u00e7\u00e3o Cient\u00edfica e de Mestrado para alunos [&hellip;]<\/p>\n","protected":false},"author":8,"featured_media":0,"parent":0,"menu_order":0,"comment_status":"closed","ping_status":"closed","template":"","meta":{"footnotes":""},"class_list":["post-219","page","type-page","status-publish","hentry"],"_links":{"self":[{"href":"https:\/\/pos.uel.br\/matematica\/wp-json\/wp\/v2\/pages\/219","targetHints":{"allow":["GET"]}}],"collection":[{"href":"https:\/\/pos.uel.br\/matematica\/wp-json\/wp\/v2\/pages"}],"about":[{"href":"https:\/\/pos.uel.br\/matematica\/wp-json\/wp\/v2\/types\/page"}],"author":[{"embeddable":true,"href":"https:\/\/pos.uel.br\/matematica\/wp-json\/wp\/v2\/users\/8"}],"replies":[{"embeddable":true,"href":"https:\/\/pos.uel.br\/matematica\/wp-json\/wp\/v2\/comments?post=219"}],"version-history":[{"count":6,"href":"https:\/\/pos.uel.br\/matematica\/wp-json\/wp\/v2\/pages\/219\/revisions"}],"predecessor-version":[{"id":427,"href":"https:\/\/pos.uel.br\/matematica\/wp-json\/wp\/v2\/pages\/219\/revisions\/427"}],"wp:attachment":[{"href":"https:\/\/pos.uel.br\/matematica\/wp-json\/wp\/v2\/media?parent=219"}],"curies":[{"name":"wp","href":"https:\/\/api.w.org\/{rel}","templated":true}]}}