{"id":185,"date":"2021-09-03T14:55:23","date_gmt":"2021-09-03T17:55:23","guid":{"rendered":"https:\/\/pos.uel.br\/matematica\/?page_id=185"},"modified":"2021-11-04T09:35:25","modified_gmt":"2021-11-04T12:35:25","slug":"produtos-produzidos","status":"publish","type":"page","link":"https:\/\/pos.uel.br\/matematica\/produtos-produzidos\/","title":{"rendered":"Produtos Produzidos"},"content":{"rendered":"\n<hr class=\"wp-block-separator\"\/>\n\n\n\n<h2 class=\"wp-block-heading\"><span class=\"has-inline-color has-primary-accent-color\">2021<\/span><\/h2>\n\n\n\n<ol class=\"wp-block-list\" reversed><li>SILVA, P. Z.; <strong>ROMEIRO, N. M. L.<\/strong>; CASAMAXIMO, R. F.; SOUZA, I. P.; NATTI, P. L.; CIRILO, E. R.<br><em>ALGORITMO PARA GERA\u00c7\u00c3O DE CONTORNO DE MALHAS RETANGULARES PARA C\u00c1LCULO DE DIFEREN\u00c7AS FINITAS<\/em>.<br>Atena Editora, 2021, p. 38-52. ISBN: 9786559833870<br><a href=\"https:\/\/sistema.atenaeditora.com.br\/index.php\/admin\/api\/artigoPDF\/53506\">doi:10.22533\/at.ed.8702118084<\/a> <strong>[cap\u00edtulo de livro]<\/strong><\/li><\/ol>\n\n\n\n<hr class=\"wp-block-separator\"\/>\n\n\n\n<h2 class=\"wp-block-heading\"><span class=\"has-inline-color has-primary-accent-color\">2020<\/span><\/h2>\n\n\n\n<ol class=\"wp-block-list\" reversed><li>BELINELLI, E. O.; <strong>NATTI, P. L.<\/strong>; ROMEIRO, N. M. L.; CIRILO, E. R.; FANTIN, L. H.; OLIVEIRA, K. B.; CANTERI, M. G.; NATTI, \u00c9. R. T.<br><em>GERA\u00c7\u00c3O DE MALHA PARA DESCREVER A DISPERS\u00c3O DA FERRUGEM DA SOJA NO PARAN\u00c1<\/em>.<br>Atena Editora, 2020, p. 225-239. ISBN: 9786557061602<br><a href=\"https:\/\/sistema.atenaeditora.com.br\/index.php\/admin\/api\/artigoPDF\/35490\">doi:10.22533\/at.ed.60220020717<\/a> <strong>[cap\u00edtulo de livro]<\/strong><\/li><li>NASCIMENTO, M. M. G.; STR\u00d6HER, G. L.; <strong>STR\u00d6HER, G. R.<\/strong><br><em>BREVE AN\u00c1LISE T\u00c9RMICA BIDIMENSIONAL DA TIREOIDE HUMANA NA PRESEN\u00c7A DE TUMOR<\/em>.<br>Editora Amplla, 2020, p. 225-239. ISBN: 9786588332207<br><a href=\"https:\/\/ampllaeditora.com.br\/books\/2020\/08\/eBook-G.C.-Ciencias-Medicas.pdf\">ISBN: 9786588332207<\/a> <strong>[cap\u00edtulo de livro]<\/strong><\/li><li><strong>STR\u00d6HER, G. R.; <\/strong>STR\u00d6HER, G. L.<br><em>ALGORITMO DE OTIMIZA\u00c7\u00c3O METAHEUR\u00cdSTICA INSPIRADO EM UM JOGO DE BASQUETE<\/em>.<br>Atena Editora, 2020, p. 62-73. ISBN: 9786588580073<br><a href=\"https:\/\/ayaeditora.com.br\/Livro\/5882\">doi:10.47573\/aya.88580.2.3.4<\/a> <strong>[cap\u00edtulo de livro]<\/strong><\/li><\/ol>\n\n\n\n<hr class=\"wp-block-separator\"\/>\n\n\n\n<h2 class=\"wp-block-heading\"><span class=\"has-inline-color has-primary-accent-color\">2019<\/span><\/h2>\n\n\n\n<ol class=\"wp-block-list\" reversed><li><strong>NATTI, P. L.<\/strong>; ROMEIRO, N. M. L.; CIRILO, E. R.; NATTI, \u00c9. R. T.; OLIVEIRA, C. F.; SOBRINHO, A. S. O.; KITA, C. M.<br><em>MODELAGEM MATEM\u00c1TICA E ESTABILIDADE DE SISTEMAS PREDADOR-PRESA<\/em>.<br>Atena Editora, 2019, v.2, p. 162-177. ISBN: 9788572472395<br><a href=\"https:\/\/www.atenaeditora.com.br\/wp-content\/uploads\/2019\/04\/E-book-A-produ%C3%A7%C3%A3o-do-conhecimento-nas-Ci%C3%AAncias-Exatas-e-da-Terra-2.pdf\">doi:10.22533\/at.ed.39519040416<\/a> <strong>[cap\u00edtulo de livro]<\/strong><\/li><\/ol>\n\n\n\n<hr class=\"wp-block-separator\"\/>\n\n\n\n<h2 class=\"wp-block-heading\"><span class=\"has-inline-color has-primary-accent-color\">2017<\/span><\/h2>\n\n\n\n<ol class=\"wp-block-list\" reversed><li>CIRILO, E. R.; <strong>ROMEIRO, N. M. L.<\/strong>; NATTI, P. L.; FELINTO, A. S.; NAOZUKA, G. T. <em>BORDERMAP<\/em>.<br>INPI, BR512017001108-7, 2017.<br><a href=\"https:\/\/busca.inpi.gov.br\/pePI\/jsp\/programas\/ProgramaSearchBasico.jsp\">BR512017001108-7<\/a> <strong>[programa de computador: 512017001108-7]<\/strong><\/li><li><strong>CIRILO, E. R.<\/strong>; ROMEIRO, N. M. L.; NATTI, P. L.; HIPOLITO, A. W. <em>SiPreJur<\/em>.<br>INPI, BR512017000075-1, 2017.<br><a href=\"https:\/\/busca.inpi.gov.br\/pePI\/jsp\/programas\/ProgramaSearchBasico.jsp\">BR512017000075-1<\/a> <strong>[programa de computador: 512017000075-1]<\/strong><\/li><\/ol>\n","protected":false},"excerpt":{"rendered":"<p>2021 SILVA, P. Z.; ROMEIRO, N. M. L.; CASAMAXIMO, R. F.; SOUZA, I. P.; NATTI, P. L.; CIRILO, E. R.ALGORITMO PARA GERA\u00c7\u00c3O DE CONTORNO DE MALHAS RETANGULARES PARA C\u00c1LCULO DE DIFEREN\u00c7AS FINITAS.Atena Editora, 2021, p. 38-52. ISBN: 9786559833870doi:10.22533\/at.ed.8702118084 [cap\u00edtulo de livro] 2020 BELINELLI, E. O.; NATTI, P. L.; ROMEIRO, N. M. L.; CIRILO, E. R.; [&hellip;]<\/p>\n","protected":false},"author":8,"featured_media":0,"parent":0,"menu_order":0,"comment_status":"closed","ping_status":"closed","template":"","meta":{"footnotes":""},"class_list":["post-185","page","type-page","status-publish","hentry"],"_links":{"self":[{"href":"https:\/\/pos.uel.br\/matematica\/wp-json\/wp\/v2\/pages\/185","targetHints":{"allow":["GET"]}}],"collection":[{"href":"https:\/\/pos.uel.br\/matematica\/wp-json\/wp\/v2\/pages"}],"about":[{"href":"https:\/\/pos.uel.br\/matematica\/wp-json\/wp\/v2\/types\/page"}],"author":[{"embeddable":true,"href":"https:\/\/pos.uel.br\/matematica\/wp-json\/wp\/v2\/users\/8"}],"replies":[{"embeddable":true,"href":"https:\/\/pos.uel.br\/matematica\/wp-json\/wp\/v2\/comments?post=185"}],"version-history":[{"count":3,"href":"https:\/\/pos.uel.br\/matematica\/wp-json\/wp\/v2\/pages\/185\/revisions"}],"predecessor-version":[{"id":374,"href":"https:\/\/pos.uel.br\/matematica\/wp-json\/wp\/v2\/pages\/185\/revisions\/374"}],"wp:attachment":[{"href":"https:\/\/pos.uel.br\/matematica\/wp-json\/wp\/v2\/media?parent=185"}],"curies":[{"name":"wp","href":"https:\/\/api.w.org\/{rel}","templated":true}]}}