{"id":175,"date":"2021-09-03T14:52:07","date_gmt":"2021-09-03T17:52:07","guid":{"rendered":"https:\/\/pos.uel.br\/matematica\/?page_id=175"},"modified":"2021-09-09T09:27:48","modified_gmt":"2021-09-09T12:27:48","slug":"trilha","status":"publish","type":"page","link":"https:\/\/pos.uel.br\/matematica\/trilha\/","title":{"rendered":"Trilha"},"content":{"rendered":"\n<div style=\"height:50px\" aria-hidden=\"true\" class=\"wp-block-spacer\"><\/div>\n\n\n\n<p><strong><span class=\"has-inline-color has-primary-accent-color\">( 1<sup>o<\/sup> passo )<\/span><\/strong> <\/p>\n\n\n\n<p>Ap\u00f3s o ingresso pelo processo seletivo o discente precisa definir em qual linha de pesquisa, dentre as listadas abaixo,<\/p>\n\n\n\n<ul class=\"wp-block-list\" id=\"block-0a303d9b-08ec-4dac-b550-451a8cd71ed7\"><li><strong>M<\/strong>odelagem <strong>M<\/strong>atem\u00e1tica <strong>C<\/strong>omputacional &#8211; <strong>MMC<\/strong><\/li><li><strong>M<\/strong>odelagem <strong>E<\/strong>stat\u00edstica &#8211; <strong>ME<\/strong><\/li><li><strong>E<\/strong>qua\u00e7\u00f5es <strong>D<\/strong>iferenciais <strong>P<\/strong>arciais &#8211; <strong>EDP<\/strong><\/li><\/ul>\n\n\n\n<p>deseja desenvolver seu trabalho de mestrado. <\/p>\n\n\n\n<p>\u00c9 justamente no primeiro semestre de ingresso no programa que o aluno \u00e9 orientado a definir qual linha de pesquisa seguir\u00e1, por conseguinte, quais disciplinas cursar.<\/p>\n\n\n\n<div style=\"height:50px\" aria-hidden=\"true\" class=\"wp-block-spacer\"><\/div>\n\n\n\n<p><strong><span class=\"has-inline-color has-primary-accent-color\">( 2<sup>o<\/sup> passo )<\/span><\/strong><\/p>\n\n\n\n<p>O Mestrado tem dura\u00e7\u00e3o m\u00ednima de 2 (dois) e m\u00e1xima de 4 (quatro) semestres letivos. O aluno deve cumprir (no m\u00ednimo) 24 cr\u00e9ditos em disciplinas, submeter-se a exame de profici\u00eancia em l\u00edngua inglesa, submeter-se a exame de qualifica\u00e7\u00e3o, apresentar trabalho relacionado a disserta\u00e7\u00e3o em evento cient\u00edfico ou ter submetido um artigo em revista cient\u00edfica, apresentar e defender uma disserta\u00e7\u00e3o, completando ao todo um m\u00ednimo de 68 (sessenta e oito) cr\u00e9ditos, correspondentes a 1.020 (mil e vinte) horas, distribu\u00eddos da seguinte forma: <\/p>\n\n\n\n<ul class=\"wp-block-list\"><li>12 (doze) cr\u00e9ditos em disciplinas do N\u00daCLEO B\u00c1SICO;<\/li><li>8 (oito) cr\u00e9ditos em disciplinas no N\u00daCLEO INTERMEDI\u00c1RIO; <\/li><li>4 (quatro) cr\u00e9ditos em disciplinas do N\u00daCLEO ESPECIAL; <\/li><li>44 (quarenta e quatro) cr\u00e9ditos no N\u00daCLEO DIRIGIDO: sendo 40 (quarenta) em Disserta\u00e7\u00e3o, 2 (dois) em Est\u00e1gio de Doc\u00eancia na Gradua\u00e7\u00e3o;<\/li><li>e 2 (dois) em Semin\u00e1rio de Pesquisa.<\/li><\/ul>\n\n\n\n<blockquote class=\"wp-block-quote has-text-align-left is-layout-flow wp-block-quote-is-layout-flow\"><p>Consulte, para mais detalhes sobre as disciplinas, o link: <\/p><cite><a rel=\"noreferrer noopener\" href=\"http:\/\/www.uel.br\/pos\/pgmac\/arquivos\/Deliberacao_029_2019.pdf\" target=\"_blank\"><span style=\"color:#ff0000\" class=\"has-inline-color\">NOVO A PARTIR DE 2020<\/span>:\u00a0Delibera\u00e7\u00e3o da C\u00e2mara de P\u00f3s-Gradua\u00e7\u00e3o N\u00ba 029\/2019<\/a><\/cite><\/blockquote>\n\n\n\n<div style=\"height:50px\" aria-hidden=\"true\" class=\"wp-block-spacer\"><\/div>\n\n\n\n<p><strong><span class=\"has-inline-color has-primary-accent-color\">( 3<sup>o<\/sup> passo )<\/span><\/strong><\/p>\n\n\n\n<p>Ademais, o estudante poder\u00e1 requerer e submeter-se ao Exame de Qualifica\u00e7\u00e3o ap\u00f3s atendido o <a rel=\"noreferrer noopener\" href=\"http:\/\/www.uel.br\/pos\/pgmac\/arquivos\/Regimento_PGMAC_2019.pdf\" target=\"_blank\">Art. 47 do regimento do PGMAC<\/a>\u00a0(Exame de Qualifica\u00e7\u00e3o).<\/p>\n\n\n\n<p>O procedimento para qualifica\u00e7\u00e3o consiste dos seguintes passos:<\/p>\n\n\n\n<ol class=\"wp-block-list\"><li><strong>Aluno \/ Orientador<\/strong><ul><li>O aluno \/ orientador devem verificar se o&nbsp;<a rel=\"noreferrer noopener\" href=\"http:\/\/www.uel.br\/pos\/pgmac\/arquivos\/Regimento_PGMAC_2019.pdf\" target=\"_blank\">Art. 47 do regimento do PGMAC<\/a>&nbsp;(Exame de Qualifica\u00e7\u00e3o) est\u00e1 atendido pelo aluno.<\/li><\/ul><\/li><li><strong>Aluno<\/strong><ul><li>O aluno precisa solicitar no portal do estudante o pedido de exame de qualifica\u00e7\u00e3o. A PROPPG avaliar\u00e1 se o aluno est\u00e1 apto para qualificar, e informar\u00e1 isto no portal.<\/li><\/ul><\/li><li><strong>Orientador<\/strong><ul><li>O orintador deve preencher o documento &#8220;INDICA\u00c7\u00c3O DE BANCA EXAMINADORA PARA EXAME DE QUALIFICA\u00c7\u00c3O&#8221; (clique&nbsp;<a href=\"http:\/\/www.uel.br\/pos\/pgmac\/arquivos\/INDIC_BANCA_QUALI_MESTRADO2T.doc\"><strong>aqui<\/strong><\/a>&nbsp;para acessar o documento), e envi\u00e1-lo para a secretaria de p\u00f3s (spgcce@uel.br).&nbsp;<strong><span style=\"color:#fa0000\" class=\"has-inline-color\">\u00c9 recomendado que o prazo entre o aluno estar apto para qualificar e a data de qualifica\u00e7\u00e3o seja de at\u00e9 30 dias<\/span><\/strong>.<\/li><\/ul><\/li><li><strong>Orientador<\/strong><ul><li>O orintador deve informar ao coordenador o&nbsp;<strong>t\u00edtulo<\/strong>&nbsp;e o&nbsp;<strong>resumo do trabalho<\/strong>&nbsp;de qualifica\u00e7\u00e3o para que os mesmos sejam divulgados no mural de Defesas e qualifica\u00e7\u00f5es da p\u00e1gina inicial do PGMAC.<\/li><\/ul><\/li><\/ol>\n\n\n\n<div style=\"height:50px\" aria-hidden=\"true\" class=\"wp-block-spacer\"><\/div>\n\n\n\n<p><strong><span class=\"has-inline-color has-primary-accent-color\">( 4<sup>o<\/sup> passo )<\/span><\/strong><\/p>\n\n\n\n<p>Ap\u00f3s aprova\u00e7\u00e3o na qualifica\u00e7\u00e3o, o aluno poder\u00e1 requerer a defesa de seu trabalho de mestrado se atender o <a rel=\"noreferrer noopener\" href=\"http:\/\/www.uel.br\/pos\/pgmac\/arquivos\/Regimento_PGMAC_2019.pdf\" target=\"_blank\">Art. 53 do regimento do PGMAC<\/a> (Defesa da Disserta\u00e7\u00e3o).<\/p>\n\n\n\n<p>O procedimento para defesa consiste dos seguintes passos:<\/p>\n\n\n\n<ol class=\"wp-block-list\"><li><strong>Aluno \/ Orientador<\/strong><ul><li>O aluno \/ orientador devem verificar se o&nbsp;<a rel=\"noreferrer noopener\" href=\"http:\/\/www.uel.br\/pos\/pgmac\/arquivos\/Regimento_PGMAC_2019.pdf\" target=\"_blank\">Art. 53 do regimento do PGMAC<\/a>&nbsp;(Defesa da Disserta\u00e7\u00e3o) est\u00e1 atendido pelo aluno.<\/li><\/ul><\/li><li><strong>Orientador<\/strong><ul><li>O orientador deve preencher o documento &#8220;INDICA\u00c7\u00c3O DE BANCA EXAMINADORA PARA DEFESA DE DISSERTA\u00c7\u00c3O&#8221; (clique&nbsp;<a href=\"http:\/\/www.uel.br\/pos\/pgmac\/arquivos\/INDIC_BANCA%20_DEFES_MESTRADO2T.doc\"><strong>aqui<\/strong><\/a>&nbsp;para acessar o documento), e envi\u00e1-lo para a secretaria de p\u00f3s (spgcce@uel.br).&nbsp;<strong><span style=\"color:#ff0000\" class=\"has-inline-color\">\u00c9 recomendado que o prazo entre o envio do trabalho para a banca e a data de defesa seja de at\u00e9 30 dias<\/span><\/strong>.<\/li><\/ul><\/li><li><strong>Orientador<\/strong><ul><li>O orientador deve informar ao coordenador o&nbsp;<strong>t\u00edtulo<\/strong>&nbsp;e o&nbsp;<strong>resumo do trabalho<\/strong>&nbsp;de defesa para que os mesmos sejam divulgados no mural de Defesas e qualifica\u00e7\u00f5es da p\u00e1gina inicial do PGMAC.<\/li><\/ul><\/li><\/ol>\n\n\n\n<p>Ap\u00f3s aprova\u00e7\u00e3o na defesa, o t\u00edtulo de conclus\u00e3o &#8211; <strong><em>Mestre em Matem\u00e1tica Aplicada e Computacional<\/em><\/strong> &#8211; ser\u00e1 espedido conforme est\u00e1 estabelecido no <a rel=\"noreferrer noopener\" href=\"http:\/\/www.uel.br\/pos\/pgmac\/arquivos\/Regimento_PGMAC_2019.pdf\" target=\"_blank\">Art. 60 do regimento do PGMAC<\/a>.<\/p>\n","protected":false},"excerpt":{"rendered":"<p>( 1o passo ) Ap\u00f3s o ingresso pelo processo seletivo o discente precisa definir em qual linha de pesquisa, dentre as listadas abaixo, Modelagem Matem\u00e1tica Computacional &#8211; MMC Modelagem Estat\u00edstica &#8211; ME Equa\u00e7\u00f5es Diferenciais Parciais &#8211; EDP deseja desenvolver seu trabalho de mestrado. \u00c9 justamente no primeiro semestre de ingresso no programa que o aluno [&hellip;]<\/p>\n","protected":false},"author":8,"featured_media":0,"parent":0,"menu_order":0,"comment_status":"closed","ping_status":"closed","template":"","meta":{"footnotes":""},"class_list":["post-175","page","type-page","status-publish","hentry"],"_links":{"self":[{"href":"https:\/\/pos.uel.br\/matematica\/wp-json\/wp\/v2\/pages\/175","targetHints":{"allow":["GET"]}}],"collection":[{"href":"https:\/\/pos.uel.br\/matematica\/wp-json\/wp\/v2\/pages"}],"about":[{"href":"https:\/\/pos.uel.br\/matematica\/wp-json\/wp\/v2\/types\/page"}],"author":[{"embeddable":true,"href":"https:\/\/pos.uel.br\/matematica\/wp-json\/wp\/v2\/users\/8"}],"replies":[{"embeddable":true,"href":"https:\/\/pos.uel.br\/matematica\/wp-json\/wp\/v2\/comments?post=175"}],"version-history":[{"count":27,"href":"https:\/\/pos.uel.br\/matematica\/wp-json\/wp\/v2\/pages\/175\/revisions"}],"predecessor-version":[{"id":333,"href":"https:\/\/pos.uel.br\/matematica\/wp-json\/wp\/v2\/pages\/175\/revisions\/333"}],"wp:attachment":[{"href":"https:\/\/pos.uel.br\/matematica\/wp-json\/wp\/v2\/media?parent=175"}],"curies":[{"name":"wp","href":"https:\/\/api.w.org\/{rel}","templated":true}]}}