{"id":168,"date":"2021-09-03T14:48:51","date_gmt":"2021-09-03T17:48:51","guid":{"rendered":"https:\/\/pos.uel.br\/matematica\/?page_id=168"},"modified":"2021-09-09T08:48:13","modified_gmt":"2021-09-09T11:48:13","slug":"laboratorios","status":"publish","type":"page","link":"https:\/\/pos.uel.br\/matematica\/laboratorios\/","title":{"rendered":"Laborat\u00f3rios"},"content":{"rendered":"\n<div style=\"height:50px\" aria-hidden=\"true\" class=\"wp-block-spacer\"><\/div>\n\n\n\n<p><strong>LabMAC &#8211; Laborat\u00f3rio de Matem\u00e1tica Aplicada e Computacional<\/strong><\/p>\n\n\n\n<ul class=\"wp-block-list\"><li><strong>Descri\u00e7\u00e3o:<\/strong> <ul><li>dispon\u00edvel a todos os alunos e professores do programa, possui computadores com acesso \u00e0 rede de internet, impressoras, recintos de estudos individuais, espa\u00e7o de estudo em grupo e equipamento de multim\u00eddia para editora\u00e7\u00e3o e demais atividades do g\u00eanero.<\/li><\/ul><\/li><\/ul>\n\n\n\n<div style=\"height:50px\" aria-hidden=\"true\" class=\"wp-block-spacer\"><\/div>\n\n\n\n<p><a rel=\"noreferrer noopener\" href=\"http:\/\/www.uel.br\/laboratorios\/labsan\" target=\"_BLANK\"><strong>LabSAN &#8211; Laborat\u00f3rio de Simula\u00e7\u00e3o e An\u00e1lise Num\u00e9rica<\/strong><\/a><\/p>\n\n\n\n<ul class=\"wp-block-list\"><li><strong>Descri\u00e7\u00e3o:<\/strong><ul><li>Laborat\u00f3rio utilizado para o desenvolvimento de simula\u00e7\u00f5es e an\u00e1lises num\u00e9ricas de problemas aplicados em: Computa\u00e7\u00e3o, Engenharias, Ci\u00eancias M\u00e9dicas e Biol\u00f3gicas, entre outras aplica\u00e7\u00f5es.<\/li><\/ul><\/li><\/ul>\n\n\n\n<div style=\"height:50px\" aria-hidden=\"true\" class=\"wp-block-spacer\"><\/div>\n\n\n\n<p><strong>LABESC &#8211; Laborat\u00f3rio Escola de P\u00f3s-Gradua\u00e7\u00e3o<\/strong><\/p>\n\n\n\n<ul class=\"wp-block-list\"><li><strong>Descri\u00e7\u00e3o: <\/strong><ul><li>O LABESC oferece um ambiente adequado para as atividades acad\u00eamicas dos Programas de P\u00f3s-Gradua\u00e7\u00e3o Stricto sensu dos diversos Centros de Estudos da UEL, bem como dos Grupos de Pesquisa, al\u00e9m de algumas atividades de apoio \u00e0 Pesquisa e \u00e0 P\u00f3s-Gradua\u00e7\u00e3o. As salas do LABESC foram concebidas para oferecer um ambiente adequado para a realiza\u00e7\u00e3o de reuni\u00f5es de pesquisa, semin\u00e1rios, defesas de teses e disserta\u00e7\u00f5es e realiza\u00e7\u00e3o de eventos.<\/li><\/ul><\/li><\/ul>\n","protected":false},"excerpt":{"rendered":"<p>LabMAC &#8211; Laborat\u00f3rio de Matem\u00e1tica Aplicada e Computacional Descri\u00e7\u00e3o: dispon\u00edvel a todos os alunos e professores do programa, possui computadores com acesso \u00e0 rede de internet, impressoras, recintos de estudos individuais, espa\u00e7o de estudo em grupo e equipamento de multim\u00eddia para editora\u00e7\u00e3o e demais atividades do g\u00eanero. LabSAN &#8211; Laborat\u00f3rio de Simula\u00e7\u00e3o e An\u00e1lise Num\u00e9rica [&hellip;]<\/p>\n","protected":false},"author":8,"featured_media":0,"parent":0,"menu_order":0,"comment_status":"closed","ping_status":"closed","template":"","meta":{"footnotes":""},"class_list":["post-168","page","type-page","status-publish","hentry"],"_links":{"self":[{"href":"https:\/\/pos.uel.br\/matematica\/wp-json\/wp\/v2\/pages\/168","targetHints":{"allow":["GET"]}}],"collection":[{"href":"https:\/\/pos.uel.br\/matematica\/wp-json\/wp\/v2\/pages"}],"about":[{"href":"https:\/\/pos.uel.br\/matematica\/wp-json\/wp\/v2\/types\/page"}],"author":[{"embeddable":true,"href":"https:\/\/pos.uel.br\/matematica\/wp-json\/wp\/v2\/users\/8"}],"replies":[{"embeddable":true,"href":"https:\/\/pos.uel.br\/matematica\/wp-json\/wp\/v2\/comments?post=168"}],"version-history":[{"count":6,"href":"https:\/\/pos.uel.br\/matematica\/wp-json\/wp\/v2\/pages\/168\/revisions"}],"predecessor-version":[{"id":315,"href":"https:\/\/pos.uel.br\/matematica\/wp-json\/wp\/v2\/pages\/168\/revisions\/315"}],"wp:attachment":[{"href":"https:\/\/pos.uel.br\/matematica\/wp-json\/wp\/v2\/media?parent=168"}],"curies":[{"name":"wp","href":"https:\/\/api.w.org\/{rel}","templated":true}]}}