{"id":167,"date":"2021-09-03T14:48:51","date_gmt":"2021-09-03T17:48:51","guid":{"rendered":"https:\/\/pos.uel.br\/matematica\/?page_id=167"},"modified":"2021-09-09T09:07:25","modified_gmt":"2021-09-09T12:07:25","slug":"diretrizes","status":"publish","type":"page","link":"https:\/\/pos.uel.br\/matematica\/diretrizes\/","title":{"rendered":"Diretrizes"},"content":{"rendered":"\n<p><strong>Estrutura Curricular<\/strong><\/p>\n\n\n\n<ul class=\"wp-block-list\"><li><a rel=\"noreferrer noopener\" href=\"http:\/\/www.uel.br\/pos\/pgmac\/arquivos\/Deliberacao_029_2019.pdf\" target=\"_blank\"><span style=\"color:#ff0000\" class=\"has-inline-color\">NOVO A PARTIR DE 2020<\/span>:&nbsp;Delibera\u00e7\u00e3o da C\u00e2mara de P\u00f3s-Gradua\u00e7\u00e3o N\u00ba 029\/2019<\/a><\/li><li><a rel=\"noreferrer noopener\" href=\"http:\/\/www.uel.br\/pos\/pgmac\/arquivos\/Deliberacao_05_2017.pdf\" target=\"_blank\">Delibera\u00e7\u00e3o da C\u00e2mara de P\u00f3s-Gradua\u00e7\u00e3o N\u00ba 05\/2017<\/a><\/li><li><a rel=\"noreferrer noopener\" href=\"http:\/\/www.uel.br\/pos\/pgmac\/arquivos\/Deliberacao_03_2015.pdf\" target=\"_blank\">Delibera\u00e7\u00e3o da C\u00e2mara de P\u00f3s-Gradua\u00e7\u00e3o N\u00ba 03\/2015<\/a><\/li><\/ul>\n\n\n\n<p><strong>Normas<\/strong><\/p>\n\n\n\n<ul class=\"wp-block-list\"><li><a href=\"http:\/\/www.uel.br\/pos\/pgmac\/arquivos\/Deliberacao_029_2019.pdf\"><span style=\"color:#ff0000\" class=\"has-inline-color\">NOVO A PARTIR DE 2020<\/span>:\u00a0Regimento do PGMAC &#8211; Resolu\u00e7\u00e3o CEPE N\u00ba 059\/2019<\/a><\/li><li><a rel=\"noreferrer noopener\" href=\"http:\/\/www.uel.br\/pos\/pgmac\/arquivos\/Regimento_PGMAC_2015.pdf\" target=\"_blank\">Regimento do PGMAC &#8211; Resolu\u00e7\u00e3o CEPE N\u00ba 037\/2015<\/a><\/li><li><a rel=\"noreferrer noopener\" href=\"http:\/\/www.uel.br\/proppg\/portalnovo\/pages\/regulamentos.php\" target=\"_blank\">Regulamento dos programas de p\u00f3s-gradua\u00e7\u00e3o stricto sensu da UEL<\/a><\/li><li><a rel=\"noreferrer noopener\" href=\"http:\/\/www.uel.br\/pos\/pgmac\/arquivos\/Regimento%20DMAT.pdf\" target=\"_blank\">Regimento do Departamento de Matem\u00e1tica<\/a><\/li><li><a rel=\"noreferrer noopener\" href=\"http:\/\/www.uel.br\/proplan\/novo\/pages\/arquivos\/pdf\/estatuto_compilado.pdf\" target=\"_blank\">Estatuto da UEL<\/a><\/li><li><a rel=\"noreferrer noopener\" href=\"http:\/\/www.uel.br\/proplan\/novo\/pages\/arquivos\/pdf\/regimento_geral_compilado.pdf\" target=\"_blank\">Regimento Geral da UEL<\/a><\/li><\/ul>\n","protected":false},"excerpt":{"rendered":"<p>Estrutura Curricular NOVO A PARTIR DE 2020:&nbsp;Delibera\u00e7\u00e3o da C\u00e2mara de P\u00f3s-Gradua\u00e7\u00e3o N\u00ba 029\/2019 Delibera\u00e7\u00e3o da C\u00e2mara de P\u00f3s-Gradua\u00e7\u00e3o N\u00ba 05\/2017 Delibera\u00e7\u00e3o da C\u00e2mara de P\u00f3s-Gradua\u00e7\u00e3o N\u00ba 03\/2015 Normas NOVO A PARTIR DE 2020:\u00a0Regimento do PGMAC &#8211; Resolu\u00e7\u00e3o CEPE N\u00ba 059\/2019 Regimento do PGMAC &#8211; Resolu\u00e7\u00e3o CEPE N\u00ba 037\/2015 Regulamento dos programas de p\u00f3s-gradua\u00e7\u00e3o stricto sensu [&hellip;]<\/p>\n","protected":false},"author":8,"featured_media":0,"parent":0,"menu_order":0,"comment_status":"closed","ping_status":"closed","template":"","meta":{"footnotes":""},"class_list":["post-167","page","type-page","status-publish","hentry"],"_links":{"self":[{"href":"https:\/\/pos.uel.br\/matematica\/wp-json\/wp\/v2\/pages\/167","targetHints":{"allow":["GET"]}}],"collection":[{"href":"https:\/\/pos.uel.br\/matematica\/wp-json\/wp\/v2\/pages"}],"about":[{"href":"https:\/\/pos.uel.br\/matematica\/wp-json\/wp\/v2\/types\/page"}],"author":[{"embeddable":true,"href":"https:\/\/pos.uel.br\/matematica\/wp-json\/wp\/v2\/users\/8"}],"replies":[{"embeddable":true,"href":"https:\/\/pos.uel.br\/matematica\/wp-json\/wp\/v2\/comments?post=167"}],"version-history":[{"count":8,"href":"https:\/\/pos.uel.br\/matematica\/wp-json\/wp\/v2\/pages\/167\/revisions"}],"predecessor-version":[{"id":323,"href":"https:\/\/pos.uel.br\/matematica\/wp-json\/wp\/v2\/pages\/167\/revisions\/323"}],"wp:attachment":[{"href":"https:\/\/pos.uel.br\/matematica\/wp-json\/wp\/v2\/media?parent=167"}],"curies":[{"name":"wp","href":"https:\/\/api.w.org\/{rel}","templated":true}]}}