{"id":12,"date":"2021-04-29T12:27:43","date_gmt":"2021-04-29T15:27:43","guid":{"rendered":"https:\/\/pos.uel.br\/matematica\/?page_id=12"},"modified":"2021-09-09T08:33:45","modified_gmt":"2021-09-09T11:33:45","slug":"contatos","status":"publish","type":"page","link":"https:\/\/pos.uel.br\/matematica\/contatos\/","title":{"rendered":"Contatos"},"content":{"rendered":"\n<div style=\"height:50px\" aria-hidden=\"true\" class=\"wp-block-spacer\"><\/div>\n\n\n\n<p class=\"has-primary-accent-color has-text-color\"><strong>Coordenador:<\/strong><\/p>\n\n\n\n<ul class=\"wp-block-list\"><li>Prof. Dr. Eliandro Rodrigues Cirilo<\/li><li>E-mail:\u00a0<a href=\"mailto:ercirilo@uel.br\">ercirilo@uel.br<\/a><\/li><li>Telefone: (43) 3371-4256<\/li><\/ul>\n\n\n\n<div style=\"height:50px\" aria-hidden=\"true\" class=\"wp-block-spacer\"><\/div>\n\n\n\n<p class=\"has-primary-accent-color has-text-color\"><strong>Vice-Coordenador:<\/strong><\/p>\n\n\n\n<ul class=\"wp-block-list\"><li>Prof. Dr. Marcio A. Jorge da Silva<\/li><li>E-mail:&nbsp;<a href=\"mailto:marcioajs@uel.br\">marcioajs@uel.br<\/a><\/li><li>Telefone: (43) 3371-4959<\/li><\/ul>\n\n\n\n<div style=\"height:50px\" aria-hidden=\"true\" class=\"wp-block-spacer\"><\/div>\n\n\n\n<p class=\"has-primary-accent-color has-text-color\"><strong>Terceiro Representante:<\/strong><\/p>\n\n\n\n<ul class=\"wp-block-list\"><li>Prof. Dr. Rodrigo Rossetto Pescim<\/li><li>E-mail:&nbsp;<a href=\"mailto:rrpescim@uel.br\">rrpescim@uel.br<\/a><\/li><li>Telefone: (43) 3371-4932<\/li><\/ul>\n\n\n\n<div style=\"height:50px\" aria-hidden=\"true\" class=\"wp-block-spacer\"><\/div>\n\n\n\n<p class=\"has-primary-accent-color has-text-color\"><strong>Representante Discente:<\/strong><\/p>\n\n\n\n<ul class=\"wp-block-list\"><li>Mestranda Mariana Nunes<\/li><li>E-mail:&nbsp;<a href=\"mailto:mahevanunes@gmail.com\">mahevanunes@gmail.com<\/a><\/li><\/ul>\n\n\n\n<div style=\"height:50px\" aria-hidden=\"true\" class=\"wp-block-spacer\"><\/div>\n\n\n\n<p class=\"has-primary-accent-color has-text-color\"><strong>Secretaria de P\u00f3s-Gradua\u00e7\u00e3o do Centro de Ci\u00eancias Exatas<\/strong><\/p>\n\n\n\n<ul class=\"wp-block-list\"><li>Secret\u00e1ria: Maria L\u00facia C. Lemes<\/li><li>Secret\u00e1ria: Regina Braga<\/li><li>E-mail:&nbsp;<a href=\"mailto:spgcce@uel.br\">spgcce@uel.br<\/a><\/li><li>Telefone: (43) 3371-4711<\/li><\/ul>\n\n\n\n<div style=\"height:50px\" aria-hidden=\"true\" class=\"wp-block-spacer\"><\/div>\n\n\n\n<p class=\"has-primary-accent-color has-text-color\"><strong>Comiss\u00e3o de Bolsa:<\/strong><\/p>\n\n\n\n<ul class=\"wp-block-list\"><li>Prof. Dr. Eliandro Rodrigues Cirilo<\/li><li>Prof. Dr. Marcio A. Jorge da Silva<\/li><li>Prof. Dr. Rodrigo Rossetto Pescim<\/li><\/ul>\n\n\n\n<p><\/p>\n","protected":false},"excerpt":{"rendered":"<p>Coordenador: Prof. Dr. Eliandro Rodrigues Cirilo E-mail:\u00a0ercirilo@uel.br Telefone: (43) 3371-4256 Vice-Coordenador: Prof. Dr. Marcio A. Jorge da Silva E-mail:&nbsp;marcioajs@uel.br Telefone: (43) 3371-4959 Terceiro Representante: Prof. Dr. Rodrigo Rossetto Pescim E-mail:&nbsp;rrpescim@uel.br Telefone: (43) 3371-4932 Representante Discente: Mestranda Mariana Nunes E-mail:&nbsp;mahevanunes@gmail.com Secretaria de P\u00f3s-Gradua\u00e7\u00e3o do Centro de Ci\u00eancias Exatas Secret\u00e1ria: Maria L\u00facia C. Lemes Secret\u00e1ria: Regina Braga [&hellip;]<\/p>\n","protected":false},"author":7,"featured_media":0,"parent":0,"menu_order":0,"comment_status":"closed","ping_status":"closed","template":"","meta":{"footnotes":""},"class_list":["post-12","page","type-page","status-publish","hentry"],"_links":{"self":[{"href":"https:\/\/pos.uel.br\/matematica\/wp-json\/wp\/v2\/pages\/12","targetHints":{"allow":["GET"]}}],"collection":[{"href":"https:\/\/pos.uel.br\/matematica\/wp-json\/wp\/v2\/pages"}],"about":[{"href":"https:\/\/pos.uel.br\/matematica\/wp-json\/wp\/v2\/types\/page"}],"author":[{"embeddable":true,"href":"https:\/\/pos.uel.br\/matematica\/wp-json\/wp\/v2\/users\/7"}],"replies":[{"embeddable":true,"href":"https:\/\/pos.uel.br\/matematica\/wp-json\/wp\/v2\/comments?post=12"}],"version-history":[{"count":6,"href":"https:\/\/pos.uel.br\/matematica\/wp-json\/wp\/v2\/pages\/12\/revisions"}],"predecessor-version":[{"id":312,"href":"https:\/\/pos.uel.br\/matematica\/wp-json\/wp\/v2\/pages\/12\/revisions\/312"}],"wp:attachment":[{"href":"https:\/\/pos.uel.br\/matematica\/wp-json\/wp\/v2\/media?parent=12"}],"curies":[{"name":"wp","href":"https:\/\/api.w.org\/{rel}","templated":true}]}}