{"id":113,"date":"2021-08-30T14:55:26","date_gmt":"2021-08-30T17:55:26","guid":{"rendered":"https:\/\/pos.uel.br\/matematica\/?page_id=113"},"modified":"2021-09-09T09:46:38","modified_gmt":"2021-09-09T12:46:38","slug":"pos-doc","status":"publish","type":"page","link":"https:\/\/pos.uel.br\/matematica\/pos-doc\/","title":{"rendered":"P\u00f3s-Doc"},"content":{"rendered":"\n<p>Abaixo segue a rela\u00e7\u00e3o de p\u00f3s doutorandos que desenvolveram\/desenvolvem projetos com o PGMAC, e suas publica\u00e7\u00f5es.<\/p>\n\n\n\n<div style=\"height:50px\" aria-hidden=\"true\" class=\"wp-block-spacer\"><\/div>\n\n\n\n<figure class=\"wp-block-table is-style-stripes\"><table><tbody><tr><td><strong>Nome<\/strong><\/td><td class=\"has-text-align-center\" data-align=\"center\"><strong>ID Lattes<\/strong><\/td><td class=\"has-text-align-center\" data-align=\"center\"><strong>Per\u00edodo<\/strong><\/td><td class=\"has-text-align-center\" data-align=\"center\"><strong>Publica\u00e7\u00e3o<\/strong><\/td><\/tr><tr><td>Dr. R\u00f4mulo Damasclin Chaves dos Santos<\/td><td class=\"has-text-align-center\" data-align=\"center\"><a href=\"http:\/\/lattes.cnpq.br\/5416661457556148\" target=\"_blank\" rel=\"noreferrer noopener\">5416661457556148<\/a><\/td><td class=\"has-text-align-center\" data-align=\"center\">05\/2021 &nbsp;&nbsp;\u26af&nbsp;&nbsp;<span style=\"color:#ff0000\" class=\"has-inline-color\"><strong>05\/2022<\/strong><\/span><\/td><td class=\"has-text-align-center\" data-align=\"center\"><\/td><\/tr><tr><td>Dr. Eduardo Henrique Gomes Tavares<\/td><td class=\"has-text-align-center\" data-align=\"center\"><a href=\"http:\/\/lattes.cnpq.br\/7950206051624317\" target=\"_blank\" rel=\"noreferrer noopener\">7950206051624317<\/a><\/td><td class=\"has-text-align-center\" data-align=\"center\">04\/2021 &nbsp;&nbsp;\u26af&nbsp;&nbsp;<span style=\"color:#ff0000\" class=\"has-inline-color\"><strong>03\/2022<\/strong><\/span><\/td><td class=\"has-text-align-center\" data-align=\"center\"><\/td><\/tr><tr><td>Dr. Roberto Pettres<\/td><td class=\"has-text-align-center\" data-align=\"center\"><a href=\"http:\/\/lattes.cnpq.br\/3539807164026550\" target=\"_blank\" rel=\"noreferrer noopener\">3539807164026550<\/a><\/td><td class=\"has-text-align-center\" data-align=\"center\">04\/2020 &nbsp;&nbsp;\u26af&nbsp;&nbsp; 04\/2021<\/td><td class=\"has-text-align-center\" data-align=\"center\"><a href=\"https:\/\/doi.org\/10.1016\/j.enganabound.2020.10.001\" target=\"_blank\" rel=\"noreferrer noopener\"><img loading=\"lazy\" decoding=\"async\" width=\"25\" height=\"25\" class=\"wp-image-287\" style=\"width: 25px;\" src=\"https:\/\/pos.uel.br\/matematica\/wp-content\/uploads\/2021\/09\/icon_publicacao.jpg\" alt=\"\" srcset=\"https:\/\/pos.uel.br\/matematica\/wp-content\/uploads\/2021\/09\/icon_publicacao.jpg 165w, https:\/\/pos.uel.br\/matematica\/wp-content\/uploads\/2021\/09\/icon_publicacao-150x150.jpg 150w\" sizes=\"auto, (max-width: 25px) 100vw, 25px\" \/><\/a><\/td><\/tr><tr><td>Dr. Rafael Borro Gonzalez<\/td><td class=\"has-text-align-center\" data-align=\"center\"><a href=\"http:\/\/lattes.cnpq.br\/3767824433883677\" target=\"_blank\" rel=\"noreferrer noopener\">3767824433883677<\/a><\/td><td class=\"has-text-align-center\" data-align=\"center\">03\/2019 &nbsp;&nbsp;\u26af&nbsp;&nbsp; 02\/2020<\/td><td class=\"has-text-align-center\" data-align=\"center\"><a href=\"https:\/\/doi.org\/10.1016\/j.jmaa.2020.124467\" target=\"_blank\" rel=\"noreferrer noopener\"><img loading=\"lazy\" decoding=\"async\" width=\"25\" height=\"25\" class=\"wp-image-287\" style=\"width: 25px;\" src=\"https:\/\/pos.uel.br\/matematica\/wp-content\/uploads\/2021\/09\/icon_publicacao.jpg\" alt=\"\" srcset=\"https:\/\/pos.uel.br\/matematica\/wp-content\/uploads\/2021\/09\/icon_publicacao.jpg 165w, https:\/\/pos.uel.br\/matematica\/wp-content\/uploads\/2021\/09\/icon_publicacao-150x150.jpg 150w\" sizes=\"auto, (max-width: 25px) 100vw, 25px\" \/><\/a><\/td><\/tr><tr><td>Dr\u00aa. Camila Le\u00e3o Cardozo<\/td><td class=\"has-text-align-center\" data-align=\"center\"><a href=\"http:\/\/lattes.cnpq.br\/3400485867539431\" target=\"_blank\" rel=\"noreferrer noopener\">3400485867539431<\/a><\/td><td class=\"has-text-align-center\" data-align=\"center\">07\/2018 &nbsp;&nbsp;\u26af&nbsp;&nbsp; 06\/2019<\/td><td class=\"has-text-align-center\" data-align=\"center\"><a href=\"https:\/\/doi.org\/10.1016\/j.jmaa.2020.124620\" target=\"_blank\" rel=\"noreferrer noopener\"><img loading=\"lazy\" decoding=\"async\" width=\"25\" height=\"25\" class=\"wp-image-287\" style=\"width: 25px;\" src=\"https:\/\/pos.uel.br\/matematica\/wp-content\/uploads\/2021\/09\/icon_publicacao.jpg\" alt=\"\" srcset=\"https:\/\/pos.uel.br\/matematica\/wp-content\/uploads\/2021\/09\/icon_publicacao.jpg 165w, https:\/\/pos.uel.br\/matematica\/wp-content\/uploads\/2021\/09\/icon_publicacao-150x150.jpg 150w\" sizes=\"auto, (max-width: 25px) 100vw, 25px\" \/><\/a> <a href=\"https:\/\/doi.org\/10.1002\/mana.201800546\" target=\"_blank\" rel=\"noreferrer noopener\"><img loading=\"lazy\" decoding=\"async\" width=\"25\" height=\"25\" class=\"wp-image-287\" style=\"width: 25px;\" src=\"https:\/\/pos.uel.br\/matematica\/wp-content\/uploads\/2021\/09\/icon_publicacao.jpg\" alt=\"\" srcset=\"https:\/\/pos.uel.br\/matematica\/wp-content\/uploads\/2021\/09\/icon_publicacao.jpg 165w, https:\/\/pos.uel.br\/matematica\/wp-content\/uploads\/2021\/09\/icon_publicacao-150x150.jpg 150w\" sizes=\"auto, (max-width: 25px) 100vw, 25px\" \/><\/a><\/td><\/tr><tr><td>Dr. Paulo S\u00e9rgio Marques do Santos<\/td><td class=\"has-text-align-center\" data-align=\"center\"><a href=\"http:\/\/lattes.cnpq.br\/9032198192954149\" target=\"_blank\" rel=\"noreferrer noopener\">9032198192954149<\/a><\/td><td class=\"has-text-align-center\" data-align=\"center\">07\/2018 &nbsp;&nbsp;\u26af&nbsp;&nbsp; 01\/2019<\/td><td class=\"has-text-align-center\" data-align=\"center\"><a href=\"https:\/\/doi.org\/10.1016\/j.amc.2019.124855\" target=\"_blank\" rel=\"noreferrer noopener\"><img loading=\"lazy\" decoding=\"async\" width=\"25\" height=\"25\" class=\"wp-image-287\" style=\"width: 25px;\" src=\"https:\/\/pos.uel.br\/matematica\/wp-content\/uploads\/2021\/09\/icon_publicacao.jpg\" alt=\"\" srcset=\"https:\/\/pos.uel.br\/matematica\/wp-content\/uploads\/2021\/09\/icon_publicacao.jpg 165w, https:\/\/pos.uel.br\/matematica\/wp-content\/uploads\/2021\/09\/icon_publicacao-150x150.jpg 150w\" sizes=\"auto, (max-width: 25px) 100vw, 25px\" \/><\/a><\/td><\/tr><tr><td>Dr. Arthur Henrique Caixeta<\/td><td class=\"has-text-align-center\" data-align=\"center\"><a href=\"http:\/\/lattes.cnpq.br\/5960314191976944\" target=\"_blank\" rel=\"noreferrer noopener\">5960314191976944<\/a><\/td><td class=\"has-text-align-center\" data-align=\"center\">06\/2016 &nbsp;&nbsp;\u26af&nbsp;&nbsp; 05\/2018<\/td><td class=\"has-text-align-center\" data-align=\"center\"><a href=\"https:\/\/doi.org\/10.1007\/s00033-018-0999-5\" target=\"_blank\" rel=\"noreferrer noopener\"><img loading=\"lazy\" decoding=\"async\" width=\"25\" height=\"25\" class=\"wp-image-287\" style=\"width: 25px;\" src=\"https:\/\/pos.uel.br\/matematica\/wp-content\/uploads\/2021\/09\/icon_publicacao.jpg\" alt=\"\" srcset=\"https:\/\/pos.uel.br\/matematica\/wp-content\/uploads\/2021\/09\/icon_publicacao.jpg 165w, https:\/\/pos.uel.br\/matematica\/wp-content\/uploads\/2021\/09\/icon_publicacao-150x150.jpg 150w\" sizes=\"auto, (max-width: 25px) 100vw, 25px\" \/><\/a> <a href=\"https:\/\/doi.org\/10.1007\/s00245-018-9544-3\" target=\"_blank\" rel=\"noreferrer noopener\"><img loading=\"lazy\" decoding=\"async\" width=\"25\" height=\"25\" class=\"wp-image-287\" style=\"width: 25px;\" src=\"https:\/\/pos.uel.br\/matematica\/wp-content\/uploads\/2021\/09\/icon_publicacao.jpg\" alt=\"\" srcset=\"https:\/\/pos.uel.br\/matematica\/wp-content\/uploads\/2021\/09\/icon_publicacao.jpg 165w, https:\/\/pos.uel.br\/matematica\/wp-content\/uploads\/2021\/09\/icon_publicacao-150x150.jpg 150w\" sizes=\"auto, (max-width: 25px) 100vw, 25px\" \/><\/a><\/td><\/tr><tr><td>Dr. Paulo Fernando Coimbra Tilles<\/td><td class=\"has-text-align-center\" data-align=\"center\"><a href=\"http:\/\/lattes.cnpq.br\/3841575142317908\" target=\"_blank\" rel=\"noreferrer noopener\">3841575142317908<\/a><\/td><td class=\"has-text-align-center\" data-align=\"center\">07\/2015 &nbsp;&nbsp;\u26af&nbsp;&nbsp; 05\/2016<\/td><td class=\"has-text-align-center\" data-align=\"center\"><a href=\"https:\/\/doi.org\/10.1038\/s41598-017-14511-9\" target=\"_blank\" rel=\"noreferrer noopener\"><img loading=\"lazy\" decoding=\"async\" width=\"25\" height=\"25\" class=\"wp-image-287\" style=\"width: 25px;\" src=\"https:\/\/pos.uel.br\/matematica\/wp-content\/uploads\/2021\/09\/icon_publicacao.jpg\" alt=\"\" srcset=\"https:\/\/pos.uel.br\/matematica\/wp-content\/uploads\/2021\/09\/icon_publicacao.jpg 165w, https:\/\/pos.uel.br\/matematica\/wp-content\/uploads\/2021\/09\/icon_publicacao-150x150.jpg 150w\" sizes=\"auto, (max-width: 25px) 100vw, 25px\" \/><\/a><\/td><\/tr><tr><td>Dr. Vando Narciso<\/td><td class=\"has-text-align-center\" data-align=\"center\"><a href=\"http:\/\/lattes.cnpq.br\/3038850246788286\" target=\"_blank\" rel=\"noreferrer noopener\">3038850246788286<\/a><\/td><td class=\"has-text-align-center\" data-align=\"center\">07\/2014 &nbsp;&nbsp;\u26af&nbsp;&nbsp; 06\/2015<\/td><td class=\"has-text-align-center\" data-align=\"center\"><a href=\"https:\/\/doi.org\/10.3934\/dcds.2016067\" target=\"_blank\" rel=\"noreferrer noopener\"><img loading=\"lazy\" decoding=\"async\" width=\"25\" height=\"25\" class=\"wp-image-287\" style=\"width: 25px;\" src=\"https:\/\/pos.uel.br\/matematica\/wp-content\/uploads\/2021\/09\/icon_publicacao.jpg\" alt=\"\" srcset=\"https:\/\/pos.uel.br\/matematica\/wp-content\/uploads\/2021\/09\/icon_publicacao.jpg 165w, https:\/\/pos.uel.br\/matematica\/wp-content\/uploads\/2021\/09\/icon_publicacao-150x150.jpg 150w\" sizes=\"auto, (max-width: 25px) 100vw, 25px\" \/><\/a> <a href=\"https:\/\/doi.org\/10.3934\/dcds.2015.35.985\" target=\"_blank\" rel=\"noreferrer noopener\"><img loading=\"lazy\" decoding=\"async\" width=\"25\" height=\"25\" class=\"wp-image-287\" style=\"width: 25px;\" src=\"https:\/\/pos.uel.br\/matematica\/wp-content\/uploads\/2021\/09\/icon_publicacao.jpg\" alt=\"\" srcset=\"https:\/\/pos.uel.br\/matematica\/wp-content\/uploads\/2021\/09\/icon_publicacao.jpg 165w, https:\/\/pos.uel.br\/matematica\/wp-content\/uploads\/2021\/09\/icon_publicacao-150x150.jpg 150w\" sizes=\"auto, (max-width: 25px) 100vw, 25px\" \/><\/a><\/td><\/tr><\/tbody><\/table><\/figure>\n","protected":false},"excerpt":{"rendered":"<p>Abaixo segue a rela\u00e7\u00e3o de p\u00f3s doutorandos que desenvolveram\/desenvolvem projetos com o PGMAC, e suas publica\u00e7\u00f5es. Nome ID Lattes Per\u00edodo Publica\u00e7\u00e3o Dr. R\u00f4mulo Damasclin Chaves dos Santos 5416661457556148 05\/2021 &nbsp;&nbsp;\u26af&nbsp;&nbsp;05\/2022 Dr. Eduardo Henrique Gomes Tavares 7950206051624317 04\/2021 &nbsp;&nbsp;\u26af&nbsp;&nbsp;03\/2022 Dr. Roberto Pettres 3539807164026550 04\/2020 &nbsp;&nbsp;\u26af&nbsp;&nbsp; 04\/2021 Dr. Rafael Borro Gonzalez 3767824433883677 03\/2019 &nbsp;&nbsp;\u26af&nbsp;&nbsp; 02\/2020 Dr\u00aa. Camila [&hellip;]<\/p>\n","protected":false},"author":8,"featured_media":0,"parent":0,"menu_order":0,"comment_status":"closed","ping_status":"closed","template":"","meta":{"footnotes":""},"class_list":["post-113","page","type-page","status-publish","hentry"],"_links":{"self":[{"href":"https:\/\/pos.uel.br\/matematica\/wp-json\/wp\/v2\/pages\/113","targetHints":{"allow":["GET"]}}],"collection":[{"href":"https:\/\/pos.uel.br\/matematica\/wp-json\/wp\/v2\/pages"}],"about":[{"href":"https:\/\/pos.uel.br\/matematica\/wp-json\/wp\/v2\/types\/page"}],"author":[{"embeddable":true,"href":"https:\/\/pos.uel.br\/matematica\/wp-json\/wp\/v2\/users\/8"}],"replies":[{"embeddable":true,"href":"https:\/\/pos.uel.br\/matematica\/wp-json\/wp\/v2\/comments?post=113"}],"version-history":[{"count":12,"href":"https:\/\/pos.uel.br\/matematica\/wp-json\/wp\/v2\/pages\/113\/revisions"}],"predecessor-version":[{"id":335,"href":"https:\/\/pos.uel.br\/matematica\/wp-json\/wp\/v2\/pages\/113\/revisions\/335"}],"wp:attachment":[{"href":"https:\/\/pos.uel.br\/matematica\/wp-json\/wp\/v2\/media?parent=113"}],"curies":[{"name":"wp","href":"https:\/\/api.w.org\/{rel}","templated":true}]}}