{"id":112,"date":"2021-08-30T14:55:26","date_gmt":"2021-08-30T17:55:26","guid":{"rendered":"https:\/\/pos.uel.br\/matematica\/?page_id=112"},"modified":"2021-11-04T08:35:48","modified_gmt":"2021-11-04T11:35:48","slug":"egressos","status":"publish","type":"page","link":"https:\/\/pos.uel.br\/matematica\/egressos\/","title":{"rendered":"Egressos"},"content":{"rendered":"\n<p>Abaixo segue a rela\u00e7\u00e3o dos egressos do programa (a partir da data de matr\u00edcula) desde o in\u00edcio de suas atividades em 2007.<\/p>\n\n\n\n<div style=\"height:50px\" aria-hidden=\"true\" class=\"wp-block-spacer\"><\/div>\n\n\n\n<figure class=\"wp-block-table\"><table><tbody><tr><td class=\"has-text-align-center\" data-align=\"center\"><strong><span class=\"has-inline-color has-primary-accent-color\">2019<\/span><\/strong><\/td><\/tr><\/tbody><\/table><\/figure>\n\n\n\n<figure class=\"wp-block-table is-style-stripes\"><table class=\"has-fixed-layout\"><tbody><tr><td><strong>Nome<\/strong><\/td><td class=\"has-text-align-center\" data-align=\"center\"><strong>ID Lattes<\/strong><\/td><\/tr><tr><td>Andina Alay Lerma<\/td><td class=\"has-text-align-center\" data-align=\"center\"><a href=\"http:\/\/lattes.cnpq.br\/2743716242194958\" target=\"_blank\" rel=\"noreferrer noopener\">2743716242194958<\/a><\/td><\/tr><\/tbody><\/table><\/figure>\n\n\n\n<figure class=\"wp-block-table\"><table><tbody><tr><td class=\"has-text-align-center\" data-align=\"center\"><strong><span class=\"has-inline-color has-primary-accent-color\">2018<\/span><\/strong><\/td><\/tr><\/tbody><\/table><\/figure>\n\n\n\n<figure class=\"wp-block-table is-style-stripes\"><table class=\"has-fixed-layout\"><tbody><tr><td><strong>Nome<\/strong><\/td><td class=\"has-text-align-center\" data-align=\"center\"><strong>ID Lattes<\/strong><\/td><\/tr><tr><td>Eduardo de Oliveira Belinelli<\/td><td class=\"has-text-align-center\" data-align=\"center\"><a href=\"http:\/\/lattes.cnpq.br\/7765410891571937\">7765410891571937<\/a><\/td><\/tr><tr><td>Gabriel Eduardo Bittencourt Moraes<\/td><td class=\"has-text-align-center\" data-align=\"center\"><a href=\"http:\/\/lattes.cnpq.br\/9321690249922763\" target=\"_blank\" rel=\"noreferrer noopener\">9321690249922763<\/a><\/td><\/tr><tr><td>Jesika Maganin<\/td><td class=\"has-text-align-center\" data-align=\"center\"><a href=\"http:\/\/lattes.cnpq.br\/3679804525555664\" target=\"_blank\" rel=\"noreferrer noopener\">3679804525555664<\/a><\/td><\/tr><tr><td>Lucas Moreno Luna<\/td><td class=\"has-text-align-center\" data-align=\"center\"><a href=\"http:\/\/lattes.cnpq.br\/6660921996030056\" target=\"_blank\" rel=\"noreferrer noopener\">6660921996030056<\/a><\/td><\/tr><tr><td>Rom\u00e1rio Tomilhero Frias<\/td><td class=\"has-text-align-center\" data-align=\"center\"><a href=\"http:\/\/lattes.cnpq.br\/6434253878876498\" target=\"_blank\" rel=\"noreferrer noopener\">6434253878876498<\/a><\/td><\/tr><tr><td>Samuel Jungles de Camargo<\/td><td class=\"has-text-align-center\" data-align=\"center\"><a href=\"http:\/\/lattes.cnpq.br\/2144322532958534\" target=\"_blank\" rel=\"noreferrer noopener\">2144322532958534<\/a><\/td><\/tr><tr><td>Thiago Ferreira de Oliveira<\/td><td class=\"has-text-align-center\" data-align=\"center\"><a href=\"http:\/\/lattes.cnpq.br\/3964637017624549\" target=\"_blank\" rel=\"noreferrer noopener\">3964637017624549<\/a><\/td><\/tr><tr><td>Valdecir de Oliveira Teixeira<\/td><td class=\"has-text-align-center\" data-align=\"center\"><a href=\"http:\/\/lattes.cnpq.br\/6236603516404642\" target=\"_blank\" rel=\"noreferrer noopener\">6236603516404642<\/a><\/td><\/tr><\/tbody><\/table><\/figure>\n\n\n\n<figure class=\"wp-block-table\"><table><tbody><tr><td class=\"has-text-align-center\" data-align=\"center\"><strong><span class=\"has-inline-color has-primary-accent-color\">2017<\/span><\/strong><\/td><\/tr><\/tbody><\/table><\/figure>\n\n\n\n<figure class=\"wp-block-table is-style-stripes\"><table class=\"has-fixed-layout\"><tbody><tr><td><strong>Nome<\/strong><\/td><td class=\"has-text-align-center\" data-align=\"center\"><strong>ID Lattes<\/strong><\/td><\/tr><tr><td>Anderson In\u00e1cio Salata De Abreu<\/td><td class=\"has-text-align-center\" data-align=\"center\"><a href=\"http:\/\/lattes.cnpq.br\/4536549516544588\">4536549516544588<\/a><\/td><\/tr><tr><td>Guilherme De Martini<\/td><td class=\"has-text-align-center\" data-align=\"center\"><a href=\"http:\/\/lattes.cnpq.br\/1298655703176790\" target=\"_blank\" rel=\"noreferrer noopener\">1298655703176790<\/a><\/td><\/tr><tr><td>Julio Cesar Coelho<\/td><td class=\"has-text-align-center\" data-align=\"center\"><a href=\"http:\/\/lattes.cnpq.br\/7097931705829069\" target=\"_blank\" rel=\"noreferrer noopener\">7097931705829069<\/a><\/td><\/tr><tr><td>Matheus Henrique Pimenta Zanon<\/td><td class=\"has-text-align-center\" data-align=\"center\"><a href=\"http:\/\/lattes.cnpq.br\/4000443883671871\" target=\"_blank\" rel=\"noreferrer noopener\">4000443883671871<\/a><\/td><\/tr><tr><td>Sandro Bernardes Pinheiro<\/td><td class=\"has-text-align-center\" data-align=\"center\"><a href=\"http:\/\/lattes.cnpq.br\/9452651064189006\" target=\"_blank\" rel=\"noreferrer noopener\">9452651064189006<\/a><\/td><\/tr><tr><td>Saulo Rodrigo Medrado<\/td><td class=\"has-text-align-center\" data-align=\"center\"><a rel=\"noreferrer noopener\" href=\"http:\/\/lattes.cnpq.br\/2144322532958534\" target=\"_blank\">9849956503920571<\/a><\/td><\/tr><\/tbody><\/table><\/figure>\n\n\n\n<figure class=\"wp-block-table\"><table><tbody><tr><td class=\"has-text-align-center\" data-align=\"center\"><strong><span class=\"has-inline-color has-primary-accent-color\">2016<\/span><\/strong><\/td><\/tr><\/tbody><\/table><\/figure>\n\n\n\n<figure class=\"wp-block-table is-style-stripes\"><table class=\"has-fixed-layout\"><tbody><tr><td><strong>Nome<\/strong><\/td><td class=\"has-text-align-center\" data-align=\"center\"><strong>ID Lattes<\/strong><\/td><\/tr><tr><td>Bruna Thais Silva Sozzo<\/td><td class=\"has-text-align-center\" data-align=\"center\"><a href=\"http:\/\/lattes.cnpq.br\/9429422942188419\" target=\"_blank\" rel=\"noreferrer noopener\">9429422942188419<\/a><\/td><\/tr><tr><td>Elias Borges da Silva<\/td><td class=\"has-text-align-center\" data-align=\"center\"><a href=\"http:\/\/lattes.cnpq.br\/7481894133549945\" target=\"_blank\" rel=\"noreferrer noopener\">7481894133549945<\/a><\/td><\/tr><tr><td>Elizangela Mendes Pereira<\/td><td class=\"has-text-align-center\" data-align=\"center\"><a href=\"http:\/\/lattes.cnpq.br\/9185058513743740\" target=\"_blank\" rel=\"noreferrer noopener\">9185058513743740<\/a><\/td><\/tr><tr><td>John Jairo Quiroga Orozco<\/td><td class=\"has-text-align-center\" data-align=\"center\"><a href=\"https:\/\/scienti.minciencias.gov.co\/cvlac\/visualizador\/generarCurriculoCv.do?cod_rh=0001640723\" target=\"_blank\" rel=\"noreferrer noopener\">0001640723<\/a><\/td><\/tr><tr><td>Juniormar Organista<\/td><td class=\"has-text-align-center\" data-align=\"center\"><a href=\"http:\/\/lattes.cnpq.br\/1314750070962728\" target=\"_blank\" rel=\"noreferrer noopener\">1314750070962728<\/a><\/td><\/tr><tr><td>Kariston Stevan Luiz<\/td><td class=\"has-text-align-center\" data-align=\"center\"><a href=\"http:\/\/lattes.cnpq.br\/9692130867252699\" target=\"_blank\" rel=\"noreferrer noopener\">9692130867252699<\/a><\/td><\/tr><tr><td>Lucas Iran da Cruz Cavalcante<\/td><td class=\"has-text-align-center\" data-align=\"center\"><a href=\"http:\/\/lattes.cnpq.br\/8957942644416005\" target=\"_blank\" rel=\"noreferrer noopener\">8957942644416005<\/a><\/td><\/tr><tr><td>Suellen Aparecida Greatti Vieira<\/td><td class=\"has-text-align-center\" data-align=\"center\"><a href=\"http:\/\/lattes.cnpq.br\/1051814577700482\" target=\"_blank\" rel=\"noreferrer noopener\">1051814577700482<\/a><\/td><\/tr><tr><td>Tha\u00eds Guinami Pereira Alves<\/td><td class=\"has-text-align-center\" data-align=\"center\"><a href=\"http:\/\/lattes.cnpq.br\/6396226862549716\" target=\"_blank\" rel=\"noreferrer noopener\">6396226862549716<\/a><\/td><\/tr><tr><td>Weberty Domingos Silva<\/td><td class=\"has-text-align-center\" data-align=\"center\"><a href=\"http:\/\/lattes.cnpq.br\/2593216991129449\" target=\"_blank\" rel=\"noreferrer noopener\">2593216991129449<\/a><\/td><\/tr><\/tbody><\/table><\/figure>\n\n\n\n<figure class=\"wp-block-table\"><table><tbody><tr><td class=\"has-text-align-center\" data-align=\"center\"><strong><span class=\"has-inline-color has-primary-accent-color\">2015<\/span><\/strong><\/td><\/tr><\/tbody><\/table><\/figure>\n\n\n\n<figure class=\"wp-block-table is-style-stripes\"><table class=\"has-fixed-layout\"><tbody><tr><td><strong>Nome<\/strong><\/td><td class=\"has-text-align-center\" data-align=\"center\"><strong>ID Lattes<\/strong><\/td><\/tr><tr><td>Camila Hiromi Tamura<\/td><td class=\"has-text-align-center\" data-align=\"center\"><a href=\"http:\/\/lattes.cnpq.br\/9333593634655954\" target=\"_blank\" rel=\"noreferrer noopener\">9333593634655954<\/a><\/td><\/tr><tr><td>Tadasi Matsubara Junior<\/td><td class=\"has-text-align-center\" data-align=\"center\"><a href=\"http:\/\/lattes.cnpq.br\/2405840713018115\" target=\"_blank\" rel=\"noreferrer noopener\">2405840713018115<\/a><\/td><\/tr><tr><td>Tatiana Mari Saita<\/td><td class=\"has-text-align-center\" data-align=\"center\"><a href=\"http:\/\/lattes.cnpq.br\/7041016470637253\" target=\"_blank\" rel=\"noreferrer noopener\">7041016470637253<\/a><\/td><\/tr><\/tbody><\/table><\/figure>\n\n\n\n<figure class=\"wp-block-table\"><table><tbody><tr><td class=\"has-text-align-center\" data-align=\"center\"><strong><span class=\"has-inline-color has-primary-accent-color\">2014<\/span><\/strong><\/td><\/tr><\/tbody><\/table><\/figure>\n\n\n\n<figure class=\"wp-block-table is-style-stripes\"><table class=\"has-fixed-layout\"><tbody><tr><td><strong>Nome<\/strong><\/td><td class=\"has-text-align-center\" data-align=\"center\"><strong>ID Lattes<\/strong><\/td><\/tr><tr><td>Adriano Matheus Targino de Azevedo<\/td><td class=\"has-text-align-center\" data-align=\"center\"><a href=\"http:\/\/lattes.cnpq.br\/1694554095305248\" target=\"_blank\" rel=\"noreferrer noopener\">1694554095305248<\/a><\/td><\/tr><tr><td>Carlos Eduardo Miranda<\/td><td class=\"has-text-align-center\" data-align=\"center\"><a href=\"http:\/\/lattes.cnpq.br\/7940943315312452\" target=\"_blank\" rel=\"noreferrer noopener\">7940943315312452<\/a><\/td><\/tr><tr><td>Cleiton Luiz de Souza<\/td><td class=\"has-text-align-center\" data-align=\"center\"><a href=\"http:\/\/lattes.cnpq.br\/0282211609384725\" target=\"_blank\" rel=\"noreferrer noopener\">0282211609384725<\/a><\/td><\/tr><tr><td>Eduardo Henrique Gomes Tavares<\/td><td class=\"has-text-align-center\" data-align=\"center\"><a href=\"http:\/\/lattes.cnpq.br\/7950206051624317\" target=\"_blank\" rel=\"noreferrer noopener\">7950206051624317<\/a><\/td><\/tr><tr><td>Eiji Renan Takahashi<\/td><td class=\"has-text-align-center\" data-align=\"center\"><a href=\"http:\/\/lattes.cnpq.br\/4697569768706534\" target=\"_blank\" rel=\"noreferrer noopener\">4697569768706534<\/a><\/td><\/tr><tr><td>Osvaldo Inarejos Filho<\/td><td class=\"has-text-align-center\" data-align=\"center\"><a href=\"http:\/\/lattes.cnpq.br\/0383741804298780\" target=\"_blank\" rel=\"noreferrer noopener\">0383741804298780<\/a><\/td><\/tr><tr><td>Robson Gaebler (in memoriam)<\/td><td class=\"has-text-align-center\" data-align=\"center\"><a href=\"http:\/\/lattes.cnpq.br\/8227252689044047\" target=\"_blank\" rel=\"noreferrer noopener\">8227252689044047<\/a><\/td><\/tr><tr><td>Ta\u00eds de Oliveira Saito<\/td><td class=\"has-text-align-center\" data-align=\"center\"><a href=\"http:\/\/lattes.cnpq.br\/2452460385993015\" target=\"_blank\" rel=\"noreferrer noopener\">2452460385993015<\/a><\/td><\/tr><\/tbody><\/table><\/figure>\n\n\n\n<figure class=\"wp-block-table\"><table><tbody><tr><td class=\"has-text-align-center\" data-align=\"center\"><strong><span class=\"has-inline-color has-primary-accent-color\">2013<\/span><\/strong><\/td><\/tr><\/tbody><\/table><\/figure>\n\n\n\n<figure class=\"wp-block-table is-style-stripes\"><table class=\"has-fixed-layout\"><tbody><tr><td><strong>Nome<\/strong><\/td><td class=\"has-text-align-center\" data-align=\"center\"><strong> <\/strong><\/td><\/tr><tr><td>Alessandra Negrini Dalla Barba<\/td><td class=\"has-text-align-center\" data-align=\"center\"><\/td><\/tr><tr><td>Altair Santos de Oliveira Tosti<\/td><td class=\"has-text-align-center\" data-align=\"center\"><\/td><\/tr><tr><td>Erasmo Almeida<\/td><td class=\"has-text-align-center\" data-align=\"center\"><\/td><\/tr><tr><td>Gizelli Renata Mendes Canuto Lemos<\/td><td class=\"has-text-align-center\" data-align=\"center\"><\/td><\/tr><tr><td>Luiz Gustavo Soares da Silva<\/td><td class=\"has-text-align-center\" data-align=\"center\"><\/td><\/tr><tr><td>Pedro Roberto de Lima<\/td><td class=\"has-text-align-center\" data-align=\"center\"><\/td><\/tr><tr><td>Maur\u00edcio Barbosa da Silva<\/td><td class=\"has-text-align-center\" data-align=\"center\"><\/td><\/tr><tr><td>Eduardo Aparecido da Rosa Neto<\/td><td class=\"has-text-align-center\" data-align=\"center\"><\/td><\/tr><\/tbody><\/table><\/figure>\n\n\n\n<figure class=\"wp-block-table\"><table><tbody><tr><td class=\"has-text-align-center\" data-align=\"center\"><strong><span class=\"has-inline-color has-primary-accent-color\">2012<\/span><\/strong><\/td><\/tr><\/tbody><\/table><\/figure>\n\n\n\n<figure class=\"wp-block-table is-style-stripes\"><table class=\"has-fixed-layout\"><tbody><tr><td><strong>Nome<\/strong><\/td><td class=\"has-text-align-center\" data-align=\"center\"><strong> <\/strong><\/td><\/tr><tr><td>Caroline Dall\u2019Agnol<\/td><td class=\"has-text-align-center\" data-align=\"center\"><\/td><\/tr><tr><td>Junior Francisco Dias<\/td><td class=\"has-text-align-center\" data-align=\"center\"><\/td><\/tr><tr><td>Rodrigo Capobianco<\/td><td class=\"has-text-align-center\" data-align=\"center\"><\/td><\/tr><\/tbody><\/table><\/figure>\n\n\n\n<figure class=\"wp-block-table\"><table><tbody><tr><td class=\"has-text-align-center\" data-align=\"center\"><strong><span class=\"has-inline-color has-primary-accent-color\">2011<\/span><\/strong><\/td><\/tr><\/tbody><\/table><\/figure>\n\n\n\n<figure class=\"wp-block-table is-style-stripes\"><table class=\"has-fixed-layout\"><tbody><tr><td><strong>Nome<\/strong><\/td><td class=\"has-text-align-center\" data-align=\"center\"><strong> <\/strong><\/td><\/tr><tr><td>Adriano Gomes de Santana<\/td><td class=\"has-text-align-center\" data-align=\"center\"><\/td><\/tr><tr><td>Cl\u00e1udia Brunosi de Medeiros<\/td><td class=\"has-text-align-center\" data-align=\"center\"><\/td><\/tr><tr><td>Giuliane Hermana Zanella de Ara\u00fajo<\/td><td class=\"has-text-align-center\" data-align=\"center\"><\/td><\/tr><tr><td>Rafael Prado da Silva<\/td><td class=\"has-text-align-center\" data-align=\"center\"><\/td><\/tr><tr><td>Rodrigo Vin\u00edcius da Costa<\/td><td class=\"has-text-align-center\" data-align=\"center\"><\/td><\/tr><tr><td>Valter Henrique Biscaro Raposo<\/td><td class=\"has-text-align-center\" data-align=\"center\"><\/td><\/tr><\/tbody><\/table><\/figure>\n\n\n\n<figure class=\"wp-block-table\"><table><tbody><tr><td class=\"has-text-align-center\" data-align=\"center\"><strong><span class=\"has-inline-color has-primary-accent-color\">2010<\/span><\/strong><\/td><\/tr><\/tbody><\/table><\/figure>\n\n\n\n<figure class=\"wp-block-table is-style-stripes\"><table class=\"has-fixed-layout\"><tbody><tr><td><strong>Nome<\/strong><\/td><td class=\"has-text-align-center\" data-align=\"center\"><strong> <\/strong><\/td><\/tr><tr><td>Camila Le\u00e3o Cardozo<\/td><td class=\"has-text-align-center\" data-align=\"center\"><\/td><\/tr><tr><td>Cibele Aparecida Ladeia<\/td><td class=\"has-text-align-center\" data-align=\"center\"><\/td><\/tr><\/tbody><\/table><\/figure>\n\n\n\n<figure class=\"wp-block-table\"><table><tbody><tr><td class=\"has-text-align-center\" data-align=\"center\"><strong><span class=\"has-inline-color has-primary-accent-color\">2009<\/span><\/strong><\/td><\/tr><\/tbody><\/table><\/figure>\n\n\n\n<figure class=\"wp-block-table is-style-stripes\"><table class=\"has-fixed-layout\"><tbody><tr><td><strong>Nome<\/strong><\/td><td class=\"has-text-align-center\" data-align=\"center\"><strong> <\/strong><\/td><\/tr><tr><td>Daniela Maria Grande Vicente<\/td><td class=\"has-text-align-center\" data-align=\"center\"><\/td><\/tr><tr><td>Geovani Nunes Grapiglia<\/td><td class=\"has-text-align-center\" data-align=\"center\"><\/td><\/tr><tr><td>Poliane Cristina de Farias<\/td><td class=\"has-text-align-center\" data-align=\"center\"><\/td><\/tr><tr><td>Renata Mascari<\/td><td class=\"has-text-align-center\" data-align=\"center\"><\/td><\/tr><tr><td>Rodrigo Nunes Monteiro<\/td><td class=\"has-text-align-center\" data-align=\"center\"><\/td><\/tr><\/tbody><\/table><\/figure>\n\n\n\n<figure class=\"wp-block-table\"><table><tbody><tr><td class=\"has-text-align-center\" data-align=\"center\"><strong><span class=\"has-inline-color has-primary-accent-color\">2008<\/span><\/strong><\/td><\/tr><\/tbody><\/table><\/figure>\n\n\n\n<figure class=\"wp-block-table is-style-stripes\"><table class=\"has-fixed-layout\"><tbody><tr><td><strong>Nome<\/strong><\/td><td class=\"has-text-align-center\" data-align=\"center\"><strong> <\/strong><\/td><\/tr><tr><td>Carolina Lupifierio Ant\u00f4nio<\/td><td class=\"has-text-align-center\" data-align=\"center\"><\/td><\/tr><tr><td>Everton Pereira da Cruz<\/td><td class=\"has-text-align-center\" data-align=\"center\"><\/td><\/tr><tr><td>Rafael Massambone Oliveira<\/td><td class=\"has-text-align-center\" data-align=\"center\"><\/td><\/tr><tr><td>Vin\u00edcius Ara\u00fajo Peralta<\/td><td class=\"has-text-align-center\" data-align=\"center\"><\/td><\/tr><\/tbody><\/table><\/figure>\n\n\n\n<figure class=\"wp-block-table\"><table><tbody><tr><td class=\"has-text-align-center\" data-align=\"center\"><strong><span class=\"has-inline-color has-primary-accent-color\">2007<\/span><\/strong><\/td><\/tr><\/tbody><\/table><\/figure>\n\n\n\n<figure class=\"wp-block-table is-style-stripes\"><table class=\"has-fixed-layout\"><tbody><tr><td><strong>Nome<\/strong><\/td><td class=\"has-text-align-center\" data-align=\"center\"><strong> <\/strong><\/td><\/tr><tr><td>Alex Sandro Castilho<\/td><td class=\"has-text-align-center\" data-align=\"center\"><\/td><\/tr><tr><td>Michelle Andrade Klaiber<\/td><td class=\"has-text-align-center\" data-align=\"center\"><\/td><\/tr><tr><td>Stela Angelozi Leite<\/td><td class=\"has-text-align-center\" data-align=\"center\"><\/td><\/tr><tr><td>Suellen Ribeiro Pardo<\/td><td class=\"has-text-align-center\" data-align=\"center\"><\/td><\/tr><tr><td>Thiago de Souza Pint<\/td><td class=\"has-text-align-center\" data-align=\"center\"><\/td><\/tr><\/tbody><\/table><\/figure>\n\n\n\n<p><\/p>\n","protected":false},"excerpt":{"rendered":"<p>Abaixo segue a rela\u00e7\u00e3o dos egressos do programa (a partir da data de matr\u00edcula) desde o in\u00edcio de suas atividades em 2007. 2019 Nome ID Lattes Andina Alay Lerma 2743716242194958 2018 Nome ID Lattes Eduardo de Oliveira Belinelli 7765410891571937 Gabriel Eduardo Bittencourt Moraes 9321690249922763 Jesika Maganin 3679804525555664 Lucas Moreno Luna 6660921996030056 Rom\u00e1rio Tomilhero Frias 6434253878876498 [&hellip;]<\/p>\n","protected":false},"author":8,"featured_media":0,"parent":0,"menu_order":0,"comment_status":"closed","ping_status":"closed","template":"","meta":{"footnotes":""},"class_list":["post-112","page","type-page","status-publish","hentry"],"_links":{"self":[{"href":"https:\/\/pos.uel.br\/matematica\/wp-json\/wp\/v2\/pages\/112","targetHints":{"allow":["GET"]}}],"collection":[{"href":"https:\/\/pos.uel.br\/matematica\/wp-json\/wp\/v2\/pages"}],"about":[{"href":"https:\/\/pos.uel.br\/matematica\/wp-json\/wp\/v2\/types\/page"}],"author":[{"embeddable":true,"href":"https:\/\/pos.uel.br\/matematica\/wp-json\/wp\/v2\/users\/8"}],"replies":[{"embeddable":true,"href":"https:\/\/pos.uel.br\/matematica\/wp-json\/wp\/v2\/comments?post=112"}],"version-history":[{"count":14,"href":"https:\/\/pos.uel.br\/matematica\/wp-json\/wp\/v2\/pages\/112\/revisions"}],"predecessor-version":[{"id":358,"href":"https:\/\/pos.uel.br\/matematica\/wp-json\/wp\/v2\/pages\/112\/revisions\/358"}],"wp:attachment":[{"href":"https:\/\/pos.uel.br\/matematica\/wp-json\/wp\/v2\/media?parent=112"}],"curies":[{"name":"wp","href":"https:\/\/api.w.org\/{rel}","templated":true}]}}