{"id":111,"date":"2021-08-30T14:55:26","date_gmt":"2021-08-30T17:55:26","guid":{"rendered":"https:\/\/pos.uel.br\/matematica\/?page_id=111"},"modified":"2021-09-09T09:47:55","modified_gmt":"2021-09-09T12:47:55","slug":"discentes","status":"publish","type":"page","link":"https:\/\/pos.uel.br\/matematica\/discentes\/","title":{"rendered":"Discentes"},"content":{"rendered":"\n<p>Abaixo segue a rela\u00e7\u00e3o dos alunos matriculados no programa com base no ano de matr\u00edcula.<\/p>\n\n\n\n<div style=\"height:50px\" aria-hidden=\"true\" class=\"wp-block-spacer\"><\/div>\n\n\n\n<figure class=\"wp-block-table\"><table><tbody><tr><td class=\"has-text-align-center\" data-align=\"center\"><strong><span class=\"has-inline-color has-primary-accent-color\">2021<\/span><\/strong><\/td><\/tr><\/tbody><\/table><\/figure>\n\n\n\n<figure class=\"wp-block-table is-style-stripes\"><table><tbody><tr><td><strong>Nome<\/strong><\/td><td class=\"has-text-align-center\" data-align=\"center\"><strong>ID Lattes<\/strong><\/td><\/tr><tr><td>Beatriz signori lonardoni<\/td><td class=\"has-text-align-center\" data-align=\"center\"><a href=\"http:\/\/lattes.cnpq.br\/1855432824017862\" target=\"_blank\" rel=\"noreferrer noopener\">1855432824017862<\/a><\/td><\/tr><tr><td>Bernardo Abreu da Cruz<\/td><td class=\"has-text-align-center\" data-align=\"center\"><a href=\"http:\/\/lattes.cnpq.br\/7135005471639449\" target=\"_blank\" rel=\"noreferrer noopener\">7135005471639449<\/a><\/td><\/tr><tr><td>Bruno Edson dos Santos<\/td><td class=\"has-text-align-center\" data-align=\"center\"><a href=\"http:\/\/lattes.cnpq.br\/7848383301655003\" target=\"_blank\" rel=\"noreferrer noopener\">7848383301655003<\/a><\/td><\/tr><tr><td>Gabriel Henrique Silveira Parizoto<\/td><td class=\"has-text-align-center\" data-align=\"center\"><a href=\"http:\/\/lattes.cnpq.br\/7560982129816914\" target=\"_blank\" rel=\"noreferrer noopener\">7560982129816914<\/a><\/td><\/tr><tr><td>Jo\u00e3o Debastiani Neto<\/td><td class=\"has-text-align-center\" data-align=\"center\"><a href=\"http:\/\/lattes.cnpq.br\/6106921514023734\" target=\"_blank\" rel=\"noreferrer noopener\">6106921514023734<\/a><\/td><\/tr><tr><td>Jos\u00e9 Carlos Figueiredo Junior<\/td><td class=\"has-text-align-center\" data-align=\"center\"><a href=\"http:\/\/lattes.cnpq.br\/0887056916976381\" target=\"_blank\" rel=\"noreferrer noopener\">0887056916976381<\/a><\/td><\/tr><tr><td>Luan Carlos Lins Trannin<\/td><td class=\"has-text-align-center\" data-align=\"center\"><a href=\"http:\/\/lattes.cnpq.br\/7649051159778236\" target=\"_blank\" rel=\"noreferrer noopener\">7649051159778236<\/a><\/td><\/tr><tr><td>Mariana Evangelista Nunes<\/td><td class=\"has-text-align-center\" data-align=\"center\"><a href=\"http:\/\/lattes.cnpq.br\/7821596251248260\" target=\"_blank\" rel=\"noreferrer noopener\">7821596251248260<\/a><\/td><\/tr><tr><td>Maycon Odailson dos Santos da Fonseca<\/td><td class=\"has-text-align-center\" data-align=\"center\"><a href=\"http:\/\/lattes.cnpq.br\/2362551976366832\" target=\"_blank\" rel=\"noreferrer noopener\">2362551976366832<\/a><\/td><\/tr><tr><td>Paulo Fernando Mercadante Damazio<\/td><td class=\"has-text-align-center\" data-align=\"center\"><a href=\"http:\/\/lattes.cnpq.br\/0990074608708587\" target=\"_blank\" rel=\"noreferrer noopener\">0990074608708587<\/a><\/td><\/tr><\/tbody><\/table><\/figure>\n\n\n\n<figure class=\"wp-block-table\"><table><tbody><tr><td class=\"has-text-align-center\" data-align=\"center\"><strong><span class=\"has-inline-color has-primary-accent-color\">2020<\/span><\/strong><\/td><\/tr><\/tbody><\/table><\/figure>\n\n\n\n<figure class=\"wp-block-table is-style-stripes\"><table><tbody><tr><td><strong>Nome<\/strong><\/td><td class=\"has-text-align-center\" data-align=\"center\"><strong>ID<\/strong> <strong>Lattes<\/strong><\/td><\/tr><tr><td>Elvis Feruti Avelino<\/td><td class=\"has-text-align-center\" data-align=\"center\"><a href=\"http:\/\/lattes.cnpq.br\/7306155039894196\" target=\"_blank\" rel=\"noreferrer noopener\">7306155039894196<\/a><\/td><\/tr><tr><td>Felinto Junior Da Costa<\/td><td class=\"has-text-align-center\" data-align=\"center\"><a href=\"http:\/\/lattes.cnpq.br\/9334496307954028\" target=\"_blank\" rel=\"noreferrer noopener\">9334496307954028<\/a><\/td><\/tr><tr><td>Maria Natalia Rodrigues Gutierrez<\/td><td class=\"has-text-align-center\" data-align=\"center\"><a href=\"http:\/\/lattes.cnpq.br\/7534110547942938\" target=\"_blank\" rel=\"noreferrer noopener\">7534110547942938<\/a><\/td><\/tr><tr><td>Rafaela Diogo Hrescak Crespim<\/td><td class=\"has-text-align-center\" data-align=\"center\"><a href=\"http:\/\/lattes.cnpq.br\/5420559412870206\" target=\"_blank\" rel=\"noreferrer noopener\">5420559412870206<\/a><\/td><\/tr><\/tbody><\/table><\/figure>\n\n\n\n<figure class=\"wp-block-table\"><table><tbody><tr><td class=\"has-text-align-center\" data-align=\"center\"><strong><span class=\"has-inline-color has-primary-accent-color\">2019<\/span><\/strong><\/td><\/tr><\/tbody><\/table><\/figure>\n\n\n\n<figure class=\"wp-block-table is-style-stripes\"><table><tbody><tr><td><strong>Nome<\/strong><\/td><td class=\"has-text-align-center\" data-align=\"center\"><strong>ID Lattes<\/strong><\/td><\/tr><tr><td>Jo\u00e3o Paulo da Silva<\/td><td class=\"has-text-align-center\" data-align=\"center\"><a href=\"http:\/\/lattes.cnpq.br\/7332580318120508\" target=\"_blank\" rel=\"noreferrer noopener\">7332580318120508<\/a><\/td><\/tr><tr><td>Juliana Pereira<\/td><td class=\"has-text-align-center\" data-align=\"center\"><a href=\"http:\/\/lattes.cnpq.br\/7381091157133506\" target=\"_blank\" rel=\"noreferrer noopener\">7381091157133506<\/a><\/td><\/tr><tr><td>Laryssa Ribeiro Calcagnoto<\/td><td class=\"has-text-align-center\" data-align=\"center\"><a href=\"http:\/\/lattes.cnpq.br\/6153437988532033\" target=\"_blank\" rel=\"noreferrer noopener\">6153437988532033<\/a><\/td><\/tr><tr><td>Mara Caroline Torres dos Santos<\/td><td class=\"has-text-align-center\" data-align=\"center\"><a href=\"http:\/\/lattes.cnpq.br\/8121102902337722\" target=\"_blank\" rel=\"noreferrer noopener\">8121102902337722<\/a><\/td><\/tr><tr><td>Pedro Henrique Val\u00e9rio de Godoi<\/td><td class=\"has-text-align-center\" data-align=\"center\"><a href=\"http:\/\/lattes.cnpq.br\/5035643939551253\" target=\"_blank\" rel=\"noreferrer noopener\">5035643939551253<\/a><\/td><\/tr><tr><td>Taina Julianotti<\/td><td class=\"has-text-align-center\" data-align=\"center\"><a href=\"http:\/\/lattes.cnpq.br\/7578724348268018\" target=\"_blank\" rel=\"noreferrer noopener\">7578724348268018<\/a><\/td><\/tr><\/tbody><\/table><\/figure>\n","protected":false},"excerpt":{"rendered":"<p>Abaixo segue a rela\u00e7\u00e3o dos alunos matriculados no programa com base no ano de matr\u00edcula. 2021 Nome ID Lattes Beatriz signori lonardoni 1855432824017862 Bernardo Abreu da Cruz 7135005471639449 Bruno Edson dos Santos 7848383301655003 Gabriel Henrique Silveira Parizoto 7560982129816914 Jo\u00e3o Debastiani Neto 6106921514023734 Jos\u00e9 Carlos Figueiredo Junior 0887056916976381 Luan Carlos Lins Trannin 7649051159778236 Mariana Evangelista Nunes [&hellip;]<\/p>\n","protected":false},"author":8,"featured_media":0,"parent":0,"menu_order":0,"comment_status":"closed","ping_status":"closed","template":"","meta":{"footnotes":""},"class_list":["post-111","page","type-page","status-publish","hentry"],"_links":{"self":[{"href":"https:\/\/pos.uel.br\/matematica\/wp-json\/wp\/v2\/pages\/111","targetHints":{"allow":["GET"]}}],"collection":[{"href":"https:\/\/pos.uel.br\/matematica\/wp-json\/wp\/v2\/pages"}],"about":[{"href":"https:\/\/pos.uel.br\/matematica\/wp-json\/wp\/v2\/types\/page"}],"author":[{"embeddable":true,"href":"https:\/\/pos.uel.br\/matematica\/wp-json\/wp\/v2\/users\/8"}],"replies":[{"embeddable":true,"href":"https:\/\/pos.uel.br\/matematica\/wp-json\/wp\/v2\/comments?post=111"}],"version-history":[{"count":7,"href":"https:\/\/pos.uel.br\/matematica\/wp-json\/wp\/v2\/pages\/111\/revisions"}],"predecessor-version":[{"id":336,"href":"https:\/\/pos.uel.br\/matematica\/wp-json\/wp\/v2\/pages\/111\/revisions\/336"}],"wp:attachment":[{"href":"https:\/\/pos.uel.br\/matematica\/wp-json\/wp\/v2\/media?parent=111"}],"curies":[{"name":"wp","href":"https:\/\/api.w.org\/{rel}","templated":true}]}}