{"id":10,"date":"2021-04-29T12:27:43","date_gmt":"2021-04-29T15:27:43","guid":{"rendered":"https:\/\/pos.uel.br\/matematica\/?page_id=10"},"modified":"2021-09-03T15:30:48","modified_gmt":"2021-09-03T18:30:48","slug":"areas-de-concentracao","status":"publish","type":"page","link":"https:\/\/pos.uel.br\/matematica\/areas-de-concentracao\/","title":{"rendered":"\u00c1rea de concentra\u00e7\u00e3o"},"content":{"rendered":"\n<p class=\"has-primary-accent-color has-text-color\"><strong>\u00c1REA DE AVALIA\u00c7\u00c3O:<\/strong><\/p>\n\n\n\n<ul class=\"wp-block-list\"><li>MATEM\u00c1TICA \/ PROBABILIDADE E ESTAT\u00cdSTICA (MAPE)<\/li><\/ul>\n\n\n\n<p class=\"has-primary-accent-color has-text-color\"><strong>IES:<\/strong><\/p>\n\n\n\n<ul class=\"wp-block-list\"><li>40002012 &#8211; UEL &#8211; UNIVERSIDADE ESTADUAL DE LONDRINA<\/li><\/ul>\n\n\n\n<p class=\"has-primary-accent-color has-text-color\"><strong>PROGRAMA:<\/strong><\/p>\n\n\n\n<ul class=\"wp-block-list\"><li>40002012030P6 &#8211; MATEM\u00c1TICA APLICADA E COMPUTACIONAL<\/li><\/ul>\n\n\n\n<p class=\"has-primary-accent-color has-text-color\"><strong>MODALIDADE:<\/strong><\/p>\n\n\n\n<ul class=\"wp-block-list\"><li>ACAD\u00caMICO<\/li><\/ul>\n","protected":false},"excerpt":{"rendered":"<p>\u00c1REA DE AVALIA\u00c7\u00c3O: MATEM\u00c1TICA \/ PROBABILIDADE E ESTAT\u00cdSTICA (MAPE) IES: 40002012 &#8211; UEL &#8211; UNIVERSIDADE ESTADUAL DE LONDRINA PROGRAMA: 40002012030P6 &#8211; MATEM\u00c1TICA APLICADA E COMPUTACIONAL MODALIDADE: ACAD\u00caMICO<\/p>\n","protected":false},"author":7,"featured_media":0,"parent":0,"menu_order":0,"comment_status":"closed","ping_status":"closed","template":"","meta":{"footnotes":""},"class_list":["post-10","page","type-page","status-publish","hentry"],"_links":{"self":[{"href":"https:\/\/pos.uel.br\/matematica\/wp-json\/wp\/v2\/pages\/10","targetHints":{"allow":["GET"]}}],"collection":[{"href":"https:\/\/pos.uel.br\/matematica\/wp-json\/wp\/v2\/pages"}],"about":[{"href":"https:\/\/pos.uel.br\/matematica\/wp-json\/wp\/v2\/types\/page"}],"author":[{"embeddable":true,"href":"https:\/\/pos.uel.br\/matematica\/wp-json\/wp\/v2\/users\/7"}],"replies":[{"embeddable":true,"href":"https:\/\/pos.uel.br\/matematica\/wp-json\/wp\/v2\/comments?post=10"}],"version-history":[{"count":4,"href":"https:\/\/pos.uel.br\/matematica\/wp-json\/wp\/v2\/pages\/10\/revisions"}],"predecessor-version":[{"id":240,"href":"https:\/\/pos.uel.br\/matematica\/wp-json\/wp\/v2\/pages\/10\/revisions\/240"}],"wp:attachment":[{"href":"https:\/\/pos.uel.br\/matematica\/wp-json\/wp\/v2\/media?parent=10"}],"curies":[{"name":"wp","href":"https:\/\/api.w.org\/{rel}","templated":true}]}}