{"id":9944,"date":"2025-03-19T13:20:41","date_gmt":"2025-03-19T16:20:41","guid":{"rendered":"https:\/\/pos.uel.br\/letras\/?page_id=9944"},"modified":"2025-03-20T10:29:05","modified_gmt":"2025-03-20T13:29:05","slug":"procesos-de-seleccion-del-ppgl-2","status":"publish","type":"page","link":"https:\/\/pos.uel.br\/letras\/es\/procesos-de-seleccion-del-ppgl-2\/","title":{"rendered":"Procesos de selecci\u00f3n del PPGL"},"content":{"rendered":"\n<p><\/p>\n\n\n\n<p>Todos los procesos de selecci\u00f3n del PPGL se encuentran en el men\u00fa <strong>&#8220;Sele\u00e7\u00e3o<\/strong>&#8220;.<\/p>\n","protected":false},"excerpt":{"rendered":"<p>Todos los procesos de selecci\u00f3n del PPGL se encuentran en el men\u00fa &#8220;Sele\u00e7\u00e3o&#8220;.<\/p>\n","protected":false},"author":9,"featured_media":0,"parent":0,"menu_order":0,"comment_status":"closed","ping_status":"closed","template":"","meta":{"_acf_changed":false,"footnotes":""},"class_list":["post-9944","page","type-page","status-publish","hentry"],"acf":[],"_links":{"self":[{"href":"https:\/\/pos.uel.br\/letras\/wp-json\/wp\/v2\/pages\/9944","targetHints":{"allow":["GET"]}}],"collection":[{"href":"https:\/\/pos.uel.br\/letras\/wp-json\/wp\/v2\/pages"}],"about":[{"href":"https:\/\/pos.uel.br\/letras\/wp-json\/wp\/v2\/types\/page"}],"author":[{"embeddable":true,"href":"https:\/\/pos.uel.br\/letras\/wp-json\/wp\/v2\/users\/9"}],"replies":[{"embeddable":true,"href":"https:\/\/pos.uel.br\/letras\/wp-json\/wp\/v2\/comments?post=9944"}],"version-history":[{"count":2,"href":"https:\/\/pos.uel.br\/letras\/wp-json\/wp\/v2\/pages\/9944\/revisions"}],"predecessor-version":[{"id":10036,"href":"https:\/\/pos.uel.br\/letras\/wp-json\/wp\/v2\/pages\/9944\/revisions\/10036"}],"wp:attachment":[{"href":"https:\/\/pos.uel.br\/letras\/wp-json\/wp\/v2\/media?parent=9944"}],"curies":[{"name":"wp","href":"https:\/\/api.w.org\/{rel}","templated":true}]}}