{"id":9410,"date":"2025-03-09T10:59:37","date_gmt":"2025-03-09T13:59:37","guid":{"rendered":"https:\/\/pos.uel.br\/letras\/?page_id=9410"},"modified":"2025-03-09T17:49:47","modified_gmt":"2025-03-09T20:49:47","slug":"bolsas-pdse-programa-de-doutorado-sanduiche-no-exterior","status":"publish","type":"page","link":"https:\/\/pos.uel.br\/letras\/bolsas-pdse-programa-de-doutorado-sanduiche-no-exterior\/","title":{"rendered":"Bolsas PDSE \u2013 Programa de Doutorado Sandu\u00edche no Exterior"},"content":{"rendered":"\n<p><\/p>\n\n\n\n<p style=\"font-size:15px\"><strong>2023<\/strong><br><br><strong>Novembro<\/strong><br><a href=\"https:\/\/pos.uel.br\/letras\/wp-content\/uploads\/2023\/11\/Edital_34_2023_PDSE.pdf\" target=\"_blank\" rel=\"noreferrer noopener\">EDITAL  N\u00ba 34\/2023<\/a> \u2013 Sele\u00e7\u00e3o PDSE <br><a href=\"https:\/\/pos.uel.br\/letras\/wp-content\/uploads\/2023\/11\/Edital-34-2023-PDSE-Anexo-I.pdf\" target=\"_blank\" rel=\"noreferrer noopener\">ANEXO I<\/a> \u2013 Termo de outorga e aceite de bolsa<br><a href=\"https:\/\/pos.uel.br\/letras\/wp-content\/uploads\/2023\/11\/Edital-34-2023-PDSE-Anexo-II.pdf\" target=\"_blank\" rel=\"noreferrer noopener\">ANEXO II<\/a> \u2013 Declara\u00e7\u00e3o de flu\u00eancia lingu\u00edstica (coorientador)<br><a href=\"https:\/\/pos.uel.br\/letras\/wp-content\/uploads\/2023\/11\/Edital-34-2023-PDSE-Anexo-III.pdf\" target=\"_blank\" rel=\"noreferrer noopener\">ANEXO III \u2013  <\/a>Declara\u00e7\u00e3o de flu\u00eancia lingu\u00edstica (orientador)<br><a href=\"https:\/\/pos.uel.br\/letras\/wp-content\/uploads\/2023\/11\/Edital-34-2023-PDSE-Anexo-IV.pdf\" target=\"_blank\" rel=\"noreferrer noopener\">ANEXO IV<\/a> \u2013 Profici\u00eancia em l\u00edngua estrangeira<br><a href=\"https:\/\/pos.uel.br\/letras\/wp-content\/uploads\/2023\/11\/Edital-37-2023.pdf\" target=\"_blank\" rel=\"noreferrer noopener\">EDITAL N\u00ba 37\/2023<\/a> \u2013 Resultado de chamada de Bolsa PDSE<br><br><strong>Janeiro<\/strong><br><a href=\"https:\/\/pos.uel.br\/letras\/wp-content\/uploads\/2023\/01\/Edital-04-2023-PDSE.pdf\" target=\"_blank\" rel=\"noreferrer noopener\">EDITAL N\u00ba 04\/2023<\/a> \u2013 Sele\u00e7\u00e3o PDSE <br><a href=\"https:\/\/pos.uel.br\/letras\/wp-content\/uploads\/2023\/01\/ANEXO-I-proficie%CC%82ncia.pdf\" target=\"_blank\" rel=\"noreferrer noopener\">ANEXO I <\/a>\u2013 Profici\u00eancia em l\u00edngua estrangeira<br><a href=\"https:\/\/pos.uel.br\/letras\/wp-content\/uploads\/2023\/03\/Edital_09-2023-resultado-candidaturas-bolsa-PDSE.pdf\" target=\"_blank\" rel=\"noreferrer noopener\">EDITAL N\u00ba 09\/2023 <\/a>\u2013 Candidaturas recebidas<br><br><strong>2022<\/strong><br><br><strong>Fevereiro<\/strong><br><a href=\"https:\/\/pos.uel.br\/letras\/wp-content\/uploads\/2022\/02\/Edital-modelo-para-PPG-2.pdf\" target=\"_blank\" rel=\"noreferrer noopener\">EDITAL 06\/2022<\/a> \u2013 Sele\u00e7\u00e3o PSDE<br><a href=\"https:\/\/pos.uel.br\/letras\/wp-content\/uploads\/2022\/02\/ANEXO-I-proficiencia-1.pdf\" target=\"_blank\" rel=\"noreferrer noopener\">ANEXO I <\/a>\u2013 Profici\u00eancia em l\u00edngua estrangeira<br><a href=\"https:\/\/pos.uel.br\/letras\/wp-content\/uploads\/2022\/03\/Edital_09-2022-resultado-candidaturas-bolsa-PDSE.pdf\" target=\"_blank\" rel=\"noreferrer noopener\">EDITAL 09\/2022<\/a> \u2013 Resultado<\/p>\n","protected":false},"excerpt":{"rendered":"<p>2023 NovembroEDITAL N\u00ba 34\/2023 \u2013 Sele\u00e7\u00e3o PDSE ANEXO I \u2013 Termo de outorga e aceite de bolsaANEXO II \u2013 Declara\u00e7\u00e3o de flu\u00eancia lingu\u00edstica (coorientador)ANEXO III \u2013 Declara\u00e7\u00e3o de flu\u00eancia lingu\u00edstica (orientador)ANEXO IV \u2013 Profici\u00eancia em l\u00edngua estrangeiraEDITAL N\u00ba 37\/2023 \u2013 Resultado de chamada de Bolsa PDSE JaneiroEDITAL N\u00ba 04\/2023 \u2013 Sele\u00e7\u00e3o PDSE ANEXO I \u2013 [&hellip;]<\/p>\n","protected":false},"author":9,"featured_media":0,"parent":0,"menu_order":0,"comment_status":"closed","ping_status":"closed","template":"","meta":{"_acf_changed":false,"footnotes":""},"class_list":["post-9410","page","type-page","status-publish","hentry"],"acf":[],"_links":{"self":[{"href":"https:\/\/pos.uel.br\/letras\/wp-json\/wp\/v2\/pages\/9410","targetHints":{"allow":["GET"]}}],"collection":[{"href":"https:\/\/pos.uel.br\/letras\/wp-json\/wp\/v2\/pages"}],"about":[{"href":"https:\/\/pos.uel.br\/letras\/wp-json\/wp\/v2\/types\/page"}],"author":[{"embeddable":true,"href":"https:\/\/pos.uel.br\/letras\/wp-json\/wp\/v2\/users\/9"}],"replies":[{"embeddable":true,"href":"https:\/\/pos.uel.br\/letras\/wp-json\/wp\/v2\/comments?post=9410"}],"version-history":[{"count":6,"href":"https:\/\/pos.uel.br\/letras\/wp-json\/wp\/v2\/pages\/9410\/revisions"}],"predecessor-version":[{"id":9475,"href":"https:\/\/pos.uel.br\/letras\/wp-json\/wp\/v2\/pages\/9410\/revisions\/9475"}],"wp:attachment":[{"href":"https:\/\/pos.uel.br\/letras\/wp-json\/wp\/v2\/media?parent=9410"}],"curies":[{"name":"wp","href":"https:\/\/api.w.org\/{rel}","templated":true}]}}