{"id":907,"date":"2021-08-30T02:57:54","date_gmt":"2021-08-30T05:57:54","guid":{"rendered":"https:\/\/pos.uel.br\/letras\/pagina-inicial-espanol\/"},"modified":"2025-06-11T16:00:03","modified_gmt":"2025-06-11T19:00:03","slug":"hogar","status":"publish","type":"page","link":"https:\/\/pos.uel.br\/letras\/es\/hogar\/","title":{"rendered":"(sem t\u00edtulo)"},"content":{"rendered":"\n<div class=\"wp-block-columns is-layout-flex wp-container-core-columns-is-layout-9d6595d7 wp-block-columns-is-layout-flex\">\n<div class=\"wp-block-column is-layout-flow wp-block-column-is-layout-flow\">\n<div class=\"wp-block-columns is-layout-flex wp-container-core-columns-is-layout-9d6595d7 wp-block-columns-is-layout-flex\">\n<div class=\"wp-block-column is-layout-flow wp-block-column-is-layout-flow\" style=\"flex-basis:66.66%\">\n<div class=\"wp-block-columns is-layout-flex wp-container-core-columns-is-layout-9d6595d7 wp-block-columns-is-layout-flex\">\n<div class=\"wp-block-column is-layout-flow wp-block-column-is-layout-flow\">\n<blockquote class=\"wp-block-quote is-layout-flow wp-block-quote-is-layout-flow\">\n<p><\/p>\n<\/blockquote>\n\n\n\n<div class=\"wp-block-columns is-layout-flex wp-container-core-columns-is-layout-9d6595d7 wp-block-columns-is-layout-flex\">\n<div class=\"wp-block-column is-layout-flow wp-block-column-is-layout-flow\">\n<div class=\"wp-block-uel-card\">\n<div class=\"wp-block-columns is-layout-flex wp-container-core-columns-is-layout-9d6595d7 wp-block-columns-is-layout-flex\">\n<div class=\"wp-block-column is-layout-flow wp-block-column-is-layout-flow\">\n<figure class=\"wp-block-image size-large\"><img loading=\"lazy\" decoding=\"async\" width=\"1024\" height=\"512\" src=\"https:\/\/pos.uel.br\/letras\/wp-content\/uploads\/2025\/03\/Banners_espanhol-1024x512.png\" alt=\"\" class=\"wp-image-8659\" srcset=\"https:\/\/pos.uel.br\/letras\/wp-content\/uploads\/2025\/03\/Banners_espanhol-1024x512.png 1024w, https:\/\/pos.uel.br\/letras\/wp-content\/uploads\/2025\/03\/Banners_espanhol-300x150.png 300w, https:\/\/pos.uel.br\/letras\/wp-content\/uploads\/2025\/03\/Banners_espanhol-768x384.png 768w, https:\/\/pos.uel.br\/letras\/wp-content\/uploads\/2025\/03\/Banners_espanhol-1536x768.png 1536w\" sizes=\"auto, (max-width: 1024px) 100vw, 1024px\" \/><\/figure>\n<\/div>\n<\/div>\n\n\n\n<p style=\"font-size:16px\"><strong>PRESENTACI\u00d3N<\/strong><\/p>\n\n\n\n<p style=\"font-size:14px\">El Programa de Posgrado en Letras de la Universidad Estatal de Londrina inici\u00f3 sus actividades en el segundo semestre de 1993, con dos \u00e1reas de concentraci\u00f3n (Lengua Portuguesa y Literaturas de Lengua Portuguesa), ofreciendo plazas para el Curso de Maestr\u00eda. En 2001, se produjo la escisi\u00f3n del PPGL con la creaci\u00f3n del PPG en Estudios del Lenguaje y la consecuente migraci\u00f3n de estudiantes y docentes del \u00e1rea de Lengua Portuguesa. En ese momento, se cre\u00f3 el \u00e1rea de concentraci\u00f3n en Estudios Literarios. En 2003, el PPG en Letras comenz\u00f3 a ofrecer tambi\u00e9n plazas para el Curso de Doctorado. Actualmente, el programa ofrece el \u00e1rea de concentraci\u00f3n en Estudios Literarios y est\u00e1 vinculado al Departamento de Letras Vern\u00e1culas y Cl\u00e1sicas (LET) del Centro de Letras y Ciencias Humanas (CLCH) de la Universidad Estatal de Londrina (UEL). Los cursos acad\u00e9micos de Maestr\u00eda y Doctorado est\u00e1n acreditados por CAPES con concepto 4 y homologados por el CNE (Ordenanza N\u00ba 2.878, 24\/08\/2005). El PPG en Letras tiene como objetivo formar profesores e investigadores para actuar en la ense\u00f1anza superior, estableciendo tambi\u00e9n un fuerte intercambio con el Posgrado lato sensu e integr\u00e1ndose con el Curso de Grado en Letras de la UEL, especialmente a trav\u00e9s de la iniciaci\u00f3n cient\u00edfica.<\/p>\n<\/div>\n<\/div>\n<\/div>\n\n\n\n<div class=\"wp-block-columns is-layout-flex wp-container-core-columns-is-layout-9d6595d7 wp-block-columns-is-layout-flex\">\n<div class=\"wp-block-column is-layout-flow wp-block-column-is-layout-flow\">\n<div class=\"wp-block-uel-card\">\n<p style=\"font-size:16px\"><strong><a href=\"https:\/\/pos.uel.br\/letras\/es\/insercion-social\/\" target=\"_blank\" rel=\"noreferrer noopener\">El PPGL en la comunidad<\/a><\/strong><\/p>\n\n\n\n<p style=\"font-size:14px\">El PPG en Letras de la UEL ha participado en diversas actividades socioculturales y ha colaborado en importantes proyectos educativos promovidos por la Secretar\u00eda de Cultura de Londrina. Docentes y estudiantes participan activamente en las ediciones de la Semana Literaria del SESC-PR, el Londrix (Festival Literario de Londrina) y el Proyecto Literatura en la Biblioteca, una iniciativa en colaboraci\u00f3n con la Biblioteca P\u00fablica de Londrina. Muchos docentes y estudiantes del PPGL forman parte de muestras y proyectos vinculados a la cultura local, regional y nacional.<\/p>\n<\/div>\n\n\n\n<div class=\"wp-block-columns is-layout-flex wp-container-core-columns-is-layout-9d6595d7 wp-block-columns-is-layout-flex\">\n<div class=\"wp-block-column is-layout-flow wp-block-column-is-layout-flow\">\n<div class=\"wp-block-uel-card\">\n<p style=\"font-size:16px\"><strong><a href=\"https:\/\/pos.uel.br\/letras\/es\/egresados\/\" target=\"_blank\" rel=\"noreferrer noopener\">Egresados<\/a><\/strong><\/p>\n\n\n\n<p style=\"font-size:14px\">Los egresados del PPG en Letras de la UEL, tanto maestros como doctores, integran de manera significativa el sistema educativo en Paran\u00e1 y en otros estados, tanto en la educaci\u00f3n b\u00e1sica como en la ense\u00f1anza superior. Muchos de nuestros egresados organizan cursos y talleres en eventos literarios, act\u00faan como productores culturales y son autores de libros.<\/p>\n<\/div>\n<\/div>\n<\/div>\n<\/div>\n<\/div>\n<\/div>\n<\/div>\n<\/div>\n\n\n\n<div class=\"wp-block-column is-layout-flow wp-block-column-is-layout-flow\" style=\"flex-basis:33.33%\">\n<div class=\"wp-block-columns is-layout-flex wp-container-core-columns-is-layout-9d6595d7 wp-block-columns-is-layout-flex\">\n<div class=\"wp-block-column is-layout-flow wp-block-column-is-layout-flow\">\n<p><\/p>\n\n\n\n<ul class=\"wp-block-list\">\n<li>\ud83c\udde7\ud83c\uddf7 <a href=\"https:\/\/pos.uel.br\/letras\/\">Portugu\u00eas<\/a><\/li>\n\n\n\n<li style=\"font-size:14px\">\ud83c\uddea\ud83c\uddf8 <a href=\"https:\/\/pos.uel.br\/letras\/es\/hogar\/\">Espa\u00f1ol<\/a><\/li>\n\n\n\n<li style=\"font-size:14px\">\ud83c\uddfa\ud83c\uddf8 English<\/li>\n<\/ul>\n<\/div>\n<\/div>\n\n\n\n<hr class=\"wp-block-separator has-alpha-channel-opacity is-style-wide\" \/>\n\n\n\n<div class=\"wp-block-columns is-layout-flex wp-container-core-columns-is-layout-9d6595d7 wp-block-columns-is-layout-flex\">\n<div class=\"wp-block-column is-layout-flow wp-block-column-is-layout-flow\">\n<p style=\"font-size:16px\">CONTACTO<\/p>\n\n\n\n<div class=\"wp-block-columns is-layout-flex wp-container-core-columns-is-layout-9d6595d7 wp-block-columns-is-layout-flex\">\n<div class=\"wp-block-column is-layout-flow wp-block-column-is-layout-flow\">\n<p class=\"has-small-font-size\"><strong>Coordinadora<\/strong><br>Prof\u00aa Dr\u00aa Barbara Cristina Marques<br><br><strong>Coordinaci\u00f3n de Posgrado<\/strong><br>e-mail: <a href=\"mailto:ppgl.uel@uel.br\"><mark class=\"has-inline-color has-primary-accent-color\">ppgl.uel@uel.br<\/mark><\/a><br><br><strong>Secretar\u00eda de Posgrado de CLCH\/UEL<\/strong><br>e-mail: <a href=\"mailto:secposcch@uel.br\"><mark class=\"has-inline-color has-primary-accent-color\">secposcch@uel.br<\/mark><\/a><br>Rodovia Celso Garcia Cid | PR 445 Km 380 | Campus Universit\u00e1rio \u2013 Londrina\/PR \u2013 Brasil<br>C\u00f3digo Postal 10.011<br>CEP 86057-970<br>Tel\u00e9fono: 55 (43) 3371 4624<br><br>Horario de atenci\u00f3n: Lunes a Viernes <br>de 8h00 \u00e0s 12h00 \/ 13h30 \u00e0s 17h00<br><br><strong>Instagram<\/strong> <strong>de PPGL<\/strong><br><a href=\"https:\/\/www.instagram.com\/ppgl.uel\/\"><mark class=\"has-inline-color has-primary-accent-color\">@ppgl.uel<\/mark><\/a><\/p>\n\n\n\n<div class=\"wp-block-columns is-layout-flex wp-container-core-columns-is-layout-9d6595d7 wp-block-columns-is-layout-flex\">\n<div class=\"wp-block-column is-layout-flow wp-block-column-is-layout-flow\">\n<hr class=\"wp-block-separator has-alpha-channel-opacity\" \/>\n\n\n\n<div class=\"wp-block-uel-card\">\n<p class=\"has-text-align-center\" style=\"font-size:14px\"><strong><a href=\"https:\/\/pos.uel.br\/letras\/wp-content\/uploads\/2025\/01\/CalendarioStricto_2025-2026.pdf\" target=\"_blank\" rel=\"noreferrer noopener\">Calendario acad\u00e9mico 2025\/2026<\/a><\/strong><\/p>\n\n\n<div class=\"wp-block-image\">\n<figure class=\"aligncenter size-full is-resized\"><img loading=\"lazy\" decoding=\"async\" width=\"126\" height=\"125\" src=\"https:\/\/pos.uel.br\/letras\/wp-content\/uploads\/2025\/03\/Captura-de-Tela-2025-03-05-a\u0300s-17.11.18.png\" alt=\"\" class=\"wp-image-8640\" style=\"width:102px;height:auto\" \/><\/figure>\n<\/div><\/div>\n\n\n\n<div class=\"wp-block-columns is-layout-flex wp-container-core-columns-is-layout-9d6595d7 wp-block-columns-is-layout-flex\">\n<div class=\"wp-block-column is-layout-flow wp-block-column-is-layout-flow\">\n<div class=\"wp-block-uel-card\">\n<p class=\"has-text-align-center\" style=\"font-size:16px\"><strong><a href=\"https:\/\/pos.uel.br\/letras\/wp-content\/uploads\/2024\/08\/Trinta-anos-do-Programa-de-Po\u0301s-graduac\u0327a\u0303o-em-Letras-da-UEL.pdf\" target=\"_blank\" rel=\"noreferrer noopener\">30 anos do PPGL<\/a><\/strong><\/p>\n\n\n<div class=\"wp-block-image\">\n<figure class=\"aligncenter size-full is-resized\"><img loading=\"lazy\" decoding=\"async\" width=\"436\" height=\"640\" src=\"https:\/\/pos.uel.br\/letras\/wp-content\/uploads\/2025\/01\/Captura-de-Tela-2025-01-27-a\u0300s-21.45.42.png\" alt=\"\" class=\"wp-image-6908\" style=\"width:212px;height:auto\" srcset=\"https:\/\/pos.uel.br\/letras\/wp-content\/uploads\/2025\/01\/Captura-de-Tela-2025-01-27-a\u0300s-21.45.42.png 436w, https:\/\/pos.uel.br\/letras\/wp-content\/uploads\/2025\/01\/Captura-de-Tela-2025-01-27-a\u0300s-21.45.42-204x300.png 204w\" sizes=\"auto, (max-width: 436px) 100vw, 436px\" \/><\/figure>\n<\/div><\/div>\n<\/div>\n<\/div>\n<\/div>\n<\/div>\n<\/div>\n<\/div>\n<\/div>\n<\/div>\n<\/div>\n<\/div>\n\n\n\n<div class=\"wp-block-columns is-layout-flex wp-container-core-columns-is-layout-9d6595d7 wp-block-columns-is-layout-flex\">\n<div class=\"wp-block-column is-layout-flow wp-block-column-is-layout-flow\">\n<div class=\"wp-block-uel-card\">\n<p class=\"has-text-align-center\" style=\"font-size:16px\"><strong>DESTACADOS<\/strong><\/p>\n\n\n\n<div class=\"alignnormal\"><div id=\"metaslider-id-4917\" style=\"width: 100%; margin: 0 auto;\" class=\"ml-slider-3-90-1 metaslider metaslider-flex metaslider-4917 ml-slider ms-theme-clarity nav-hidden has-carousel-mode\" role=\"region\" aria-roledescription=\"Slideshow\" aria-label=\"Destaques\">\n    <div id=\"metaslider_container_4917\">\n        <div id=\"metaslider_4917\">\n            <ul class='slides'>\n                <li style=\"display: none; width: 100%;\" class=\"slide-10566 ms-image \" aria-roledescription=\"slide\" aria-label=\"slide-10566\"><a href=\"https:\/\/operobal.uel.br\/clch\/2025\/09\/22\/projeto-ve-literatura-como-aliada-no-combate-ao-racismo-desde-cedo\/\" target=\"_blank\"><img loading=\"lazy\" decoding=\"async\" src=\"https:\/\/pos.uel.br\/letras\/wp-content\/uploads\/2025\/09\/Maria-Carolina-300x300.png\" height=\"300\" width=\"300\" alt=\"\" class=\"slider-4917 slide-10566\" title=\"Maria Carolina\" \/><\/a><\/li>\n                <li style=\"display: none; width: 100%;\" class=\"slide-6345 ms-image \" aria-roledescription=\"slide\" aria-label=\"slide-6345\"><a href=\"https:\/\/www.instagram.com\/p\/DBOj8CFRjAe\/\" target=\"_blank\"><img loading=\"lazy\" decoding=\"async\" src=\"https:\/\/pos.uel.br\/letras\/wp-content\/uploads\/2024\/10\/Livro_fred-300x300.png\" height=\"300\" width=\"300\" alt=\"\" class=\"slider-4917 slide-6345\" title=\"Livro_fred\" \/><\/a><\/li>\n                <li style=\"display: none; width: 100%;\" class=\"slide-4922 ms-image \" aria-roledescription=\"slide\" aria-label=\"slide-4922\"><a href=\"https:\/\/pos.uel.br\/letras\/wp-content\/uploads\/2024\/08\/Trinta-anos-do-Programa-de-Po\u0301s-graduac\u0327a\u0303o-em-Letras-da-UEL.pdf\" target=\"_blank\"><img loading=\"lazy\" decoding=\"async\" src=\"https:\/\/pos.uel.br\/letras\/wp-content\/uploads\/2024\/07\/Livro_banner_car-1-300x300.png\" height=\"300\" width=\"300\" alt=\"\" class=\"slider-4917 slide-4922\" title=\"Livro_banner_car\" \/><\/a><\/li>\n                <li style=\"display: none; width: 100%;\" class=\"slide-4923 ms-image \" aria-roledescription=\"slide\" aria-label=\"slide-4923\"><a href=\"https:\/\/operobal.uel.br\/ultimas\/2024\/02\/01\/pesquisadores-seniores-acumulam-experiencias-em-decadas-de-pesquisas\/\" target=\"_blank\"><img loading=\"lazy\" decoding=\"async\" src=\"https:\/\/pos.uel.br\/letras\/wp-content\/uploads\/2024\/07\/Alamir_banner-2-300x300.png\" height=\"300\" width=\"300\" alt=\"\" class=\"slider-4917 slide-4923\" title=\"Alamir_banner\" \/><\/a><\/li>\n                <li style=\"display: none; width: 100%;\" class=\"slide-4924 ms-image \" aria-roledescription=\"slide\" aria-label=\"slide-4924\"><a href=\"https:\/\/www.folhadelondrina.com.br\/folha-2\/antoni-rossell-traz-a-poesia-medieval-a-londrina-3229785e.html?d=1\" target=\"_blank\"><img loading=\"lazy\" decoding=\"async\" src=\"https:\/\/pos.uel.br\/letras\/wp-content\/uploads\/2024\/07\/Antoni_Rossel_banner-1-300x300.png\" height=\"300\" width=\"300\" alt=\"\" class=\"slider-4917 slide-4924\" title=\"Antoni_Rossel_banner\" \/><\/a><\/li>\n                <li style=\"display: none; width: 100%;\" class=\"slide-4925 ms-image \" aria-roledescription=\"slide\" aria-label=\"slide-4925\"><a href=\"https:\/\/operobal.uel.br\/ultimas\/2023\/03\/20\/pos-graduacao-em-letras-traz-conferencista-da-universidade-de-coimbra\/\" target=\"_blank\"><img loading=\"lazy\" decoding=\"async\" src=\"https:\/\/pos.uel.br\/letras\/wp-content\/uploads\/2024\/07\/Carlos_reis_banner-1-300x300.png\" height=\"300\" width=\"300\" alt=\"\" class=\"slider-4917 slide-4925\" title=\"Carlos_reis_banner\" \/><\/a><\/li>\n                <li style=\"display: none; width: 100%;\" class=\"slide-4926 ms-image \" aria-roledescription=\"slide\" aria-label=\"slide-4926\"><a href=\"https:\/\/operobal.uel.br\/institucional\/2021\/09\/24\/uel-acordo-cooperacao-unint-roma\/\" target=\"_blank\"><img loading=\"lazy\" decoding=\"async\" src=\"https:\/\/pos.uel.br\/letras\/wp-content\/uploads\/2024\/07\/Silvio_banner-1-300x300.png\" height=\"300\" width=\"300\" alt=\"\" class=\"slider-4917 slide-4926\" title=\"Silvio_banner\" \/><\/a><\/li>\n                <li style=\"display: none; width: 100%;\" class=\"slide-4927 ms-image \" aria-roledescription=\"slide\" aria-label=\"slide-4927\"><a href=\"https:\/\/operobal.uel.br\/cultura\/2021\/10\/13\/projeto-pesquisa-cartas-e-documentos-como-acervo-literario\/\" target=\"_blank\"><img loading=\"lazy\" decoding=\"async\" src=\"https:\/\/pos.uel.br\/letras\/wp-content\/uploads\/2024\/07\/Telma_banner-1-300x300.png\" height=\"300\" width=\"300\" alt=\"\" class=\"slider-4917 slide-4927\" title=\"Telma_banner\" \/><\/a><\/li>\n            <\/ul>\n        <\/div>\n        \n    <\/div>\n<\/div><\/div>\n<\/div>\n\n\n\n<div class=\"wp-block-columns is-layout-flex wp-container-core-columns-is-layout-9d6595d7 wp-block-columns-is-layout-flex\">\n<div class=\"wp-block-column is-layout-flow wp-block-column-is-layout-flow\">\n<div class=\"wp-block-uel-card\">\n<p class=\"has-text-align-center\" style=\"font-size:16px\"><strong><a href=\"https:\/\/pos.uel.br\/letras\/coloquio_intermidialidade\/\" target=\"_blank\" rel=\"noreferrer noopener\">Eventos PPGL<\/a><\/strong><\/p>\n\n\n\n<p style=\"font-size:14px\">I Col\u00f3quio Internacional Intermidialidade, Literatura e outras m\u00eddias<\/p>\n\n\n\n<figure class=\"wp-block-image size-large\"><img loading=\"lazy\" decoding=\"async\" width=\"1024\" height=\"512\" src=\"https:\/\/pos.uel.br\/letras\/wp-content\/uploads\/2025\/01\/COLOQUIO-1024x512.png\" alt=\"\" class=\"wp-image-6653\" srcset=\"https:\/\/pos.uel.br\/letras\/wp-content\/uploads\/2025\/01\/COLOQUIO-1024x512.png 1024w, https:\/\/pos.uel.br\/letras\/wp-content\/uploads\/2025\/01\/COLOQUIO-300x150.png 300w, https:\/\/pos.uel.br\/letras\/wp-content\/uploads\/2025\/01\/COLOQUIO-768x384.png 768w, https:\/\/pos.uel.br\/letras\/wp-content\/uploads\/2025\/01\/COLOQUIO-1536x768.png 1536w, https:\/\/pos.uel.br\/letras\/wp-content\/uploads\/2025\/01\/COLOQUIO-2048x1024.png 2048w\" sizes=\"auto, (max-width: 1024px) 100vw, 1024px\" \/><\/figure>\n<\/div>\n\n\n\n<div class=\"wp-block-columns is-layout-flex wp-container-core-columns-is-layout-9d6595d7 wp-block-columns-is-layout-flex\">\n<div class=\"wp-block-column is-layout-flow wp-block-column-is-layout-flow\">\n<div class=\"wp-block-uel-card\">\n<p class=\"has-text-align-center\"><strong><a href=\"https:\/\/radio.uel.br\/programas\/coluna-literatura-viva\" target=\"_blank\" rel=\"noreferrer noopener\">Coluna Literatura Viva na R\u00e1dio UEL FM 107,9<\/a><\/strong><\/p>\n\n\n\n<figure class=\"wp-block-image size-large\"><img loading=\"lazy\" decoding=\"async\" width=\"1024\" height=\"576\" src=\"https:\/\/pos.uel.br\/letras\/wp-content\/uploads\/2025\/03\/Literatura-Viva-1024x576.png\" alt=\"\" class=\"wp-image-8645\" srcset=\"https:\/\/pos.uel.br\/letras\/wp-content\/uploads\/2025\/03\/Literatura-Viva-1024x576.png 1024w, https:\/\/pos.uel.br\/letras\/wp-content\/uploads\/2025\/03\/Literatura-Viva-300x169.png 300w, https:\/\/pos.uel.br\/letras\/wp-content\/uploads\/2025\/03\/Literatura-Viva-768x432.png 768w, https:\/\/pos.uel.br\/letras\/wp-content\/uploads\/2025\/03\/Literatura-Viva-1536x864.png 1536w, https:\/\/pos.uel.br\/letras\/wp-content\/uploads\/2025\/03\/Literatura-Viva-2048x1152.png 2048w\" sizes=\"auto, (max-width: 1024px) 100vw, 1024px\" \/><\/figure>\n<\/div>\n<\/div>\n<\/div>\n<\/div>\n\n\n\n<div class=\"wp-block-column is-layout-flow wp-block-column-is-layout-flow\">\n<div class=\"wp-block-uel-card\">\n<p class=\"has-text-align-center\" style=\"font-size:16px\"><strong><a href=\"https:\/\/pos.uel.br\/letras\/es\/revistas-del-programa\/\" target=\"_blank\" rel=\"noreferrer noopener\">Revistas del PPGL<\/a><\/strong><\/p>\n\n\n\n<div class=\"wp-block-columns is-layout-flex wp-container-core-columns-is-layout-9d6595d7 wp-block-columns-is-layout-flex\">\n<div class=\"wp-block-column is-layout-flow wp-block-column-is-layout-flow\">\n<figure class=\"wp-block-image size-large is-resized\"><img loading=\"lazy\" decoding=\"async\" width=\"724\" height=\"1024\" src=\"https:\/\/pos.uel.br\/letras\/wp-content\/uploads\/2024\/07\/terra-1-724x1024.jpg\" alt=\"\" class=\"wp-image-4996\" style=\"width:209px;height:auto\" srcset=\"https:\/\/pos.uel.br\/letras\/wp-content\/uploads\/2024\/07\/terra-1-724x1024.jpg 724w, https:\/\/pos.uel.br\/letras\/wp-content\/uploads\/2024\/07\/terra-1-212x300.jpg 212w, https:\/\/pos.uel.br\/letras\/wp-content\/uploads\/2024\/07\/terra-1-768x1086.jpg 768w, https:\/\/pos.uel.br\/letras\/wp-content\/uploads\/2024\/07\/terra-1-1086x1536.jpg 1086w, https:\/\/pos.uel.br\/letras\/wp-content\/uploads\/2024\/07\/terra-1.jpg 1414w\" sizes=\"auto, (max-width: 724px) 100vw, 724px\" \/><\/figure>\n<\/div>\n\n\n\n<div class=\"wp-block-column is-layout-flow wp-block-column-is-layout-flow\">\n<figure class=\"wp-block-image size-large is-resized\"><img loading=\"lazy\" decoding=\"async\" width=\"724\" height=\"1024\" src=\"https:\/\/pos.uel.br\/letras\/wp-content\/uploads\/2024\/07\/EL-1-724x1024.jpg\" alt=\"\" class=\"wp-image-4997\" style=\"width:206px;height:auto\" srcset=\"https:\/\/pos.uel.br\/letras\/wp-content\/uploads\/2024\/07\/EL-1-724x1024.jpg 724w, https:\/\/pos.uel.br\/letras\/wp-content\/uploads\/2024\/07\/EL-1-212x300.jpg 212w, https:\/\/pos.uel.br\/letras\/wp-content\/uploads\/2024\/07\/EL-1-768x1086.jpg 768w, https:\/\/pos.uel.br\/letras\/wp-content\/uploads\/2024\/07\/EL-1-1086x1536.jpg 1086w, https:\/\/pos.uel.br\/letras\/wp-content\/uploads\/2024\/07\/EL-1.jpg 1414w\" sizes=\"auto, (max-width: 724px) 100vw, 724px\" \/><\/figure>\n<\/div>\n<\/div>\n<\/div>\n\n\n\n<div class=\"wp-block-columns is-layout-flex wp-container-core-columns-is-layout-9d6595d7 wp-block-columns-is-layout-flex\">\n<div class=\"wp-block-column is-layout-flow wp-block-column-is-layout-flow\">\n<div class=\"wp-block-uel-card\">\n<p class=\"has-text-align-center\"><strong>Noticias | Avisos | Agenda<\/strong><\/p>\n<\/div>\n<\/div>\n<\/div>\n<\/div>\n<\/div>\n<\/div>\n<\/div>\n<\/div>\n<\/div>\n","protected":false},"excerpt":{"rendered":"<p>CONTACTO CoordinadoraProf\u00aa Dr\u00aa Barbara Cristina Marques Coordinaci\u00f3n de Posgradoe-mail: ppgl.uel@uel.br Secretar\u00eda de Posgrado de CLCH\/UELe-mail: secposcch@uel.brRodovia Celso Garcia Cid | PR 445 Km 380 | Campus Universit\u00e1rio \u2013 Londrina\/PR \u2013 BrasilC\u00f3digo Postal 10.011CEP 86057-970Tel\u00e9fono: 55 (43) 3371 4624 Horario de atenci\u00f3n: Lunes a Viernes de 8h00 \u00e0s 12h00 \/ 13h30 \u00e0s 17h00 Instagram de PPGL@ppgl.uel<\/p>\n","protected":false},"author":9,"featured_media":0,"parent":0,"menu_order":0,"comment_status":"closed","ping_status":"closed","template":"page-templates\/template-without-title.php","meta":{"_acf_changed":false,"footnotes":""},"class_list":["post-907","page","type-page","status-publish","hentry"],"acf":[],"_links":{"self":[{"href":"https:\/\/pos.uel.br\/letras\/wp-json\/wp\/v2\/pages\/907","targetHints":{"allow":["GET"]}}],"collection":[{"href":"https:\/\/pos.uel.br\/letras\/wp-json\/wp\/v2\/pages"}],"about":[{"href":"https:\/\/pos.uel.br\/letras\/wp-json\/wp\/v2\/types\/page"}],"author":[{"embeddable":true,"href":"https:\/\/pos.uel.br\/letras\/wp-json\/wp\/v2\/users\/9"}],"replies":[{"embeddable":true,"href":"https:\/\/pos.uel.br\/letras\/wp-json\/wp\/v2\/comments?post=907"}],"version-history":[{"count":85,"href":"https:\/\/pos.uel.br\/letras\/wp-json\/wp\/v2\/pages\/907\/revisions"}],"predecessor-version":[{"id":10174,"href":"https:\/\/pos.uel.br\/letras\/wp-json\/wp\/v2\/pages\/907\/revisions\/10174"}],"wp:attachment":[{"href":"https:\/\/pos.uel.br\/letras\/wp-json\/wp\/v2\/media?parent=907"}],"curies":[{"name":"wp","href":"https:\/\/api.w.org\/{rel}","templated":true}]}}