{"id":9018,"date":"2025-03-08T09:28:15","date_gmt":"2025-03-08T12:28:15","guid":{"rendered":"https:\/\/pos.uel.br\/letras\/?page_id=9018"},"modified":"2025-03-08T10:29:08","modified_gmt":"2025-03-08T13:29:08","slug":"titulados-em-2023","status":"publish","type":"page","link":"https:\/\/pos.uel.br\/letras\/titulados-em-2023\/","title":{"rendered":"Titulados em 2023"},"content":{"rendered":"\n<p><\/p>\n\n\n\n<div class=\"wp-block-columns is-layout-flex wp-container-core-columns-is-layout-9d6595d7 wp-block-columns-is-layout-flex\">\n<div class=\"wp-block-column is-layout-flow wp-block-column-is-layout-flow\">\n<figure class=\"wp-block-table has-small-font-size\"><table class=\"has-fixed-layout\"><tbody><tr><td><strong>DOUTORADO<\/strong><\/td><\/tr><tr><td>DESIRR\u00c9 BUENO TIB\u00daRCIO \u2013 Lattes<br>Orientador: Prof. Dr. Luiz Carlos Migliozzi Ferreira de Mello<br>Data da defesa: 07\/02\/2023<br>\u00c1rea de atua\u00e7\u00e3o\/Institui\u00e7\u00e3o atual: <\/td><\/tr><tr><td>MATEUS FERNANDO DE OLIVEIRA \u2013 Lattes<br>Orientador: Prof. Dr. Luiz Carlos Santos Simon<br>Data da defesa: 29\/11\/2023<br>\u00c1rea de atua\u00e7\u00e3o\/Institui\u00e7\u00e3o atual:<\/td><\/tr><\/tbody><\/table><\/figure>\n<\/div>\n<\/div>\n\n\n\n<div class=\"wp-block-columns is-layout-flex wp-container-core-columns-is-layout-9d6595d7 wp-block-columns-is-layout-flex\">\n<div class=\"wp-block-column is-layout-flow wp-block-column-is-layout-flow\">\n<figure class=\"wp-block-table has-small-font-size\"><table class=\"has-fixed-layout\"><tbody><tr><td><strong>MESTRADO<\/strong><\/td><\/tr><tr><td>LU\u00cdZA NEGR\u00c3O DE SOUZA \u2013 Lattes<br>Orientadora: Prof\u00aa Dr\u00aa Regina C\u00e9lia dos Santos Alves<br>Data da defesa: 28\/02\/2023<br>\u00c1rea de atua\u00e7\u00e3o\/Institui\u00e7\u00e3o atual:<\/td><\/tr><tr><td>GIORDANA DI PAULA FERRO LOU\u00c7\u00c3O \u2013 Lattes<br>Orientador: Prof. Dr. Luiz Carlos Santos Simon<br>Data da defesa: 30\/03\/2023<br>\u00c1rea de atua\u00e7\u00e3o\/Institui\u00e7\u00e3o atual:<\/td><\/tr><tr><td>VIVIANE DIAS ENNES \u2013 Lattes<br>Orientador: Prof. Dr. Luiz Carlos Migliozzi Ferreira de Mello<br>Data da defesa: 31\/03\/2023<br>\u00c1rea de atua\u00e7\u00e3o\/Institui\u00e7\u00e3o atual:<\/td><\/tr><tr><td>RODOLFO LESSA BARROSO \u2013 Lattes<br>Orientador: Prof. Dr. Miguel Heitor Braga Vieira<br>Data da defesa: 06\/06\/2023<br>\u00c1rea de atua\u00e7\u00e3o\/Institui\u00e7\u00e3o atual:<\/td><\/tr><tr><td>CARLA CAROLINE FERREIRA \u2013 Lattes<br>Orientadora: Prof\u00aa Dr\u00aa Barbara Cristina Marques<br>Data da defesa: 08\/06\/2023<br>\u00c1rea de atua\u00e7\u00e3o\/Institui\u00e7\u00e3o atual:<\/td><\/tr><tr><td>JHENIFER EMANUELY RODRIGUES DOS SANTOS \u2013 Lattes  <br>Orientadora: Prof\u00aa Dr\u00aa Suely Leite<br>Data da defesa: 18\/07\/2023<br>\u00c1rea de atua\u00e7\u00e3o\/Institui\u00e7\u00e3o atual:<\/td><\/tr><tr><td>MATHEUS WILLIAN MIGOTTO \u2013 Lattes<br>Orientador: Prof. Dr. Miguel Heitor Braga Vieira<br>Data da defesa: 29\/09\/2023<br>\u00c1rea de atua\u00e7\u00e3o\/Institui\u00e7\u00e3o atual: Doutorando no PPGL<\/td><\/tr><tr><td>XARXEL GARCIA \u2013 Lattes<br>Orientadora: Prof\u00aa Dr\u00aa Telma Maciel da Silva<br>Data da defesa: 27\/10\/2023<br>\u00c1rea de atua\u00e7\u00e3o\/Institui\u00e7\u00e3o atual:<\/td><\/tr><tr><td>M\u00c1RCIO LUIZ CARVALHO \u2013 Lattes<br>Orientadora: Prof\u00aa Dr\u00aa Barbara Cristina Marques<br>Data da defesa: 24\/10\/2023<br>\u00c1rea de atua\u00e7\u00e3o\/Institui\u00e7\u00e3o atual:<\/td><\/tr><tr><td>HENRIQUE DE PAIVA SOARES \u2013 Lattes<br>Orientadora: Prof\u00aa Dr\u00aa \u00c2ngela Lamas Rodrigues<br>Data da defesa: 15\/12\/2023<br>\u00c1rea de atua\u00e7\u00e3o\/Institui\u00e7\u00e3o atual:<\/td><\/tr><tr><td>ANA CRISTINA PEREIRA DA SILVA \u2013 Lattes<br>Orientador: Prof. Dr. Frederico Augusto Garcia Fernandes<br>Data da defesa: 17\/01\/2023<br>\u00c1rea de atua\u00e7\u00e3o\/Institui\u00e7\u00e3o atual: Doutoranda no PPGL<\/td><\/tr><tr><td>CLEIDI STRENSKE \u2013 Lattes<br>Orientadora: Prof\u00aa Dr\u00aa Marta Dantas da Silva<br>Data da defesa: 06\/03\/2023<br>\u00c1rea de atua\u00e7\u00e3o\/Institui\u00e7\u00e3o atual:<\/td><\/tr><tr><td>MICHELA VIEIRA PRESTES \u2013 Lattes<br>Orientadora: Prof\u00aa Dr\u00aa Laura Taddei Brandini<br>Data da defesa: 20\/05\/2023<br>\u00c1rea de atua\u00e7\u00e3o\/Institui\u00e7\u00e3o atual:<\/td><\/tr><\/tbody><\/table><\/figure>\n<\/div>\n<\/div>\n","protected":false},"excerpt":{"rendered":"<p>DOUTORADO DESIRR\u00c9 BUENO TIB\u00daRCIO \u2013 LattesOrientador: Prof. Dr. Luiz Carlos Migliozzi Ferreira de MelloData da defesa: 07\/02\/2023\u00c1rea de atua\u00e7\u00e3o\/Institui\u00e7\u00e3o atual: MATEUS FERNANDO DE OLIVEIRA \u2013 LattesOrientador: Prof. Dr. Luiz Carlos Santos SimonData da defesa: 29\/11\/2023\u00c1rea de atua\u00e7\u00e3o\/Institui\u00e7\u00e3o atual: MESTRADO LU\u00cdZA NEGR\u00c3O DE SOUZA \u2013 LattesOrientadora: Prof\u00aa Dr\u00aa Regina C\u00e9lia dos Santos AlvesData da defesa: 28\/02\/2023\u00c1rea [&hellip;]<\/p>\n","protected":false},"author":9,"featured_media":0,"parent":0,"menu_order":0,"comment_status":"closed","ping_status":"closed","template":"","meta":{"_acf_changed":false,"footnotes":""},"class_list":["post-9018","page","type-page","status-publish","hentry"],"acf":[],"_links":{"self":[{"href":"https:\/\/pos.uel.br\/letras\/wp-json\/wp\/v2\/pages\/9018","targetHints":{"allow":["GET"]}}],"collection":[{"href":"https:\/\/pos.uel.br\/letras\/wp-json\/wp\/v2\/pages"}],"about":[{"href":"https:\/\/pos.uel.br\/letras\/wp-json\/wp\/v2\/types\/page"}],"author":[{"embeddable":true,"href":"https:\/\/pos.uel.br\/letras\/wp-json\/wp\/v2\/users\/9"}],"replies":[{"embeddable":true,"href":"https:\/\/pos.uel.br\/letras\/wp-json\/wp\/v2\/comments?post=9018"}],"version-history":[{"count":39,"href":"https:\/\/pos.uel.br\/letras\/wp-json\/wp\/v2\/pages\/9018\/revisions"}],"predecessor-version":[{"id":9129,"href":"https:\/\/pos.uel.br\/letras\/wp-json\/wp\/v2\/pages\/9018\/revisions\/9129"}],"wp:attachment":[{"href":"https:\/\/pos.uel.br\/letras\/wp-json\/wp\/v2\/media?parent=9018"}],"curies":[{"name":"wp","href":"https:\/\/api.w.org\/{rel}","templated":true}]}}