{"id":8961,"date":"2025-03-06T22:51:37","date_gmt":"2025-03-07T01:51:37","guid":{"rendered":"https:\/\/pos.uel.br\/letras\/?page_id=8961"},"modified":"2025-03-08T11:06:29","modified_gmt":"2025-03-08T14:06:29","slug":"asociaciones-y-redes-de-investigacion-internacionales","status":"publish","type":"page","link":"https:\/\/pos.uel.br\/letras\/es\/asociaciones-y-redes-de-investigacion-internacionales\/","title":{"rendered":"Asociaciones y Redes de Investigaci\u00f3n Internacionales"},"content":{"rendered":"\n<p><\/p>\n\n\n\n<p style=\"font-size:15px\">El PPGL promueve diversas acciones dirigidas a la consolidaci\u00f3n de sus investigaciones a nivel internacional, tales como: 1) Proyectos de investigaci\u00f3n en colaboraci\u00f3n con docentes y universidades extranjeras; 2) Apoyo a docentes y estudiantes en eventos internacionales; 3)Movilidad de docentes y estudiantes para investigaciones en instituciones de educaci\u00f3n superior extranjeras; 4) Incentivo y apoyo a los estudiantes en intercambios (doctorado s\u00e1ndwich) con el objetivo de ampliar su formaci\u00f3n y promover la doble titulaci\u00f3n; 5) Incentivo a investigadores y estudiantes extranjeros para participar en las actividades del PPGL; 6) Participaci\u00f3n de docentes y estudiantes extranjeros en eventos organizados por el PPGL; 7) Integraci\u00f3n en Asociaciones, Redes o Grupos de Investigaci\u00f3n a nivel internacional.<\/p>\n\n\n\n<div class=\"wp-block-columns is-layout-flex wp-container-core-columns-is-layout-9d6595d7 wp-block-columns-is-layout-flex\">\n<div class=\"wp-block-column is-layout-flow wp-block-column-is-layout-flow\"><\/div>\n<\/div>\n\n\n\n<div class=\"wp-block-columns is-layout-flex wp-container-core-columns-is-layout-9d6595d7 wp-block-columns-is-layout-flex\">\n<div class=\"wp-block-column is-layout-flow wp-block-column-is-layout-flow\">\n<blockquote class=\"wp-block-quote is-layout-flow wp-block-quote-is-layout-flow\">\n<p><strong>Asociaciones y Redes de Investigaci\u00f3n en \u00c1mbito Internacional<\/strong><\/p>\n<\/blockquote>\n\n\n\n<div class=\"wp-block-columns is-layout-flex wp-container-core-columns-is-layout-9d6595d7 wp-block-columns-is-layout-flex\">\n<div class=\"wp-block-column is-layout-flow wp-block-column-is-layout-flow\">\n<p style=\"font-size:15px\"><strong><a href=\"https:\/\/www.lusitanistasail.org\/\" target=\"_blank\" rel=\"noreferrer noopener\">AIL \u2013 Associa\u00e7\u00e3o Internacional de Lusitanistas<\/a><\/strong><br>Fundada en Poitiers en 1984 durante el congreso liderado por R. A. Lawton (Universidad de Poitiers), la <strong>Asociaci\u00f3n Internacional de Lusitanistas (AIL) <\/strong>tiene como principales objetivos, seg\u00fan sus Estatutos: fomentar los estudios de lengua, literaturas y culturas de los pa\u00edses de lengua portuguesa; organizar congresos y publicar vol\u00famenes tem\u00e1ticos; editar la revista <em>Veredas<\/em>; y colaborar con instituciones nacionales e internacionales.<br><strong>Docente del PPGL: Prof. Dr. Frederico Garcia Fernandes<\/strong><br><br><a href=\"https:\/\/ainalc.org\/\" target=\"_blank\" rel=\"noreferrer noopener\"><strong>AINALC \u2013 Associa\u00e7\u00e3o de Investigadores\/as Afrolatinoamericanos\/as e do Caribe<\/strong><\/a><br>A partir del di\u00e1logo horizontal entre negros y negros investigadores, investigadores e intelectuales de Am\u00e9rica Latina y el Caribe, este espacio tambi\u00e9n busca visibilizar una tradici\u00f3n intelectual y emancipadora negra y afrodiasp\u00f3rica que ha sido subordinada, privilegiada, negada y, en muchos casos, casos, no reconocidos en campos acad\u00e9micos. Nos interesa contribuir a la difusi\u00f3n del pensamiento libertario, progresista y humanizador, para que, desde el di\u00e1logo sur-sur, se abran nuevas posibilidades y horizontes emancipatorios para la poblaci\u00f3n negra\/afrodescendiente en Am\u00e9rica Latina y el Caribe.<br><strong>Docente do PPGL:\u00a0<\/strong>Prof\u00aa Dr\u00aa Maria Carolina de Godoy<br><br><strong><a href=\"https:\/\/www.imagenlat.org\/\" target=\"_blank\" rel=\"noreferrer noopener\">IMAGENLAT \u2013 Red Latinoamericana de Investigaciones en Pr\u00e1cticas y Medios de la Imagen<\/a><\/strong><br>Red de investigaci\u00f3n latinoamericana interdisciplinaria cuyos proyectos est\u00e1n centrados en los Visual Studies y los Intermediality Studies. Los proyectos de investigaci\u00f3n que promueve la RED son interdisciplinares y transdisciplinares. Enfoques provenientes de la historia del arte, de la teor\u00eda del arte, de la filosof\u00eda, de las teor\u00edas de los medios y de los estudios literarios, entre otras disciplinas, se ponen al servicio de indagaciones sobre las im\u00e1genes que abarcan desde sus especificidades hasta sus formas de interacci\u00f3n, lo que las impulsa m\u00e1s all\u00e1 de sus propios l\u00edmites disciplinares. La RED est\u00e1 compuesta por investigadores vinculados a instituciones chilenas, argentinas, uruguayas y brasile\u00f1as.<br><strong>Docente del PPGL: Prof\u00aa Dr\u00aa Barbara Cristina Marques<\/strong><br><br><strong><a href=\"https:\/\/litelat.net\/\" target=\"_blank\" rel=\"noreferrer noopener\">litElat \u2013 Red de Literatura Electr\u00f3nica Latinoamericana<\/a><\/strong><br>Red de investigaci\u00f3n que integra acad\u00e9micos, investigadores y artistas de Am\u00e9rica Latina interesados en estudios y temas de obras de literatura electr\u00f3nica. LitElat conecta investigaciones y obras literarias que se han desarrollado en el \u00e1mbito de la literatura electr\u00f3nica en el contexto latinoamericano; cartograf\u00eda las investigaciones y las obras producidas en el campo de la literatura electr\u00f3nica con el fin de facilitar el acceso a investigadores, artistas y al p\u00fablico en general; establece an\u00e1lisis cr\u00edticos y debates que permitan comprender las implicaciones sociales, econ\u00f3micas, pol\u00edticas y culturales de la producci\u00f3n, circulaci\u00f3n y consumo de literatura electr\u00f3nica en contextos latinoamericanos.<br><strong>Docente del PPGL: Prof. Dr. Alamir Aquino Corr\u00eaa<\/strong><br><br><strong><a href=\"https:\/\/brasa.org\/\" target=\"_blank\" rel=\"noreferrer noopener\">BRASA \u2013 Brazilian Studies Association<\/a><\/strong><br>BRASA es un grupo internacional e interdisciplinario de acad\u00e9micos que apoya y promueve los estudios brasile\u00f1os en todos los campos, especialmente en las Humanidades y Ciencias sociales. BRASA est\u00e1 dedicado a la promoci\u00f3n de los estudios brasile\u00f1os en todo el mundo en general, y en Estados Unidos en particular.<br><strong>Docente del PPGL: Prof. Dr. Alamir Aquino Corr\u00eaa<\/strong><br><br><a href=\"http:\/\/(https:\/\/www.roland-barthes.org\/\" target=\"_blank\" rel=\"noreferrer noopener\"><strong>R\u00e9seau Roland Barthes \u2013 Le r\u00e9seau international de recherche<\/strong><br><\/a>Red dedicada a los estudios sobre Roland Barthes. Los miembros, cada trimestre, comunican sus nuevas publicaciones sobre Barthes con el fin de actualizar la base bibliogr\u00e1fica, la biograf\u00eda y los cuadernos individuales. Adem\u00e1s, corresponde a los miembros de la Red Roland Barthes divulgar y difundir en el sitio todas las actividades actuales barthesianas para el conocimiento del p\u00fablico.<br><strong>Docente del PPGL: Prof\u00aa Dr\u00aa Laura Taddei Brandini<\/strong><\/p>\n<\/div>\n<\/div>\n<\/div>\n<\/div>\n\n\n\n<p><\/p>\n","protected":false},"excerpt":{"rendered":"<p>El PPGL promueve diversas acciones dirigidas a la consolidaci\u00f3n de sus investigaciones a nivel internacional, tales como: 1) Proyectos de investigaci\u00f3n en colaboraci\u00f3n con docentes y universidades extranjeras; 2) Apoyo a docentes y estudiantes en eventos internacionales; 3)Movilidad de docentes y estudiantes para investigaciones en instituciones de educaci\u00f3n superior extranjeras; 4) Incentivo y apoyo a [&hellip;]<\/p>\n","protected":false},"author":9,"featured_media":0,"parent":0,"menu_order":0,"comment_status":"closed","ping_status":"closed","template":"","meta":{"_acf_changed":false,"footnotes":""},"class_list":["post-8961","page","type-page","status-publish","hentry"],"acf":[],"_links":{"self":[{"href":"https:\/\/pos.uel.br\/letras\/wp-json\/wp\/v2\/pages\/8961","targetHints":{"allow":["GET"]}}],"collection":[{"href":"https:\/\/pos.uel.br\/letras\/wp-json\/wp\/v2\/pages"}],"about":[{"href":"https:\/\/pos.uel.br\/letras\/wp-json\/wp\/v2\/types\/page"}],"author":[{"embeddable":true,"href":"https:\/\/pos.uel.br\/letras\/wp-json\/wp\/v2\/users\/9"}],"replies":[{"embeddable":true,"href":"https:\/\/pos.uel.br\/letras\/wp-json\/wp\/v2\/comments?post=8961"}],"version-history":[{"count":12,"href":"https:\/\/pos.uel.br\/letras\/wp-json\/wp\/v2\/pages\/8961\/revisions"}],"predecessor-version":[{"id":9008,"href":"https:\/\/pos.uel.br\/letras\/wp-json\/wp\/v2\/pages\/8961\/revisions\/9008"}],"wp:attachment":[{"href":"https:\/\/pos.uel.br\/letras\/wp-json\/wp\/v2\/media?parent=8961"}],"curies":[{"name":"wp","href":"https:\/\/api.w.org\/{rel}","templated":true}]}}