{"id":8902,"date":"2025-03-06T11:39:45","date_gmt":"2025-03-06T14:39:45","guid":{"rendered":"https:\/\/pos.uel.br\/letras\/?page_id=8902"},"modified":"2025-03-06T11:48:57","modified_gmt":"2025-03-06T14:48:57","slug":"infraestructura","status":"publish","type":"page","link":"https:\/\/pos.uel.br\/letras\/es\/infraestructura\/","title":{"rendered":"Infraestructura"},"content":{"rendered":"\n<p style=\"font-size:15px\"><strong>a) Bibliotecas de la UEL<\/strong><\/p>\n\n\n\n<p style=\"font-size:15px\">El <a href=\"https:\/\/sites.uel.br\/bibliotecas\/\" target=\"_blank\" rel=\"noreferrer noopener\">Sistema de Bibliotecas de la UEL<\/a>, formado por cuatro bibliotecas f\u00edsicas, dispone de una serie de servicios electr\u00f3nicos e inform\u00e1tica calificados.<\/p>\n\n\n\n<p style=\"font-size:15px\"><strong>b) Aulas, reuniones y defensas<\/strong><\/p>\n\n\n\n<p style=\"font-size:15px\">El PPGL dispone de 2 aulas climatizadas con aire acondicionado, proyector y sistema de sonido; 1 sala para reuniones del comit\u00e9 acad\u00e9mico; 1 sala con espacio compartido para todos los coordinadores de los Programas de Posgrado del CLCH; 1 secretar\u00eda compartida con todos los PPG del CLCH. La infraestructura f\u00edsica del CLCH ha sido objeto de diversas reformas y mantenimientos desde 2022, con el fin de mejorar sus espacios de ense\u00f1anza, investigaci\u00f3n y eventos. El PPGL cuenta, adem\u00e1s de los espacios reservados al programa, con el Anfiteatro Mayor y la Sala de eventos. En el cuatrienio 2021-2024, estos espacios se han utilizado para la realizaci\u00f3n del SEDA \u2013 Seminario de Disertaciones y Tesis en curso \u2013 y otros eventos promovidos por el PPGL. El PPGL cuenta con 2 salas para defensas y cursos, con toda la instalaci\u00f3n necesaria para videoconferencias.<\/p>\n\n\n\n<p style=\"font-size:15px\"><strong>c) Laboratorios y N\u00facleos<\/strong><\/p>\n\n\n\n<p style=\"font-size:15px\">El PPGL cuenta con los siguientes laboratorios y n\u00facleos del CLCH y de la UEL para sus actividades:<\/p>\n\n\n\n<ul class=\"wp-block-list\">\n<li style=\"font-size:15px\"><strong><a href=\"https:\/\/lablinguasuel.com.br\/\" target=\"_blank\" rel=\"noreferrer noopener\">LAB LINGUAS \u2013 Laboratorio de Lenguas del CLCH<\/a><\/strong><\/li>\n<\/ul>\n\n\n\n<p style=\"font-size:15px\">Creado en 1974, el Lab L\u00ednguas promueve el estudio de diversos idiomas extranjeros, entre ellos, alem\u00e1n, \u00e1rabe, espa\u00f1ol, franc\u00e9s, ingl\u00e9s, italiano, japon\u00e9s, mandar\u00edn, griego cl\u00e1sico y koin\u00e9, portugu\u00e9s para extranjeros.<\/p>\n\n\n\n<ul class=\"wp-block-list\">\n<li style=\"font-size:15px\"><strong><a href=\"https:\/\/sites.uel.br\/ndph\/\" target=\"_blank\" rel=\"noreferrer noopener\">NDPH \u2013 N\u00facleo de Documentaci\u00f3n y Investigaci\u00f3n Hist\u00f3rica<\/a><\/strong><\/li>\n<\/ul>\n\n\n\n<p style=\"font-size:15px\">Cuenta con archivos para la investigaci\u00f3n en peri\u00f3dicos, revistas, cartas, mapas, fotos y equipos adquiridos con recursos de FINEP (edital PROINFRA 2007), como dos esc\u00e1neres de alta velocidad y un lector-digitalizador de microfilmes. Los nuevos equipos, las donaciones de colecciones privadas y el acervo ya existente han convertido al IRCH \u2013 Instituto de Referencia en Ciencias Humanas en uno de los centros de documentaci\u00f3n m\u00e1s importantes sobre Londrina y el norte de Paran\u00e1.<\/p>\n\n\n\n<ul class=\"wp-block-list\">\n<li style=\"font-size:15px\"><strong><a href=\"https:\/\/sites.uel.br\/neab\/\" target=\"_blank\" rel=\"noreferrer noopener\">NEAB \u2013 N\u00facleo de Estudios Afro-Brasile\u00f1os<\/a><\/strong><\/li>\n<\/ul>\n\n\n\n<p style=\"font-size:15px\">El NEAB ha desarrollado investigaciones, cursos, conferencias, encuentros y publicaciones, priorizando cuestiones socio-hist\u00f3ricas y pedag\u00f3gicas sobre estudios afro-brasile\u00f1os y africanos en diferentes sociedades. De manera interdisciplinaria, tambi\u00e9n busca subsidiar la producci\u00f3n de conocimiento para la formulaci\u00f3n de bases para combatir la discriminaci\u00f3n racial, el prejuicio y el racismo. El NEAB ha difundido la realidad afro-brasile\u00f1a a trav\u00e9s de la ense\u00f1anza, la investigaci\u00f3n y la extensi\u00f3n. Ha promovido e incentivado el estudio y la investigaci\u00f3n de las poblaciones de origen africano en Brasil y en el mundo. Ha mantenido relaciones cient\u00edficas, cong\u00e9neres, culturales y art\u00edsticas, nacionales o extranjeras. Comparte y mantiene en su sede la Biblioteca L\u00e9lia Gonzalez, con un acervo de libros, revistas, tesis y datos especializados sobre los temas tratados por el N\u00facleo.<\/p>\n\n\n\n<ul class=\"wp-block-list\">\n<li style=\"font-size:15px\"><strong><a href=\"https:\/\/cmlp.uel.br\/laboratorios\/labesc\/\" target=\"_blank\" rel=\"noreferrer noopener\">LABESC \u2013 Laboratorio Escuela de Posgrado<\/a><\/strong><\/li>\n<\/ul>\n\n\n\n<p style=\"font-size:15px\">Aprobado y construido con recursos de FINEP, atiende a todos los PPG de la UEL. Sus instalaciones se utilizan principalmente para la realizaci\u00f3n de comit\u00e9s con participaci\u00f3n remota (por videoconferencia), seminarios, simposios, talleres y cursos de corta duraci\u00f3n. Sus instalaciones tambi\u00e9n se pueden usar para reuniones, clases, comit\u00e9s, reuniones de grupos de investigaci\u00f3n y otras actividades acad\u00e9micas de los Programas de Posgrado stricto sensu de la UEL.<\/p>\n\n\n\n<ul class=\"wp-block-list\">\n<li style=\"font-size:15px\"><strong><a href=\"https:\/\/cmlp.uel.br\/categoria\/laboratorio-de-pesquisa-em-ciencias-humanas-lapech\/\" target=\"_blank\" rel=\"noreferrer noopener\">LAPECH \u2013 Laboratorio de Investigaci\u00f3n en Ciencias Humanas<\/a><\/strong><\/li>\n<\/ul>\n\n\n\n<p style=\"font-size:15px\">Ubicado en el CLCH, el LAPECH es un laboratorio multiusuario e interdisciplinario, que puede ser utilizado por grupos de estudios y para eventos de posgrado. El laboratorio est\u00e1 dividido en n\u00facleos tem\u00e1ticos. Hay un total de seis n\u00facleos tem\u00e1ticos: N\u00facleo de Ense\u00f1anza y Aprendizaje en Ciencias Humanas y Educaci\u00f3n Cient\u00edfica (NEACHEC), N\u00facleo de Estudios Culturales (NEC), N\u00facleo de Estudios de la Imagen (NEI), N\u00facleo de Estudios en Ciencia, Tecnolog\u00eda y Sociedad (NECTS), N\u00facleo de Estudios Socio-Pol\u00edticos y Jur\u00eddicos (NESPJ) y N\u00facleo de Tecnolog\u00edas de Informaci\u00f3n y Comunicaci\u00f3n en Ciencias Humanas (TICCH). Cuenta con m\u00e1s de mil metros cuadrados de \u00e1rea construida y R$ 2,3 millones en inversiones, provenientes de recursos de FINEP. Cada n\u00facleo tiene dos salas, cada una con un proyector multimedia, ocho sillas y una estaci\u00f3n de trabajo con mesa y computadora. El espacio tambi\u00e9n cuenta con un Laboratorio de Inform\u00e1tica, de uso com\u00fan para todos los n\u00facleos, con 30 estaciones de trabajo, mesa y computadora. El N\u00facleo TICCH tiene 1 pizarra digital y 1 TV de 55 pulgadas. El PPGL tiene representaci\u00f3n en el LAPECH a trav\u00e9s de las tres l\u00edneas de investigaci\u00f3n del programa. La Prof\u00aa Mar\u00eda Carolina de Godoy, adem\u00e1s de ser vice-coordinadora del LAPECH, es coordinadora del NEC \u2013 N\u00facleo de Estudios Culturales, y la Prof\u00aa B\u00e1rbara Cristina Marques coordina el NEI \u2013 N\u00facleo de Estudios de la Imagen.<\/p>\n","protected":false},"excerpt":{"rendered":"<p>a) Bibliotecas de la UEL El Sistema de Bibliotecas de la UEL, formado por cuatro bibliotecas f\u00edsicas, dispone de una serie de servicios electr\u00f3nicos e inform\u00e1tica calificados. b) Aulas, reuniones y defensas El PPGL dispone de 2 aulas climatizadas con aire acondicionado, proyector y sistema de sonido; 1 sala para reuniones del comit\u00e9 acad\u00e9mico; 1 [&hellip;]<\/p>\n","protected":false},"author":9,"featured_media":0,"parent":0,"menu_order":0,"comment_status":"closed","ping_status":"closed","template":"","meta":{"_acf_changed":false,"footnotes":""},"class_list":["post-8902","page","type-page","status-publish","hentry"],"acf":[],"_links":{"self":[{"href":"https:\/\/pos.uel.br\/letras\/wp-json\/wp\/v2\/pages\/8902","targetHints":{"allow":["GET"]}}],"collection":[{"href":"https:\/\/pos.uel.br\/letras\/wp-json\/wp\/v2\/pages"}],"about":[{"href":"https:\/\/pos.uel.br\/letras\/wp-json\/wp\/v2\/types\/page"}],"author":[{"embeddable":true,"href":"https:\/\/pos.uel.br\/letras\/wp-json\/wp\/v2\/users\/9"}],"replies":[{"embeddable":true,"href":"https:\/\/pos.uel.br\/letras\/wp-json\/wp\/v2\/comments?post=8902"}],"version-history":[{"count":16,"href":"https:\/\/pos.uel.br\/letras\/wp-json\/wp\/v2\/pages\/8902\/revisions"}],"predecessor-version":[{"id":8927,"href":"https:\/\/pos.uel.br\/letras\/wp-json\/wp\/v2\/pages\/8902\/revisions\/8927"}],"wp:attachment":[{"href":"https:\/\/pos.uel.br\/letras\/wp-json\/wp\/v2\/media?parent=8902"}],"curies":[{"name":"wp","href":"https:\/\/api.w.org\/{rel}","templated":true}]}}