{"id":8789,"date":"2025-03-06T10:31:34","date_gmt":"2025-03-06T13:31:34","guid":{"rendered":"https:\/\/pos.uel.br\/letras\/?page_id=8789"},"modified":"2025-03-08T10:54:35","modified_gmt":"2025-03-08T13:54:35","slug":"autoevaluacion","status":"publish","type":"page","link":"https:\/\/pos.uel.br\/letras\/es\/autoevaluacion\/","title":{"rendered":"Autoevaluaci\u00f3n"},"content":{"rendered":"\n<p><\/p>\n\n\n\n<p style=\"font-size:15px\">La autoevaluaci\u00f3n, de acuerdo con el Documento del \u00c1rea de Ling\u00fc\u00edstica y Literatura (2019, p. 10), es un ejercicio de reflexi\u00f3n cr\u00edtica fundamental para la identificaci\u00f3n de potencialidades y fragilidades de los Programas, con el objetivo de reforzar acciones o corregir rumbos que puedan mejorar el proceso formativo y la calidad de la producci\u00f3n intelectual de docentes y estudiantes. En estos t\u00e9rminos, la autoevaluaci\u00f3n exige la adopci\u00f3n de mecanismos sistem\u00e1ticos de producci\u00f3n y an\u00e1lisis de datos que brinden consistencia a las acciones de mejora y fortalecimiento de los Programas. Es necesario desarrollar la autoevaluaci\u00f3n, asoci\u00e1ndola con la planificaci\u00f3n estrat\u00e9gica del Programa, en consonancia con las pol\u00edticas institucionales de apoyo y mejora de la posgraduaci\u00f3n stricto sensu, mediante procesos e instrumentos bien definidos, aplicados tanto al estudiantado en curso como a los egresados. Cabe destacar que, en la autoevaluaci\u00f3n, es de suma importancia la recopilaci\u00f3n de datos que permitan al Programa evaluar el alcance y la extensi\u00f3n de la formaci\u00f3n que ofrece, a trav\u00e9s del seguimiento de la trayectoria de sus egresados, considerando su inserci\u00f3n profesional, producci\u00f3n intelectual y otros indicadores que reflejen los impactos generados por el Programa en la formaci\u00f3n de recursos humanos para la sociedad.<\/p>\n\n\n\n<div class=\"wp-block-columns is-layout-flex wp-container-core-columns-is-layout-9d6595d7 wp-block-columns-is-layout-flex\">\n<div class=\"wp-block-column is-layout-flow wp-block-column-is-layout-flow\">\n<blockquote class=\"wp-block-quote is-layout-flow wp-block-quote-is-layout-flow\">\n<p style=\"font-size:15px\"><strong>PROCESOS DE AUTOEVALUACI\u00d3N DEL PPG EN LETRAS DE LA UEL DESDE SU IMPLEMENTACI\u00d3N<\/strong><\/p>\n<\/blockquote>\n\n\n\n<div class=\"wp-block-columns is-layout-flex wp-container-core-columns-is-layout-9d6595d7 wp-block-columns-is-layout-flex\">\n<div class=\"wp-block-column is-layout-flow wp-block-column-is-layout-flow\">\n<p style=\"font-size:15px\">El 14 de octubre de 2019 se cre\u00f3 la <strong>CIAPG<\/strong>, una comisi\u00f3n encargada de sistematizar el proceso de autoevaluaci\u00f3n de los Programas de Posgrado de la UEL, cuya primera gesti\u00f3n tuvo lugar desde noviembre de 2019 hasta el 31 de mayo de 2021. En julio de 2021 se implement\u00f3 la primera <strong>Comisi\u00f3n de Autoevaluaci\u00f3n <\/strong>del PPG en Letras, compuesta por representantes docentes del PPGL (permanentes), representantes estudiantiles del PPGL y un representante externo al PPGL.<br><br><strong><strong>COMISI\u00d3N DE AUTOEVALUACI\u00d3N DEL PPGL<\/strong><\/strong> <strong>(2021)<\/strong><br><br><strong>Docentes del PPGL<\/strong><br>Prof. Dr. Alamir Aquino Corr\u00eaa (Coordinador de la comisi\u00f3n)<br>Prof\u00aa Dr\u00aa\u00a0Suely Leite <br>Prof\u00aa Dr\u00aa Marta Dantas da Silva <br><br><strong>Estudiantes del PPGL<\/strong><br>Doctorando \u00c1lvaro Perini Canholi<br>Doctoranda Layse Barnab\u00e9 de Moraes<br>Estudiante de la Maestr\u00eda Lucas do Prado Freitas<br><br><strong>Representante externo<\/strong><br>Prof\u00aa Dr\u00aa Lourdes Kaminski (Docente UNIOESTE)<br><br>No hubo instrumentos de evaluaci\u00f3n en 2021. La autoevaluaci\u00f3n se realiz\u00f3 mediante observaci\u00f3n entre los pares y discusi\u00f3n sobre el informe de evaluaci\u00f3n de la CAPES. Los resultados y las sugerencias de la Comisi\u00f3n de autoevaluaci\u00f3n del PPGL de 2021 fueron socializados y discutidos en el 1er SEMINARIO DE AUTOEVALUACI\u00d3N DEL PPGL, en el SEDA (Seminario de Disertaciones y Tesis en curso en el PPGL), por la nueva Comisi\u00f3n de autoevaluaci\u00f3n del PPGL que, siguiendo la evaluaci\u00f3n anterior, elabor\u00f3 y adopt\u00f3 criterios e instrumentos de evaluaci\u00f3n seg\u00fan cada segmento.<br><br><strong>COMISI\u00d3N DE AUTOEVALUACI\u00d3N DEL PPGL (2022)<\/strong><br><br><strong>Docentes del PPGL<\/strong><br>Prof\u00aa Dr\u00aa\u00a0Suely Leite (Coordinadora de la comisi\u00f3n)<br>Prof\u00aa Dr\u00aa\u00a0Cl\u00e1udia Cristina Ferreira<br><br><strong>Estudiantes del PPGL<\/strong><br>Doctoranda Juliana da Silva Bello<br><br><strong>Representante externo<\/strong><br>Prof. Dr. Marcos Hidemi (UFPR \u2013 PATO BRANCO)<br><br>Los resultados de la Comisi\u00f3n de autoevaluaci\u00f3n del PPG en Letras desde su implementaci\u00f3n:<\/p>\n\n\n\n<p style=\"font-size:15px\"><\/p>\n\n\n\n<figure style=\"font-size:15px\" class=\"wp-block-table\"><table class=\"has-fixed-layout\"><tbody><tr><td>2021<\/td><td>Creaci\u00f3n de la CPA del PPGL<\/td><td>Implementaci\u00f3n y discusi\u00f3n entre pares<\/td><\/tr><tr><td>2022<\/td><td>Recomposici\u00f3n de la CPA del PPGL<\/td><td>Aplicaci\u00f3n de los instrumentos de autoevaluaci\u00f3n<\/td><\/tr><tr><td>2023<\/td><td>Presentaci\u00f3n de los resultados<\/td><td>18-19\/05\/2023 \u2013 Foro de autoevaluaci\u00f3n de los Programas de Posgrado <em>Stricto Sensu<\/em> de la UEL<br><br>08\/12\/2023 \u2013 1\u00ba Seminario de autoevaluaci\u00f3n del PPG en Letras no SEDA 2023\/2<\/td><\/tr><\/tbody><\/table><\/figure>\n<\/div>\n<\/div>\n\n\n\n<p style=\"font-size:15px\"><a href=\"https:\/\/pos.uel.br\/letras\/wp-content\/uploads\/2025\/02\/Relatorio_Autoavaliacao_PPGL.pdf\" target=\"_blank\" rel=\"noreferrer noopener\">Relat\u00f3rio de autoavalia\u00e7\u00e3o de 2022<\/a><br><a href=\"https:\/\/pos.uel.br\/letras\/wp-content\/uploads\/2023\/03\/Ficha_avaliacao_DISCENTES.pdf\" target=\"_blank\" rel=\"noreferrer noopener\">Ficha de avalia\u00e7\u00e3o \u2013 Discentes<\/a><br><a href=\"https:\/\/pos.uel.br\/letras\/wp-content\/uploads\/2023\/03\/Ficha_avaliacao_DOCENTES.pdf\" target=\"_blank\" rel=\"noreferrer noopener\">Ficha de avalia\u00e7\u00e3o \u2013 Docentes<\/a><br><a href=\"https:\/\/pos.uel.br\/letras\/wp-content\/uploads\/2023\/03\/Ficha_avaliacao_EGRESSOS.pdf\" target=\"_blank\" rel=\"noreferrer noopener\">Ficha de avalia\u00e7\u00e3o \u2013 Egressos<\/a><br><br><strong><strong>COMISI\u00d3N DE AUTOEVALUACI\u00d3N DEL PPGL<\/strong> (2024)<\/strong><\/p>\n\n\n\n<p style=\"font-size:15px\"><strong>Docentes del PPGL<\/strong><br>Prof\u00aa Dr\u00aa Maria Carolina de Godoy (Coordinadora de la comisi\u00f3n)<br>Prof. Dr.\u00a0Luiz Carlos Migliozzi Ferreira de Mello<br><br><strong>Estudiantes del PPGL<\/strong><br>Doutorando Matheus Willian Migotto<br><br><strong>Egresa del PPGL<\/strong><br>Prof\u00aa Dr\u00aa Layse Barnab\u00e9 de Moraes<br><br><strong>Representante de la Comunidad externa<\/strong><br>Prof\u00aa Dr\u00aa L\u00eada Maria Ara\u00fajo (Biblioteca P\u00fablica Municipal de Londrina)<br><br><strong>Representante t\u00e9cnico-administrativo<\/strong><br>Rosely Fernandes Lopes (Secretaria de P\u00f3s-gradua\u00e7\u00e3o do CLCH)<br><\/p>\n<\/div>\n<\/div>\n","protected":false},"excerpt":{"rendered":"<p>La autoevaluaci\u00f3n, de acuerdo con el Documento del \u00c1rea de Ling\u00fc\u00edstica y Literatura (2019, p. 10), es un ejercicio de reflexi\u00f3n cr\u00edtica fundamental para la identificaci\u00f3n de potencialidades y fragilidades de los Programas, con el objetivo de reforzar acciones o corregir rumbos que puedan mejorar el proceso formativo y la calidad de la producci\u00f3n intelectual [&hellip;]<\/p>\n","protected":false},"author":9,"featured_media":0,"parent":0,"menu_order":0,"comment_status":"closed","ping_status":"closed","template":"","meta":{"_acf_changed":false,"footnotes":""},"class_list":["post-8789","page","type-page","status-publish","hentry"],"acf":[],"_links":{"self":[{"href":"https:\/\/pos.uel.br\/letras\/wp-json\/wp\/v2\/pages\/8789","targetHints":{"allow":["GET"]}}],"collection":[{"href":"https:\/\/pos.uel.br\/letras\/wp-json\/wp\/v2\/pages"}],"about":[{"href":"https:\/\/pos.uel.br\/letras\/wp-json\/wp\/v2\/types\/page"}],"author":[{"embeddable":true,"href":"https:\/\/pos.uel.br\/letras\/wp-json\/wp\/v2\/users\/9"}],"replies":[{"embeddable":true,"href":"https:\/\/pos.uel.br\/letras\/wp-json\/wp\/v2\/comments?post=8789"}],"version-history":[{"count":24,"href":"https:\/\/pos.uel.br\/letras\/wp-json\/wp\/v2\/pages\/8789\/revisions"}],"predecessor-version":[{"id":9171,"href":"https:\/\/pos.uel.br\/letras\/wp-json\/wp\/v2\/pages\/8789\/revisions\/9171"}],"wp:attachment":[{"href":"https:\/\/pos.uel.br\/letras\/wp-json\/wp\/v2\/media?parent=8789"}],"curies":[{"name":"wp","href":"https:\/\/api.w.org\/{rel}","templated":true}]}}