{"id":8784,"date":"2025-03-06T10:23:58","date_gmt":"2025-03-06T13:23:58","guid":{"rendered":"https:\/\/pos.uel.br\/letras\/?page_id=8784"},"modified":"2025-03-20T00:43:48","modified_gmt":"2025-03-20T03:43:48","slug":"acreditacion-de-docentes","status":"publish","type":"page","link":"https:\/\/pos.uel.br\/letras\/es\/acreditacion-de-docentes\/","title":{"rendered":"Acreditaci\u00f3n de Docentes"},"content":{"rendered":"\n<p><\/p>\n\n\n\n<p style=\"font-size:15px\">De acuerdo con la <a href=\"https:\/\/pos.uel.br\/letras\/wp-content\/uploads\/2025\/02\/Regimento-PPG-Letras-Resoluc%CC%A7a%CC%83o-CEPE-75-2024.pdf\" target=\"_blank\" rel=\"noreferrer noopener\">RESOLUCI\u00d3N CEPE N\u00ba 075\/2024<\/a>, del 19 de diciembre de 2024, que modifica el Reglamento del Programa de Posgrado en Letras de la Universidad Estatal de Londrina, el PPGL acredita nuevos docentes en calidad de profesores permanentes mediante:<\/p>\n\n\n\n<p style=\"font-size:15px\">I. Carta del docente justificando su intenci\u00f3n de participar en el PPG en Letras, informando sus intereses de investigaci\u00f3n, \u00e1rea de actuaci\u00f3n y describiendo su investigaci\u00f3n y la calidad de su producci\u00f3n cuatrienal, medida de acuerdo con las normas definidas por la CAPES, que debe ser igual o superior a la calificaci\u00f3n del programa;<br>II. Curr\u00edculum Lattes con registro completo de la producci\u00f3n acad\u00e9mica de los \u00faltimos 5 a\u00f1os;<br>III. Proyecto de investigaci\u00f3n vinculado a una de las l\u00edneas de investigaci\u00f3n del PPG en Letras, registrado en la PROPPG o en la instituci\u00f3n de origen, en el caso de docentes cedidos al PPG;<br>IV. Propuesta de asignatura a impartir;<br>V. Experiencia en tutor\u00edas concluidas de IC, TCC o en posgrado;<br>VI. Oferta previa de asignatura como profesor invitado o haber actuado en un programa de posgrado.<\/p>\n","protected":false},"excerpt":{"rendered":"<p>De acuerdo con la RESOLUCI\u00d3N CEPE N\u00ba 075\/2024, del 19 de diciembre de 2024, que modifica el Reglamento del Programa de Posgrado en Letras de la Universidad Estatal de Londrina, el PPGL acredita nuevos docentes en calidad de profesores permanentes mediante: I. Carta del docente justificando su intenci\u00f3n de participar en el PPG en Letras, [&hellip;]<\/p>\n","protected":false},"author":9,"featured_media":0,"parent":0,"menu_order":0,"comment_status":"closed","ping_status":"closed","template":"","meta":{"_acf_changed":false,"footnotes":""},"class_list":["post-8784","page","type-page","status-publish","hentry"],"acf":[],"_links":{"self":[{"href":"https:\/\/pos.uel.br\/letras\/wp-json\/wp\/v2\/pages\/8784","targetHints":{"allow":["GET"]}}],"collection":[{"href":"https:\/\/pos.uel.br\/letras\/wp-json\/wp\/v2\/pages"}],"about":[{"href":"https:\/\/pos.uel.br\/letras\/wp-json\/wp\/v2\/types\/page"}],"author":[{"embeddable":true,"href":"https:\/\/pos.uel.br\/letras\/wp-json\/wp\/v2\/users\/9"}],"replies":[{"embeddable":true,"href":"https:\/\/pos.uel.br\/letras\/wp-json\/wp\/v2\/comments?post=8784"}],"version-history":[{"count":4,"href":"https:\/\/pos.uel.br\/letras\/wp-json\/wp\/v2\/pages\/8784\/revisions"}],"predecessor-version":[{"id":10026,"href":"https:\/\/pos.uel.br\/letras\/wp-json\/wp\/v2\/pages\/8784\/revisions\/10026"}],"wp:attachment":[{"href":"https:\/\/pos.uel.br\/letras\/wp-json\/wp\/v2\/media?parent=8784"}],"curies":[{"name":"wp","href":"https:\/\/api.w.org\/{rel}","templated":true}]}}