{"id":8779,"date":"2025-03-06T10:18:17","date_gmt":"2025-03-06T13:18:17","guid":{"rendered":"https:\/\/pos.uel.br\/letras\/?page_id=8779"},"modified":"2025-03-08T09:18:04","modified_gmt":"2025-03-08T12:18:04","slug":"acciones-afirmativas","status":"publish","type":"page","link":"https:\/\/pos.uel.br\/letras\/es\/acciones-afirmativas\/","title":{"rendered":"Acciones afirmativas"},"content":{"rendered":"\n<p style=\"font-size:15px\">El PPGL, comprometido con las acciones afirmativas en el proceso de inclusi\u00f3n educativa y en conformidad con la Resoluci\u00f3n CEPE N\u00ba 034\/2021 de la Universidad Estatal de Londrina, reserva plazas para personas que se autodeclaren negras, ind\u00edgenas y con discapacidad. Con el apoyo del N\u00facleo de Accesibilidad (NAC) de la Universidad Estatal de Londrina, el PPGL, desde el proceso selectivo 2021\/2, destina plazas para los siguientes grupos:<\/p>\n\n\n\n<p style=\"font-size:15px\">I \u2013 30% (treinta por ciento) para personas autodeclaradas negras (negras y pardas);<br>II \u2013 5% (cinco por ciento) para personas autodeclaradas ind\u00edgenas;<br>III \u2013 5% (cinco por ciento) para personas autodeclaradas con discapacidad.<\/p>\n\n\n\n<p style=\"font-size:15px\">La Ley Brasile\u00f1a de Inclusi\u00f3n de la Persona con Discapacidad (Lei n.\u00ba 13.146\/2015), en sus art\u00edculos 28, incisos I, II y III, y 30, con \u00e9nfasis en los incisos V y VI, garantiza que la persona con discapacidad debe tener igualdad de oportunidades y que se le debe asegurar la adaptaci\u00f3n de pruebas y ex\u00e1menes selectivos, incluyendo el tiempo adicional necesario para que la prueba se realice de manera justa. El PPGL ofrece tiempo adicional en sus procesos selectivos para candidatos con discapacidad (30 minutos m\u00e1s), adem\u00e1s de las medidas necesarias en cuanto a otras adaptaciones, con el fin de garantizar que todas las personas tengan las mismas condiciones para la realizaci\u00f3n de la prueba.<\/p>\n\n\n\n<p style=\"font-size:15px\">En el cuatrienio 2021-2024, el PPGL cont\u00f3 con un (1) estudiante de maestr\u00eda con discapacidad visual que particip\u00f3 activamente en las actividades del programa. En el proceso selectivo 2021\/2, con ingreso en el primer semestre de 2022, el PPGL recibi\u00f3 la inscripci\u00f3n de 12 candidatos (maestr\u00eda y doctorado) dentro del sistema de cuotas, contando actualmente con un estudiante de maestr\u00eda y un estudiante de doctorado activos que ingresaron al programa a trav\u00e9s de dicho sistema.<\/p>\n","protected":false},"excerpt":{"rendered":"<p>El PPGL, comprometido con las acciones afirmativas en el proceso de inclusi\u00f3n educativa y en conformidad con la Resoluci\u00f3n CEPE N\u00ba 034\/2021 de la Universidad Estatal de Londrina, reserva plazas para personas que se autodeclaren negras, ind\u00edgenas y con discapacidad. Con el apoyo del N\u00facleo de Accesibilidad (NAC) de la Universidad Estatal de Londrina, el [&hellip;]<\/p>\n","protected":false},"author":9,"featured_media":0,"parent":0,"menu_order":0,"comment_status":"closed","ping_status":"closed","template":"","meta":{"_acf_changed":false,"footnotes":""},"class_list":["post-8779","page","type-page","status-publish","hentry"],"acf":[],"_links":{"self":[{"href":"https:\/\/pos.uel.br\/letras\/wp-json\/wp\/v2\/pages\/8779","targetHints":{"allow":["GET"]}}],"collection":[{"href":"https:\/\/pos.uel.br\/letras\/wp-json\/wp\/v2\/pages"}],"about":[{"href":"https:\/\/pos.uel.br\/letras\/wp-json\/wp\/v2\/types\/page"}],"author":[{"embeddable":true,"href":"https:\/\/pos.uel.br\/letras\/wp-json\/wp\/v2\/users\/9"}],"replies":[{"embeddable":true,"href":"https:\/\/pos.uel.br\/letras\/wp-json\/wp\/v2\/comments?post=8779"}],"version-history":[{"count":5,"href":"https:\/\/pos.uel.br\/letras\/wp-json\/wp\/v2\/pages\/8779\/revisions"}],"predecessor-version":[{"id":9017,"href":"https:\/\/pos.uel.br\/letras\/wp-json\/wp\/v2\/pages\/8779\/revisions\/9017"}],"wp:attachment":[{"href":"https:\/\/pos.uel.br\/letras\/wp-json\/wp\/v2\/media?parent=8779"}],"curies":[{"name":"wp","href":"https:\/\/api.w.org\/{rel}","templated":true}]}}