{"id":8775,"date":"2025-03-06T10:15:09","date_gmt":"2025-03-06T13:15:09","guid":{"rendered":"https:\/\/pos.uel.br\/letras\/?page_id=8775"},"modified":"2025-03-06T22:04:28","modified_gmt":"2025-03-07T01:04:28","slug":"insercion-social","status":"publish","type":"page","link":"https:\/\/pos.uel.br\/letras\/es\/insercion-social\/","title":{"rendered":"Inserci\u00f3n Social"},"content":{"rendered":"\n<p><\/p>\n\n\n\n<div class=\"wp-block-columns is-layout-flex wp-container-core-columns-is-layout-9d6595d7 wp-block-columns-is-layout-flex\">\n<div class=\"wp-block-column is-layout-flow wp-block-column-is-layout-flow\">\n<blockquote class=\"wp-block-quote is-layout-flow wp-block-quote-is-layout-flow\">\n<p style=\"font-size:15px\"><strong>SESC\/PR<\/strong><\/p>\n<\/blockquote>\n\n\n\n<div class=\"wp-block-columns is-layout-flex wp-container-core-columns-is-layout-9d6595d7 wp-block-columns-is-layout-flex\">\n<div class=\"wp-block-column is-layout-flow wp-block-column-is-layout-flow\">\n<div class=\"wp-block-media-text is-stacked-on-mobile\" style=\"grid-template-columns:32% auto\"><figure class=\"wp-block-media-text__media\"><img loading=\"lazy\" decoding=\"async\" width=\"1024\" height=\"1018\" src=\"https:\/\/pos.uel.br\/letras\/wp-content\/uploads\/2024\/08\/SESC2-1024x1018.jpeg\" alt=\"\" class=\"wp-image-5144 size-full\" srcset=\"https:\/\/pos.uel.br\/letras\/wp-content\/uploads\/2024\/08\/SESC2-1024x1018.jpeg 1024w, https:\/\/pos.uel.br\/letras\/wp-content\/uploads\/2024\/08\/SESC2-300x298.jpeg 300w, https:\/\/pos.uel.br\/letras\/wp-content\/uploads\/2024\/08\/SESC2-150x150.jpeg 150w, https:\/\/pos.uel.br\/letras\/wp-content\/uploads\/2024\/08\/SESC2-768x764.jpeg 768w, https:\/\/pos.uel.br\/letras\/wp-content\/uploads\/2024\/08\/SESC2.jpeg 1080w\" sizes=\"auto, (max-width: 1024px) 100vw, 1024px\" \/><\/figure><div class=\"wp-block-media-text__content\">\n<p style=\"font-size:15px\"><strong>43\u00aa SEMANA LITER\u00c1RIA DO SESC\/PR<br><\/strong><br>El PPG en Letras de la UEL, a lo largo de sus treinta a\u00f1os de existencia, ha participado activamente en eventos literarios. La Semana Literaria del SESC\/PR es un evento importante que trae a diversos escritores conocidos a nivel nacional e internacional, promueve talleres de escritura, actividades literarias para la comunidad en general, adem\u00e1s de la exposici\u00f3n de la feria de libros con editoras locales. El PPGL ha tenido la grata satisfacci\u00f3n de contribuir con este evento a trav\u00e9s de varias actividades, ya sea en la mediaci\u00f3n realizada por docentes y estudiantes del programa en mesas con escritores, en la oferta de minicursos y\/o talleres con estudiantes y egresados del PPGL, y con exposiciones de libros.<\/p>\n\n\n\n<p style=\"font-size:15px\">En Londrina, la 43\u00aa Semana Literaria del SESC\/PR fue inaugurada con la escritora Socorro Acioli, con mediaci\u00f3n de la Prof\u00aa Barbara Marques. Luc\u00e9lia Canassa, doctora del PPGL, mediaron la conversaci\u00f3n con las autoras Giovana Madalosso y Micheliny Verunschk. La charla con la escritora Ryane Le\u00e3o fue mediada por Amanda Crispim, egresada del PPGL y profesora de la UTFPR. Tambi\u00e9n estuvo presente la doctora del PPGL Amanda Dam\u00e1sio, en una charla junto a Isabela Berber, titulada &#8220;La creaci\u00f3n como un salto al vac\u00edo: la literatura y el poder del colectivo&#8221;.<\/p>\n<\/div><\/div>\n\n\n\n<div class=\"wp-block-columns is-layout-flex wp-container-core-columns-is-layout-9d6595d7 wp-block-columns-is-layout-flex\">\n<div class=\"wp-block-column is-layout-flow wp-block-column-is-layout-flow\">\n<div class=\"alignnormal\"><div id=\"metaslider-id-5341\" style=\"width: 100%; margin: 0 auto;\" class=\"ml-slider-3-90-1 metaslider metaslider-flex metaslider-5341 ml-slider ms-theme-clarity nav-hidden has-carousel-mode\" role=\"region\" aria-roledescription=\"Slideshow\" aria-label=\"Sesc\">\n    <div id=\"metaslider_container_5341\">\n        <div id=\"metaslider_5341\">\n            <ul class='slides'>\n                <li style=\"display: none; width: 100%;\" class=\"slide-5342 ms-image \" aria-roledescription=\"slide\" aria-label=\"slide-5342\"><img loading=\"lazy\" decoding=\"async\" src=\"https:\/\/pos.uel.br\/letras\/wp-content\/uploads\/2024\/08\/Sesc1-500x300.jpg\" height=\"300\" width=\"500\" alt=\"\" class=\"slider-5341 slide-5342\" title=\"Sesc1\" \/><\/li>\n                <li style=\"display: none; width: 100%;\" class=\"slide-5343 ms-image \" aria-roledescription=\"slide\" aria-label=\"slide-5343\"><img loading=\"lazy\" decoding=\"async\" src=\"https:\/\/pos.uel.br\/letras\/wp-content\/uploads\/2024\/08\/Sesc2-500x300.jpg\" height=\"300\" width=\"500\" alt=\"\" class=\"slider-5341 slide-5343\" title=\"Sesc2\" \/><\/li>\n                <li style=\"display: none; width: 100%;\" class=\"slide-5344 ms-image \" aria-roledescription=\"slide\" aria-label=\"slide-5344\"><img loading=\"lazy\" decoding=\"async\" src=\"https:\/\/pos.uel.br\/letras\/wp-content\/uploads\/2024\/08\/Sesc3-500x300.jpg\" height=\"300\" width=\"500\" alt=\"\" class=\"slider-5341 slide-5344\" title=\"Sesc3\" \/><\/li>\n                <li style=\"display: none; width: 100%;\" class=\"slide-5345 ms-image \" aria-roledescription=\"slide\" aria-label=\"slide-5345\"><img loading=\"lazy\" decoding=\"async\" src=\"https:\/\/pos.uel.br\/letras\/wp-content\/uploads\/2024\/08\/Sesc4-1-500x300.jpg\" height=\"300\" width=\"500\" alt=\"\" class=\"slider-5341 slide-5345\" title=\"Sesc4\" \/><\/li>\n            <\/ul>\n        <\/div>\n        \n    <\/div>\n<\/div><\/div>\n\n\n\n<div class=\"wp-block-columns is-layout-flex wp-container-core-columns-is-layout-9d6595d7 wp-block-columns-is-layout-flex\">\n<div class=\"wp-block-column is-layout-flow wp-block-column-is-layout-flow\">\n<blockquote class=\"wp-block-quote is-layout-flow wp-block-quote-is-layout-flow\">\n<p style=\"font-size:15px\"><strong>COLUNA &#8220;LITERATURA VIVA&#8221; \u2013 R\u00c1DIO UEL FM<\/strong><\/p>\n<\/blockquote>\n\n\n\n<div class=\"wp-block-columns is-layout-flex wp-container-core-columns-is-layout-9d6595d7 wp-block-columns-is-layout-flex\">\n<div class=\"wp-block-column is-layout-flow wp-block-column-is-layout-flow\">\n<div class=\"wp-block-media-text is-stacked-on-mobile\"><figure class=\"wp-block-media-text__media\"><img loading=\"lazy\" decoding=\"async\" width=\"1024\" height=\"576\" src=\"https:\/\/pos.uel.br\/letras\/wp-content\/uploads\/2025\/03\/Literatura-Viva-1024x576.png\" alt=\"\" class=\"wp-image-8645 size-full\" srcset=\"https:\/\/pos.uel.br\/letras\/wp-content\/uploads\/2025\/03\/Literatura-Viva-1024x576.png 1024w, https:\/\/pos.uel.br\/letras\/wp-content\/uploads\/2025\/03\/Literatura-Viva-300x169.png 300w, https:\/\/pos.uel.br\/letras\/wp-content\/uploads\/2025\/03\/Literatura-Viva-768x432.png 768w, https:\/\/pos.uel.br\/letras\/wp-content\/uploads\/2025\/03\/Literatura-Viva-1536x864.png 1536w, https:\/\/pos.uel.br\/letras\/wp-content\/uploads\/2025\/03\/Literatura-Viva-2048x1152.png 2048w\" sizes=\"auto, (max-width: 1024px) 100vw, 1024px\" \/><\/figure><div class=\"wp-block-media-text__content\">\n<p style=\"font-size:15px\">Producida y presentada por el Prof. Frederico Fernandes, la Columna Literatura Viva, de la Radio UEL FM, trae semanalmente invitados\/as relacionados\/as con la producci\u00f3n y circulaci\u00f3n de obras y manifestaciones literarias. Creada en 2019, la Columna Literatura Viva cuenta con m\u00e1s de 100 producciones.<\/p>\n<\/div><\/div>\n\n\n\n<div class=\"wp-block-columns is-layout-flex wp-container-core-columns-is-layout-9d6595d7 wp-block-columns-is-layout-flex\">\n<div class=\"wp-block-column is-layout-flow wp-block-column-is-layout-flow\">\n<blockquote class=\"wp-block-quote is-layout-flow wp-block-quote-is-layout-flow\">\n<p style=\"font-size:15px\"><strong>LONDRIX \u2013 FESTIVAL LITER\u00c1RIO DE LONDRINA<\/strong><\/p>\n<\/blockquote>\n\n\n\n<div class=\"wp-block-columns is-layout-flex wp-container-core-columns-is-layout-9d6595d7 wp-block-columns-is-layout-flex\">\n<div class=\"wp-block-column is-layout-flow wp-block-column-is-layout-flow\">\n<div class=\"wp-block-media-text is-stacked-on-mobile\"><figure class=\"wp-block-media-text__media\"><img loading=\"lazy\" decoding=\"async\" width=\"603\" height=\"305\" src=\"https:\/\/pos.uel.br\/letras\/wp-content\/uploads\/2024\/08\/Captura-de-Tela-2024-08-16-a\u0300s-21.51.17.png\" alt=\"\" class=\"wp-image-5354 size-full\" srcset=\"https:\/\/pos.uel.br\/letras\/wp-content\/uploads\/2024\/08\/Captura-de-Tela-2024-08-16-a\u0300s-21.51.17.png 603w, https:\/\/pos.uel.br\/letras\/wp-content\/uploads\/2024\/08\/Captura-de-Tela-2024-08-16-a\u0300s-21.51.17-300x152.png 300w\" sizes=\"auto, (max-width: 603px) 100vw, 603px\" \/><\/figure><div class=\"wp-block-media-text__content\">\n<p style=\"font-size:15px\">El Festival Literario de Londrina, creado en 2005, es uno de los festivales m\u00e1s importantes de la escena literaria del pa\u00eds. Con el patrocinio del PROMIC (Programa Municipal de Incentivo a la Cultura), el Londrix lleva a cabo acciones de fomento a la lectura y a la producci\u00f3n literaria y cultural del pa\u00eds. Desde 2009, docentes, estudiantes y egresados del PPGL han participado y contribuido en el debate y mediaci\u00f3n con escritores, en talleres, conferencias y otras actividades promovidas por el festival. El Prof. Frederico Garcia Fernandes es uno de los curadores del festival.<\/p>\n<\/div><\/div>\n\n\n\n<div class=\"wp-block-columns is-layout-flex wp-container-core-columns-is-layout-9d6595d7 wp-block-columns-is-layout-flex\">\n<div class=\"wp-block-column is-layout-flow wp-block-column-is-layout-flow\">\n<blockquote class=\"wp-block-quote is-layout-flow wp-block-quote-is-layout-flow\">\n<p style=\"font-size:15px\"><strong>LITERATURA NA BIBLIOTECA<\/strong><\/p>\n<\/blockquote>\n\n\n\n<div class=\"wp-block-columns is-layout-flex wp-container-core-columns-is-layout-9d6595d7 wp-block-columns-is-layout-flex\">\n<div class=\"wp-block-column is-layout-flow wp-block-column-is-layout-flow\">\n<div class=\"wp-block-media-text is-stacked-on-mobile\"><figure class=\"wp-block-media-text__media\"><img loading=\"lazy\" decoding=\"async\" width=\"843\" height=\"373\" src=\"https:\/\/pos.uel.br\/letras\/wp-content\/uploads\/2024\/08\/Captura-de-Tela-2024-08-16-a\u0300s-22.18.29.png\" alt=\"\" class=\"wp-image-5361 size-full\" srcset=\"https:\/\/pos.uel.br\/letras\/wp-content\/uploads\/2024\/08\/Captura-de-Tela-2024-08-16-a\u0300s-22.18.29.png 843w, https:\/\/pos.uel.br\/letras\/wp-content\/uploads\/2024\/08\/Captura-de-Tela-2024-08-16-a\u0300s-22.18.29-300x133.png 300w, https:\/\/pos.uel.br\/letras\/wp-content\/uploads\/2024\/08\/Captura-de-Tela-2024-08-16-a\u0300s-22.18.29-768x340.png 768w\" sizes=\"auto, (max-width: 843px) 100vw, 843px\" \/><\/figure><div class=\"wp-block-media-text__content\">\n<p style=\"font-size:15px\">Literatura en la Biblioteca es un proyecto desarrollado por la Secretar\u00eda Municipal de Cultura de Londrina, a trav\u00e9s de la Direcci\u00f3n de Bibliotecas P\u00fablicas Municipales, en colaboraci\u00f3n con el PPG en Letras de la Universidad Estatal de Londrina. El proyecto ofrece a la comunidad local una serie de conferencias y debates sobre las obras literarias requeridas por el examen de admisi\u00f3n de la UEL. Los encuentros, realizados en la Biblioteca P\u00fablica Municipal, cuentan, desde su primera edici\u00f3n en 2017, con la participaci\u00f3n de docentes y estudiantes (maestrandos y doctorandos) del PPGL.<\/p>\n<\/div><\/div>\n<\/div>\n<\/div>\n<\/div>\n<\/div>\n<\/div>\n<\/div>\n<\/div>\n<\/div>\n<\/div>\n<\/div>\n<\/div>\n<\/div>\n<\/div>\n<\/div>\n<\/div>\n<\/div>\n<\/div>\n<\/div>\n\n\n\n<p><\/p>\n","protected":false},"excerpt":{"rendered":"<p>SESC\/PR 43\u00aa SEMANA LITER\u00c1RIA DO SESC\/PREl PPG en Letras de la UEL, a lo largo de sus treinta a\u00f1os de existencia, ha participado activamente en eventos literarios. La Semana Literaria del SESC\/PR es un evento importante que trae a diversos escritores conocidos a nivel nacional e internacional, promueve talleres de escritura, actividades literarias para la [&hellip;]<\/p>\n","protected":false},"author":9,"featured_media":0,"parent":0,"menu_order":0,"comment_status":"closed","ping_status":"closed","template":"","meta":{"_acf_changed":false,"footnotes":""},"class_list":["post-8775","page","type-page","status-publish","hentry"],"acf":[],"_links":{"self":[{"href":"https:\/\/pos.uel.br\/letras\/wp-json\/wp\/v2\/pages\/8775","targetHints":{"allow":["GET"]}}],"collection":[{"href":"https:\/\/pos.uel.br\/letras\/wp-json\/wp\/v2\/pages"}],"about":[{"href":"https:\/\/pos.uel.br\/letras\/wp-json\/wp\/v2\/types\/page"}],"author":[{"embeddable":true,"href":"https:\/\/pos.uel.br\/letras\/wp-json\/wp\/v2\/users\/9"}],"replies":[{"embeddable":true,"href":"https:\/\/pos.uel.br\/letras\/wp-json\/wp\/v2\/comments?post=8775"}],"version-history":[{"count":12,"href":"https:\/\/pos.uel.br\/letras\/wp-json\/wp\/v2\/pages\/8775\/revisions"}],"predecessor-version":[{"id":8897,"href":"https:\/\/pos.uel.br\/letras\/wp-json\/wp\/v2\/pages\/8775\/revisions\/8897"}],"wp:attachment":[{"href":"https:\/\/pos.uel.br\/letras\/wp-json\/wp\/v2\/media?parent=8775"}],"curies":[{"name":"wp","href":"https:\/\/api.w.org\/{rel}","templated":true}]}}