{"id":8558,"date":"2025-03-04T15:15:41","date_gmt":"2025-03-04T18:15:41","guid":{"rendered":"https:\/\/pos.uel.br\/letras\/?page_id=8558"},"modified":"2025-03-08T10:09:46","modified_gmt":"2025-03-08T13:09:46","slug":"titulados-em-2022","status":"publish","type":"page","link":"https:\/\/pos.uel.br\/letras\/titulados-em-2022\/","title":{"rendered":"Titulados em 2022"},"content":{"rendered":"\n<p><\/p>\n\n\n\n<div class=\"wp-block-columns is-layout-flex wp-container-core-columns-is-layout-9d6595d7 wp-block-columns-is-layout-flex\">\n<div class=\"wp-block-column is-layout-flow wp-block-column-is-layout-flow\">\n<figure class=\"wp-block-table has-small-font-size\"><table class=\"has-fixed-layout\"><tbody><tr><td><strong>DOUTORADO<\/strong><\/td><\/tr><tr><td>RENATA DE PAULA FERREIRA \u2013 <a href=\"http:\/\/lattes.cnpq.br\/7460766203313916\" target=\"_blank\" rel=\"noreferrer noopener\">Lattes<\/a><br>Orientadora: Prof\u00aa Dr\u00aa Luciana Brito<br>Data da defesa: 22\/02\/2022<br>\u00c1rea de atua\u00e7\u00e3o\/Institui\u00e7\u00e3o atual: Professora colaboradora da UNESPAR (Campus Apucarana)<\/td><\/tr><tr><td>VANESSA GERMANOVIX VEDOVATTE \u2013 Lattes<br>Orientadora: Prof\u00aa Dr\u00aa Maria Carolina de Godoy<br>Data da defesa: 23\/02\/2022<br>\u00c1rea de atua\u00e7\u00e3o\/Institui\u00e7\u00e3o atual:<\/td><\/tr><tr><td>LAYSA LOUISE SILVA BERETTA \u2013 Lattes<br>Orientadora: Prof\u00aa Dr\u00aa Regina C\u00e9lia dos Santos Alves<br>Data da defesa: 11\/03\/2022<br>\u00c1rea de atua\u00e7\u00e3o\/Institui\u00e7\u00e3o atual: P\u00f3s-doutoranda no PPGL (CAPES)<\/td><\/tr><tr><td>DANIELA REBECA CAMPOS ATIENZO \u2013 Lattes<br>Orientadora: Prof\u00aa Dr\u00aa Maria Carolina de Godoy<br>Coorientadora: Prof\u00aa Dr\u00aa Suely Leite<br>Data da defesa: 11\/03\/2022<br>\u00c1rea de atua\u00e7\u00e3o\/Institui\u00e7\u00e3o atual:<\/td><\/tr><tr><td>GUSTAVO ADOLFO ZULUAGA HOYOS \u2013 Lattes<br>Orientador: Prof. Dr. Frederico Augusto Garcia Fernandes<br>Data da defesa: 07\/03\/2022<br>\u00c1rea de atua\u00e7\u00e3o\/Institui\u00e7\u00e3o atual:<\/td><\/tr><tr><td>ANDR\u00c9 GHETI C\u00c9SAR \u2013 Lattes<br>Orientadora: Prof\u00aa Dr\u00aa Marta Dantas da Silva<br>Data da defesa: 07\/04\/2022<br>\u00c1rea de atua\u00e7\u00e3o\/Institui\u00e7\u00e3o atual:<\/td><\/tr><tr><td>C\u00cdNTIA MACHADO SANTOS \u2013 Lattes<br>Orientadora: Prof\u00aa Dr\u00aa Regina C\u00e9lia dos Santos Alves<br>Data da defesa: 04\/05\/2022<br>\u00c1rea de atua\u00e7\u00e3o\/Institui\u00e7\u00e3o atual:<\/td><\/tr><tr><td>JEFFERSON DE MOURA SARAIVA \u2013 Lattes<br>Orientadora: Prof\u00aa Dr\u00aa Angela Lamas Rodrigues<br>Data da defesa: 26\/05\/2022<br>\u00c1rea de atua\u00e7\u00e3o\/Institui\u00e7\u00e3o atual:<\/td><\/tr><tr><td>M\u00c1RCIO HENRIQUE DE ALMEIDA SOARES \u2013 Lattes<br>Orientador: Prof. Dr. Adilson dos Santos<br>Data da defesa: 20\/07\/2022<br>\u00c1rea de atua\u00e7\u00e3o\/Institui\u00e7\u00e3o atual:<\/td><\/tr><tr><td>FERNANDA MARTINEZ TARRAN \u2013 Lattes<br>Orientador: Prof. Dr. Adilson dos Santos<br>Data da defesa: 26\/07\/2022<br>\u00c1rea de atua\u00e7\u00e3o\/Institui\u00e7\u00e3o atual:<\/td><\/tr><tr><td>LAYSE BARNAB\u00c9 DE MORAES \u2013 Lattes<br>Orientador: Prof. Dr. Luiz Carlos Santos Simon<br>Data da defesa: 30\/08\/2022<br>\u00c1rea de atua\u00e7\u00e3o\/Institui\u00e7\u00e3o atual: Professora do Departamento de Comunica\u00e7\u00e3o da UNOPAR<\/td><\/tr><tr><td>MARIA APARECIDA DE BARROS \u2013 Lattes<br>Orientador: Prof. Dr. Frederico Augusto Garcia Fernandes<br>Data da defesa: 06\/12\/2022<br>\u00c1rea de atua\u00e7\u00e3o\/Institui\u00e7\u00e3o atual:<\/td><\/tr><tr><td>TAYSA CRISTINA DA SILVA \u2013 Lattes<br>Orientador: Prof. Dr. Frederico Augusto Garcia Fernandes<br>Data da defesa: 22\/11\/2022<br>\u00c1rea de atua\u00e7\u00e3o\/Institui\u00e7\u00e3o atual:<\/td><\/tr><tr><td>M\u00c1RIA JULIA WERNECK DE OLIVEIRA \u2013 Lattes<br>Orientadora: Prof\u00aa Dr\u00aa Maria Carolina de Godoy<br>Data da defesa: 02\/08\/2022<br>\u00c1rea de atua\u00e7\u00e3o\/Institui\u00e7\u00e3o atual:<\/td><\/tr><\/tbody><\/table><\/figure>\n\n\n\n<div class=\"wp-block-columns is-layout-flex wp-container-core-columns-is-layout-9d6595d7 wp-block-columns-is-layout-flex\">\n<div class=\"wp-block-column is-layout-flow wp-block-column-is-layout-flow\">\n<figure class=\"wp-block-table has-small-font-size\"><table class=\"has-fixed-layout\"><tbody><tr><td><strong>MESTRADO<\/strong><\/td><\/tr><tr><td>ALEXANDRE  YOSHIAKI SAWAGUCHI \u2013 Lattes<br>Orientadora: Prof\u00aa Dr\u00aa Laura Taddei Brandini<br>Data da defesa: 25\/02\/2022<br>\u00c1rea de atua\u00e7\u00e3o\/Institui\u00e7\u00e3o atual:<\/td><\/tr><tr><td>THA\u00cdS ARTONI MARTINS \u2013 Lattes<br>Orientadora: Prof\u00aa Dr\u00aa Cl\u00e1udia Camardella Rio Doce<br>Data da defesa: 19\/04\/2022<br>\u00c1rea de atua\u00e7\u00e3o\/Institui\u00e7\u00e3o atual:<\/td><\/tr><tr><td>AMANDA MARIA DAMASIO TEIXEIRA \u2013 Lattes<br>Orientador: Prof. Dr. Frederico Augusto Garcia Fernandes<br>Data da defesa: 27\/05\/2022<br>\u00c1rea de atua\u00e7\u00e3o\/Institui\u00e7\u00e3o atual:<\/td><\/tr><tr><td>GABRIELY MENEGHETI BERTONI \u2013 Lattes<br>Orientadora: Prof\u00aa Dr\u00aa Maria Carolina de Godoy<br>Data da defesa: 13\/06\/2022<br>\u00c1rea de atua\u00e7\u00e3o\/Institui\u00e7\u00e3o atual:<\/td><\/tr><tr><td>ANDREZA PEREIRA DIAS RAMOS \u2013 Lattes<br>Orientador: Prof. Dr. Frederico Augusto Garcia Fernandes<br>Data da defesa: 10\/10\/2022<br>\u00c1rea de atua\u00e7\u00e3o\/Institui\u00e7\u00e3o atual:<\/td><\/tr><tr><td>IGOR DA ROCHA GULICZ\u2013 Lattes<br>Orientador: Prof. Dr. Luiz Carlos Santos Simon<br>Data da defesa: 18\/11\/2022<br>\u00c1rea de atua\u00e7\u00e3o\/Institui\u00e7\u00e3o atual:<\/td><\/tr><tr><td>FELIPE DA SILVA MENDON\u00c7A \u2013 Lattes<br>Orientadora: Prof\u00aa Dr\u00aa Regina C\u00e9lia dos Santos Alves<br>Data da defesa: 22\/12\/2022<br>\u00c1rea de atua\u00e7\u00e3o\/Institui\u00e7\u00e3o atual:<\/td><\/tr><tr><td>LARISSA JANU\u00c1RIO MARTINS \u2013 Lattes<br>Orientador: Prof. Dr. Luiz Carlos Santos Simon<br>Data da defesa: 24\/03\/2022<br>\u00c1rea de atua\u00e7\u00e3o\/Institui\u00e7\u00e3o atual:<\/td><\/tr><\/tbody><\/table><\/figure>\n<\/div>\n<\/div>\n<\/div>\n<\/div>\n","protected":false},"excerpt":{"rendered":"<p>DOUTORADO RENATA DE PAULA FERREIRA \u2013 LattesOrientadora: Prof\u00aa Dr\u00aa Luciana BritoData da defesa: 22\/02\/2022\u00c1rea de atua\u00e7\u00e3o\/Institui\u00e7\u00e3o atual: Professora colaboradora da UNESPAR (Campus Apucarana) VANESSA GERMANOVIX VEDOVATTE \u2013 LattesOrientadora: Prof\u00aa Dr\u00aa Maria Carolina de GodoyData da defesa: 23\/02\/2022\u00c1rea de atua\u00e7\u00e3o\/Institui\u00e7\u00e3o atual: LAYSA LOUISE SILVA BERETTA \u2013 LattesOrientadora: Prof\u00aa Dr\u00aa Regina C\u00e9lia dos Santos AlvesData da defesa: [&hellip;]<\/p>\n","protected":false},"author":9,"featured_media":0,"parent":0,"menu_order":0,"comment_status":"closed","ping_status":"closed","template":"","meta":{"_acf_changed":false,"footnotes":""},"class_list":["post-8558","page","type-page","status-publish","hentry"],"acf":[],"_links":{"self":[{"href":"https:\/\/pos.uel.br\/letras\/wp-json\/wp\/v2\/pages\/8558","targetHints":{"allow":["GET"]}}],"collection":[{"href":"https:\/\/pos.uel.br\/letras\/wp-json\/wp\/v2\/pages"}],"about":[{"href":"https:\/\/pos.uel.br\/letras\/wp-json\/wp\/v2\/types\/page"}],"author":[{"embeddable":true,"href":"https:\/\/pos.uel.br\/letras\/wp-json\/wp\/v2\/users\/9"}],"replies":[{"embeddable":true,"href":"https:\/\/pos.uel.br\/letras\/wp-json\/wp\/v2\/comments?post=8558"}],"version-history":[{"count":60,"href":"https:\/\/pos.uel.br\/letras\/wp-json\/wp\/v2\/pages\/8558\/revisions"}],"predecessor-version":[{"id":9087,"href":"https:\/\/pos.uel.br\/letras\/wp-json\/wp\/v2\/pages\/8558\/revisions\/9087"}],"wp:attachment":[{"href":"https:\/\/pos.uel.br\/letras\/wp-json\/wp\/v2\/media?parent=8558"}],"curies":[{"name":"wp","href":"https:\/\/api.w.org\/{rel}","templated":true}]}}