{"id":8486,"date":"2025-03-04T12:22:20","date_gmt":"2025-03-04T15:22:20","guid":{"rendered":"https:\/\/pos.uel.br\/letras\/?page_id=8486"},"modified":"2025-03-04T15:06:55","modified_gmt":"2025-03-04T18:06:55","slug":"titulados-em-2021","status":"publish","type":"page","link":"https:\/\/pos.uel.br\/letras\/titulados-em-2021\/","title":{"rendered":"Titulados em 2021"},"content":{"rendered":"\n<p><\/p>\n\n\n\n<div class=\"wp-block-columns is-layout-flex wp-container-core-columns-is-layout-9d6595d7 wp-block-columns-is-layout-flex\">\n<div class=\"wp-block-column is-layout-flow wp-block-column-is-layout-flow\">\n<figure class=\"wp-block-table has-small-font-size\"><table class=\"has-fixed-layout\"><tbody><tr><td><strong>DOUTORADO<\/strong><\/td><\/tr><tr><td>FERNANDA TONHOLI SASSO CURANISHI \u2013 <a href=\"http:\/\/lattes.cnpq.br\/7375861692243621\" target=\"_blank\" rel=\"noreferrer noopener\">Lattes<\/a><br>Orientadora: Prof\u00aa Dr\u00aa Telma Maciel da Silva<br>Data da defesa: 07\/10\/2021<br>\u00c1rea de atua\u00e7\u00e3o\/Institui\u00e7\u00e3o atual: Professora Colaboradora na UNESPAR (Campus Paranava\u00ed)<\/td><\/tr><tr><td>FL\u00c1VIA APARECIDA HODAS \u2013 <a href=\"http:\/\/lattes.cnpq.br\/6838212942211179\" target=\"_blank\" rel=\"noreferrer noopener\">Lattes<\/a><br>Orientador: Prof. Dr. Luiz Carlos Migliozzi Ferreira de Mello <br>Data da defesa: 20\/07\/2021<br>\u00c1rea de atua\u00e7\u00e3o\/Institui\u00e7\u00e3o atual: <\/td><\/tr><tr><td>HENRIQUE FURTADO DE MELO \u2013 <a href=\"http:\/\/lattes.cnpq.br\/7628288483433693\" target=\"_blank\" rel=\"noreferrer noopener\">Lattes<\/a><br>Orientadora: Prof\u00aa Dr\u00aa Maria Carolina de Godoy<br>Data da defesa: 16\/12\/2021<br>\u00c1rea de atua\u00e7\u00e3o\/Institui\u00e7\u00e3o atual: <\/td><\/tr><tr><td>MARIANA SILVA FRANZIM \u2013 <a href=\"http:\/\/lattes.cnpq.br\/7154161390165058\" target=\"_blank\" rel=\"noreferrer noopener\">Lattes<\/a><br>Orientadora: Prof\u00aa Dr\u00aa Marta Dantas da Silva<br>Data da defesa: 30\/08\/2021<br>\u00c1rea de atua\u00e7\u00e3o\/Institui\u00e7\u00e3o atual: Professora colaboradora do Departamento de Artes Visuais da UEL<\/td><\/tr><tr><td>VANESSA TAVARES DA SILVA \u2013 <a href=\"http:\/\/lattes.cnpq.br\/1752410548460243\" target=\"_blank\" rel=\"noreferrer noopener\">Lattes<\/a><br>Orientadora: Prof\u00aa Dr\u00aa Marta Dantas da Silva<br>Data da defesa: 16\/09\/2021<br>\u00c1rea de atua\u00e7\u00e3o\/Institui\u00e7\u00e3o atual: Professora permanente do Departamento de Artes Visuais da UEL<\/td><\/tr><\/tbody><\/table><\/figure>\n\n\n\n<div class=\"wp-block-columns is-layout-flex wp-container-core-columns-is-layout-9d6595d7 wp-block-columns-is-layout-flex\">\n<div class=\"wp-block-column is-layout-flow wp-block-column-is-layout-flow\">\n<figure class=\"wp-block-table has-small-font-size\"><table class=\"has-fixed-layout\"><tbody><tr><td><strong>MESTRADO<\/strong><\/td><\/tr><tr><td>GABRIEL HENRIQUE CAMILO \u2013 <a href=\"http:\/\/lattes.cnpq.br\/8198244621883264\" target=\"_blank\" rel=\"noreferrer noopener\">Lattes<\/a><br>Orientadora: Prof\u00aa Dr\u00aa Maria Carolina de Godoy <br>Data da defesa: 12\/11\/2021<br>\u00c1rea de atua\u00e7\u00e3o\/Institui\u00e7\u00e3o atual: Doutorando no PPG em Letras da UEL<\/td><\/tr><tr><td>AMANDA GOMES DO AMARAL \u2013 <a href=\"http:\/\/lattes.cnpq.br\/2668714813628376\" target=\"_blank\" rel=\"noreferrer noopener\">Lattes<\/a><br>Orientadora: Prof\u00aa Dr\u00aa Maria Carolina de Godoy<br>Data da defesa: 01\/06\/2021<br>\u00c1rea de atua\u00e7\u00e3o\/Institui\u00e7\u00e3o atual: Doutoranda em Estudos Comparados de Literaturas de L\u00edngua Portuguesa na USP, com doutorado sandu\u00edche no College of Humanities &#8211; Spanish Portuguese da University of Arizona &#8211; PDSE\/CAPES<\/td><\/tr><tr><td>BYANCA GABRIELY SILVA \u2013 <a href=\"http:\/\/lattes.cnpq.br\/7934870318425607\" target=\"_blank\" rel=\"noreferrer noopener\">Lattes<\/a><br>Orientadora: Prof\u00aa Dr\u00aa Laura Taddei Brandini <br>Data da defesa: 27\/08\/2021<br>\u00c1rea de atua\u00e7\u00e3o\/Institui\u00e7\u00e3o atual: Professora de l\u00edngua francesa da Universidade Estadual de Londrina no programa Paran\u00e1 Fala Idiomas<\/td><\/tr><tr><td>CAMILA NAKAMURA VIEIRA \u2013 <a href=\"http:\/\/lattes.cnpq.br\/3815980625655395\" target=\"_blank\" rel=\"noreferrer noopener\">Lattes<\/a><br>Orientadora: Prof\u00aa Dr\u00aa Telma Maciel da Silva <br>Data da defesa: 04\/10\/2021<br>\u00c1rea de atua\u00e7\u00e3o\/Institui\u00e7\u00e3o atual: <\/td><\/tr><tr><td>ELIANE SOUZA DE OLIVEIRA \u2013 <a href=\"http:\/\/lattes.cnpq.br\/7682768825281918\" target=\"_blank\" rel=\"noreferrer noopener\">Lattes<\/a><br>Orientadora: Prof\u00aa Dr\u00aa Suely Leite<br>Data da defesa: 24\/02\/2021<br>\u00c1rea de atua\u00e7\u00e3o\/Institui\u00e7\u00e3o atual: <\/td><\/tr><tr><td>GIOVANE SGARBOSSA MOSSAMBANI \u2013 <a href=\"http:\/\/lattes.cnpq.br\/5068102158051404\" target=\"_blank\" rel=\"noreferrer noopener\">Lattes<\/a><br>Orientadora: Prof\u00aa Dr\u00aa Marta Dantas da Silva<br>Data da defesa: 13\/09\/2021<br>\u00c1rea de atua\u00e7\u00e3o\/Institui\u00e7\u00e3o atual: Educador Social de Arte e Design no Marista Escola Social Irm\u00e3o Ac\u00e1cio, CEIRAC\u00c0CIO <\/td><\/tr><tr><td>LUCAS DO PRADO FREITAS \u2013 <a href=\"http:\/\/lattes.cnpq.br\/3441459276396753\" target=\"_blank\" rel=\"noreferrer noopener\">Lattes<\/a><br>Orientador: Prof. Dr. Silvio Cesar dos Santos Alves<br>Data da defesa: 18\/10\/2021<br>\u00c1rea de atua\u00e7\u00e3o\/Institui\u00e7\u00e3o atual: Doutorando do Programa de P\u00f3s-gradua\u00e7\u00e3o em Letras, Estudos Liter\u00e1rios, da Universidade Federal do Paran\u00e1 (PPGLet\/UFPR)<\/td><\/tr><tr><td>SONIA REGINA BISCAIA VEIGA \u2013 <a href=\"http:\/\/lattes.cnpq.br\/6740720133608562\" target=\"_blank\" rel=\"noreferrer noopener\">Lattes<\/a><br>Orientador: Prof. Dr. Frederico Augusto Garcia Fernandes<br>Data da defesa: 10\/03\/2021<br>\u00c1rea de atua\u00e7\u00e3o\/Institui\u00e7\u00e3o atual: Doutoranda em Letras Estudos da Literatura na Universidade Federal do Rio Grande do Sul (UFRGS)<\/td><\/tr><\/tbody><\/table><\/figure>\n<\/div>\n<\/div>\n<\/div>\n<\/div>\n","protected":false},"excerpt":{"rendered":"<p>DOUTORADO FERNANDA TONHOLI SASSO CURANISHI \u2013 LattesOrientadora: Prof\u00aa Dr\u00aa Telma Maciel da SilvaData da defesa: 07\/10\/2021\u00c1rea de atua\u00e7\u00e3o\/Institui\u00e7\u00e3o atual: Professora Colaboradora na UNESPAR (Campus Paranava\u00ed) FL\u00c1VIA APARECIDA HODAS \u2013 LattesOrientador: Prof. Dr. Luiz Carlos Migliozzi Ferreira de Mello Data da defesa: 20\/07\/2021\u00c1rea de atua\u00e7\u00e3o\/Institui\u00e7\u00e3o atual: HENRIQUE FURTADO DE MELO \u2013 LattesOrientadora: Prof\u00aa Dr\u00aa Maria Carolina [&hellip;]<\/p>\n","protected":false},"author":9,"featured_media":0,"parent":0,"menu_order":0,"comment_status":"closed","ping_status":"closed","template":"","meta":{"_acf_changed":false,"footnotes":""},"class_list":["post-8486","page","type-page","status-publish","hentry"],"acf":[],"_links":{"self":[{"href":"https:\/\/pos.uel.br\/letras\/wp-json\/wp\/v2\/pages\/8486","targetHints":{"allow":["GET"]}}],"collection":[{"href":"https:\/\/pos.uel.br\/letras\/wp-json\/wp\/v2\/pages"}],"about":[{"href":"https:\/\/pos.uel.br\/letras\/wp-json\/wp\/v2\/types\/page"}],"author":[{"embeddable":true,"href":"https:\/\/pos.uel.br\/letras\/wp-json\/wp\/v2\/users\/9"}],"replies":[{"embeddable":true,"href":"https:\/\/pos.uel.br\/letras\/wp-json\/wp\/v2\/comments?post=8486"}],"version-history":[{"count":59,"href":"https:\/\/pos.uel.br\/letras\/wp-json\/wp\/v2\/pages\/8486\/revisions"}],"predecessor-version":[{"id":8557,"href":"https:\/\/pos.uel.br\/letras\/wp-json\/wp\/v2\/pages\/8486\/revisions\/8557"}],"wp:attachment":[{"href":"https:\/\/pos.uel.br\/letras\/wp-json\/wp\/v2\/media?parent=8486"}],"curies":[{"name":"wp","href":"https:\/\/api.w.org\/{rel}","templated":true}]}}