{"id":8425,"date":"2025-03-03T22:14:17","date_gmt":"2025-03-04T01:14:17","guid":{"rendered":"https:\/\/pos.uel.br\/letras\/?page_id=8425"},"modified":"2025-03-04T12:18:14","modified_gmt":"2025-03-04T15:18:14","slug":"titulados-em-2020","status":"publish","type":"page","link":"https:\/\/pos.uel.br\/letras\/titulados-em-2020\/","title":{"rendered":"Titulados em 2020"},"content":{"rendered":"\n<p><\/p>\n\n\n\n<figure class=\"wp-block-table has-small-font-size\"><table><tbody><tr><td><strong> DOUTORADO<\/strong><\/td><\/tr><tr><td>CELINA DE OLIVEIRA BARBOSA GOMES \u2013 <a href=\"http:\/\/lattes.cnpq.br\/3355010469212317\" target=\"_blank\" rel=\"noreferrer noopener\">Lattes<\/a><br>Orientador: Prof. Dr. Frederico Augusto Garcia Fernandes<br>Data da defesa: 16\/12\/2020<br>\u00c1rea de atua\u00e7\u00e3o\/Institui\u00e7\u00e3o atual: Professora do Instituto Federal do Paran\u00e1 (IFPR)<\/td><\/tr><tr><td>RAFAEL MAGNO DE PAULA COSTA \u2013 <a href=\"http:\/\/lattes.cnpq.br\/5719819132880901\">Lattes<\/a><br>Orientador: Prof. Dr. Luiz Carlos dos Santos Simon<br>Data da defesa: 29\/04\/2020<br>\u00c1rea de atua\u00e7\u00e3o\/Institui\u00e7\u00e3o atual: Professor da UNESPAR (Campus\/Paranagu\u00e1\/PR)<\/td><\/tr><tr><td>MARINA STUCHI \u2013 <a href=\"http:\/\/lattes.cnpq.br\/9727021969457318\">Lattes<\/a><br>Orientadora: Prof\u00aa Dr\u00aa Sonia Aparecida Vido Pascolati<br>Data da defesa: 27\/03\/2020<br>\u00c1rea de atua\u00e7\u00e3o\/Institui\u00e7\u00e3o atual: Produtora cultural e Diretora da Cia de Relatos<\/td><\/tr><tr><td>M\u00c9LIDA PAOLA FRYE C\u00d3RDOBA \u2013 <a href=\"http:\/\/lattes.cnpq.br\/4830389762411523\">Lattes<\/a><br>Orientadora: Prof\u00aa Dr\u00aa Luciana Brito<br>Data da defesa: 29\/05\/2020<br>\u00c1rea de atua\u00e7\u00e3o\/Institui\u00e7\u00e3o atual: Sem informa\u00e7\u00e3o<\/td><\/tr><tr><td>NAT\u00c1LIA GUERRA BRISOLA GOMES GODOI \u2013 <a href=\"http:\/\/lattes.cnpq.br\/5050017877152473\">Lattes<\/a><br>Orientadora: Prof\u00aa Dr\u00aa Luciana Brito<br>Data da defesa: 29\/05\/2020<br>\u00c1rea de atua\u00e7\u00e3o\/Institui\u00e7\u00e3o atual: Professora de l\u00edngua e cultura italianas<\/td><\/tr><tr><td>THAYS CAROLINE BARROCA RIBEIRO MORETTINI \u2013 <a href=\"http:\/\/lattes.cnpq.br\/3879514439287695\" target=\"_blank\" rel=\"noreferrer noopener\">Lattes<\/a><br>Orientador: Prof. Dr. Luiz Carlos Migliozzi Ferreira de Mello<br>Data da defesa: 30\/06\/2020<br>\u00c1rea de atua\u00e7\u00e3o\/Institui\u00e7\u00e3o atual: Parecerista na Secretaria de Estado da Comunica\u00e7\u00e3o Social e da Cultura (SEEC)<\/td><\/tr><tr><td>LUCAS TOLEDO DE ANDRADE \u2013 <a href=\"http:\/\/lattes.cnpq.br\/0329201436751302\">Lattes<\/a><br>Orientadora: Prof\u00aa Dr\u00aa Cl\u00e1udia Camardella Rio Doce<br>Data da defesa: 12\/06\/2020<br>\u00c1rea de atua\u00e7\u00e3o\/Institui\u00e7\u00e3o atual: Professor da Universidade Norte do Paran\u00e1 (UNOPAR) e Professor colaborador do Departamento de Letras Vern\u00e1culas e Cl\u00e1ssicas (UEL)<\/td><\/tr><tr><td>RODRIGO SOUZA GROTA \u2013 <a href=\"http:\/\/lattes.cnpq.br\/4743387677432812\" target=\"_blank\" rel=\"noreferrer noopener\">Lattes<\/a><br>Orientador: Prof. Dr. Frederico Augusto Garcia Fernandes<br>Data da defesa: 29\/04\/2020<br>\u00c1rea de atua\u00e7\u00e3o\/Institui\u00e7\u00e3o atual: Cineasta, diretor da KINOPUS, professor da Faculdade Pit\u00e1goras de Londrina (FPL)<\/td><\/tr><tr><td>AMANDA CRISPIM FERREIRA VAL\u00c9RIO \u2013 <a href=\"http:\/\/lattes.cnpq.br\/8465701590206610\">Lattes<\/a><br>Orientador: Prof. Dr. Luiz Carlos Migliozzi Ferreira de Mello<br>Data da defesa: 10\/09\/2020<br>\u00c1rea de atua\u00e7\u00e3o\/Institui\u00e7\u00e3o atual: Professora da Universidade Norte do Paran\u00e1 (UNOPAR)<\/td><\/tr><\/tbody><\/table><\/figure>\n\n\n\n<div class=\"wp-block-columns is-layout-flex wp-container-core-columns-is-layout-9d6595d7 wp-block-columns-is-layout-flex\">\n<div class=\"wp-block-column is-layout-flow wp-block-column-is-layout-flow\">\n<figure class=\"wp-block-table has-small-font-size\"><table class=\"has-fixed-layout\"><tbody><tr><td><strong> MESTRADO<\/strong><\/td><\/tr><tr><td>VINICIUS SCHIOCHETTI \u2013 Lattes<br>Orientadora: Prof\u00aa Dr\u00aa Regina C\u00e9lia dos Santos Alves<br>Data da defesa: 21\/01\/2020<br>\u00c1rea de atua\u00e7\u00e3o\/Institui\u00e7\u00e3o atual: <\/td><\/tr><tr><td>HERMAR AUGUSTINHO DA CRUZ \u2013 <a href=\"http:\/\/lattes.cnpq.br\/0781796971799668\" target=\"_blank\" rel=\"noreferrer noopener\">Lattes<\/a><br>Orientadora: Prof\u00aa Dr\u00aa Barbara Cristina Marques<br>Data da defesa: 09\/04\/2020<br>\u00c1rea de atua\u00e7\u00e3o\/Institui\u00e7\u00e3o atual: Escritor. Trabalha com projetos culturais em Londrina.<\/td><\/tr><tr><td>LEONARDO CAPELETTI FERREIRA \u2013 <a href=\"http:\/\/lattes.cnpq.br\/4464991862561926\" target=\"_blank\" rel=\"noreferrer noopener\">Lattes<\/a><br>Orientadora: Prof\u00aa Dr\u00aa Cl\u00e1udia Camardella Rio Doce<br>Data da defesa: 18\/06\/2020<br>\u00c1rea de atua\u00e7\u00e3o\/Institui\u00e7\u00e3o atual:<\/td><\/tr><tr><td>TATIANE ZAMBRIM \u2013 <a href=\"http:\/\/lattes.cnpq.br\/5244832609876239\" target=\"_blank\" rel=\"noreferrer noopener\">Lattes<\/a><br>Orientadora: Prof\u00aa Dr\u00aa Suely Leite<br>Data da defesa: 24\/06\/2020<br>\u00c1rea de atua\u00e7\u00e3o\/Institui\u00e7\u00e3o atual:<\/td><\/tr><tr><td>AMANDA MASSARO MOCO \u2013 Lattes<br>Orientador: Prof. Dr. Luiz Carlos Migliozzi Ferreira de Mello<br>Data da defesa: 30\/06\/2020<br>\u00c1rea de atua\u00e7\u00e3o\/Institui\u00e7\u00e3o atual:<\/td><\/tr><tr><td>MYLENA FERNANDA RIBEIRO \u2013 <a href=\"http:\/\/lattes.cnpq.br\/3138982039750336\" target=\"_blank\" rel=\"noreferrer noopener\">Lattes<\/a><br>Orientadora: Prof\u00aa Dr\u00aa Suely Leite<br>Data da defesa: 08\/07\/2020<br>\u00c1rea de atua\u00e7\u00e3o\/Institui\u00e7\u00e3o atual:<\/td><\/tr><tr><td>ANA LU\u00cdSA BRAGA CABRAL \u2013 Lattes<br>Orientador: Prof. Dr. Luiz Carlos Santos Simon<br>Data da defesa: 28\/04\/2020<br>\u00c1rea de atua\u00e7\u00e3o\/Institui\u00e7\u00e3o atual:<\/td><\/tr><tr><td>RAQUEL FIGUEIREDO PEREIRA CARDOSO \u2013 <a href=\"http:\/\/lattes.cnpq.br\/1935090870246138\" target=\"_blank\" rel=\"noreferrer noopener\">Lattes<\/a><br>Orientador: Prof. Dr. Adilson dos Santos<br>Data da defesa: 22\/09\/2020<br>\u00c1rea de atua\u00e7\u00e3o\/Institui\u00e7\u00e3o atual: Professora de Artes em escolas e cursos pr\u00e9-vestibular. Graduanda em Artes Visuais na UNIP<\/td><\/tr><tr><td>\u00c2NGELA CAROLINE KREUZBERG \u2013 <a href=\"http:\/\/lattes.cnpq.br\/0177777308883819\" target=\"_blank\" rel=\"noreferrer noopener\">Lattes<\/a><br>Orientadora: Prof\u00aa Dr\u00aa Barbara Cristina Marques<br>Data da defesa: 13\/10\/2020<br>\u00c1rea de atua\u00e7\u00e3o\/Institui\u00e7\u00e3o atual: Professora PSS de Artes na Secretaria de Educa\u00e7\u00e3o do Estado do Paran\u00e1<\/td><\/tr><tr><td>ANA CARLA DA SILVA LIMA \u2013 <a href=\"http:\/\/lattes.cnpq.br\/5091189882978274\" target=\"_blank\" rel=\"noreferrer noopener\">Lattes<\/a><br>Orientador: Prof. Dr. Miguel Heitor Braga Vieira<br>Data da defesa: 02\/07\/2020<br>\u00c1rea de atua\u00e7\u00e3o\/Institui\u00e7\u00e3o atual: Doutoranda no PPG em Letras da UEL<\/td><\/tr><tr><td>RUTE GAIA FERNANDES \u2013 <a href=\"http:\/\/lattes.cnpq.br\/1756655897604726\" target=\"_blank\" rel=\"noreferrer noopener\">Lattes<\/a><br>Orientadora: Prof\u00aa Dr\u00aa Maria Carolina de Godoy<br>Data da defesa: 14\/05\/2020<br>\u00c1rea de atua\u00e7\u00e3o\/Institui\u00e7\u00e3o atual:<\/td><\/tr><tr><td>DAIANE TEIXEIRA BARBOSA \u2013 <a href=\"http:\/\/lattes.cnpq.br\/5995103973692891\" target=\"_blank\" rel=\"noreferrer noopener\">Lattes<\/a><br>Orientadora: Prof\u00aa Dr\u00aa Barbara Cristina Marques<br>Data da defesa: 10\/03\/2020<br>\u00c1rea de atua\u00e7\u00e3o\/Institui\u00e7\u00e3o atual:<\/td><\/tr><tr><td>NAT\u00c1LIA CRISTINA MARTINS DE S\u00c1 \u2013 <a href=\"http:\/\/lattes.cnpq.br\/9038250470914192\" target=\"_blank\" rel=\"noreferrer noopener\">Lattes<\/a><br>Orientadora: Prof\u00aa Dr\u00aa Regina C\u00e9lia dos Santos Alves<br>Data da defesa: 16\/01\/2020<br>\u00c1rea de atua\u00e7\u00e3o\/Institui\u00e7\u00e3o atual: Doutoranda no PPG em Letras da UEL<\/td><\/tr><\/tbody><\/table><\/figure>\n<\/div>\n<\/div>\n","protected":false},"excerpt":{"rendered":"<p>DOUTORADO CELINA DE OLIVEIRA BARBOSA GOMES \u2013 LattesOrientador: Prof. Dr. Frederico Augusto Garcia FernandesData da defesa: 16\/12\/2020\u00c1rea de atua\u00e7\u00e3o\/Institui\u00e7\u00e3o atual: Professora do Instituto Federal do Paran\u00e1 (IFPR) RAFAEL MAGNO DE PAULA COSTA \u2013 LattesOrientador: Prof. Dr. Luiz Carlos dos Santos SimonData da defesa: 29\/04\/2020\u00c1rea de atua\u00e7\u00e3o\/Institui\u00e7\u00e3o atual: Professor da UNESPAR (Campus\/Paranagu\u00e1\/PR) MARINA STUCHI \u2013 LattesOrientadora: [&hellip;]<\/p>\n","protected":false},"author":9,"featured_media":0,"parent":0,"menu_order":0,"comment_status":"closed","ping_status":"closed","template":"","meta":{"_acf_changed":false,"footnotes":""},"class_list":["post-8425","page","type-page","status-publish","hentry"],"acf":[],"_links":{"self":[{"href":"https:\/\/pos.uel.br\/letras\/wp-json\/wp\/v2\/pages\/8425","targetHints":{"allow":["GET"]}}],"collection":[{"href":"https:\/\/pos.uel.br\/letras\/wp-json\/wp\/v2\/pages"}],"about":[{"href":"https:\/\/pos.uel.br\/letras\/wp-json\/wp\/v2\/types\/page"}],"author":[{"embeddable":true,"href":"https:\/\/pos.uel.br\/letras\/wp-json\/wp\/v2\/users\/9"}],"replies":[{"embeddable":true,"href":"https:\/\/pos.uel.br\/letras\/wp-json\/wp\/v2\/comments?post=8425"}],"version-history":[{"count":40,"href":"https:\/\/pos.uel.br\/letras\/wp-json\/wp\/v2\/pages\/8425\/revisions"}],"predecessor-version":[{"id":8485,"href":"https:\/\/pos.uel.br\/letras\/wp-json\/wp\/v2\/pages\/8425\/revisions\/8485"}],"wp:attachment":[{"href":"https:\/\/pos.uel.br\/letras\/wp-json\/wp\/v2\/media?parent=8425"}],"curies":[{"name":"wp","href":"https:\/\/api.w.org\/{rel}","templated":true}]}}