{"id":8378,"date":"2025-03-03T08:56:37","date_gmt":"2025-03-03T11:56:37","guid":{"rendered":"https:\/\/pos.uel.br\/letras\/?page_id=8378"},"modified":"2025-03-06T11:49:08","modified_gmt":"2025-03-06T14:49:08","slug":"infraestrutura","status":"publish","type":"page","link":"https:\/\/pos.uel.br\/letras\/infraestrutura\/","title":{"rendered":"Infraestrutura"},"content":{"rendered":"\n<p><\/p>\n\n\n\n<p style=\"font-size:15px\"><strong>a) Bibliotecas da UEL<\/strong><\/p>\n\n\n\n<p style=\"font-size:15px\">O <a href=\"https:\/\/sites.uel.br\/bibliotecas\/\" target=\"_blank\" rel=\"noreferrer noopener\">Sistema de Biblioteca da UEL<\/a>, formado por quatro bibliotecas f\u00edsicas, disp\u00f5e de uma s\u00e9rie de servi\u00e7os eletr\u00f4nicos e de informatiza\u00e7\u00e3o qualificados.<\/p>\n\n\n\n<p style=\"font-size:15px\"><strong>b) Salas de aula, reuni\u00f5es e defesa<\/strong><\/p>\n\n\n\n<p style=\"font-size:15px\">O PPGL disp\u00f5es de 2 salas de aula, climatizadas com aparelhos de ar condicionado, e data show instalado e sistema de som; 1 sala para reuni\u00e3o do colegiado; 1 sala com espa\u00e7o compartilhado para todos os coordenadores dos Programas de P\u00f3s-Gradua\u00e7\u00e3o do CLCH; 1 secretaria compartilhada com todos os PPG do CLCH. A estrutura f\u00edsica do CLCH tem passado, desde 2022, por diversas reformas e manuten\u00e7\u00e3o de modo a melhorar seus espa\u00e7os de ensino, pesquisa e de eventos. O PPGL conta, al\u00e9m dos espa\u00e7os reservados ao programa, referidos acima, com o Anfiteatro Maior e com a Sala de eventos. No quadri\u00eanio de 2021-2024, estes espa\u00e7os foram utilizados para a realiza\u00e7\u00e3o do SEDA \u2013 Semin\u00e1rio de Disserta\u00e7\u00f5es e Teses em andamento \u2013 e para os eventos promovidos pelo PPGL. O PPGL conta com 2 salas para defesas e cursos, com toda instala\u00e7\u00e3o necess\u00e1ria para videoconfer\u00eancias.<\/p>\n\n\n\n<p style=\"font-size:15px\"><strong>c) Laborat\u00f3rios e N\u00facleos<\/strong><\/p>\n\n\n\n<p style=\"font-size:15px\">O PPGL conta com os seguintes laborat\u00f3rios e n\u00facleos do CLCH e da UEL para suas atividades:<\/p>\n\n\n\n<p style=\"font-size:15px\">&#8211; <a href=\"https:\/\/lablinguasuel.com.br\/\" target=\"_blank\" rel=\"noreferrer noopener\">LAB LINGUAS \u2013 Laborat\u00f3rio de L\u00ednguas do CLCH<\/a><\/p>\n\n\n\n<p style=\"font-size:15px\">Criado em 1974, o Lab L\u00ednguas promove o estudo de diversas l\u00ednguas estrangeiras, dentre elas, alem\u00e3o, \u00e1rabe, espanhol, franc\u00eas, ingl\u00eas, italiano, japon\u00eas, mandarim, grego cl\u00e1ssico e koin\u00e9, portugu\u00eas para estrangeiros.<\/p>\n\n\n\n<p style=\"font-size:15px\">&#8211; <a href=\"https:\/\/sites.uel.br\/ndph\/\" target=\"_blank\" rel=\"noreferrer noopener\">NDPH \u2013 N\u00facleo de Documenta\u00e7\u00e3o e Pesquisa Hist\u00f3rica<\/a><\/p>\n\n\n\n<p style=\"font-size:15px\">Possui arquivos para a pesquisa em jornais, revistas, cartas, mapas, fotos e equipamentos adquiridos com recursos da FINEP (edital PROINFRA 2007), como dois Scanners de alta velocidade e um leitor-digitalizador de Microfilmes. Os novos equipamentos, as doa\u00e7\u00f5es de cole\u00e7\u00f5es privadas e o acervo j\u00e1 existente tornaram o IRCH \u2013 Instituto de Refer\u00eancia em Ci\u00eancias Humanas&nbsp;um dos centros de documenta\u00e7\u00e3o mais importantes sobre Londrina e o Norte do Paran\u00e1.<\/p>\n\n\n\n<p style=\"font-size:15px\">&#8211; <a href=\"https:\/\/sites.uel.br\/neab\/\" target=\"_blank\" rel=\"noreferrer noopener\">NEAB \u2013 N\u00facleo de Estudos Afro-Brasileiros<\/a><\/p>\n\n\n\n<p style=\"font-size:15px\">O NEAB tem desenvolvido pesquisas, cursos, confer\u00eancias, encontros e publica\u00e7\u00f5es, priorizando quest\u00f5es s\u00f3cio-hist\u00f3ricas e pedag\u00f3gicas sobre estudos afro-brasileiros e africanos em diferentes sociedades. De forma interdisciplinar, busca tamb\u00e9m subsidiar a produ\u00e7\u00e3o de conhecimento para formula\u00e7\u00e3o das bases de combate \u00e0 discrimina\u00e7\u00e3o racial, ao preconceito e ao racismo. O NEAB tem difundido a realidade afro-brasileira por meio do ensino, pesquisa e extens\u00e3o. Promovido e incentivado o estudo e a pesquisa das popula\u00e7\u00f5es de origem africana no Brasil e no mundo. Mantido as rela\u00e7\u00f5es cient\u00edficas, cong\u00eaneres, culturais e art\u00edsticas e\/ou que incentivam os mesmos objetivos, nacionais ou estrangeiras. Partilha e mant\u00e9m, em sua sede, a Biblioteca L\u00e9lia Gonzalez, com acervo de livros, revistas, teses e dados especializados sobre os temas abordados pelo N\u00facleo.<\/p>\n\n\n\n<p style=\"font-size:15px\">&#8211; <a href=\"https:\/\/cmlp.uel.br\/laboratorios\/labesc\/\" target=\"_blank\" rel=\"noreferrer noopener\">LABESC \u2013 Laborat\u00f3rio Escola de P\u00f3s-gradua\u00e7\u00e3o<\/a><\/p>\n\n\n\n<p style=\"font-size:15px\">Aprovado e constru\u00eddo com recursos da FINEP, atende a todos os PPG da UEL. Suas instala\u00e7\u00f5es s\u00e3o utilizadas principalmente para a realiza\u00e7\u00e3o de bancas com participa\u00e7\u00e3o remota (por videoconfer\u00eancia), semin\u00e1rios, simp\u00f3sios, workshops e cursos de curta dura\u00e7\u00e3o. Suas instala\u00e7\u00f5es podem e s\u00e3o usadas tamb\u00e9m para reuni\u00f5es, aulas, realiza\u00e7\u00e3o de bancas, reuni\u00f5es de grupos de pesquisa e outras atividades acad\u00eamicas dos Programas de P\u00f3s-gradua\u00e7\u00e3o <em>stricto sensu<\/em> da UEL.<\/p>\n\n\n\n<p style=\"font-size:15px\">&#8211; <a href=\"https:\/\/cmlp.uel.br\/categoria\/laboratorio-de-pesquisa-em-ciencias-humanas-lapech\/\" target=\"_blank\" rel=\"noreferrer noopener\">LAPECH \u2013 Laborat\u00f3rio de Pesquisa em Ci\u00eancias Humanas<\/a> <\/p>\n\n\n\n<p style=\"font-size:15px\">Localizado no CLCH, o LAPECH \u00e9 um laborat\u00f3rio multiusu\u00e1rio e interdisciplinar, podendo ser utilizado por grupos de estudos e para eventos da p\u00f3s-gradua\u00e7\u00e3o. O laborat\u00f3rio \u00e9 dividido em n\u00facleos tem\u00e1ticos. S\u00e3o, ao todo, seis n\u00facleos tem\u00e1ticos: N\u00facleo de Ensino e de Aprendizagem em Ci\u00eancias Humanas e Educa\u00e7\u00e3o Cient\u00edfica (NEACHEC), N\u00facleo de Estudos Culturais (NEC), N\u00facleo de Estudos da Imagem (NEI), N\u00facleo de Estudos em Ci\u00eancia, Tecnologia e Sociedade (NECTS), N\u00facleo de Estudos S\u00f3cio-Pol\u00edticos e Jur\u00eddicos (NESPJ) e N\u00facleo de Tecnologias de Informa\u00e7\u00e3o e Comunica\u00e7\u00e3o em Ci\u00eancias Humanas (TICCH). Possui mais de mil metros quadrados de \u00e1rea constru\u00edda e R$ 2,3 milh\u00f5es em investimentos, provenientes de recursos da FINEP. Cada n\u00facleo conta com duas salas, cada uma contendo um projetor multim\u00eddia, oito cadeiras e uma esta\u00e7\u00e3o de trabalho com mesa e computador. O espa\u00e7o tamb\u00e9m possui um Laborat\u00f3rio de Inform\u00e1tica, de uso comum a todos os N\u00facleos, estruturado com 30 esta\u00e7\u00f5es de trabalho, com mesa e computador. O N\u00facleo TICCH possui 1 lousa digital e 1 TV de 55 polegadas. O PPGL tem representa\u00e7\u00e3o no LAPECH por meio das tr\u00eas linhas de pesquisa do programa. A Prof\u00aa Maria Carolina de Godoy, al\u00e9m de vice-coordenadora do LAPECH, \u00e9 coordenadora do NEC \u2013 N\u00facleo de Estudos Culturais, e a Prof\u00aa Barbara Cristina Marques coordena o NEI \u2013 N\u00facleo de Estudos da Imagem. &nbsp;<\/p>\n","protected":false},"excerpt":{"rendered":"<p>a) Bibliotecas da UEL O Sistema de Biblioteca da UEL, formado por quatro bibliotecas f\u00edsicas, disp\u00f5e de uma s\u00e9rie de servi\u00e7os eletr\u00f4nicos e de informatiza\u00e7\u00e3o qualificados. b) Salas de aula, reuni\u00f5es e defesa O PPGL disp\u00f5es de 2 salas de aula, climatizadas com aparelhos de ar condicionado, e data show instalado e sistema de som; [&hellip;]<\/p>\n","protected":false},"author":9,"featured_media":0,"parent":0,"menu_order":0,"comment_status":"closed","ping_status":"closed","template":"","meta":{"_acf_changed":false,"footnotes":""},"class_list":["post-8378","page","type-page","status-publish","hentry"],"acf":[],"_links":{"self":[{"href":"https:\/\/pos.uel.br\/letras\/wp-json\/wp\/v2\/pages\/8378","targetHints":{"allow":["GET"]}}],"collection":[{"href":"https:\/\/pos.uel.br\/letras\/wp-json\/wp\/v2\/pages"}],"about":[{"href":"https:\/\/pos.uel.br\/letras\/wp-json\/wp\/v2\/types\/page"}],"author":[{"embeddable":true,"href":"https:\/\/pos.uel.br\/letras\/wp-json\/wp\/v2\/users\/9"}],"replies":[{"embeddable":true,"href":"https:\/\/pos.uel.br\/letras\/wp-json\/wp\/v2\/comments?post=8378"}],"version-history":[{"count":11,"href":"https:\/\/pos.uel.br\/letras\/wp-json\/wp\/v2\/pages\/8378\/revisions"}],"predecessor-version":[{"id":8923,"href":"https:\/\/pos.uel.br\/letras\/wp-json\/wp\/v2\/pages\/8378\/revisions\/8923"}],"wp:attachment":[{"href":"https:\/\/pos.uel.br\/letras\/wp-json\/wp\/v2\/media?parent=8378"}],"curies":[{"name":"wp","href":"https:\/\/api.w.org\/{rel}","templated":true}]}}