{"id":8370,"date":"2025-03-03T08:44:48","date_gmt":"2025-03-03T11:44:48","guid":{"rendered":"https:\/\/pos.uel.br\/letras\/?page_id=8370"},"modified":"2025-03-03T22:18:24","modified_gmt":"2025-03-04T01:18:24","slug":"titulados-em-2019","status":"publish","type":"page","link":"https:\/\/pos.uel.br\/letras\/titulados-em-2019\/","title":{"rendered":"Titulados em 2019"},"content":{"rendered":"\n<p><\/p>\n\n\n\n<figure class=\"wp-block-table has-small-font-size\"><table><tbody><tr><td><strong>DOUTORADO<\/strong><\/td><\/tr><tr><td>RONALD FERREIRA DA COSTA \u2013 <a href=\"http:\/\/lattes.cnpq.br\/7358628404739475\">Lattes<\/a><br>Orientador: Prof. Dr. Frederico Augusto Garcia Fernandes<br>Data da defesa: 29\/04\/2019<br>\u00c1rea de atua\u00e7\u00e3o\/Institui\u00e7\u00e3o atual: Professor efetivo\/Instituto Tecnol\u00f3gico Federal do Paran\u00e1 (IFPR) \u2013 Astorga\/PR<\/td><\/tr><tr><td>GUSTAVO RAMOS DE SOUZA \u2013 <a href=\"http:\/\/lattes.cnpq.br\/9929523006019412\" target=\"_blank\" rel=\"noreferrer noopener\">Lattes<\/a><br>Orientador: Prof. Dr. Luiz Carlos Santos Simon<br>Data da defesa: 25\/04\/2019<br>\u00c1rea de atua\u00e7\u00e3o\/Institui\u00e7\u00e3o atual: Professor colaborador\/Universidade Estadual de Londrina (UEL)<\/td><\/tr><\/tbody><\/table><\/figure>\n\n\n\n<p><\/p>\n\n\n\n<figure class=\"wp-block-table has-small-font-size\"><table><tbody><tr><td><strong>MESTRADO<\/strong><\/td><\/tr><tr><td>SAMANTHA DANIELLY DE ABREU \u2013 <a href=\"http:\/\/lattes.cnpq.br\/2991983275391974\" target=\"_blank\" rel=\"noreferrer noopener\">Lattes<\/a><br>Orientadora: Prof\u00aa Dr\u00aa Suely Leite<br>Data da defesa: 18\/10\/2019<br>\u00c1rea de atua\u00e7\u00e3o\/Institui\u00e7\u00e3o atual: Produtora cultural\/SESC \u2013 Londrina\/PR<\/td><\/tr><tr><td>DANUSIA REGINA ALVES \u2013 <a href=\"http:\/\/lattes.cnpq.br\/4025333281487305\">Lattes<\/a><br>Orientadora: Prof\u00aa Dr\u00aa Laura Taddei Brandini<br>Data da defesa: 14\/10\/2019<br>\u00c1rea de atua\u00e7\u00e3o\/Institui\u00e7\u00e3o atual: Aluna especial do PPGL (UEL)<\/td><\/tr><tr><td>ANA CAROLINA ROMERO \u2013 <a href=\"http:\/\/lattes.cnpq.br\/2945733946114378\" target=\"_blank\" rel=\"noreferrer noopener\">Lattes<\/a><br>Orientadora: Prof\u00aa Dr\u00aa Cl\u00e1udia Camardella Rio Doce<br>Data da defesa: 30\/09\/2019<br>\u00c1rea de atua\u00e7\u00e3o\/Institui\u00e7\u00e3o atual: Professora de ingl\u00eas em Escolas de idiomas em Maring\u00e1\/PR<\/td><\/tr><tr><td>SEBASTI\u00c3O BONIF\u00c1CIO JUNIOR \u2013 <a href=\"http:\/\/lattes.cnpq.br\/0701012285827427\">Lattes<\/a><br>Orientadora: Prof\u00aa Dr\u00aa Suely Leite<br>Data da defesa: 19\/09\/2019<br>\u00c1rea de atua\u00e7\u00e3o\/Institui\u00e7\u00e3o atual: Doutorando do PPGL (UEL) 2020\/1<\/td><\/tr><tr><td>EDUARDO LUIZ BACCARIN COSTA \u2013 <a href=\"http:\/\/lattes.cnpq.br\/6625645126461837\">Lattes<\/a><br>Orientadora: Prof\u00aa Dr\u00aa Telma Maciel da Silva<br>Data da defesa: 09\/07\/2019<br>\u00c1rea de atua\u00e7\u00e3o\/Institui\u00e7\u00e3o atual: Professor no Ensino M\u00e9dio de institui\u00e7\u00f5es particulares e doutorando do PPGL (UEL) 2020\/1<\/td><\/tr><tr><td>FABRICIA CRISTINA FLORENCIO \u2013 <a href=\"http:\/\/lattes.cnpq.br\/3491420804630941\">Lattes<\/a><br>Orientador: Prof. Dr. Luiz Carlos Santos Simon<br>Data da defesa: 26\/04\/2019<br>\u00c1rea de atua\u00e7\u00e3o\/Institui\u00e7\u00e3o atual: sem informa\u00e7\u00e3o<\/td><\/tr><tr><td>SAMUEL VELASCO \u2013 <a href=\"http:\/\/lattes.cnpq.br\/9750141541522604\" target=\"_blank\" rel=\"noreferrer noopener\">Lattes<\/a><br>Orientadora: Prof\u00aa Dr\u00aa Marta Dantas da Silva<br>Data da defesa: 16\/04\/2019<br>\u00c1rea de atua\u00e7\u00e3o\/Institui\u00e7\u00e3o atual: sem informa\u00e7\u00e3o<\/td><\/tr><tr><td>AB\u00cdLIO APARECIDO FRANCISCO JUNIOR \u2013 <a href=\"http:\/\/lattes.cnpq.br\/8596224888723273\">Lattes<\/a><br>Orientador: Prof. Dr. Adilson dos Santos<br>Data da defesa: 09\/01\/2019<br>\u00c1rea de atua\u00e7\u00e3o\/Institui\u00e7\u00e3o atual: Doutorando do Programa de P\u00f3s-Gradua\u00e7\u00e3o em Estudos Liter\u00e1rios (UNESP\/Araraquara)<\/td><\/tr><\/tbody><\/table><\/figure>\n","protected":false},"excerpt":{"rendered":"<p>DOUTORADO RONALD FERREIRA DA COSTA \u2013 LattesOrientador: Prof. Dr. Frederico Augusto Garcia FernandesData da defesa: 29\/04\/2019\u00c1rea de atua\u00e7\u00e3o\/Institui\u00e7\u00e3o atual: Professor efetivo\/Instituto Tecnol\u00f3gico Federal do Paran\u00e1 (IFPR) \u2013 Astorga\/PR GUSTAVO RAMOS DE SOUZA \u2013 LattesOrientador: Prof. Dr. Luiz Carlos Santos SimonData da defesa: 25\/04\/2019\u00c1rea de atua\u00e7\u00e3o\/Institui\u00e7\u00e3o atual: Professor colaborador\/Universidade Estadual de Londrina (UEL) MESTRADO SAMANTHA DANIELLY [&hellip;]<\/p>\n","protected":false},"author":9,"featured_media":0,"parent":0,"menu_order":0,"comment_status":"closed","ping_status":"closed","template":"","meta":{"_acf_changed":false,"footnotes":""},"class_list":["post-8370","page","type-page","status-publish","hentry"],"acf":[],"_links":{"self":[{"href":"https:\/\/pos.uel.br\/letras\/wp-json\/wp\/v2\/pages\/8370","targetHints":{"allow":["GET"]}}],"collection":[{"href":"https:\/\/pos.uel.br\/letras\/wp-json\/wp\/v2\/pages"}],"about":[{"href":"https:\/\/pos.uel.br\/letras\/wp-json\/wp\/v2\/types\/page"}],"author":[{"embeddable":true,"href":"https:\/\/pos.uel.br\/letras\/wp-json\/wp\/v2\/users\/9"}],"replies":[{"embeddable":true,"href":"https:\/\/pos.uel.br\/letras\/wp-json\/wp\/v2\/comments?post=8370"}],"version-history":[{"count":2,"href":"https:\/\/pos.uel.br\/letras\/wp-json\/wp\/v2\/pages\/8370\/revisions"}],"predecessor-version":[{"id":8431,"href":"https:\/\/pos.uel.br\/letras\/wp-json\/wp\/v2\/pages\/8370\/revisions\/8431"}],"wp:attachment":[{"href":"https:\/\/pos.uel.br\/letras\/wp-json\/wp\/v2\/media?parent=8370"}],"curies":[{"name":"wp","href":"https:\/\/api.w.org\/{rel}","templated":true}]}}