{"id":7959,"date":"2025-02-28T08:44:55","date_gmt":"2025-02-28T11:44:55","guid":{"rendered":"https:\/\/pos.uel.br\/letras\/?page_id=7959"},"modified":"2025-06-24T17:23:13","modified_gmt":"2025-06-24T20:23:13","slug":"credenciamento-de-docentes","status":"publish","type":"page","link":"https:\/\/pos.uel.br\/letras\/credenciamento-de-docentes\/","title":{"rendered":"Credenciamento de docentes"},"content":{"rendered":"\n<p style=\"font-size:15px\"><\/p>\n\n\n\n<p style=\"font-size:15px\">De acordo com a <a href=\"https:\/\/pos.uel.br\/letras\/wp-content\/uploads\/2025\/02\/Regimento-PPG-Letras-Resoluc\u0327a\u0303o-CEPE-75-2024.pdf\" target=\"_blank\" rel=\"noreferrer noopener\">RESOLU\u00c7\u00c3O CEPE N\u00ba 075\/2024<\/a>, de 19 de dezembro de 2024, que altera o Regimento do Programa de P\u00f3s-gradua\u00e7\u00e3o em Letras da Universidade Estadual de Londrina, o PPGL credencia novos docentes na qualidade de professor permanente mediante:<\/p>\n\n\n\n<p style=\"font-size:15px\"><\/p>\n\n\n\n<p style=\"font-size:15px\">I. Carta do docente justificando a sua inten\u00e7\u00e3o de participar do PPG em Letras, informando seus interesses de pesquisa, \u00e1rea de atua\u00e7\u00e3o e historiando a sua pesquisa e a qualidade de sua produ\u00e7\u00e3o quadrienal, mensurada de acordo com as regras definidas pela CAPES, que deve ser igual ou superior \u00e0 nota do curso;<br>II. Curr\u00edculo Lattes com registro completo da produ\u00e7\u00e3o acad\u00eamica dos \u00faltimos 5 anos;<br>III. Projeto de pesquisa vinculado a uma das linhas de pesquisa do PPG em Letras, cadastrado na PROPPG ou na institui\u00e7\u00e3o de origem, no caso dos docentes cedidos ao PPG;<br>IV. Proposta de disciplina a ser ministrada;<br>V. Experi\u00eancia em orienta\u00e7\u00f5es conclu\u00eddas de IC, TCC ou na p\u00f3s-gradua\u00e7\u00e3o;<br>VI. Oferta pr\u00e9via de disciplina como professor convidado ou ter atuado em programa de p\u00f3s-gradua\u00e7\u00e3o.<\/p>\n\n\n\n<div class=\"wp-block-columns is-layout-flex wp-container-core-columns-is-layout-9d6595d7 wp-block-columns-is-layout-flex\">\n<div class=\"wp-block-column is-layout-flow wp-block-column-is-layout-flow\"><\/div>\n<\/div>\n\n\n\n<div class=\"wp-block-uel-card\">\n<p class=\"has-text-align-center\" style=\"font-size:15px\"><strong>EDITAIS 2025<\/strong><\/p>\n\n\n\n<p><\/p>\n\n\n\n<p style=\"font-size:15px\"><a href=\"https:\/\/pos.uel.br\/letras\/wp-content\/uploads\/2025\/05\/Edital-06-2025-credenciamento-de-docentes-2.pdf\" target=\"_blank\" rel=\"noreferrer noopener\">EDITAL N\u00ba 06\/2025<\/a> \u2013 Recebimento de candidaturas para credenciamento de docentes permanentes do PPGL<br><a href=\"https:\/\/pos.uel.br\/letras\/wp-content\/uploads\/2025\/05\/Edital-06-2025-credenciamento-de-docentes-Anexo-I.docx\" target=\"_blank\" rel=\"noreferrer noopener\">ANEXO EDITAL N\u00ba 06\/2025<\/a><br><a href=\"https:\/\/pos.uel.br\/letras\/wp-content\/uploads\/2025\/06\/Edital_07_2025_Candidaturas_homologadas_assinado.pdf\" target=\"_blank\" rel=\"noreferrer noopener\">EDITAL N\u00ba 07\/2025<\/a> \u2013 Candidaturas homologadas<br><a href=\"https:\/\/pos.uel.br\/letras\/wp-content\/uploads\/2025\/06\/Edital_083A2025_Resultado_credenciamento_assinado.pdf\" target=\"_blank\" rel=\"noreferrer noopener\">EDITAL N\u00ba 08\/2025<\/a> \u2013 Resultado dos aprovados<\/p>\n<\/div>\n\n\n\n<p><\/p>\n","protected":false},"excerpt":{"rendered":"<p>De acordo com a RESOLU\u00c7\u00c3O CEPE N\u00ba 075\/2024, de 19 de dezembro de 2024, que altera o Regimento do Programa de P\u00f3s-gradua\u00e7\u00e3o em Letras da Universidade Estadual de Londrina, o PPGL credencia novos docentes na qualidade de professor permanente mediante: I. Carta do docente justificando a sua inten\u00e7\u00e3o de participar do PPG em Letras, informando [&hellip;]<\/p>\n","protected":false},"author":9,"featured_media":0,"parent":0,"menu_order":0,"comment_status":"closed","ping_status":"closed","template":"","meta":{"_acf_changed":false,"footnotes":""},"class_list":["post-7959","page","type-page","status-publish","hentry"],"acf":[],"_links":{"self":[{"href":"https:\/\/pos.uel.br\/letras\/wp-json\/wp\/v2\/pages\/7959","targetHints":{"allow":["GET"]}}],"collection":[{"href":"https:\/\/pos.uel.br\/letras\/wp-json\/wp\/v2\/pages"}],"about":[{"href":"https:\/\/pos.uel.br\/letras\/wp-json\/wp\/v2\/types\/page"}],"author":[{"embeddable":true,"href":"https:\/\/pos.uel.br\/letras\/wp-json\/wp\/v2\/users\/9"}],"replies":[{"embeddable":true,"href":"https:\/\/pos.uel.br\/letras\/wp-json\/wp\/v2\/comments?post=7959"}],"version-history":[{"count":14,"href":"https:\/\/pos.uel.br\/letras\/wp-json\/wp\/v2\/pages\/7959\/revisions"}],"predecessor-version":[{"id":10201,"href":"https:\/\/pos.uel.br\/letras\/wp-json\/wp\/v2\/pages\/7959\/revisions\/10201"}],"wp:attachment":[{"href":"https:\/\/pos.uel.br\/letras\/wp-json\/wp\/v2\/media?parent=7959"}],"curies":[{"name":"wp","href":"https:\/\/api.w.org\/{rel}","templated":true}]}}