{"id":7821,"date":"2025-02-20T09:26:32","date_gmt":"2025-02-20T12:26:32","guid":{"rendered":"https:\/\/pos.uel.br\/letras\/?page_id=7821"},"modified":"2025-03-20T00:27:06","modified_gmt":"2025-03-20T03:27:06","slug":"autoavaliacao","status":"publish","type":"page","link":"https:\/\/pos.uel.br\/letras\/autoavaliacao\/","title":{"rendered":"Autoavalia\u00e7\u00e3o"},"content":{"rendered":"\n<p><\/p>\n\n\n\n<p style=\"font-size:15px\">A autoavalia\u00e7\u00e3o, de acordo com o Documento da \u00c1rea Lingu\u00edstica e Literatura (2019, p. 10), \u00e9 um exerc\u00edcio de reflex\u00e3o cr\u00edtica fundamental para a identifica\u00e7\u00e3o de potencialidades e de fragilidades dos Programas, com vistas a refor\u00e7ar a\u00e7\u00f5es ou a corrigir rumos que possam aprimorar o processo formativo e a qualidade da produ\u00e7\u00e3o intelectual de docentes e discentes. Nesses termos, a autoavalia\u00e7\u00e3o demanda a ado\u00e7\u00e3o de mecanismos sistem\u00e1ticos de produ\u00e7\u00e3o e de an\u00e1lise de dados que possam dar consist\u00eancia \u00e0s a\u00e7\u00f5es de melhoria e de fortalecimento dos Programas. \u00c9 necess\u00e1rio desenvolver a autoavalia\u00e7\u00e3o, associando-a ao planejamento estrat\u00e9gico do Programa, em sintonia com as pol\u00edticas institucionais de apoio e de aprimoramento da p\u00f3s-gradua\u00e7\u00e3o stricto sensu, por meio de processos e de instrumentos bem definidos, aplicados ao corpo discente em curso e aos egressos. Ressalta-se que, na autoavalia\u00e7\u00e3o, \u00e9 de suma import\u00e2ncia o levantamento de dados que permitam ao Programa avaliar o alcance e a extens\u00e3o da forma\u00e7\u00e3o por ele oferecida, por meio do acompanhamento da atua\u00e7\u00e3o dos seus egressos, considerando a inser\u00e7\u00e3o profissional, a produ\u00e7\u00e3o intelectual e outros indicadores que informem os impactos gerados pelo Programa na forma\u00e7\u00e3o de recursos humanos para atua\u00e7\u00e3o na sociedade.<\/p>\n\n\n\n<p><\/p>\n\n\n\n<blockquote class=\"wp-block-quote is-layout-flow wp-block-quote-is-layout-flow\">\n<p style=\"font-size:15px\"><strong>PROCESSOS DA AUTOAVALIA\u00c7\u00c3O DO PPG EM LETRAS DA UEL DESDE SUA IMPLEMENTA\u00c7\u00c3O<\/strong><\/p>\n<\/blockquote>\n\n\n\n<p style=\"font-size:15px\">Em 14 de outubro de 2019 foi criada a <strong>CIAPG<\/strong>, comiss\u00e3o para sistematizar o processo de autoavalia\u00e7\u00e3o dos Programas de P\u00f3s-gradua\u00e7\u00e3o da UEL, cuja primeira gest\u00e3o foi de novembro de 2019 a 31 de maio de 2021. <br>Em julho de 2021 foi implementada a primeira <strong>Comiss\u00e3o de autoavalia\u00e7\u00e3o do PPG em Letras<\/strong>, composta por representantes docentes do PPGL (permanentes), representantes discentes do PPGL e representante externo ao PPGL.<\/p>\n\n\n\n<p style=\"font-size:15px\"><br><strong>COMISS\u00c3O DE AUTOAVALIA\u00c7\u00c3O DO PPGL (2021)<\/strong><\/p>\n\n\n\n<p style=\"font-size:15px\"><strong>Docentes permanentes do PPGL<\/strong><br>Prof. Dr. Alamir Aquino Corr\u00eaa (Coordenador da comiss\u00e3o)<br>Prof\u00aa Dr\u00aa\u00a0Suely Leite <br>Prof\u00aa Dr\u00aa Marta Dantas da Silva <br><br><strong>Discentes do PPGL<\/strong><br>Doutorando \u00c1lvaro Perini Canholi<br>Doutoranda Layse Barnab\u00e9 de Moraes<br>Mestrando Lucas do Prado Freitas<br><br><strong>Representante externo<\/strong><br>Prof\u00aa Dr\u00aa Lourdes Kaminski (Docente da UNIOESTE)<br><br>N\u00e3o houve instrumentos de avalia\u00e7\u00e3o em 2021. A autoavalia\u00e7\u00e3o foi feita como observa\u00e7\u00e3o entre os pares e discuss\u00e3o sobre o relat\u00f3rio de avalia\u00e7\u00e3o da CAPES. Os resultados e as sugest\u00f5es da Comiss\u00e3o da autoavalia\u00e7\u00e3o do PPGL de 2021 foram socializados e discutidos no 1\u00ba SEMIN\u00c1RIO DE AUTOAVALIA\u00c7\u00c3O DO PPGL, no SEDA (Semin\u00e1rio de Disserta\u00e7\u00f5es e Teses em andamento no PPGL), pela nova Comiss\u00e3o de autoavalia\u00e7\u00e3o do PPGL que, dando seguimento \u00e0 avalia\u00e7\u00e3o anterior, elaborou e adotou crit\u00e9rios e instrumentos de avalia\u00e7\u00e3o de acordo com cada segmento.<br><br><strong>COMISS\u00c3O DE AUTOAVALIA\u00c7\u00c3O DO PPGL (2022)<\/strong><\/p>\n\n\n\n<p style=\"font-size:15px\"><strong>Docentes permanentes do PPGL<\/strong><br>Prof\u00aa Dr\u00aa&nbsp;Suely Leite (Coordenadora da comiss\u00e3o)<br>Prof\u00aa Dr\u00aa&nbsp;Cl\u00e1udia Cristina Ferreira<br><br><strong>Discentes do PPGL<\/strong><br>Doutoranda Juliana da Silva Bello<br><br><strong>Representante externo<\/strong><br>Prof. Dr. Marcos Hidemi (UFPR \u2013 PATO BRANCO)<br><br>Os resultados da <strong>Comiss\u00e3o de autoavalia\u00e7\u00e3o do PPG em Letras<\/strong> desde sua implementa\u00e7\u00e3o:<br><\/p>\n\n\n\n<div class=\"wp-block-columns is-layout-flex wp-container-core-columns-is-layout-9d6595d7 wp-block-columns-is-layout-flex\">\n<div class=\"wp-block-column is-layout-flow wp-block-column-is-layout-flow\" style=\"font-size:15px\">\n<figure class=\"wp-block-table\"><table class=\"has-fixed-layout\"><tbody><tr><td>2021<\/td><td>Cria\u00e7\u00e3o da CPA do PPGL<\/td><td>Implementa\u00e7\u00e3o e discuss\u00e3o por pares<\/td><\/tr><tr><td>2022<\/td><td>Recomposi\u00e7\u00e3o da CPA do PPGL<\/td><td>Aplica\u00e7\u00e3o dos instrumentos de autoavalia\u00e7\u00e3o<\/td><\/tr><tr><td>2023<\/td><td>Apresenta\u00e7\u00e3o dos resultados <\/td><td>18-19\/05\/2023 \u2013 F\u00f3rum de autoavalia\u00e7\u00e3o dos Programas de P\u00f3s-gradua\u00e7\u00e3o <em>Stricto sensu <\/em>da UEL<br><br>08\/12\/2023 \u2013 1\u00ba Semin\u00e1rio de autoavalia\u00e7\u00e3o do PPG em Letras no SEDA 2023\/2<\/td><\/tr><\/tbody><\/table><\/figure>\n<\/div>\n<\/div>\n\n\n\n<p style=\"font-size:15px\"><a href=\"https:\/\/pos.uel.br\/letras\/wp-content\/uploads\/2025\/02\/Relatorio_Autoavaliacao_PPGL.pdf\" target=\"_blank\" rel=\"noreferrer noopener\">Relat\u00f3rio de autoavalia\u00e7\u00e3o de 2022<\/a><br><a href=\"https:\/\/pos.uel.br\/letras\/wp-content\/uploads\/2023\/03\/Ficha_avaliacao_DISCENTES.pdf\" target=\"_blank\" rel=\"noreferrer noopener\">Ficha de avalia\u00e7\u00e3o \u2013 Discentes<\/a><br><a href=\"https:\/\/pos.uel.br\/letras\/wp-content\/uploads\/2023\/03\/Ficha_avaliacao_DOCENTES.pdf\" target=\"_blank\" rel=\"noreferrer noopener\">Ficha de avalia\u00e7\u00e3o \u2013 Docentes<\/a><br><a href=\"https:\/\/pos.uel.br\/letras\/wp-content\/uploads\/2023\/03\/Ficha_avaliacao_EGRESSOS.pdf\" target=\"_blank\" rel=\"noreferrer noopener\">Ficha de avalia\u00e7\u00e3o \u2013 Egressos<\/a><br><br><br><strong>COMISS\u00c3O DE AUTOAVALIA\u00c7\u00c3O DO PPGL (2024)<\/strong><\/p>\n\n\n\n<p><strong>Docentes permanentes do PPGL<\/strong><br>Prof\u00aa Dr\u00aa Maria Carolina de Godoy (Coordenadora da comiss\u00e3o)<br>Prof. Dr.&nbsp;Luiz Carlos Migliozzi Ferreira de Mello <br><br><strong>Discentes do PPGL<\/strong><br>Doutorando Matheus Willian Migotto<br><br><strong>Egressa do PPGL<\/strong><br>Prof\u00aa Dr\u00aa Layse Barnab\u00e9 de Moraes<br><br><strong>Representante da Comunidade externa<\/strong><br>Prof\u00aa Dr\u00aa L\u00eada Maria Ara\u00fajo (Biblioteca P\u00fablica Municipal de Londrina)<br><br><strong>Representante t\u00e9cnico-administrativo<\/strong><br>Rosely Fernandes Lopes (Secretaria de P\u00f3s-gradua\u00e7\u00e3o do CLCH)<br><\/p>\n","protected":false},"excerpt":{"rendered":"<p>A autoavalia\u00e7\u00e3o, de acordo com o Documento da \u00c1rea Lingu\u00edstica e Literatura (2019, p. 10), \u00e9 um exerc\u00edcio de reflex\u00e3o cr\u00edtica fundamental para a identifica\u00e7\u00e3o de potencialidades e de fragilidades dos Programas, com vistas a refor\u00e7ar a\u00e7\u00f5es ou a corrigir rumos que possam aprimorar o processo formativo e a qualidade da produ\u00e7\u00e3o intelectual de docentes [&hellip;]<\/p>\n","protected":false},"author":9,"featured_media":0,"parent":0,"menu_order":0,"comment_status":"closed","ping_status":"closed","template":"","meta":{"_acf_changed":false,"footnotes":""},"class_list":["post-7821","page","type-page","status-publish","hentry"],"acf":[],"_links":{"self":[{"href":"https:\/\/pos.uel.br\/letras\/wp-json\/wp\/v2\/pages\/7821","targetHints":{"allow":["GET"]}}],"collection":[{"href":"https:\/\/pos.uel.br\/letras\/wp-json\/wp\/v2\/pages"}],"about":[{"href":"https:\/\/pos.uel.br\/letras\/wp-json\/wp\/v2\/types\/page"}],"author":[{"embeddable":true,"href":"https:\/\/pos.uel.br\/letras\/wp-json\/wp\/v2\/users\/9"}],"replies":[{"embeddable":true,"href":"https:\/\/pos.uel.br\/letras\/wp-json\/wp\/v2\/comments?post=7821"}],"version-history":[{"count":14,"href":"https:\/\/pos.uel.br\/letras\/wp-json\/wp\/v2\/pages\/7821\/revisions"}],"predecessor-version":[{"id":9165,"href":"https:\/\/pos.uel.br\/letras\/wp-json\/wp\/v2\/pages\/7821\/revisions\/9165"}],"wp:attachment":[{"href":"https:\/\/pos.uel.br\/letras\/wp-json\/wp\/v2\/media?parent=7821"}],"curies":[{"name":"wp","href":"https:\/\/api.w.org\/{rel}","templated":true}]}}