{"id":7531,"date":"2025-02-05T14:26:57","date_gmt":"2025-02-05T17:26:57","guid":{"rendered":"https:\/\/pos.uel.br\/letras\/?page_id=7531"},"modified":"2025-03-09T23:44:04","modified_gmt":"2025-03-10T02:44:04","slug":"doctorado-en-el-extranjero-2","status":"publish","type":"page","link":"https:\/\/pos.uel.br\/letras\/es\/doctorado-en-el-extranjero-2\/","title":{"rendered":"Doctorado en el extranjero"},"content":{"rendered":"\n<p><\/p>\n\n\n\n<p style=\"font-size:15px\">El Programa de Doctorado Sandwich en el Exterior (PDSE\/CAPES) tiene como objetivo apoyar la formaci\u00f3n de recursos humanos de alto nivel a trav\u00e9s de la concesi\u00f3n de becas de doctorado sandwich en el exterior a las Instituciones de Educaci\u00f3n Superior con programas de Doctorado reconocidos por la CAPES. El programa en el exterior debe contemplar, de manera prioritaria, la realizaci\u00f3n de investigaciones en \u00e1reas del conocimiento menos consolidadas en Brasil.<\/p>\n\n\n\n<p style=\"font-size:15px\"><strong>El beneficiario del PDSE realizar\u00e1 parte de las actividades correspondientes al programa de doctorado en una instituci\u00f3n en el exterior y deber\u00e1 regresar a Brasil despu\u00e9s de finalizar la beca para la defensa de la tesis y la culminaci\u00f3n del doctorado.<\/strong><\/p>\n\n\n\n<p style=\"font-size:15px\">Los objetivos del PDSE son:<\/p>\n\n\n\n<p style=\"font-size:15px\">I &#8211; complementar y expandir las posibilidades de formaci\u00f3n ofrecidas por los programas de posgrado en Brasil; <br>II &#8211; ofrecer oportunidades para la actualizaci\u00f3n de conocimientos t\u00e9cnicos, cient\u00edficos, tecnol\u00f3gicos y acad\u00e9micos; <br>III &#8211; ampliar el nivel de colaboraci\u00f3n y publicaciones conjuntas entre la comunidad acad\u00e9mica que act\u00faa en Brasil y en el exterior; <br>IV &#8211; ampliar el acceso de la comunidad acad\u00e9mica brasile\u00f1a a los centros internacionales de excelencia; <br>V &#8211; proporcionar mayor visibilidad internacional a la producci\u00f3n cient\u00edfica, tecnol\u00f3gica y cultural brasile\u00f1a; <br>VI &#8211; promover la reflexi\u00f3n sobre la base curricular de los programas de posgrado brasile\u00f1os; <br>VII &#8211; fortalecer los programas de posgrado y el intercambio entre instituciones de educaci\u00f3n superior o grupos de investigaci\u00f3n brasile\u00f1os e internacionales; VIII &#8211; estimular la adopci\u00f3n de nuevos modelos de gesti\u00f3n de la investigaci\u00f3n por parte de los estudiantes brasile\u00f1os; y <br>IX &#8211; apoyar el proceso de internacionalizaci\u00f3n de la educaci\u00f3n superior, as\u00ed como de la ciencia, la tecnolog\u00eda y la innovaci\u00f3n brasile\u00f1as.<br><br>El PPGL publica peri\u00f3dicamente los anuncios de oferta de concesi\u00f3n de Becas PDSE\/CAPES.<br>Para consultar los anuncios publicados, haga <a href=\"https:\/\/pos.uel.br\/letras\/chamadas-de-bolsa\/\" target=\"_blank\" rel=\"noreferrer noopener\">clic aqu\u00ed<\/a>.<br><br><strong><a href=\"https:\/\/pos.uel.br\/letras\/wp-content\/uploads\/2025\/03\/Portaria-no-77-de-8-de-Marc\u0327o-de-2024.pdf\" target=\"_blank\" rel=\"noreferrer noopener\">PORTARIA CAPES N\u00ba 77\/2024<\/a> \u2013 <\/strong>Dispone sobre el Reglamento del Programa Institucional de Doctorado Sandwich en el Extranjero \u2013 PDSE<\/p>\n\n\n\n<p style=\"font-size:15px\"><\/p>\n","protected":false},"excerpt":{"rendered":"<p>El Programa de Doctorado Sandwich en el Exterior (PDSE\/CAPES) tiene como objetivo apoyar la formaci\u00f3n de recursos humanos de alto nivel a trav\u00e9s de la concesi\u00f3n de becas de doctorado sandwich en el exterior a las Instituciones de Educaci\u00f3n Superior con programas de Doctorado reconocidos por la CAPES. El programa en el exterior debe contemplar, [&hellip;]<\/p>\n","protected":false},"author":9,"featured_media":0,"parent":0,"menu_order":0,"comment_status":"closed","ping_status":"closed","template":"","meta":{"_acf_changed":false,"footnotes":""},"class_list":["post-7531","page","type-page","status-publish","hentry"],"acf":[],"_links":{"self":[{"href":"https:\/\/pos.uel.br\/letras\/wp-json\/wp\/v2\/pages\/7531","targetHints":{"allow":["GET"]}}],"collection":[{"href":"https:\/\/pos.uel.br\/letras\/wp-json\/wp\/v2\/pages"}],"about":[{"href":"https:\/\/pos.uel.br\/letras\/wp-json\/wp\/v2\/types\/page"}],"author":[{"embeddable":true,"href":"https:\/\/pos.uel.br\/letras\/wp-json\/wp\/v2\/users\/9"}],"replies":[{"embeddable":true,"href":"https:\/\/pos.uel.br\/letras\/wp-json\/wp\/v2\/comments?post=7531"}],"version-history":[{"count":6,"href":"https:\/\/pos.uel.br\/letras\/wp-json\/wp\/v2\/pages\/7531\/revisions"}],"predecessor-version":[{"id":9922,"href":"https:\/\/pos.uel.br\/letras\/wp-json\/wp\/v2\/pages\/7531\/revisions\/9922"}],"wp:attachment":[{"href":"https:\/\/pos.uel.br\/letras\/wp-json\/wp\/v2\/media?parent=7531"}],"curies":[{"name":"wp","href":"https:\/\/api.w.org\/{rel}","templated":true}]}}