{"id":7527,"date":"2025-02-05T14:24:49","date_gmt":"2025-02-05T17:24:49","guid":{"rendered":"https:\/\/pos.uel.br\/letras\/?page_id=7527"},"modified":"2025-03-09T23:35:07","modified_gmt":"2025-03-10T02:35:07","slug":"practica-docente","status":"publish","type":"page","link":"https:\/\/pos.uel.br\/letras\/es\/practica-docente\/","title":{"rendered":"Pr\u00e1ctica docente"},"content":{"rendered":"\n<p><\/p>\n\n\n\n<ol class=\"wp-block-list\">\n<li style=\"font-size:15px\">La pr\u00e1ctica de docencia es obligatorio para todos los estudiantes matriculados regularmente, becados y no becados, a nivel de Maestr\u00eda y Doctorado, del PPGL.<\/li>\n\n\n\n<li style=\"font-size:15px\">Las actividades de la pr\u00e1ctica consistir\u00e1n en: <br>a) Tutor\u00eda; <br>b) Regencia entre dos y seis clases en la asignatura en la que se realice la pr\u00e1ctica, con la supervisi\u00f3n del orientador y la presencia del profesor responsable de la asignatura; <br>c) Preparaci\u00f3n de clases.<\/li>\n\n\n\n<li style=\"font-size:15px\">Para los estudiantes becados, la pr\u00e1ctica debe realizarse obligatoriamente en la instituci\u00f3n donde cursa el programa, preferentemente en una asignatura impartida por el orientador.<\/li>\n\n\n\n<li style=\"font-size:15px\">Para los estudiantes no becados, la pr\u00e1ctica podr\u00e1 realizarse en otra Instituci\u00f3n de Educaci\u00f3n Superior, con la aprobaci\u00f3n del orientador y de la Coordinaci\u00f3n, siempre que sea en una asignatura compatible con el \u00e1rea de concentraci\u00f3n del Programa y bajo la responsabilidad de un profesor doctor.<\/li>\n\n\n\n<li style=\"font-size:15px\">La pr\u00e1ctica de docencia deber\u00e1 limitarse a un \u00fanico grupo, en asignatura anual o de asignaturas semestrales (siempre que sean en semestres diferentes), con una duraci\u00f3n m\u00e1xima de un semestre para la Maestr\u00eda y hasta dos para el Doctorado.<\/li>\n\n\n\n<li style=\"font-size:15px\">En todos los casos, la solicitud de la pr\u00e1ctica debe realizarse antes de su ejecuci\u00f3n.<\/li>\n\n\n\n<li style=\"font-size:15px\">Solo los estudiantes de Doctorado podr\u00e1n solicitar la equivalencia de actividades docentes realizadas despu\u00e9s de haber obtenido el t\u00edtulo de maestr\u00eda.<\/li>\n<\/ol>\n\n\n\n<p style=\"font-size:15px\"><strong>OBSERVACI\u00d3N: El ESTUDIANTE NO PODR\u00c1 SER RESPONSABLE DE UNA ASIGNATURA.<\/strong><\/p>\n","protected":false},"excerpt":{"rendered":"<p>OBSERVACI\u00d3N: El ESTUDIANTE NO PODR\u00c1 SER RESPONSABLE DE UNA ASIGNATURA.<\/p>\n","protected":false},"author":9,"featured_media":0,"parent":0,"menu_order":0,"comment_status":"closed","ping_status":"closed","template":"","meta":{"_acf_changed":false,"footnotes":""},"class_list":["post-7527","page","type-page","status-publish","hentry"],"acf":[],"_links":{"self":[{"href":"https:\/\/pos.uel.br\/letras\/wp-json\/wp\/v2\/pages\/7527","targetHints":{"allow":["GET"]}}],"collection":[{"href":"https:\/\/pos.uel.br\/letras\/wp-json\/wp\/v2\/pages"}],"about":[{"href":"https:\/\/pos.uel.br\/letras\/wp-json\/wp\/v2\/types\/page"}],"author":[{"embeddable":true,"href":"https:\/\/pos.uel.br\/letras\/wp-json\/wp\/v2\/users\/9"}],"replies":[{"embeddable":true,"href":"https:\/\/pos.uel.br\/letras\/wp-json\/wp\/v2\/comments?post=7527"}],"version-history":[{"count":5,"href":"https:\/\/pos.uel.br\/letras\/wp-json\/wp\/v2\/pages\/7527\/revisions"}],"predecessor-version":[{"id":9913,"href":"https:\/\/pos.uel.br\/letras\/wp-json\/wp\/v2\/pages\/7527\/revisions\/9913"}],"wp:attachment":[{"href":"https:\/\/pos.uel.br\/letras\/wp-json\/wp\/v2\/media?parent=7527"}],"curies":[{"name":"wp","href":"https:\/\/api.w.org\/{rel}","templated":true}]}}