{"id":7516,"date":"2025-02-05T14:17:56","date_gmt":"2025-02-05T17:17:56","guid":{"rendered":"https:\/\/pos.uel.br\/letras\/?page_id=7516"},"modified":"2025-03-08T17:19:33","modified_gmt":"2025-03-08T20:19:33","slug":"becas-del-ppgl","status":"publish","type":"page","link":"https:\/\/pos.uel.br\/letras\/es\/becas-del-ppgl\/","title":{"rendered":"Becas del PPGL"},"content":{"rendered":"\n<p><\/p>\n\n\n\n<p style=\"font-size:15px\">El PPG en Letras de la UEL cuenta con becas de la CAPES (Programa de Demanda Social) y del CNPq. Cada semestre se realiza una convocatoria para becas, dependiendo de su disponibilidad (reconfirmaci\u00f3n de las cuotas por parte de las agencias de financiamiento y\/o defensas) y del nuevo ingreso de estudiantes. Los estudiantes son notificados por correo electr\u00f3nico y deben manifestar su inter\u00e9s en postularse a las becas mediante la firma de una declaraci\u00f3n de inter\u00e9s. La Comisi\u00f3n de Becas es responsable de la evaluaci\u00f3n y concesi\u00f3n de las becas.<\/p>\n\n\n\n<p style=\"font-size:15px\">Actualmente, el PPG en Letras cuenta con 11 becas de Maestr\u00eda y 13 becas de Doctorado.<\/p>\n\n\n\n<blockquote class=\"wp-block-quote is-layout-flow wp-block-quote-is-layout-flow\">\n<p style=\"font-size:15px\"><strong>COMISI\u00d3N DE BECAS<\/strong><\/p>\n<\/blockquote>\n\n\n\n<p style=\"font-size:15px\"><strong>Mandato de junio de 2023 a mayo de 2025:<\/strong><\/p>\n\n\n\n<p style=\"font-size:15px\">Prof. Dr. Miguel Heitor Braga Vieira (coordInador del PPGL)<br>Prof\u00aa Dr\u00aa Barbara Cristina Marques (vice-coordInadora del PPGL)<br>Prof. Dr. Frederico Augusto Garcia Fernandes (docente del PPGL)<br>Prof\u00aa Dr\u00aa Suely Leite (docente del PPGL)<\/p>\n\n\n\n<p style=\"font-size:15px\"><strong>Mandato de julio de 2024 a junio de 2025:<\/strong><\/p>\n\n\n\n<p style=\"font-size:15px\">Ana Cristina Pereira da Silva (representante estudantil \u2013\u00a0<a href=\"mailto:ana.cristina.pereira@uel.br\">ana.cristina.pereira@uel.br<\/a>)<br>Gabriel Viruez da Silva (suplente \u2013\u00a0<a href=\"mailto:gabriel.viruez@uel.br\">gabriel.viruez@uel.br<\/a>)<\/p>\n\n\n\n<p><\/p>\n\n\n\n<blockquote class=\"wp-block-quote is-layout-flow wp-block-quote-is-layout-flow\">\n<p style=\"font-size:15px\"><strong>DIRECTRICES E INFORMACIONES<\/strong><\/p>\n<\/blockquote>\n\n\n\n<p style=\"font-size:15px\"><a href=\"https:\/\/pos.uel.br\/letras\/wp-content\/uploads\/2023\/10\/Diretrizes-para-atribuic%CC%A7a%CC%83o-de-bolsas-de-estudo-no-PPGL.pdf\" target=\"_blank\" rel=\"noreferrer noopener\">Directrices para la asignaci\u00f3n de becas del PPGL<\/a><br><a href=\"https:\/\/pos.uel.br\/letras\/wp-content\/uploads\/2023\/10\/Portaria-Capes-no-133-de-10-de-Julho-de-2023.pdf\" target=\"_blank\" rel=\"noreferrer noopener\">PORTARIA CAPES N\u00ba 133\/2023<\/a>\u00a0\u2013 Reglamenta la acumulaci\u00f3n de becas de maestr\u00eda, doctorado y posdoctorado otorgadas por CAPES en el pa\u00eds con actividad remunerada u otros ingresos<br><a href=\"https:\/\/pos.uel.br\/letras\/wp-content\/uploads\/2021\/09\/RegulamentocapesDS.pdf\" target=\"_blank\" rel=\"noreferrer noopener\">PORTARIA N\u00ba 76\/2010<\/a>\u00a0\u2013 Aprobaci\u00f3n del nuevo Reglamento para becarios del Programa de Demanda Social<br><a href=\"https:\/\/pos.uel.br\/letras\/wp-content\/uploads\/2022\/07\/Portaria-no-107-de-13-de-Junho-de-2022-revoga-portarias-prorrogacao-bolsa-CAPES.pdf\" target=\"_blank\" rel=\"noreferrer noopener\">PORTARIA CAPES N\u00ba 107\/2022<\/a>\u00a0\u2013 Revoca las PORTARIAS N\u00ba 55 y N\u00ba 121\/2020 que permit\u00edan la pr\u00f3rroga de becas debido a la pandemia<br><a href=\"https:\/\/pos.uel.br\/letras\/wp-content\/uploads\/2022\/07\/Portaria-no-55-de-29-de-Abril-de-2020-prorrogacao-bolsa-CAPES-revogada.pdf\">PORTARIA CAPES N\u00ba 55\/2020<\/a><br><a href=\"https:\/\/pos.uel.br\/letras\/wp-content\/uploads\/2022\/07\/Portaria-no-121-de-19-de-Agosto-de-2020-prorrogacao-bolsa-CAPES-revogada.pdf\" target=\"_blank\" rel=\"noreferrer noopener\">PORTARIA CAPES N\u00ba 121\/2020<\/a><\/p>\n","protected":false},"excerpt":{"rendered":"<p>El PPG en Letras de la UEL cuenta con becas de la CAPES (Programa de Demanda Social) y del CNPq. Cada semestre se realiza una convocatoria para becas, dependiendo de su disponibilidad (reconfirmaci\u00f3n de las cuotas por parte de las agencias de financiamiento y\/o defensas) y del nuevo ingreso de estudiantes. Los estudiantes son notificados [&hellip;]<\/p>\n","protected":false},"author":9,"featured_media":0,"parent":0,"menu_order":0,"comment_status":"closed","ping_status":"closed","template":"","meta":{"_acf_changed":false,"footnotes":""},"class_list":["post-7516","page","type-page","status-publish","hentry"],"acf":[],"_links":{"self":[{"href":"https:\/\/pos.uel.br\/letras\/wp-json\/wp\/v2\/pages\/7516","targetHints":{"allow":["GET"]}}],"collection":[{"href":"https:\/\/pos.uel.br\/letras\/wp-json\/wp\/v2\/pages"}],"about":[{"href":"https:\/\/pos.uel.br\/letras\/wp-json\/wp\/v2\/types\/page"}],"author":[{"embeddable":true,"href":"https:\/\/pos.uel.br\/letras\/wp-json\/wp\/v2\/users\/9"}],"replies":[{"embeddable":true,"href":"https:\/\/pos.uel.br\/letras\/wp-json\/wp\/v2\/comments?post=7516"}],"version-history":[{"count":13,"href":"https:\/\/pos.uel.br\/letras\/wp-json\/wp\/v2\/pages\/7516\/revisions"}],"predecessor-version":[{"id":9367,"href":"https:\/\/pos.uel.br\/letras\/wp-json\/wp\/v2\/pages\/7516\/revisions\/9367"}],"wp:attachment":[{"href":"https:\/\/pos.uel.br\/letras\/wp-json\/wp\/v2\/media?parent=7516"}],"curies":[{"name":"wp","href":"https:\/\/api.w.org\/{rel}","templated":true}]}}