{"id":7512,"date":"2025-02-05T14:17:05","date_gmt":"2025-02-05T17:17:05","guid":{"rendered":"https:\/\/pos.uel.br\/letras\/?page_id=7512"},"modified":"2025-03-09T22:45:25","modified_gmt":"2025-03-10T01:45:25","slug":"examen-de-defensa-y-calificacion","status":"publish","type":"page","link":"https:\/\/pos.uel.br\/letras\/es\/examen-de-defensa-y-calificacion\/","title":{"rendered":"Postdefensa: procedimientos y documentos"},"content":{"rendered":"\n<p><\/p>\n\n\n\n<p style=\"font-size:15px\">Considerando la obligatoriedad de finalizar el compromiso despu\u00e9s de la defensa de la disertaci\u00f3n de maestr\u00eda o tesis de doctorado, el estudiante deber\u00e1 seguir las siguientes instrucciones:<\/p>\n\n\n\n<ul class=\"wp-block-list\">\n<li>Dentro del plazo de 30 d\u00edas a partir de la fecha de la defensa, deber\u00e1 enviar al correo electr\u00f3nico de la Secretar\u00eda de Posgrado <em>Stricto sensu<\/em> del CLCH (<a href=\"secposcch@uel.br\" data-type=\"link\" data-id=\"secposcch@uel.br\" target=\"_blank\" rel=\"noreferrer noopener\">secposcch@uel.br<\/a>) la versi\u00f3n final del trabajo en formato digital \u2013 extensi\u00f3n doc. o pdf. El plazo podr\u00e1 ser mayor si la comisi\u00f3n evaluadora, el d\u00eda de la defensa, ha establecido un per\u00edodo diferente.<\/li>\n\n\n\n<li>El trabajo deber\u00e1 cumplir con las Normas de la ABNT y contener el logotipo de la Universidade Estadual de Londrina (<a href=\"https:\/\/sites.uel.br\/bibliotecas\/modelo-padrao-uel\/\" target=\"_blank\" rel=\"noreferrer noopener\">acceder al modelo de la UEL<\/a>).<\/li>\n\n\n\n<li>Para la emisi\u00f3n de la ficha catalogr\u00e1fica, <a href=\"https:\/\/sites.uel.br\/bibliotecas\/geracao-automatica-de-ficha-catalografica\/\" target=\"_blank\" rel=\"noreferrer noopener\">acceda aqu\u00ed<\/a>.<\/li>\n<\/ul>\n\n\n\n<p style=\"font-size:15px\"><strong>Sobre el Contenido del Archivo Electr\u00f3nico (IS PROPPG N\u00ba 002\/2020)<\/strong><\/p>\n\n\n\n<p style=\"font-size:15px\">El contenido y la presentaci\u00f3n del archivo son de total responsabilidad del autor y de su orientador.<br>El contenido del archivo electr\u00f3nico de la tesis\/disertaci\u00f3n deber\u00e1 ser la \u00faltima versi\u00f3n, id\u00e9ntica a la que fue entregada para su homologaci\u00f3n, e incluir:<\/p>\n\n\n\n<p style=\"font-size:15px\">a) Las correcciones y contribuciones sugeridas por la comisi\u00f3n evaluadora;<br>b) Los elementos obligatorios de las p\u00e1ginas pretextuales:<\/p>\n\n\n\n<p style=\"font-size:15px\">\u2013 Portada<br>\u2013 P\u00e1gina de rostro<br>\u2013 Ficha catalogr\u00e1fica<br>\u2013 P\u00e1gina de aprobaci\u00f3n con la firma del orientador; si es posible, con las firmas de la comisi\u00f3n evaluadora. Esta es la p\u00e1gina que contiene los nombres de los miembros de la comisi\u00f3n evaluadora, ubicada inmediatamente despu\u00e9s de la ficha catalogr\u00e1fica<br>\u2013 \u00cdndice: la numeraci\u00f3n de las p\u00e1ginas del contenido debe coincidir con la descrita en el \u00edndice del trabajo. En caso contrario, el autor ser\u00e1 contactado para reestructurarlo.<br>\u2013 Referencias bibliogr\u00e1ficas en lengua vern\u00e1cula y en ingl\u00e9s, precediendo el resumen y el <em>abstract<\/em>, respectivamente.<\/p>\n\n\n\n<p style=\"font-size:15px\">c) Normalizaci\u00f3n de referencias y citas seg\u00fan lo establecido por el programa de posgrado (ABNT, APA, VANCOUVER, IEEE, entre otros);<br>d) Si la fuente tipogr\u00e1fica utilizada no es habitual en el editor de texto empleado, el autor debe enviar junto con el archivo de la tesis\/disertaci\u00f3n una copia del archivo de la fuente. No obstante, considerando la facilidad de acceso y lectura, se recomienda el uso de fuentes est\u00e1ndar, como Arial o Times New Roman;<br>e) Se deber\u00e1n entregar dos archivos en alguno de los siguientes formatos: Portable Document Format (pdf), Word (doc, docx, rtf) o Portable Document Format (pdf) + LaTex (tex). No se aceptar\u00e1n otros formatos, siendo responsabilidad del autor convertir los documentos a los formatos establecidos para su publicaci\u00f3n en la Biblioteca Digital\/UEL;<br>f) No deben contener claves que restrinjan el acceso al contenido a ser publicado en la Biblioteca Digital\/UEL;<br>g) Las figuras, todos los ap\u00e9ndices, todos los anexos digitalizados, entre otros, deber\u00e1n formar parte del archivo electr\u00f3nico entregado para su publicaci\u00f3n en la Biblioteca Digital\/UEL;<br>h) Lista de referencias al final del trabajo.<br><br><strong>Sobre el T\u00e9rmino de Autorizaci\u00f3n de Publicaci\u00f3n en la Biblioteca Digital de la UEL<\/strong><br><br>La Secretar\u00eda de Posgrado <em>Stricto sensu<\/em> del CLCH enviar\u00e1 al estudiante el formulario del T\u00e9rmino de Autorizaci\u00f3n de Publicaci\u00f3n en la Biblioteca Digital de la UEL. El formulario deber\u00e1 enviarse como archivo adjunto, digitalizado en formato PDF, a <a href=\"mailto:secposcch@uel.br\">secposcch@uel.br<\/a>, debidamente completado y firmado por el\/la orientador(a).<\/p>\n\n\n\n<p>Tras la recepci\u00f3n de los documentos requeridos y del Acta de defensa, la Secretar\u00eda de Posgrado <em>Stricto sensu<\/em> del CLCH lo enviar\u00e1 a la Biblioteca, que proceder\u00e1 a la publicaci\u00f3n de la disertaci\u00f3n o tesis en el Banco de Tesis de la Biblioteca Digital de la UEL. El Acta de defensa tambi\u00e9n ser\u00e1 enviada a la Pr\u00f3-Reitor\u00eda de Investigaci\u00f3n y Posgrado\/PROPPG de la UEL para la emisi\u00f3n del Diploma y del Historial Acad\u00e9mico.<\/p>\n\n\n\n<p style=\"font-size:15px\">El estudiante ser\u00e1 notificado sobre la disponibilidad de estos documentos, los cuales deber\u00e1n ser retirados en la PROPPG. Para verificar si el documento ha sido emitido, el estudiante podr\u00e1 contactar con el servicio de atenci\u00f3n de la PROPPG a trav\u00e9s del correo electr\u00f3nico <a href=\"mailto:atendimentoproppg@uel.br\">atendimentoproppg@uel.br <\/a>o por tel\u00e9fono al (43) 3371-4780.<\/p>\n","protected":false},"excerpt":{"rendered":"<p>Considerando la obligatoriedad de finalizar el compromiso despu\u00e9s de la defensa de la disertaci\u00f3n de maestr\u00eda o tesis de doctorado, el estudiante deber\u00e1 seguir las siguientes instrucciones: Sobre el Contenido del Archivo Electr\u00f3nico (IS PROPPG N\u00ba 002\/2020) El contenido y la presentaci\u00f3n del archivo son de total responsabilidad del autor y de su orientador.El contenido [&hellip;]<\/p>\n","protected":false},"author":9,"featured_media":0,"parent":0,"menu_order":0,"comment_status":"closed","ping_status":"closed","template":"","meta":{"_acf_changed":false,"footnotes":""},"class_list":["post-7512","page","type-page","status-publish","hentry"],"acf":[],"_links":{"self":[{"href":"https:\/\/pos.uel.br\/letras\/wp-json\/wp\/v2\/pages\/7512","targetHints":{"allow":["GET"]}}],"collection":[{"href":"https:\/\/pos.uel.br\/letras\/wp-json\/wp\/v2\/pages"}],"about":[{"href":"https:\/\/pos.uel.br\/letras\/wp-json\/wp\/v2\/types\/page"}],"author":[{"embeddable":true,"href":"https:\/\/pos.uel.br\/letras\/wp-json\/wp\/v2\/users\/9"}],"replies":[{"embeddable":true,"href":"https:\/\/pos.uel.br\/letras\/wp-json\/wp\/v2\/comments?post=7512"}],"version-history":[{"count":20,"href":"https:\/\/pos.uel.br\/letras\/wp-json\/wp\/v2\/pages\/7512\/revisions"}],"predecessor-version":[{"id":9815,"href":"https:\/\/pos.uel.br\/letras\/wp-json\/wp\/v2\/pages\/7512\/revisions\/9815"}],"wp:attachment":[{"href":"https:\/\/pos.uel.br\/letras\/wp-json\/wp\/v2\/media?parent=7512"}],"curies":[{"name":"wp","href":"https:\/\/api.w.org\/{rel}","templated":true}]}}