{"id":7508,"date":"2025-02-05T14:14:47","date_gmt":"2025-02-05T17:14:47","guid":{"rendered":"https:\/\/pos.uel.br\/letras\/?page_id=7508"},"modified":"2025-03-09T23:23:17","modified_gmt":"2025-03-10T02:23:17","slug":"auxilio-estudiantil","status":"publish","type":"page","link":"https:\/\/pos.uel.br\/letras\/es\/auxilio-estudiantil\/","title":{"rendered":"Auxilio estudiantil"},"content":{"rendered":"\n<p><\/p>\n\n\n\n<p>El PPG en Letras, dependiendo de la disponibilidad de los recursos financieros del programa, ofrece diarias en la modalidad de Ayuda estudiantil para participaci\u00f3n en eventos presenciales realizados en Brasil. El\/la estudiante interesado\/a debe cumplir con todos los requisitos establecidos en los Editales.<br><br><strong>2024<\/strong><br><br><a href=\"https:\/\/pos.uel.br\/letras\/wp-content\/uploads\/2024\/08\/Edital-33-2024-dia\u0301rias-discentes.pdf\" target=\"_blank\" rel=\"noreferrer noopener\">EDITAL N\u00ba 33\/2024 <\/a>\u2013 Participa\u00e7\u00e3o em eventos (<strong>vig\u00eancia \u2013 16 de setembro de 2024 e 20 de dezembro de 2024<\/strong>)<br><a href=\"https:\/\/pos.uel.br\/letras\/wp-content\/uploads\/2024\/08\/Solicitac\u0327a\u0303o-de-dia\u0301rias-discentes-1.docx\" target=\"_blank\" rel=\"noreferrer noopener\">Formul\u00e1rio<\/a> \u2013 Solicita\u00e7\u00e3o de di\u00e1rias<br><a href=\"https:\/\/pos.uel.br\/letras\/wp-content\/uploads\/2024\/08\/Relato\u0301rio-te\u0301cnico-de-viagem.doc\" target=\"_blank\" rel=\"noreferrer noopener\">Relat\u00f3rio t\u00e9cnico de viagem<\/a><br><a href=\"https:\/\/pos.uel.br\/letras\/wp-content\/uploads\/2024\/08\/Recibo-Capes-Modelo-A.doc\" target=\"_blank\" rel=\"noreferrer noopener\">Recibo CAPES<\/a><br><a href=\"https:\/\/pos.uel.br\/letras\/wp-content\/uploads\/2024\/09\/Edital-36-2024-auxi\u0301lio-discente-candidaturas-homologadas.pdf\" target=\"_blank\" rel=\"noreferrer noopener\">EDITAL N\u00ba 36\/2024<\/a> \u2013 Candidaturas homologadas<br><a href=\"https:\/\/pos.uel.br\/letras\/wp-content\/uploads\/2024\/09\/Edital-37-2024-resultado-auxilio-discente-1.pdf\">EDITAL N\u00ba 37\/2024<\/a> \u2013 Resultado<br><br><\/p>\n","protected":false},"excerpt":{"rendered":"<p>El PPG en Letras, dependiendo de la disponibilidad de los recursos financieros del programa, ofrece diarias en la modalidad de Ayuda estudiantil para participaci\u00f3n en eventos presenciales realizados en Brasil. El\/la estudiante interesado\/a debe cumplir con todos los requisitos establecidos en los Editales. 2024 EDITAL N\u00ba 33\/2024 \u2013 Participa\u00e7\u00e3o em eventos (vig\u00eancia \u2013 16 de [&hellip;]<\/p>\n","protected":false},"author":9,"featured_media":0,"parent":0,"menu_order":0,"comment_status":"closed","ping_status":"closed","template":"","meta":{"_acf_changed":false,"footnotes":""},"class_list":["post-7508","page","type-page","status-publish","hentry"],"acf":[],"_links":{"self":[{"href":"https:\/\/pos.uel.br\/letras\/wp-json\/wp\/v2\/pages\/7508","targetHints":{"allow":["GET"]}}],"collection":[{"href":"https:\/\/pos.uel.br\/letras\/wp-json\/wp\/v2\/pages"}],"about":[{"href":"https:\/\/pos.uel.br\/letras\/wp-json\/wp\/v2\/types\/page"}],"author":[{"embeddable":true,"href":"https:\/\/pos.uel.br\/letras\/wp-json\/wp\/v2\/users\/9"}],"replies":[{"embeddable":true,"href":"https:\/\/pos.uel.br\/letras\/wp-json\/wp\/v2\/comments?post=7508"}],"version-history":[{"count":4,"href":"https:\/\/pos.uel.br\/letras\/wp-json\/wp\/v2\/pages\/7508\/revisions"}],"predecessor-version":[{"id":9894,"href":"https:\/\/pos.uel.br\/letras\/wp-json\/wp\/v2\/pages\/7508\/revisions\/9894"}],"wp:attachment":[{"href":"https:\/\/pos.uel.br\/letras\/wp-json\/wp\/v2\/media?parent=7508"}],"curies":[{"name":"wp","href":"https:\/\/api.w.org\/{rel}","templated":true}]}}