{"id":7499,"date":"2025-02-05T14:13:42","date_gmt":"2025-02-05T17:13:42","guid":{"rendered":"https:\/\/pos.uel.br\/letras\/?page_id=7499"},"modified":"2025-03-20T09:59:19","modified_gmt":"2025-03-20T12:59:19","slug":"seda_esp","status":"publish","type":"page","link":"https:\/\/pos.uel.br\/letras\/es\/seda_esp\/","title":{"rendered":"SEDA"},"content":{"rendered":"\n<p><\/p>\n\n\n\n<p style=\"font-size:15px\">El SEDA \u2013 Seminario de Disertaciones y Tesis en Curso \u2013 es una actividad del PPGL ofrecida regularmente cada semestre. Es una oportunidad para que los estudiantes de maestr\u00eda y doctorado expongan los trabajos en curso (<em>work in progress<\/em>), de manera que los dem\u00e1s estudiantes puedan conocer los trabajos de sus compa\u00f1eros. El formato consiste en la presentaci\u00f3n de resultados parciales de la investigaci\u00f3n por parte del estudiante de maestr\u00eda o doctorado, acompa\u00f1ado de su orientador de tesis. Esta exposici\u00f3n es articulada con comentarios cr\u00edticos realizados normalmente por otro profesor del PPGL, que act\u00faa como debatidor. <br><br>El SEDA es una actividad obligatoria para los estudiantes matriculados en el Coloquio de Investigaci\u00f3n, teniendo en cuenta que los estudiantes de maestr\u00eda en su primer semestre de matr\u00edcula participan en el SEDA sin presentar trabajos.<\/p>\n\n\n\n<p style=\"font-size:15px\">Excepto en el primer semestre, los estudiantes presentan trabajos en los semestres impares que est\u00e9n cursando:<\/p>\n\n\n\n<p style=\"font-size:15px\">Coloquio I \u2013 1er semestre Maestr\u00eda \u2013 no presenta trabajo. <br>Coloquio II \u2013 3er semestre Maestr\u00eda \u2013 presenta trabajo. <br>Coloquio III \u2013 3er semestre Doctorado \u2013 presenta trabajo. <br>Coloquio IV \u2013 5to semestre Doctorado \u2013 presenta trabajo. <br>Coloquio V \u2013 7mo semestre Doctorado \u2013 presenta trabajo.<\/p>\n\n\n\n<div class=\"wp-block-columns is-layout-flex wp-container-core-columns-is-layout-9d6595d7 wp-block-columns-is-layout-flex\">\n<div class=\"wp-block-column is-layout-flow wp-block-column-is-layout-flow\"><\/div>\n<\/div>\n\n\n\n<div class=\"wp-block-columns is-layout-flex wp-container-core-columns-is-layout-9d6595d7 wp-block-columns-is-layout-flex\">\n<div class=\"wp-block-column is-layout-flow wp-block-column-is-layout-flow\">\n<div class=\"wp-block-uel-card\">\n<p class=\"has-text-align-center\" style=\"font-size:15px\"><strong>SEDA 2024\/2<br>Cuaderno de Res\u00famenes<\/strong><\/p>\n\n\n<div class=\"wp-block-image\">\n<figure class=\"aligncenter size-full is-resized\"><img loading=\"lazy\" decoding=\"async\" width=\"539\" height=\"763\" src=\"https:\/\/pos.uel.br\/letras\/wp-content\/uploads\/2025\/03\/Captura-de-Tela-2025-03-09-a\u0300s-19.54.48.png\" alt=\"\" class=\"wp-image-9619\" style=\"width:214px;height:auto\" srcset=\"https:\/\/pos.uel.br\/letras\/wp-content\/uploads\/2025\/03\/Captura-de-Tela-2025-03-09-a\u0300s-19.54.48.png 539w, https:\/\/pos.uel.br\/letras\/wp-content\/uploads\/2025\/03\/Captura-de-Tela-2025-03-09-a\u0300s-19.54.48-212x300.png 212w\" sizes=\"auto, (max-width: 539px) 100vw, 539px\" \/><\/figure>\n<\/div>\n\n\n<div class=\"wp-block-buttons alignwide is-content-justification-center is-layout-flex wp-container-core-buttons-is-layout-16018d1d wp-block-buttons-is-layout-flex\">\n<div class=\"wp-block-button has-custom-font-size is-style-fill\" style=\"font-size:14px\"><a class=\"wp-block-button__link wp-element-button\" href=\"https:\/\/pos.uel.br\/letras\/wp-content\/uploads\/2025\/03\/Caderno-20242.pdf\" style=\"border-radius:0px\" target=\"_blank\" rel=\"noreferrer noopener\">Descargar<\/a><\/div>\n<\/div>\n<\/div>\n\n\n\n<div class=\"wp-block-uel-card\">\n<p class=\"has-text-align-center\" style=\"font-size:15px\"><strong>SEDA 2023\/2<br><strong>Cuaderno de Res\u00famenes<\/strong><\/strong><\/p>\n\n\n<div class=\"wp-block-image\">\n<figure class=\"aligncenter size-full is-resized\"><img loading=\"lazy\" decoding=\"async\" width=\"505\" height=\"716\" src=\"https:\/\/pos.uel.br\/letras\/wp-content\/uploads\/2025\/03\/Captura-de-Tela-2025-03-09-a\u0300s-20.08.48.png\" alt=\"\" class=\"wp-image-9631\" style=\"width:214px\" srcset=\"https:\/\/pos.uel.br\/letras\/wp-content\/uploads\/2025\/03\/Captura-de-Tela-2025-03-09-a\u0300s-20.08.48.png 505w, https:\/\/pos.uel.br\/letras\/wp-content\/uploads\/2025\/03\/Captura-de-Tela-2025-03-09-a\u0300s-20.08.48-212x300.png 212w\" sizes=\"auto, (max-width: 505px) 100vw, 505px\" \/><\/figure>\n<\/div>\n\n\n<div class=\"wp-block-buttons alignwide is-content-justification-center is-layout-flex wp-container-core-buttons-is-layout-16018d1d wp-block-buttons-is-layout-flex\">\n<div class=\"wp-block-button has-custom-font-size is-style-fill\" style=\"font-size:14px\"><a class=\"wp-block-button__link wp-element-button\" href=\"https:\/\/pos.uel.br\/letras\/wp-content\/uploads\/2024\/07\/Caderno20232.pdf\" style=\"border-radius:0px\" target=\"_blank\" rel=\"noreferrer noopener\">Descargar<\/a><\/div>\n<\/div>\n<\/div>\n\n\n\n<div class=\"wp-block-uel-card\">\n<p class=\"has-text-align-center\" style=\"font-size:15px\"><strong>SEDA 2022\/2<br><strong><strong>Cuaderno de Res\u00famenes<\/strong><\/strong><\/strong><\/p>\n\n\n<div class=\"wp-block-image\">\n<figure class=\"aligncenter size-full is-resized\"><img loading=\"lazy\" decoding=\"async\" width=\"535\" height=\"760\" src=\"https:\/\/pos.uel.br\/letras\/wp-content\/uploads\/2025\/03\/Captura-de-Tela-2025-03-09-a\u0300s-20.16.02.png\" alt=\"\" class=\"wp-image-9644\" style=\"width:214px\" srcset=\"https:\/\/pos.uel.br\/letras\/wp-content\/uploads\/2025\/03\/Captura-de-Tela-2025-03-09-a\u0300s-20.16.02.png 535w, https:\/\/pos.uel.br\/letras\/wp-content\/uploads\/2025\/03\/Captura-de-Tela-2025-03-09-a\u0300s-20.16.02-211x300.png 211w\" sizes=\"auto, (max-width: 535px) 100vw, 535px\" \/><\/figure>\n<\/div>\n\n\n<div class=\"wp-block-buttons alignwide is-content-justification-center is-layout-flex wp-container-core-buttons-is-layout-16018d1d wp-block-buttons-is-layout-flex\">\n<div class=\"wp-block-button has-custom-font-size is-style-fill\" style=\"font-size:14px\"><a class=\"wp-block-button__link wp-element-button\" href=\"https:\/\/pos.uel.br\/letras\/wp-content\/uploads\/2025\/03\/CADERNO-DE-RESUMOS-SEDA-2022.2-ATUAL.pdf\" style=\"border-radius:0px\" target=\"_blank\" rel=\"noreferrer noopener\">Descargar<\/a><\/div>\n<\/div>\n<\/div>\n\n\n\n<div class=\"wp-block-uel-card\">\n<p class=\"has-text-align-center\" style=\"font-size:15px\"><strong>SEDA 2021\/2<br><strong><strong><strong>Cuaderno de Res\u00famenes<\/strong><\/strong><\/strong><\/strong><\/p>\n\n\n<div class=\"wp-block-image\">\n<figure class=\"aligncenter size-full is-resized\"><img loading=\"lazy\" decoding=\"async\" width=\"498\" height=\"713\" src=\"https:\/\/pos.uel.br\/letras\/wp-content\/uploads\/2025\/03\/Captura-de-Tela-2025-03-09-a\u0300s-20.22.18.png\" alt=\"\" class=\"wp-image-9655\" style=\"width:214px\" srcset=\"https:\/\/pos.uel.br\/letras\/wp-content\/uploads\/2025\/03\/Captura-de-Tela-2025-03-09-a\u0300s-20.22.18.png 498w, https:\/\/pos.uel.br\/letras\/wp-content\/uploads\/2025\/03\/Captura-de-Tela-2025-03-09-a\u0300s-20.22.18-210x300.png 210w\" sizes=\"auto, (max-width: 498px) 100vw, 498px\" \/><\/figure>\n<\/div>\n\n\n<div class=\"wp-block-buttons alignwide is-content-justification-center is-layout-flex wp-container-core-buttons-is-layout-16018d1d wp-block-buttons-is-layout-flex\">\n<div class=\"wp-block-button has-custom-font-size is-style-fill\" style=\"font-size:14px\"><a class=\"wp-block-button__link wp-element-button\" href=\"https:\/\/pos.uel.br\/letras\/wp-content\/uploads\/2024\/07\/Caderno20212.pdf\" style=\"border-radius:0px\" target=\"_blank\" rel=\"noreferrer noopener\">Descargar<\/a><\/div>\n<\/div>\n<\/div>\n<\/div>\n\n\n\n<div class=\"wp-block-column is-layout-flow wp-block-column-is-layout-flow\">\n<div class=\"wp-block-uel-card\">\n<p class=\"has-text-align-center\" style=\"font-size:15px\"><strong>SEDA 2024\/1<\/strong><br><strong><strong>Cuaderno de Res\u00famenes<\/strong><\/strong><\/p>\n\n\n<div class=\"wp-block-image\">\n<figure class=\"aligncenter size-full is-resized\"><img loading=\"lazy\" decoding=\"async\" width=\"539\" height=\"763\" src=\"https:\/\/pos.uel.br\/letras\/wp-content\/uploads\/2025\/03\/Captura-de-Tela-2025-03-09-a\u0300s-20.02.06.png\" alt=\"\" class=\"wp-image-9625\" style=\"width:214px\" srcset=\"https:\/\/pos.uel.br\/letras\/wp-content\/uploads\/2025\/03\/Captura-de-Tela-2025-03-09-a\u0300s-20.02.06.png 539w, https:\/\/pos.uel.br\/letras\/wp-content\/uploads\/2025\/03\/Captura-de-Tela-2025-03-09-a\u0300s-20.02.06-212x300.png 212w\" sizes=\"auto, (max-width: 539px) 100vw, 539px\" \/><\/figure>\n<\/div>\n\n\n<div class=\"wp-block-buttons alignwide is-content-justification-center is-layout-flex wp-container-core-buttons-is-layout-16018d1d wp-block-buttons-is-layout-flex\">\n<div class=\"wp-block-button has-custom-font-size is-style-fill\" style=\"font-size:14px\"><a class=\"wp-block-button__link wp-element-button\" href=\"https:\/\/pos.uel.br\/letras\/wp-content\/uploads\/2025\/03\/Caderno-20241.pdf\" style=\"border-radius:0px\" target=\"_blank\" rel=\"noreferrer noopener\">Descargar<\/a><\/div>\n<\/div>\n<\/div>\n\n\n\n<div class=\"wp-block-uel-card\">\n<p class=\"has-text-align-center\" style=\"font-size:15px\"><strong>SEDA 2023\/1<br><strong>Cuaderno de Res\u00famenes<\/strong><\/strong><\/p>\n\n\n<div class=\"wp-block-image\">\n<figure class=\"aligncenter size-full is-resized\"><img loading=\"lazy\" decoding=\"async\" width=\"501\" height=\"716\" src=\"https:\/\/pos.uel.br\/letras\/wp-content\/uploads\/2025\/03\/Captura-de-Tela-2025-03-09-a\u0300s-20.13.18.png\" alt=\"\" class=\"wp-image-9638\" style=\"width:214px\" srcset=\"https:\/\/pos.uel.br\/letras\/wp-content\/uploads\/2025\/03\/Captura-de-Tela-2025-03-09-a\u0300s-20.13.18.png 501w, https:\/\/pos.uel.br\/letras\/wp-content\/uploads\/2025\/03\/Captura-de-Tela-2025-03-09-a\u0300s-20.13.18-210x300.png 210w\" sizes=\"auto, (max-width: 501px) 100vw, 501px\" \/><\/figure>\n<\/div>\n\n\n<div class=\"wp-block-buttons alignwide is-content-justification-center is-layout-flex wp-container-core-buttons-is-layout-16018d1d wp-block-buttons-is-layout-flex\">\n<div class=\"wp-block-button has-custom-font-size is-style-fill\" style=\"font-size:14px\"><a class=\"wp-block-button__link wp-element-button\" href=\"https:\/\/pos.uel.br\/letras\/wp-content\/uploads\/2024\/07\/Caderno20231.pdf\" style=\"border-radius:0px\" target=\"_blank\" rel=\"noreferrer noopener\">Descargar<\/a><\/div>\n<\/div>\n<\/div>\n\n\n\n<div class=\"wp-block-uel-card\">\n<p class=\"has-text-align-center\" style=\"font-size:15px\"><strong>SEDA 2022\/1<br><strong><strong>Cuaderno de Res\u00famenes<\/strong><\/strong><\/strong><\/p>\n\n\n<div class=\"wp-block-image\">\n<figure class=\"aligncenter size-full is-resized\"><img loading=\"lazy\" decoding=\"async\" width=\"527\" height=\"735\" src=\"https:\/\/pos.uel.br\/letras\/wp-content\/uploads\/2025\/03\/Captura-de-Tela-2025-03-09-a\u0300s-20.19.05.png\" alt=\"\" class=\"wp-image-9650\" style=\"width:214px\" srcset=\"https:\/\/pos.uel.br\/letras\/wp-content\/uploads\/2025\/03\/Captura-de-Tela-2025-03-09-a\u0300s-20.19.05.png 527w, https:\/\/pos.uel.br\/letras\/wp-content\/uploads\/2025\/03\/Captura-de-Tela-2025-03-09-a\u0300s-20.19.05-215x300.png 215w\" sizes=\"auto, (max-width: 527px) 100vw, 527px\" \/><\/figure>\n<\/div>\n\n\n<div class=\"wp-block-buttons alignwide is-content-justification-center is-layout-flex wp-container-core-buttons-is-layout-16018d1d wp-block-buttons-is-layout-flex\">\n<div class=\"wp-block-button has-custom-font-size is-style-fill\" style=\"font-size:14px\"><a class=\"wp-block-button__link wp-element-button\" href=\"https:\/\/pos.uel.br\/letras\/wp-content\/uploads\/2025\/03\/Caderno-20221.pdf\" style=\"border-radius:0px\" target=\"_blank\" rel=\"noreferrer noopener\">Descargar<\/a><\/div>\n<\/div>\n<\/div>\n\n\n\n<div class=\"wp-block-uel-card\">\n<p class=\"has-text-align-center\" style=\"font-size:15px\"><strong>SEDA 2021\/1<\/strong><br><strong><strong><strong><strong>Cuaderno de Res\u00famenes<\/strong><\/strong><\/strong><\/strong><\/p>\n\n\n<div class=\"wp-block-image\">\n<figure class=\"aligncenter size-full is-resized\"><img loading=\"lazy\" decoding=\"async\" width=\"539\" height=\"760\" src=\"https:\/\/pos.uel.br\/letras\/wp-content\/uploads\/2025\/03\/Captura-de-Tela-2025-03-09-a\u0300s-20.22.44.png\" alt=\"\" class=\"wp-image-9656\" style=\"width:214px\" srcset=\"https:\/\/pos.uel.br\/letras\/wp-content\/uploads\/2025\/03\/Captura-de-Tela-2025-03-09-a\u0300s-20.22.44.png 539w, https:\/\/pos.uel.br\/letras\/wp-content\/uploads\/2025\/03\/Captura-de-Tela-2025-03-09-a\u0300s-20.22.44-213x300.png 213w\" sizes=\"auto, (max-width: 539px) 100vw, 539px\" \/><\/figure>\n<\/div>\n\n\n<div class=\"wp-block-buttons alignwide is-content-justification-center is-layout-flex wp-container-core-buttons-is-layout-16018d1d wp-block-buttons-is-layout-flex\">\n<div class=\"wp-block-button has-custom-font-size is-style-fill\" style=\"font-size:14px\"><a class=\"wp-block-button__link wp-element-button\" href=\"https:\/\/pos.uel.br\/letras\/wp-content\/uploads\/2024\/07\/Caderno20211.pdf\" style=\"border-radius:0px\" target=\"_blank\" rel=\"noreferrer noopener\">Descargar<\/a><\/div>\n<\/div>\n<\/div>\n<\/div>\n<\/div>\n","protected":false},"excerpt":{"rendered":"<p>El SEDA \u2013 Seminario de Disertaciones y Tesis en Curso \u2013 es una actividad del PPGL ofrecida regularmente cada semestre. Es una oportunidad para que los estudiantes de maestr\u00eda y doctorado expongan los trabajos en curso (work in progress), de manera que los dem\u00e1s estudiantes puedan conocer los trabajos de sus compa\u00f1eros. El formato consiste [&hellip;]<\/p>\n","protected":false},"author":9,"featured_media":0,"parent":0,"menu_order":0,"comment_status":"closed","ping_status":"closed","template":"","meta":{"_acf_changed":false,"footnotes":""},"class_list":["post-7499","page","type-page","status-publish","hentry"],"acf":[],"_links":{"self":[{"href":"https:\/\/pos.uel.br\/letras\/wp-json\/wp\/v2\/pages\/7499","targetHints":{"allow":["GET"]}}],"collection":[{"href":"https:\/\/pos.uel.br\/letras\/wp-json\/wp\/v2\/pages"}],"about":[{"href":"https:\/\/pos.uel.br\/letras\/wp-json\/wp\/v2\/types\/page"}],"author":[{"embeddable":true,"href":"https:\/\/pos.uel.br\/letras\/wp-json\/wp\/v2\/users\/9"}],"replies":[{"embeddable":true,"href":"https:\/\/pos.uel.br\/letras\/wp-json\/wp\/v2\/comments?post=7499"}],"version-history":[{"count":21,"href":"https:\/\/pos.uel.br\/letras\/wp-json\/wp\/v2\/pages\/7499\/revisions"}],"predecessor-version":[{"id":9891,"href":"https:\/\/pos.uel.br\/letras\/wp-json\/wp\/v2\/pages\/7499\/revisions\/9891"}],"wp:attachment":[{"href":"https:\/\/pos.uel.br\/letras\/wp-json\/wp\/v2\/media?parent=7499"}],"curies":[{"name":"wp","href":"https:\/\/api.w.org\/{rel}","templated":true}]}}