{"id":7491,"date":"2025-02-05T13:35:20","date_gmt":"2025-02-05T16:35:20","guid":{"rendered":"https:\/\/pos.uel.br\/letras\/?page_id=7491"},"modified":"2025-03-09T22:22:53","modified_gmt":"2025-03-10T01:22:53","slug":"informe-semestral","status":"publish","type":"page","link":"https:\/\/pos.uel.br\/letras\/es\/informe-semestral\/","title":{"rendered":"Informe semestral"},"content":{"rendered":"\n<p><\/p>\n\n\n\n<p>Todos los estudiantes de los cursos de Maestr\u00eda y Doctorado del PPGL deber\u00e1n entregar, seg\u00fan el modelo a continuaci\u00f3n, el informe semestral de actividades. Haga clic <a href=\"https:\/\/pos.uel.br\/letras\/wp-content\/uploads\/2023\/07\/Relato\u0301rio-Semestral-de-Atividades-Modelo.doc\" target=\"_blank\" rel=\"noreferrer noopener\">aqu\u00ed<\/a> para descargar el modelo de informe<\/p>\n","protected":false},"excerpt":{"rendered":"<p>Todos los estudiantes de los cursos de Maestr\u00eda y Doctorado del PPGL deber\u00e1n entregar, seg\u00fan el modelo a continuaci\u00f3n, el informe semestral de actividades. Haga clic aqu\u00ed para descargar el modelo de informe<\/p>\n","protected":false},"author":9,"featured_media":0,"parent":0,"menu_order":0,"comment_status":"closed","ping_status":"closed","template":"","meta":{"_acf_changed":false,"footnotes":""},"class_list":["post-7491","page","type-page","status-publish","hentry"],"acf":[],"_links":{"self":[{"href":"https:\/\/pos.uel.br\/letras\/wp-json\/wp\/v2\/pages\/7491","targetHints":{"allow":["GET"]}}],"collection":[{"href":"https:\/\/pos.uel.br\/letras\/wp-json\/wp\/v2\/pages"}],"about":[{"href":"https:\/\/pos.uel.br\/letras\/wp-json\/wp\/v2\/types\/page"}],"author":[{"embeddable":true,"href":"https:\/\/pos.uel.br\/letras\/wp-json\/wp\/v2\/users\/9"}],"replies":[{"embeddable":true,"href":"https:\/\/pos.uel.br\/letras\/wp-json\/wp\/v2\/comments?post=7491"}],"version-history":[{"count":2,"href":"https:\/\/pos.uel.br\/letras\/wp-json\/wp\/v2\/pages\/7491\/revisions"}],"predecessor-version":[{"id":9786,"href":"https:\/\/pos.uel.br\/letras\/wp-json\/wp\/v2\/pages\/7491\/revisions\/9786"}],"wp:attachment":[{"href":"https:\/\/pos.uel.br\/letras\/wp-json\/wp\/v2\/media?parent=7491"}],"curies":[{"name":"wp","href":"https:\/\/api.w.org\/{rel}","templated":true}]}}