{"id":7487,"date":"2025-02-05T13:34:11","date_gmt":"2025-02-05T16:34:11","guid":{"rendered":"https:\/\/pos.uel.br\/letras\/?page_id=7487"},"modified":"2025-03-20T10:31:28","modified_gmt":"2025-03-20T13:31:28","slug":"posdoctorando","status":"publish","type":"page","link":"https:\/\/pos.uel.br\/letras\/es\/posdoctorando\/","title":{"rendered":"Posdoctorando"},"content":{"rendered":"\n<p><\/p>\n\n\n\n<p style=\"font-size:15px\"><strong>Investigadores visitantes en el PPGL<\/strong><\/p>\n\n\n\n<p style=\"font-size:15px\">Una de las acciones previstas en la Pol\u00edtica del PPGL con respecto al compromiso de elevar la calidad del programa es la recepci\u00f3n de investigadores visitantes brasile\u00f1os y extranjeros con el fin de incrementar las actividades del programa, as\u00ed como posibilitar la producci\u00f3n intelectual del cuerpo acad\u00e9mico. Ya es una pr\u00e1ctica com\u00fan en el PPGL recibir investigadores de otras IES en estancias de posdoctorado que imparten Estudios Avanzados, participan en proyectos de investigaci\u00f3n con sus respectivos supervisores y otras actividades. En el cuatrienio de 2021 a 2024, el PPGL cont\u00f3 con siete investigadores en estancia posdoctoral, siendo dos de ellos becados en el Edital CAPES n\u00ba 16\/2022 \u2013 Programa de Desarrollo de la Posgraduaci\u00f3n (PDPG) \u2013 Posdoctorado Estrat\u00e9gico.<\/p>\n\n\n\n<p><\/p>\n\n\n\n<p><\/p>\n\n\n\n<figure class=\"wp-block-table is-style-stripes\" style=\"font-size:15px\"><table class=\"has-fixed-layout\"><tbody><tr><td><strong><strong>POSDOCTORANDO\/A<\/strong><\/strong><\/td><td><strong><strong>PERIODO DE ESTANCIA<\/strong><\/strong><\/td><td><strong><strong>SUPERVISOR<\/strong><\/strong><\/td><td><strong><strong>BECA\/AGENCIA<\/strong> <strong>DE DESARROLLO<\/strong><\/strong><\/td><\/tr><tr><td>Regilane Barbosa Maceno<\/td><td>2024-2025<\/td><td>Maria Carolina de Godoy<\/td><td><\/td><\/tr><tr><td>Gustavo Ramos de Souza<\/td><td>2024-2026<\/td><td>Alamir Aquino Corr\u00eaa<\/td><td>CAPES <\/td><\/tr><tr><td>Laysa Louise Silva Beretta<\/td><td>2022-2024<\/td><td>Barbara Cristina Marques<\/td><td>CAPES<\/td><\/tr><tr><td>Gisele Gemmi Chiari<\/td><td>2021-2023<\/td><td>Frederico Augusto Garcia Fernandes<\/td><td><\/td><\/tr><tr><td>Amanda Crispim Ferreira<\/td><td>2021-2023<\/td><td>Maria Carolina de Godoy<\/td><td><\/td><\/tr><tr><td>Claudia Vanessa Bergamini<\/td><td>2021-2022<\/td><td>Regina C\u00e9lia dos Santos Alves<\/td><td><\/td><\/tr><tr><td>Jairo Jos\u00e9 Campos da Costa<\/td><td>2020-2021<\/td><td>Frederico Augusto Garcia Fernandes<\/td><td><\/td><\/tr><tr><td>Diego Emanuel Gim\u00e9nez Celano<\/td><td>2019-2020<\/td><td>Frederico Augusto Garcia Fernandes<\/td><td>FCT<\/td><\/tr><tr><td>Marcele Aires Franceschini<\/td><td>2018-2019<\/td><td>Maria Carolina de Godoy<\/td><td><\/td><\/tr><tr><td>Sueli de Jesus Monteiro<\/td><td>2018-2019<\/td><td>Maria Carolina de Godoy<\/td><td><\/td><\/tr><tr><td>Ricardo Augusto de Lima<\/td><td>2017-2018<\/td><td>Sonia Aparecida Vido Pascolati<\/td><td>CAPES<\/td><\/tr><tr><td>Alba Krishna Feldman<\/td><td>2017-2018<\/td><td>Frederico Augusto Garcia Fernandes<\/td><td><\/td><\/tr><tr><td>Marcos Hidemi de Lima<\/td><td>2017-2018<\/td><td>Frederico Augusto Garcia Fernandes<\/td><td><\/td><\/tr><tr><td>Susylene Dias de Araujo<\/td><td>2016-2017<\/td><td>Frederico Augusto Garcia Fernandes<\/td><td><\/td><\/tr><tr><td>Diego Emanuel Gim\u00e9nez Celano<\/td><td>2016-2018<\/td><td>Alamir Aquino Corr\u00eaa<\/td><td>CAPES<\/td><\/tr><tr><td>Sueli de Jesus Monteiro<\/td><td>2014-2015<\/td><td>Luiz Carlos Migliozzi Ferreira de Mello<\/td><td><\/td><\/tr><tr><td>Ana Paula Macedo Cartapatti Kaimoti<\/td><td>2014-2015<\/td><td>Frederico Augusto Garcia Fernandes<\/td><td><\/td><\/tr><tr><td>Cl\u00e1udia Sabbag Ozawa Galindo<\/td><td>2014-2015<\/td><td>Frederico Augusto Garcia Fernandes<\/td><td>CAPES<\/td><\/tr><tr><td>Ana Paula Macedo Cartapatti Kaimoti<\/td><td>2013-2014<\/td><td>Alamir Aquino Corr\u00eaa<\/td><td><\/td><\/tr><\/tbody><\/table><\/figure>\n","protected":false},"excerpt":{"rendered":"<p>Investigadores visitantes en el PPGL Una de las acciones previstas en la Pol\u00edtica del PPGL con respecto al compromiso de elevar la calidad del programa es la recepci\u00f3n de investigadores visitantes brasile\u00f1os y extranjeros con el fin de incrementar las actividades del programa, as\u00ed como posibilitar la producci\u00f3n intelectual del cuerpo acad\u00e9mico. Ya es una [&hellip;]<\/p>\n","protected":false},"author":9,"featured_media":0,"parent":0,"menu_order":0,"comment_status":"closed","ping_status":"closed","template":"","meta":{"_acf_changed":false,"footnotes":""},"class_list":["post-7487","page","type-page","status-publish","hentry"],"acf":[],"_links":{"self":[{"href":"https:\/\/pos.uel.br\/letras\/wp-json\/wp\/v2\/pages\/7487","targetHints":{"allow":["GET"]}}],"collection":[{"href":"https:\/\/pos.uel.br\/letras\/wp-json\/wp\/v2\/pages"}],"about":[{"href":"https:\/\/pos.uel.br\/letras\/wp-json\/wp\/v2\/types\/page"}],"author":[{"embeddable":true,"href":"https:\/\/pos.uel.br\/letras\/wp-json\/wp\/v2\/users\/9"}],"replies":[{"embeddable":true,"href":"https:\/\/pos.uel.br\/letras\/wp-json\/wp\/v2\/comments?post=7487"}],"version-history":[{"count":10,"href":"https:\/\/pos.uel.br\/letras\/wp-json\/wp\/v2\/pages\/7487\/revisions"}],"predecessor-version":[{"id":10082,"href":"https:\/\/pos.uel.br\/letras\/wp-json\/wp\/v2\/pages\/7487\/revisions\/10082"}],"wp:attachment":[{"href":"https:\/\/pos.uel.br\/letras\/wp-json\/wp\/v2\/media?parent=7487"}],"curies":[{"name":"wp","href":"https:\/\/api.w.org\/{rel}","templated":true}]}}